{"id":2176,"date":"2020-09-06T22:39:51","date_gmt":"2020-09-06T12:39:51","guid":{"rendered":"https:\/\/www.hemac.com.au\/crystal-tomato\/"},"modified":"2025-11-19T21:41:28","modified_gmt":"2025-11-19T10:41:28","slug":"crystal-tomato","status":"publish","type":"page","link":"https:\/\/hemac.com.au\/vi\/aesthetic-skin\/skin-products\/crystal-tomato\/","title":{"rendered":"Thu\u1ed1c vi\u00ean tinh th\u1ec3 c\u00e0 chua ch\u1ed1ng l\u00e3o h\u00f3a v\u00e0 l\u00e0m tr\u1eafng da"},"content":{"rendered":"<div class=\"fusion-fullwidth fullwidth-box fusion-builder-row-1 nonhundred-percent-fullwidth non-hundred-percent-height-scrolling\" style=\"--awb-background-position:left top;--awb-border-sizes-top:0px;--awb-border-sizes-bottom:0px;--awb-border-sizes-left:0px;--awb-border-sizes-right:0px;--awb-border-radius-top-left:0px;--awb-border-radius-top-right:0px;--awb-border-radius-bottom-right:0px;--awb-border-radius-bottom-left:0px;--awb-padding-top:20px;--awb-padding-bottom:0px;--awb-flex-wrap:wrap;\" ><div class=\"fusion-builder-row fusion-row\"><div class=\"fusion-layout-column fusion_builder_column fusion-builder-column-0 fusion_builder_column_1_1 1_1 fusion-one-full fusion-column-first fusion-column-last fusion-column-no-min-height\" style=\"--awb-bg-size:cover;--awb-margin-bottom:0px;\"><div class=\"fusion-column-wrapper fusion-flex-column-wrapper-legacy\"><div class=\"fusion-text fusion-text-1\"><p><img decoding=\"async\" class=\"lazyload aligncenter size-full wp-image-414\" src=\"https:\/\/hemac.com.au\/wp-content\/uploads\/hemac-aesthetic-skin-crystal-tomatos1.jpg\" data-orig-src=\"https:\/\/hemac.com.au\/wp-content\/uploads\/hemac-aesthetic-skin-crystal-tomatos1.jpg\" alt=\"hemac-aesthetic-skin-crystal-tomatos1\" width=\"600\" height=\"241\" srcset=\"data:image\/svg+xml,%3Csvg%20xmlns%3D%27http%3A%2F%2Fwww.w3.org%2F2000%2Fsvg%27%20width%3D%27600%27%20height%3D%27241%27%20viewBox%3D%270%200%20600%20241%27%3E%3Crect%20width%3D%27600%27%20height%3D%27241%27%20fill-opacity%3D%220%22%2F%3E%3C%2Fsvg%3E\" data-srcset=\"https:\/\/hemac.com.au\/wp-content\/uploads\/hemac-aesthetic-skin-crystal-tomatos1-300x121.jpg 300w, https:\/\/hemac.com.au\/wp-content\/uploads\/hemac-aesthetic-skin-crystal-tomatos1.jpg 600w\" data-sizes=\"auto\" data-orig-sizes=\"(max-width: 600px) 100vw, 600px\" \/><\/p>\n<p data-start=\"304\" data-end=\"396\">M\u1ed7i ng\u00e0y d\u00f9ng m\u1ed9t vi\u00ean tinh th\u1ec3 c\u00e0 chua c\u00f3 th\u1ec3 h\u1ed7 tr\u1ee3 l\u00e0n da tr\u00f4ng t\u01b0\u01a1i s\u00e1ng v\u00e0 r\u1ea1ng r\u1ee1 h\u01a1n.<\/p>\n<p data-start=\"398\" data-end=\"781\">Kh\u00e1i ni\u1ec7m v\u1ec1 tinh th\u1ec3 c\u00e0 chua \u0111\u01b0\u1ee3c ph\u00e1t tri\u1ec3n b\u1edfi m\u1ed9t nh\u00e0 khoa h\u1ecdc ng\u01b0\u1eddi Do Th\u00e1i trong 10 n\u0103m nghi\u00ean c\u1ee9u nh\u1eb1m t\u1ea1o ra gi\u1ed1ng c\u00e0 chua tr\u1eafng ch\u1ee9a c\u00e1c carotenoid kh\u00f4ng m\u00e0u nh\u01b0 <strong data-start=\"569\" data-end=\"581\">Phytoene<\/strong> v\u00e0 <strong data-start=\"585\" data-end=\"600\">Phytofluene<\/strong> \u2013 hai th\u00e0nh ph\u1ea7n th\u01b0\u1eddng \u0111\u01b0\u1ee3c s\u1eed d\u1ee5ng trong c\u00e1c s\u1ea3n ph\u1ea9m h\u1ed7 tr\u1ee3 ch\u0103m s\u00f3c da. Nh\u1eefng ho\u1ea1t ch\u1ea5t n\u00e0y \u0111\u01b0\u1ee3c quan t\u00e2m v\u00ec kh\u1ea3 n\u0103ng h\u1ed7 tr\u1ee3 da tr\u01b0\u1edbc t\u00e1c \u0111\u1ed9ng c\u1ee7a m\u00f4i tr\u01b0\u1eddng, bao g\u1ed3m \u00e1nh n\u1eafng.<\/p>\n<p data-start=\"783\" data-end=\"998\">M\u00e0u tr\u1eafng t\u1ef1 nhi\u00ean c\u1ee7a gi\u1ed1ng c\u00e0 chua n\u00e0y xu\u1ea5t ph\u00e1t t\u1eeb c\u1ea5u tr\u00fac ph\u00e2n t\u1eed c\u1ee7a n\u00f3. Ch\u00ednh s\u1ef1 thi\u1ebfu s\u1eafc t\u1ed1 gi\u00fap n\u00f3 h\u1ea5p th\u1ee5 v\u00e0 ph\u1ea3n \u1ee9ng kh\u00e1c bi\u1ec7t v\u1edbi \u00e1nh s\u00e1ng, v\u00e0 \u0111\u01b0\u1ee3c \u1ee9ng d\u1ee5ng v\u00e0o c\u00f4ng th\u1ee9c s\u1ea3n ph\u1ea9m \u0111\u1ec3 h\u1ed7 tr\u1ee3 ch\u0103m s\u00f3c da.<\/p>\n<p data-start=\"1000\" data-end=\"1263\"><strong data-start=\"1000\" data-end=\"1042\">L\u1ee3i \u00edch tham kh\u1ea3o c\u1ee7a tinh th\u1ec3 c\u00e0 chua<\/strong><br data-start=\"1042\" data-end=\"1045\" \/>Nhi\u1ec1u ng\u01b0\u1eddi s\u1eed d\u1ee5ng trong kho\u1ea3ng 60 ng\u00e0y nh\u1eadn th\u1ea5y l\u00e0n da tr\u00f4ng s\u00e1ng h\u01a1n v\u00e0 \u0111\u1ec1u m\u00e0u h\u01a1n. B\u00ean c\u1ea1nh \u0111\u00f3, vi\u1ec7c b\u1ed5 sung h\u00e0ng ng\u00e0y c\u00f3 th\u1ec3 h\u1ed7 tr\u1ee3 s\u1ee9c kh\u1ecfe t\u1ed5ng th\u1ec3 nh\u1edd \u0111\u1eb7c t\u00ednh ch\u1ed1ng oxy h\u00f3a c\u1ee7a c\u00e1c th\u00e0nh ph\u1ea7n trong s\u1ea3n ph\u1ea9m.<\/p>\n<p data-start=\"1265\" data-end=\"1317\">Tinh th\u1ec3 c\u00e0 chua th\u01b0\u1eddng \u0111\u01b0\u1ee3c quan t\u00e2m v\u00ec kh\u1ea3 n\u0103ng:<\/p>\n<ul data-start=\"1318\" data-end=\"1459\">\n<li data-start=\"1318\" data-end=\"1366\">\n<p data-start=\"1320\" data-end=\"1366\">H\u1ed7 tr\u1ee3 b\u1ea3o v\u1ec7 da tr\u01b0\u1edbc t\u00e1c \u0111\u1ed9ng c\u1ee7a \u00e1nh n\u1eafng<\/p>\n<\/li>\n<li data-start=\"1367\" data-end=\"1396\">\n<p data-start=\"1369\" data-end=\"1396\">Gi\u00fap da tr\u00f4ng \u0111\u1ec1u m\u00e0u h\u01a1n<\/p>\n<\/li>\n<li data-start=\"1397\" data-end=\"1459\">\n<p data-start=\"1399\" data-end=\"1459\">Gi\u1ea3m s\u1ef1 xu\u1ea5t hi\u1ec7n c\u1ee7a v\u00f9ng da t\u1ed1i m\u00e0u ho\u1eb7c da kh\u00f4ng \u0111\u1ec1u t\u00f4ng<\/p>\n<\/li>\n<\/ul>\n<p data-start=\"1461\" data-end=\"1599\"><strong data-start=\"1461\" data-end=\"1477\">C\u00e1ch s\u1eed d\u1ee5ng<\/strong><br data-start=\"1477\" data-end=\"1480\" \/>M\u1ed7i h\u1ed9p ch\u1ee9a 30 vi\u00ean v\u00e0 th\u01b0\u1eddng \u0111\u01b0\u1ee3c khuy\u00ean d\u00f9ng 1 vi\u00ean m\u1ed7i ng\u00e0y nh\u01b0 m\u1ed9t ph\u1ea7n c\u1ee7a th\u00f3i quen ch\u0103m s\u00f3c s\u1ee9c kh\u1ecfe v\u00e0 l\u00e0n da.<\/p>\n<p data-start=\"1601\" data-end=\"1628\">H\u00ecnh minh h\u1ecda h\u1ed9p s\u1ea3n ph\u1ea9m.<\/p>\n<p><img decoding=\"async\" class=\"lazyload aligncenter size-full wp-image-415\" src=\"https:\/\/hemac.com.au\/wp-content\/uploads\/hemac-aesthetic-skin-crystal-tomatos2.jpg\" data-orig-src=\"https:\/\/hemac.com.au\/wp-content\/uploads\/hemac-aesthetic-skin-crystal-tomatos2.jpg\" alt=\"hemac-aesthetic-skin-crystal-tomatos2\" width=\"918\" height=\"609\" srcset=\"data:image\/svg+xml,%3Csvg%20xmlns%3D%27http%3A%2F%2Fwww.w3.org%2F2000%2Fsvg%27%20width%3D%27918%27%20height%3D%27609%27%20viewBox%3D%270%200%20918%20609%27%3E%3Crect%20width%3D%27918%27%20height%3D%27609%27%20fill-opacity%3D%220%22%2F%3E%3C%2Fsvg%3E\" data-srcset=\"https:\/\/hemac.com.au\/wp-content\/uploads\/hemac-aesthetic-skin-crystal-tomatos2-300x199.jpg 300w, https:\/\/hemac.com.au\/wp-content\/uploads\/hemac-aesthetic-skin-crystal-tomatos2.jpg 918w\" data-sizes=\"auto\" data-orig-sizes=\"(max-width: 918px) 100vw, 918px\" \/><\/p>\n<p data-start=\"219\" data-end=\"433\">N\u00f3i t\u00f3m l\u1ea1i, thu\u1ed1c vi\u00ean tinh th\u1ec3 c\u00e0 chua v\u1edbi th\u00e0nh ph\u1ea7n carotenoids kh\u00f4ng m\u00e0u v\u00e0 L-Cysteine c\u00f3 th\u1ec3 h\u1ed7 tr\u1ee3 l\u00e0n da tr\u00f4ng t\u01b0\u01a1i s\u00e1ng, kh\u1ecfe kho\u1eafn v\u00e0 r\u1ea1ng r\u1ee1 h\u01a1n, gi\u00fap ph\u1ee5 n\u1eef duy tr\u00ec v\u1ebb ngo\u00e0i tr\u1ebb trung m\u1ed9t c\u00e1ch t\u1ef1 nhi\u00ean.<\/p>\n<\/div><div class=\"fusion-sep-clear\"><\/div><div class=\"fusion-separator fusion-full-width-sep\" style=\"margin-left: auto;margin-right: auto;margin-top:20px;margin-bottom:50px;width:100%;\"><\/div><div class=\"fusion-sep-clear\"><\/div><div class=\"fusion-clearfix\"><\/div><\/div><\/div><\/div><\/div>\n","protected":false},"excerpt":{"rendered":"","protected":false},"author":1,"featured_media":0,"parent":2200,"menu_order":0,"comment_status":"open","ping_status":"open","template":"100-width.php","meta":{"footnotes":""},"class_list":["post-2176","page","type-page","status-publish","hentry"],"yoast_head":"<!-- This site is optimized with the Yoast SEO plugin v26.6 - https:\/\/yoast.com\/wordpress\/plugins\/seo\/ -->\n<title>Thu\u1ed1c vi\u00ean tinh th\u1ec3 c\u00e0 chua ch\u1ed1ng l\u00e3o h\u00f3a v\u00e0 l\u00e0m tr\u1eafng da | D\u1ecbch v\u1ee5 d\u01b0\u1ee1ng da t\u1ea1i | Y Khoa &amp; Th\u1ea9m M\u1ef9 Hawthorn East (HEMAC)<\/title>\n<meta name=\"robots\" content=\"index, follow, max-snippet:-1, max-image-preview:large, max-video-preview:-1\" \/>\n<link rel=\"canonical\" href=\"https:\/\/hemac.com.au\/vi\/aesthetic-skin\/skin-products\/crystal-tomato\/\" \/>\n<meta property=\"og:locale\" content=\"vi_VN\" \/>\n<meta property=\"og:type\" content=\"article\" \/>\n<meta property=\"og:title\" content=\"Thu\u1ed1c vi\u00ean tinh th\u1ec3 c\u00e0 chua ch\u1ed1ng l\u00e3o h\u00f3a v\u00e0 l\u00e0m tr\u1eafng da | D\u1ecbch v\u1ee5 d\u01b0\u1ee1ng da t\u1ea1i | Y Khoa &amp; Th\u1ea9m M\u1ef9 Hawthorn East (HEMAC)\" \/>\n<meta property=\"og:url\" content=\"https:\/\/hemac.com.au\/vi\/aesthetic-skin\/skin-products\/crystal-tomato\/\" \/>\n<meta property=\"og:site_name\" content=\"Hawthorn East Medical &amp; Aesthetic Clinic\" \/>\n<meta property=\"article:publisher\" content=\"https:\/\/www.facebook.com\/562018927210986\/\" \/>\n<meta property=\"article:modified_time\" content=\"2025-11-19T10:41:28+00:00\" \/>\n<meta property=\"og:image\" content=\"https:\/\/hemac.com.au\/wp-content\/uploads\/hemac-aesthetic-skin-crystal-tomatos1.jpg\" \/>\n\t<meta property=\"og:image:width\" content=\"600\" \/>\n\t<meta property=\"og:image:height\" content=\"241\" \/>\n\t<meta property=\"og:image:type\" content=\"image\/jpeg\" \/>\n<meta name=\"twitter:card\" content=\"summary_large_image\" \/>\n<meta name=\"twitter:label1\" content=\"Est. reading time\" \/>\n\t<meta name=\"twitter:data1\" content=\"2 minutes\" \/>\n<script type=\"application\/ld+json\" class=\"yoast-schema-graph\">{\"@context\":\"https:\/\/schema.org\",\"@graph\":[{\"@type\":\"WebPage\",\"@id\":\"https:\/\/hemac.com.au\/vi\/aesthetic-skin\/skin-products\/crystal-tomato\/\",\"url\":\"https:\/\/hemac.com.au\/vi\/aesthetic-skin\/skin-products\/crystal-tomato\/\",\"name\":\"Thu\u1ed1c vi\u00ean tinh th\u1ec3 c\u00e0 chua ch\u1ed1ng l\u00e3o h\u00f3a v\u00e0 l\u00e0m tr\u1eafng da | D\u1ecbch v\u1ee5 d\u01b0\u1ee1ng da t\u1ea1i | Y Khoa & Th\u1ea9m M\u1ef9 Hawthorn East (HEMAC)\",\"isPartOf\":{\"@id\":\"https:\/\/hemac.com.au\/vi\/#website\"},\"primaryImageOfPage\":{\"@id\":\"https:\/\/hemac.com.au\/vi\/aesthetic-skin\/skin-products\/crystal-tomato\/#primaryimage\"},\"image\":{\"@id\":\"https:\/\/hemac.com.au\/vi\/aesthetic-skin\/skin-products\/crystal-tomato\/#primaryimage\"},\"thumbnailUrl\":\"https:\/\/hemac.com.au\/wp-content\/uploads\/hemac-aesthetic-skin-crystal-tomatos1.jpg\",\"datePublished\":\"2020-09-06T12:39:51+00:00\",\"dateModified\":\"2025-11-19T10:41:28+00:00\",\"breadcrumb\":{\"@id\":\"https:\/\/hemac.com.au\/vi\/aesthetic-skin\/skin-products\/crystal-tomato\/#breadcrumb\"},\"inLanguage\":\"vi-VN\",\"potentialAction\":[{\"@type\":\"ReadAction\",\"target\":[\"https:\/\/hemac.com.au\/vi\/aesthetic-skin\/skin-products\/crystal-tomato\/\"]}]},{\"@type\":\"ImageObject\",\"inLanguage\":\"vi-VN\",\"@id\":\"https:\/\/hemac.com.au\/vi\/aesthetic-skin\/skin-products\/crystal-tomato\/#primaryimage\",\"url\":\"https:\/\/hemac.com.au\/wp-content\/uploads\/hemac-aesthetic-skin-crystal-tomatos1.jpg\",\"contentUrl\":\"https:\/\/hemac.com.au\/wp-content\/uploads\/hemac-aesthetic-skin-crystal-tomatos1.jpg\"},{\"@type\":\"BreadcrumbList\",\"@id\":\"https:\/\/hemac.com.au\/vi\/aesthetic-skin\/skin-products\/crystal-tomato\/#breadcrumb\",\"itemListElement\":[{\"@type\":\"ListItem\",\"position\":1,\"name\":\"Home\",\"item\":\"https:\/\/hemac.com.au\/vi\/\"},{\"@type\":\"ListItem\",\"position\":2,\"name\":\"TH\u1ea8M M\u1ef8 &#038; DA\",\"item\":\"https:\/\/hemac.com.au\/vi\/aesthetic-skin\/\"},{\"@type\":\"ListItem\",\"position\":3,\"name\":\"\u76ae\u80a4\u4ea7\u54c1\",\"item\":\"https:\/\/hemac.com.au\/vi\/aesthetic-skin\/skin-products\/\"},{\"@type\":\"ListItem\",\"position\":4,\"name\":\"Thu\u1ed1c vi\u00ean tinh th\u1ec3 c\u00e0 chua ch\u1ed1ng l\u00e3o h\u00f3a v\u00e0 l\u00e0m tr\u1eafng da\"}]},{\"@type\":\"WebSite\",\"@id\":\"https:\/\/hemac.com.au\/vi\/#website\",\"url\":\"https:\/\/hemac.com.au\/vi\/\",\"name\":\"Hawthorn East Medical & Aesthetic Clinic\",\"description\":\"\",\"publisher\":{\"@id\":\"https:\/\/hemac.com.au\/vi\/#organization\"},\"alternateName\":\"HEMAC\",\"potentialAction\":[{\"@type\":\"SearchAction\",\"target\":{\"@type\":\"EntryPoint\",\"urlTemplate\":\"https:\/\/hemac.com.au\/vi\/?s={search_term_string}\"},\"query-input\":{\"@type\":\"PropertyValueSpecification\",\"valueRequired\":true,\"valueName\":\"search_term_string\"}}],\"inLanguage\":\"vi-VN\"},{\"@type\":\"Organization\",\"@id\":\"https:\/\/hemac.com.au\/vi\/#organization\",\"name\":\"Hawthorn East Medical & Aesthetic Clinic\",\"alternateName\":\"HEMAC\",\"url\":\"https:\/\/hemac.com.au\/vi\/\",\"logo\":{\"@type\":\"ImageObject\",\"inLanguage\":\"vi-VN\",\"@id\":\"https:\/\/hemac.com.au\/vi\/#\/schema\/logo\/image\/\",\"url\":\"https:\/\/hemac.com.au\/wp-content\/uploads\/HEMAC-697x697-1.jpg\",\"contentUrl\":\"https:\/\/hemac.com.au\/wp-content\/uploads\/HEMAC-697x697-1.jpg\",\"width\":697,\"height\":697,\"caption\":\"Hawthorn East Medical & Aesthetic Clinic\"},\"image\":{\"@id\":\"https:\/\/hemac.com.au\/vi\/#\/schema\/logo\/image\/\"},\"sameAs\":[\"https:\/\/www.facebook.com\/562018927210986\/\",\"https:\/\/www.facebook.com\/hemacskinclinic\/\",\"https:\/\/www.instagram.com\/hemac_aesthetics\/\"]}]}<\/script>\n<!-- \/ Yoast SEO plugin. -->","yoast_head_json":{"title":"Thu\u1ed1c vi\u00ean tinh th\u1ec3 c\u00e0 chua ch\u1ed1ng l\u00e3o h\u00f3a v\u00e0 l\u00e0m tr\u1eafng da | D\u1ecbch v\u1ee5 d\u01b0\u1ee1ng da t\u1ea1i | Y Khoa & Th\u1ea9m M\u1ef9 Hawthorn East (HEMAC)","robots":{"index":"index","follow":"follow","max-snippet":"max-snippet:-1","max-image-preview":"max-image-preview:large","max-video-preview":"max-video-preview:-1"},"canonical":"https:\/\/hemac.com.au\/vi\/aesthetic-skin\/skin-products\/crystal-tomato\/","og_locale":"vi_VN","og_type":"article","og_title":"Thu\u1ed1c vi\u00ean tinh th\u1ec3 c\u00e0 chua ch\u1ed1ng l\u00e3o h\u00f3a v\u00e0 l\u00e0m tr\u1eafng da | D\u1ecbch v\u1ee5 d\u01b0\u1ee1ng da t\u1ea1i | Y Khoa & Th\u1ea9m M\u1ef9 Hawthorn East (HEMAC)","og_url":"https:\/\/hemac.com.au\/vi\/aesthetic-skin\/skin-products\/crystal-tomato\/","og_site_name":"Hawthorn East Medical &amp; Aesthetic Clinic","article_publisher":"https:\/\/www.facebook.com\/562018927210986\/","article_modified_time":"2025-11-19T10:41:28+00:00","og_image":[{"width":600,"height":241,"url":"https:\/\/hemac.com.au\/wp-content\/uploads\/hemac-aesthetic-skin-crystal-tomatos1.jpg","type":"image\/jpeg"}],"twitter_card":"summary_large_image","twitter_misc":{"Est. reading time":"2 minutes"},"schema":{"@context":"https:\/\/schema.org","@graph":[{"@type":"WebPage","@id":"https:\/\/hemac.com.au\/vi\/aesthetic-skin\/skin-products\/crystal-tomato\/","url":"https:\/\/hemac.com.au\/vi\/aesthetic-skin\/skin-products\/crystal-tomato\/","name":"Thu\u1ed1c vi\u00ean tinh th\u1ec3 c\u00e0 chua ch\u1ed1ng l\u00e3o h\u00f3a v\u00e0 l\u00e0m tr\u1eafng da | D\u1ecbch v\u1ee5 d\u01b0\u1ee1ng da t\u1ea1i | Y Khoa & Th\u1ea9m M\u1ef9 Hawthorn East (HEMAC)","isPartOf":{"@id":"https:\/\/hemac.com.au\/vi\/#website"},"primaryImageOfPage":{"@id":"https:\/\/hemac.com.au\/vi\/aesthetic-skin\/skin-products\/crystal-tomato\/#primaryimage"},"image":{"@id":"https:\/\/hemac.com.au\/vi\/aesthetic-skin\/skin-products\/crystal-tomato\/#primaryimage"},"thumbnailUrl":"https:\/\/hemac.com.au\/wp-content\/uploads\/hemac-aesthetic-skin-crystal-tomatos1.jpg","datePublished":"2020-09-06T12:39:51+00:00","dateModified":"2025-11-19T10:41:28+00:00","breadcrumb":{"@id":"https:\/\/hemac.com.au\/vi\/aesthetic-skin\/skin-products\/crystal-tomato\/#breadcrumb"},"inLanguage":"vi-VN","potentialAction":[{"@type":"ReadAction","target":["https:\/\/hemac.com.au\/vi\/aesthetic-skin\/skin-products\/crystal-tomato\/"]}]},{"@type":"ImageObject","inLanguage":"vi-VN","@id":"https:\/\/hemac.com.au\/vi\/aesthetic-skin\/skin-products\/crystal-tomato\/#primaryimage","url":"https:\/\/hemac.com.au\/wp-content\/uploads\/hemac-aesthetic-skin-crystal-tomatos1.jpg","contentUrl":"https:\/\/hemac.com.au\/wp-content\/uploads\/hemac-aesthetic-skin-crystal-tomatos1.jpg"},{"@type":"BreadcrumbList","@id":"https:\/\/hemac.com.au\/vi\/aesthetic-skin\/skin-products\/crystal-tomato\/#breadcrumb","itemListElement":[{"@type":"ListItem","position":1,"name":"Home","item":"https:\/\/hemac.com.au\/vi\/"},{"@type":"ListItem","position":2,"name":"TH\u1ea8M M\u1ef8 &#038; DA","item":"https:\/\/hemac.com.au\/vi\/aesthetic-skin\/"},{"@type":"ListItem","position":3,"name":"\u76ae\u80a4\u4ea7\u54c1","item":"https:\/\/hemac.com.au\/vi\/aesthetic-skin\/skin-products\/"},{"@type":"ListItem","position":4,"name":"Thu\u1ed1c vi\u00ean tinh th\u1ec3 c\u00e0 chua ch\u1ed1ng l\u00e3o h\u00f3a v\u00e0 l\u00e0m tr\u1eafng da"}]},{"@type":"WebSite","@id":"https:\/\/hemac.com.au\/vi\/#website","url":"https:\/\/hemac.com.au\/vi\/","name":"Hawthorn East Medical & Aesthetic Clinic","description":"","publisher":{"@id":"https:\/\/hemac.com.au\/vi\/#organization"},"alternateName":"HEMAC","potentialAction":[{"@type":"SearchAction","target":{"@type":"EntryPoint","urlTemplate":"https:\/\/hemac.com.au\/vi\/?s={search_term_string}"},"query-input":{"@type":"PropertyValueSpecification","valueRequired":true,"valueName":"search_term_string"}}],"inLanguage":"vi-VN"},{"@type":"Organization","@id":"https:\/\/hemac.com.au\/vi\/#organization","name":"Hawthorn East Medical & Aesthetic Clinic","alternateName":"HEMAC","url":"https:\/\/hemac.com.au\/vi\/","logo":{"@type":"ImageObject","inLanguage":"vi-VN","@id":"https:\/\/hemac.com.au\/vi\/#\/schema\/logo\/image\/","url":"https:\/\/hemac.com.au\/wp-content\/uploads\/HEMAC-697x697-1.jpg","contentUrl":"https:\/\/hemac.com.au\/wp-content\/uploads\/HEMAC-697x697-1.jpg","width":697,"height":697,"caption":"Hawthorn East Medical & Aesthetic Clinic"},"image":{"@id":"https:\/\/hemac.com.au\/vi\/#\/schema\/logo\/image\/"},"sameAs":["https:\/\/www.facebook.com\/562018927210986\/","https:\/\/www.facebook.com\/hemacskinclinic\/","https:\/\/www.instagram.com\/hemac_aesthetics\/"]}]}},"_links":{"self":[{"href":"https:\/\/hemac.com.au\/vi\/wp-json\/wp\/v2\/pages\/2176","targetHints":{"allow":["GET"]}}],"collection":[{"href":"https:\/\/hemac.com.au\/vi\/wp-json\/wp\/v2\/pages"}],"about":[{"href":"https:\/\/hemac.com.au\/vi\/wp-json\/wp\/v2\/types\/page"}],"author":[{"embeddable":true,"href":"https:\/\/hemac.com.au\/vi\/wp-json\/wp\/v2\/users\/1"}],"replies":[{"embeddable":true,"href":"https:\/\/hemac.com.au\/vi\/wp-json\/wp\/v2\/comments?post=2176"}],"version-history":[{"count":1,"href":"https:\/\/hemac.com.au\/vi\/wp-json\/wp\/v2\/pages\/2176\/revisions"}],"predecessor-version":[{"id":3331,"href":"https:\/\/hemac.com.au\/vi\/wp-json\/wp\/v2\/pages\/2176\/revisions\/3331"}],"up":[{"embeddable":true,"href":"https:\/\/hemac.com.au\/vi\/wp-json\/wp\/v2\/pages\/2200"}],"wp:attachment":[{"href":"https:\/\/hemac.com.au\/vi\/wp-json\/wp\/v2\/media?parent=2176"}],"curies":[{"name":"wp","href":"https:\/\/api.w.org\/{rel}","templated":true}]}}