{"id":2180,"date":"2020-09-06T22:03:30","date_gmt":"2020-09-06T12:03:30","guid":{"rendered":"https:\/\/www.hemac.com.au\/long-lasting-nose-threads-hiko\/"},"modified":"2025-11-19T21:28:04","modified_gmt":"2025-11-19T10:28:04","slug":"long-lasting-nose-threads-hiko","status":"publish","type":"page","link":"https:\/\/hemac.com.au\/vi\/aesthetic-skin\/face\/long-lasting-nose-threads-hiko\/","title":{"rendered":"N\u00e2ng m\u0169i b\u1eb1ng ch\u1ec9 HIKO"},"content":{"rendered":"<div class=\"fusion-fullwidth fullwidth-box fusion-builder-row-1 nonhundred-percent-fullwidth non-hundred-percent-height-scrolling\" style=\"--awb-background-position:left top;--awb-border-sizes-top:0px;--awb-border-sizes-bottom:0px;--awb-border-sizes-left:0px;--awb-border-sizes-right:0px;--awb-border-radius-top-left:0px;--awb-border-radius-top-right:0px;--awb-border-radius-bottom-right:0px;--awb-border-radius-bottom-left:0px;--awb-padding-top:20px;--awb-padding-bottom:0px;--awb-flex-wrap:wrap;\" ><div class=\"fusion-builder-row fusion-row\"><div class=\"fusion-layout-column fusion_builder_column fusion-builder-column-0 fusion_builder_column_1_1 1_1 fusion-one-full fusion-column-first fusion-column-last fusion-column-no-min-height\" style=\"--awb-bg-size:cover;--awb-margin-bottom:0px;\"><div class=\"fusion-column-wrapper fusion-flex-column-wrapper-legacy\"><div class=\"fusion-text fusion-text-1\"><p><img decoding=\"async\" class=\"lazyload aligncenter size-full wp-image-600\" src=\"data:image\/svg+xml,%3Csvg%20xmlns%3D%27http%3A%2F%2Fwww.w3.org%2F2000%2Fsvg%27%20width%3D%271316%27%20height%3D%27918%27%20viewBox%3D%270%200%201316%20918%27%3E%3Crect%20width%3D%271316%27%20height%3D%27918%27%20fill-opacity%3D%220%22%2F%3E%3C%2Fsvg%3E\" data-orig-src=\"https:\/\/hemac.com.au\/wp-content\/uploads\/hemac-aesthetic-hiko.jpg\" alt=\"hemac-aesthetic-hiko\" \/><\/p>\n<p data-start=\"330\" data-end=\"628\"><strong data-start=\"330\" data-end=\"363\">N\u00e2ng m\u0169i b\u1eb1ng ch\u1ec9 HIKO l\u00e0 g\u00ec?<\/strong><br data-start=\"363\" data-end=\"366\" \/>N\u00e2ng m\u0169i HIKO l\u00e0 ph\u01b0\u01a1ng ph\u00e1p th\u1ea9m m\u1ef9 kh\u00f4ng ph\u1eabu thu\u1eadt, trong \u0111\u00f3 c\u00e1c s\u1ee3i ch\u1ec9 chuy\u00ean d\u1ee5ng \u0111\u01b0\u1ee3c \u0111\u1eb7t v\u00e0o m\u00f4 m\u0169i \u0111\u1ec3 h\u1ed7 tr\u1ee3 \u0111\u1ecbnh h\u00ecnh d\u00e1ng m\u0169i theo mong mu\u1ed1n. \u0110\u00e2y l\u00e0 l\u1ef1a ch\u1ecdn d\u00e0nh cho nh\u1eefng ng\u01b0\u1eddi mu\u1ed1n l\u00e0m m\u0169i tr\u00f4ng h\u00e0i h\u00f2a v\u00e0 g\u1ecdn h\u01a1n m\u00e0 kh\u00f4ng c\u1ea7n can thi\u1ec7p ph\u1eabu thu\u1eadt.<\/p>\n<p data-start=\"630\" data-end=\"911\"><strong data-start=\"630\" data-end=\"666\">HIKO \u0111\u01b0\u1ee3c th\u1ef1c hi\u1ec7n nh\u01b0 th\u1ebf n\u00e0o?<\/strong><br data-start=\"666\" data-end=\"669\" \/>V\u00f9ng m\u0169i \u0111\u01b0\u1ee3c g\u00e2y t\u00ea c\u1ee5c b\u1ed9, \u0111\u1eb7c bi\u1ec7t t\u1ea1i ph\u1ea7n ch\u00f3p v\u00e0 d\u1ecdc s\u1ed1ng m\u0169i. Quy tr\u00ecnh th\u01b0\u1eddng k\u00e9o d\u00e0i kho\u1ea3ng 30 ph\u00fat. C\u00e1c s\u1ee3i ch\u1ec9 HIKO \u0111\u01b0\u1ee3c thi\u1ebft k\u1ebf \u0111\u1ec3 t\u1ef1 ti\u00eau theo th\u1eddi gian, v\u00e0 b\u00e1c s\u0129 s\u1ebd trao \u0111\u1ed5i c\u1ee5 th\u1ec3 v\u1ec1 th\u1eddi gian n\u00e0y d\u1ef1a tr\u00ean t\u00ecnh tr\u1ea1ng c\u00e1 nh\u00e2n.<\/p>\n<p data-start=\"913\" data-end=\"1197\"><strong data-start=\"913\" data-end=\"958\">Ph\u01b0\u01a1ng ph\u00e1p n\u00e0y c\u00f3 ph\u00f9 h\u1ee3p v\u1edbi b\u1ea1n kh\u00f4ng?<\/strong><br data-start=\"958\" data-end=\"961\" \/>HIKO c\u00f3 th\u1ec3 ph\u00f9 h\u1ee3p cho nh\u1eefng ng\u01b0\u1eddi mong mu\u1ed1n c\u1ea3i thi\u1ec7n \u0111\u01b0\u1eddng n\u00e9t m\u0169i nh\u01b0ng kh\u00f4ng mu\u1ed1n ph\u1eabu thu\u1eadt. Ng\u01b0\u1eddi \u0111\u00e3 t\u1eebng s\u1eed d\u1ee5ng ch\u1ea5t l\u00e0m \u0111\u1ea7y v\u00f9ng m\u0169i tr\u01b0\u1edbc \u0111\u00e2y v\u1eabn c\u00f3 th\u1ec3 \u0111\u01b0\u1ee3c b\u00e1c s\u0129 \u0111\u00e1nh gi\u00e1 \u0111\u1ec3 xem li\u1ec7u ph\u01b0\u01a1ng ph\u00e1p n\u00e0y c\u00f3 th\u00edch h\u1ee3p hay kh\u00f4ng.<\/p>\n<p data-start=\"1199\" data-end=\"1301\"><strong data-start=\"1199\" data-end=\"1229\">H\u00ecnh minh h\u1ecda tr\u01b0\u1edbc v\u00e0 sau<\/strong><br data-start=\"1229\" data-end=\"1232\" \/>(H\u00ecnh \u1ea3nh ch\u1ec9 mang t\u00ednh tham kh\u1ea3o \u2014 k\u1ebft qu\u1ea3 thay \u0111\u1ed5i t\u00f9y t\u1eebng ng\u01b0\u1eddi.)<\/p>\n<p><img decoding=\"async\" class=\"lazyload aligncenter size-full\" src=\"data:image\/svg+xml,%3Csvg%20xmlns%3D%27http%3A%2F%2Fwww.w3.org%2F2000%2Fsvg%27%20width%3D%271378%27%20height%3D%27694%27%20viewBox%3D%270%200%201378%20694%27%3E%3Crect%20width%3D%271378%27%20height%3D%27694%27%20fill-opacity%3D%220%22%2F%3E%3C%2Fsvg%3E\" data-orig-src=\"https:\/\/hemac.com.au\/wp-content\/uploads\/nose-threads1.jpg\" alt=\"\" \/><br \/>\n<img decoding=\"async\" class=\"lazyload aligncenter size-full\" src=\"data:image\/svg+xml,%3Csvg%20xmlns%3D%27http%3A%2F%2Fwww.w3.org%2F2000%2Fsvg%27%20width%3D%271373%27%20height%3D%27655%27%20viewBox%3D%270%200%201373%20655%27%3E%3Crect%20width%3D%271373%27%20height%3D%27655%27%20fill-opacity%3D%220%22%2F%3E%3C%2Fsvg%3E\" data-orig-src=\"https:\/\/hemac.com.au\/wp-content\/uploads\/nose-threads2.jpg\" alt=\"\" \/><br \/>\n<img decoding=\"async\" class=\"lazyload aligncenter size-full\" src=\"data:image\/svg+xml,%3Csvg%20xmlns%3D%27http%3A%2F%2Fwww.w3.org%2F2000%2Fsvg%27%20width%3D%271378%27%20height%3D%27679%27%20viewBox%3D%270%200%201378%20679%27%3E%3Crect%20width%3D%271378%27%20height%3D%27679%27%20fill-opacity%3D%220%22%2F%3E%3C%2Fsvg%3E\" data-orig-src=\"https:\/\/hemac.com.au\/wp-content\/uploads\/nose-threads3.jpg\" alt=\"\" \/><br \/>\n<img decoding=\"async\" class=\"lazyload aligncenter size-full\" src=\"data:image\/svg+xml,%3Csvg%20xmlns%3D%27http%3A%2F%2Fwww.w3.org%2F2000%2Fsvg%27%20width%3D%271457%27%20height%3D%27693%27%20viewBox%3D%270%200%201457%20693%27%3E%3Crect%20width%3D%271457%27%20height%3D%27693%27%20fill-opacity%3D%220%22%2F%3E%3C%2Fsvg%3E\" data-orig-src=\"https:\/\/hemac.com.au\/wp-content\/uploads\/nose-threads4.jpg\" alt=\"\" \/><br \/>\n<img decoding=\"async\" class=\"lazyload aligncenter size-full\" src=\"data:image\/svg+xml,%3Csvg%20xmlns%3D%27http%3A%2F%2Fwww.w3.org%2F2000%2Fsvg%27%20width%3D%271457%27%20height%3D%27645%27%20viewBox%3D%270%200%201457%20645%27%3E%3Crect%20width%3D%271457%27%20height%3D%27645%27%20fill-opacity%3D%220%22%2F%3E%3C%2Fsvg%3E\" data-orig-src=\"https:\/\/hemac.com.au\/wp-content\/uploads\/nose-threads5.jpg\" alt=\"\" \/><br \/>\n<img decoding=\"async\" class=\"lazyload aligncenter size-full\" src=\"data:image\/svg+xml,%3Csvg%20xmlns%3D%27http%3A%2F%2Fwww.w3.org%2F2000%2Fsvg%27%20width%3D%271457%27%20height%3D%27730%27%20viewBox%3D%270%200%201457%20730%27%3E%3Crect%20width%3D%271457%27%20height%3D%27730%27%20fill-opacity%3D%220%22%2F%3E%3C%2Fsvg%3E\" data-orig-src=\"https:\/\/hemac.com.au\/wp-content\/uploads\/nose-threads6.jpg\" alt=\"\" \/><\/p>\n<\/div><div class=\"fusion-sep-clear\"><\/div><div class=\"fusion-separator fusion-full-width-sep\" style=\"margin-left: auto;margin-right: auto;margin-top:20px;margin-bottom:50px;width:100%;\"><\/div><div class=\"fusion-sep-clear\"><\/div><div class=\"fusion-clearfix\"><\/div><\/div><\/div><\/div><\/div>\n","protected":false},"excerpt":{"rendered":"","protected":false},"author":1,"featured_media":0,"parent":2218,"menu_order":0,"comment_status":"open","ping_status":"open","template":"100-width.php","meta":{"footnotes":""},"class_list":["post-2180","page","type-page","status-publish","hentry"],"yoast_head":"<!-- This site is optimized with the Yoast SEO plugin v26.6 - https:\/\/yoast.com\/wordpress\/plugins\/seo\/ -->\n<title>N\u00e2ng m\u0169i b\u1eb1ng ch\u1ec9 HIKO | M\u1eb7t | Y Khoa &amp; Th\u1ea9m M\u1ef9 Hawthorn East (HEMAC)<\/title>\n<meta name=\"robots\" content=\"index, follow, max-snippet:-1, max-image-preview:large, max-video-preview:-1\" \/>\n<link rel=\"canonical\" href=\"https:\/\/hemac.com.au\/vi\/aesthetic-skin\/face\/long-lasting-nose-threads-hiko\/\" \/>\n<meta property=\"og:locale\" content=\"vi_VN\" \/>\n<meta property=\"og:type\" content=\"article\" \/>\n<meta property=\"og:title\" content=\"N\u00e2ng m\u0169i b\u1eb1ng ch\u1ec9 HIKO | M\u1eb7t | Y Khoa &amp; Th\u1ea9m M\u1ef9 Hawthorn East (HEMAC)\" \/>\n<meta property=\"og:url\" content=\"https:\/\/hemac.com.au\/vi\/aesthetic-skin\/face\/long-lasting-nose-threads-hiko\/\" \/>\n<meta property=\"og:site_name\" content=\"Hawthorn East Medical &amp; Aesthetic Clinic\" \/>\n<meta property=\"article:publisher\" content=\"https:\/\/www.facebook.com\/562018927210986\/\" \/>\n<meta property=\"article:modified_time\" content=\"2025-11-19T10:28:04+00:00\" \/>\n<meta property=\"og:image\" content=\"https:\/\/hemac.com.au\/wp-content\/uploads\/hemac-aesthetic-skin-obagi2.jpg\" \/>\n\t<meta property=\"og:image:width\" content=\"339\" \/>\n\t<meta property=\"og:image:height\" content=\"284\" \/>\n\t<meta property=\"og:image:type\" content=\"image\/jpeg\" \/>\n<meta name=\"twitter:card\" content=\"summary_large_image\" \/>\n<meta name=\"twitter:label1\" content=\"Est. reading time\" \/>\n\t<meta name=\"twitter:data1\" content=\"3 minutes\" \/>\n<script type=\"application\/ld+json\" class=\"yoast-schema-graph\">{\"@context\":\"https:\/\/schema.org\",\"@graph\":[{\"@type\":\"WebPage\",\"@id\":\"https:\/\/hemac.com.au\/vi\/aesthetic-skin\/face\/long-lasting-nose-threads-hiko\/\",\"url\":\"https:\/\/hemac.com.au\/vi\/aesthetic-skin\/face\/long-lasting-nose-threads-hiko\/\",\"name\":\"N\u00e2ng m\u0169i b\u1eb1ng ch\u1ec9 HIKO | M\u1eb7t | Y Khoa & Th\u1ea9m M\u1ef9 Hawthorn East (HEMAC)\",\"isPartOf\":{\"@id\":\"https:\/\/hemac.com.au\/vi\/#website\"},\"primaryImageOfPage\":{\"@id\":\"https:\/\/hemac.com.au\/vi\/aesthetic-skin\/face\/long-lasting-nose-threads-hiko\/#primaryimage\"},\"image\":{\"@id\":\"https:\/\/hemac.com.au\/vi\/aesthetic-skin\/face\/long-lasting-nose-threads-hiko\/#primaryimage\"},\"thumbnailUrl\":\"https:\/\/hemac.com.au\/wp-content\/uploads\/hemac-aesthetic-hiko.jpg\",\"datePublished\":\"2020-09-06T12:03:30+00:00\",\"dateModified\":\"2025-11-19T10:28:04+00:00\",\"breadcrumb\":{\"@id\":\"https:\/\/hemac.com.au\/vi\/aesthetic-skin\/face\/long-lasting-nose-threads-hiko\/#breadcrumb\"},\"inLanguage\":\"vi-VN\",\"potentialAction\":[{\"@type\":\"ReadAction\",\"target\":[\"https:\/\/hemac.com.au\/vi\/aesthetic-skin\/face\/long-lasting-nose-threads-hiko\/\"]}]},{\"@type\":\"ImageObject\",\"inLanguage\":\"vi-VN\",\"@id\":\"https:\/\/hemac.com.au\/vi\/aesthetic-skin\/face\/long-lasting-nose-threads-hiko\/#primaryimage\",\"url\":\"https:\/\/hemac.com.au\/wp-content\/uploads\/hemac-aesthetic-hiko.jpg\",\"contentUrl\":\"https:\/\/hemac.com.au\/wp-content\/uploads\/hemac-aesthetic-hiko.jpg\"},{\"@type\":\"BreadcrumbList\",\"@id\":\"https:\/\/hemac.com.au\/vi\/aesthetic-skin\/face\/long-lasting-nose-threads-hiko\/#breadcrumb\",\"itemListElement\":[{\"@type\":\"ListItem\",\"position\":1,\"name\":\"Home\",\"item\":\"https:\/\/hemac.com.au\/vi\/\"},{\"@type\":\"ListItem\",\"position\":2,\"name\":\"TH\u1ea8M M\u1ef8 &#038; DA\",\"item\":\"https:\/\/hemac.com.au\/vi\/aesthetic-skin\/\"},{\"@type\":\"ListItem\",\"position\":3,\"name\":\"\u9762\u90e8\",\"item\":\"https:\/\/hemac.com.au\/vi\/aesthetic-skin\/face\/\"},{\"@type\":\"ListItem\",\"position\":4,\"name\":\"N\u00e2ng m\u0169i b\u1eb1ng ch\u1ec9 HIKO\"}]},{\"@type\":\"WebSite\",\"@id\":\"https:\/\/hemac.com.au\/vi\/#website\",\"url\":\"https:\/\/hemac.com.au\/vi\/\",\"name\":\"Hawthorn East Medical & Aesthetic Clinic\",\"description\":\"\",\"publisher\":{\"@id\":\"https:\/\/hemac.com.au\/vi\/#organization\"},\"alternateName\":\"HEMAC\",\"potentialAction\":[{\"@type\":\"SearchAction\",\"target\":{\"@type\":\"EntryPoint\",\"urlTemplate\":\"https:\/\/hemac.com.au\/vi\/?s={search_term_string}\"},\"query-input\":{\"@type\":\"PropertyValueSpecification\",\"valueRequired\":true,\"valueName\":\"search_term_string\"}}],\"inLanguage\":\"vi-VN\"},{\"@type\":\"Organization\",\"@id\":\"https:\/\/hemac.com.au\/vi\/#organization\",\"name\":\"Hawthorn East Medical & Aesthetic Clinic\",\"alternateName\":\"HEMAC\",\"url\":\"https:\/\/hemac.com.au\/vi\/\",\"logo\":{\"@type\":\"ImageObject\",\"inLanguage\":\"vi-VN\",\"@id\":\"https:\/\/hemac.com.au\/vi\/#\/schema\/logo\/image\/\",\"url\":\"https:\/\/hemac.com.au\/wp-content\/uploads\/HEMAC-697x697-1.jpg\",\"contentUrl\":\"https:\/\/hemac.com.au\/wp-content\/uploads\/HEMAC-697x697-1.jpg\",\"width\":697,\"height\":697,\"caption\":\"Hawthorn East Medical & Aesthetic Clinic\"},\"image\":{\"@id\":\"https:\/\/hemac.com.au\/vi\/#\/schema\/logo\/image\/\"},\"sameAs\":[\"https:\/\/www.facebook.com\/562018927210986\/\",\"https:\/\/www.facebook.com\/hemacskinclinic\/\",\"https:\/\/www.instagram.com\/hemac_aesthetics\/\"]}]}<\/script>\n<!-- \/ Yoast SEO plugin. -->","yoast_head_json":{"title":"N\u00e2ng m\u0169i b\u1eb1ng ch\u1ec9 HIKO | M\u1eb7t | Y Khoa & Th\u1ea9m M\u1ef9 Hawthorn East (HEMAC)","robots":{"index":"index","follow":"follow","max-snippet":"max-snippet:-1","max-image-preview":"max-image-preview:large","max-video-preview":"max-video-preview:-1"},"canonical":"https:\/\/hemac.com.au\/vi\/aesthetic-skin\/face\/long-lasting-nose-threads-hiko\/","og_locale":"vi_VN","og_type":"article","og_title":"N\u00e2ng m\u0169i b\u1eb1ng ch\u1ec9 HIKO | M\u1eb7t | Y Khoa & Th\u1ea9m M\u1ef9 Hawthorn East (HEMAC)","og_url":"https:\/\/hemac.com.au\/vi\/aesthetic-skin\/face\/long-lasting-nose-threads-hiko\/","og_site_name":"Hawthorn East Medical &amp; Aesthetic Clinic","article_publisher":"https:\/\/www.facebook.com\/562018927210986\/","article_modified_time":"2025-11-19T10:28:04+00:00","og_image":[{"width":339,"height":284,"url":"https:\/\/hemac.com.au\/wp-content\/uploads\/hemac-aesthetic-skin-obagi2.jpg","type":"image\/jpeg"}],"twitter_card":"summary_large_image","twitter_misc":{"Est. reading time":"3 minutes"},"schema":{"@context":"https:\/\/schema.org","@graph":[{"@type":"WebPage","@id":"https:\/\/hemac.com.au\/vi\/aesthetic-skin\/face\/long-lasting-nose-threads-hiko\/","url":"https:\/\/hemac.com.au\/vi\/aesthetic-skin\/face\/long-lasting-nose-threads-hiko\/","name":"N\u00e2ng m\u0169i b\u1eb1ng ch\u1ec9 HIKO | M\u1eb7t | Y Khoa & Th\u1ea9m M\u1ef9 Hawthorn East (HEMAC)","isPartOf":{"@id":"https:\/\/hemac.com.au\/vi\/#website"},"primaryImageOfPage":{"@id":"https:\/\/hemac.com.au\/vi\/aesthetic-skin\/face\/long-lasting-nose-threads-hiko\/#primaryimage"},"image":{"@id":"https:\/\/hemac.com.au\/vi\/aesthetic-skin\/face\/long-lasting-nose-threads-hiko\/#primaryimage"},"thumbnailUrl":"https:\/\/hemac.com.au\/wp-content\/uploads\/hemac-aesthetic-hiko.jpg","datePublished":"2020-09-06T12:03:30+00:00","dateModified":"2025-11-19T10:28:04+00:00","breadcrumb":{"@id":"https:\/\/hemac.com.au\/vi\/aesthetic-skin\/face\/long-lasting-nose-threads-hiko\/#breadcrumb"},"inLanguage":"vi-VN","potentialAction":[{"@type":"ReadAction","target":["https:\/\/hemac.com.au\/vi\/aesthetic-skin\/face\/long-lasting-nose-threads-hiko\/"]}]},{"@type":"ImageObject","inLanguage":"vi-VN","@id":"https:\/\/hemac.com.au\/vi\/aesthetic-skin\/face\/long-lasting-nose-threads-hiko\/#primaryimage","url":"https:\/\/hemac.com.au\/wp-content\/uploads\/hemac-aesthetic-hiko.jpg","contentUrl":"https:\/\/hemac.com.au\/wp-content\/uploads\/hemac-aesthetic-hiko.jpg"},{"@type":"BreadcrumbList","@id":"https:\/\/hemac.com.au\/vi\/aesthetic-skin\/face\/long-lasting-nose-threads-hiko\/#breadcrumb","itemListElement":[{"@type":"ListItem","position":1,"name":"Home","item":"https:\/\/hemac.com.au\/vi\/"},{"@type":"ListItem","position":2,"name":"TH\u1ea8M M\u1ef8 &#038; DA","item":"https:\/\/hemac.com.au\/vi\/aesthetic-skin\/"},{"@type":"ListItem","position":3,"name":"\u9762\u90e8","item":"https:\/\/hemac.com.au\/vi\/aesthetic-skin\/face\/"},{"@type":"ListItem","position":4,"name":"N\u00e2ng m\u0169i b\u1eb1ng ch\u1ec9 HIKO"}]},{"@type":"WebSite","@id":"https:\/\/hemac.com.au\/vi\/#website","url":"https:\/\/hemac.com.au\/vi\/","name":"Hawthorn East Medical & Aesthetic Clinic","description":"","publisher":{"@id":"https:\/\/hemac.com.au\/vi\/#organization"},"alternateName":"HEMAC","potentialAction":[{"@type":"SearchAction","target":{"@type":"EntryPoint","urlTemplate":"https:\/\/hemac.com.au\/vi\/?s={search_term_string}"},"query-input":{"@type":"PropertyValueSpecification","valueRequired":true,"valueName":"search_term_string"}}],"inLanguage":"vi-VN"},{"@type":"Organization","@id":"https:\/\/hemac.com.au\/vi\/#organization","name":"Hawthorn East Medical & Aesthetic Clinic","alternateName":"HEMAC","url":"https:\/\/hemac.com.au\/vi\/","logo":{"@type":"ImageObject","inLanguage":"vi-VN","@id":"https:\/\/hemac.com.au\/vi\/#\/schema\/logo\/image\/","url":"https:\/\/hemac.com.au\/wp-content\/uploads\/HEMAC-697x697-1.jpg","contentUrl":"https:\/\/hemac.com.au\/wp-content\/uploads\/HEMAC-697x697-1.jpg","width":697,"height":697,"caption":"Hawthorn East Medical & Aesthetic Clinic"},"image":{"@id":"https:\/\/hemac.com.au\/vi\/#\/schema\/logo\/image\/"},"sameAs":["https:\/\/www.facebook.com\/562018927210986\/","https:\/\/www.facebook.com\/hemacskinclinic\/","https:\/\/www.instagram.com\/hemac_aesthetics\/"]}]}},"_links":{"self":[{"href":"https:\/\/hemac.com.au\/vi\/wp-json\/wp\/v2\/pages\/2180","targetHints":{"allow":["GET"]}}],"collection":[{"href":"https:\/\/hemac.com.au\/vi\/wp-json\/wp\/v2\/pages"}],"about":[{"href":"https:\/\/hemac.com.au\/vi\/wp-json\/wp\/v2\/types\/page"}],"author":[{"embeddable":true,"href":"https:\/\/hemac.com.au\/vi\/wp-json\/wp\/v2\/users\/1"}],"replies":[{"embeddable":true,"href":"https:\/\/hemac.com.au\/vi\/wp-json\/wp\/v2\/comments?post=2180"}],"version-history":[{"count":1,"href":"https:\/\/hemac.com.au\/vi\/wp-json\/wp\/v2\/pages\/2180\/revisions"}],"predecessor-version":[{"id":3320,"href":"https:\/\/hemac.com.au\/vi\/wp-json\/wp\/v2\/pages\/2180\/revisions\/3320"}],"up":[{"embeddable":true,"href":"https:\/\/hemac.com.au\/vi\/wp-json\/wp\/v2\/pages\/2218"}],"wp:attachment":[{"href":"https:\/\/hemac.com.au\/vi\/wp-json\/wp\/v2\/media?parent=2180"}],"curies":[{"name":"wp","href":"https:\/\/api.w.org\/{rel}","templated":true}]}}