{"id":2187,"date":"2020-09-06T21:57:51","date_gmt":"2020-09-06T11:57:51","guid":{"rendered":"https:\/\/www.hemac.com.au\/mole-removal\/"},"modified":"2025-11-19T21:26:00","modified_gmt":"2025-11-19T10:26:00","slug":"mole-removal","status":"publish","type":"page","link":"https:\/\/hemac.com.au\/vi\/aesthetic-skin\/face\/mole-removal\/","title":{"rendered":"T\u1ea9y n\u1ed1t ru\u1ed3i"},"content":{"rendered":"<div class=\"fusion-fullwidth fullwidth-box fusion-builder-row-1 nonhundred-percent-fullwidth non-hundred-percent-height-scrolling\" style=\"--awb-background-position:left top;--awb-border-sizes-top:0px;--awb-border-sizes-bottom:0px;--awb-border-sizes-left:0px;--awb-border-sizes-right:0px;--awb-border-radius-top-left:0px;--awb-border-radius-top-right:0px;--awb-border-radius-bottom-right:0px;--awb-border-radius-bottom-left:0px;--awb-padding-top:20px;--awb-padding-bottom:0px;--awb-flex-wrap:wrap;\" ><div class=\"fusion-builder-row fusion-row\"><div class=\"fusion-layout-column fusion_builder_column fusion-builder-column-0 fusion_builder_column_1_1 1_1 fusion-one-full fusion-column-first fusion-column-last fusion-column-no-min-height\" style=\"--awb-bg-size:cover;--awb-margin-bottom:0px;\"><div class=\"fusion-column-wrapper fusion-flex-column-wrapper-legacy\"><div class=\"fusion-text fusion-text-1\"><p data-start=\"376\" data-end=\"595\">C\u00f3 r\u1ea5t nhi\u1ec1u lo\u1ea1i n\u1ed1t ru\u1ed3i, v\u00ec v\u1eady vi\u1ec7c x\u00e1c \u0111\u1ecbnh \u0111\u00fang t\u00ednh ch\u1ea5t c\u1ee7a ch\u00fang l\u00e0 \u0111i\u1ec1u r\u1ea5t quan tr\u1ecdng. T\u1ea1i HEMAC, b\u00e1c s\u0129 s\u1ebd s\u1eed d\u1ee5ng thi\u1ebft b\u1ecb soi da chuy\u00ean d\u1ee5ng \u0111\u1ec3 quan s\u00e1t v\u00e0 h\u1ed7 tr\u1ee3 ph\u00e2n lo\u1ea1i n\u1ed1t ru\u1ed3i m\u1ed9t c\u00e1ch ch\u00ednh x\u00e1c h\u01a1n.<\/p>\n<h2 data-start=\"597\" data-end=\"644\"><strong data-start=\"600\" data-end=\"644\">HEMAC h\u1ed7 tr\u1ee3 x\u1eed l\u00fd n\u1ed1t ru\u1ed3i nh\u01b0 th\u1ebf n\u00e0o?<\/strong><\/h2>\n<p data-start=\"646\" data-end=\"721\">Khi m\u1ed9t n\u1ed1t ru\u1ed3i c\u00f3 \u0111\u1eb7c \u0111i\u1ec3m c\u1ea7n \u0111\u01b0\u1ee3c \u0111\u00e1nh gi\u00e1 th\u00eam, b\u00e1c s\u0129 c\u00f3 th\u1ec3 \u0111\u1ec1 ngh\u1ecb:<\/p>\n<ul data-start=\"723\" data-end=\"859\">\n<li data-start=\"723\" data-end=\"759\">\n<p data-start=\"725\" data-end=\"759\">L\u1ea5y m\u1ed9t m\u1eabu m\u00f4 nh\u1ecf \u0111\u1ec3 x\u00e9t nghi\u1ec7m<\/p>\n<\/li>\n<li data-start=\"760\" data-end=\"808\">\n<p data-start=\"762\" data-end=\"808\">G\u00e2y t\u00ea t\u1ea1i ch\u1ed7 tr\u01b0\u1edbc khi th\u1ef1c hi\u1ec7n th\u1ee7 thu\u1eadt<\/p>\n<\/li>\n<li data-start=\"809\" data-end=\"859\">\n<p data-start=\"811\" data-end=\"859\">Th\u1ea3o lu\u1eadn v\u1ec1 c\u00e1c b\u01b0\u1edbc ch\u0103m s\u00f3c sau khi l\u1ea5y m\u1eabu<\/p>\n<\/li>\n<\/ul>\n<p data-start=\"861\" data-end=\"1070\">\u0110\u1ed1i v\u1edbi c\u00e1c n\u1ed1t ru\u1ed3i l\u00e0nh t\u00ednh, b\u00e1c s\u0129 c\u00f3 th\u1ec3 \u0111\u1ec1 xu\u1ea5t ph\u01b0\u01a1ng \u00e1n lo\u1ea1i b\u1ecf ph\u00f9 h\u1ee3p.<br data-start=\"941\" data-end=\"944\" \/>Th\u00f4ng th\u01b0\u1eddng, qu\u00e1 tr\u00ecnh n\u00e0y c\u00f3 th\u1ec3 c\u1ea7n <strong data-start=\"983\" data-end=\"995\">1\u20135 bu\u1ed5i<\/strong>, c\u00e1ch nhau kho\u1ea3ng <strong data-start=\"1014\" data-end=\"1024\">2 tu\u1ea7n<\/strong>, t\u00f9y theo t\u1eebng tr\u01b0\u1eddng h\u1ee3p do b\u00e1c s\u0129 \u0111\u00e1nh gi\u00e1.<\/p>\n<p><img decoding=\"async\" class=\"lazyload aligncenter size-full\" src=\"data:image\/svg+xml,%3Csvg%20xmlns%3D%27http%3A%2F%2Fwww.w3.org%2F2000%2Fsvg%27%20width%3D%271378%27%20height%3D%27689%27%20viewBox%3D%270%200%201378%20689%27%3E%3Crect%20width%3D%271378%27%20height%3D%27689%27%20fill-opacity%3D%220%22%2F%3E%3C%2Fsvg%3E\" data-orig-src=\"https:\/\/hemac.com.au\/wp-content\/uploads\/mole-removal1.jpg\" alt=\"\" \/><\/p>\n<div class=\"fusion-title title fusion-title-1 sep-underline sep-solid fusion-title-text fusion-title-size-two\"><h2 class=\"fusion-title-heading title-heading-left fusion-responsive-typography-calculated\" style=\"margin:0;--fontSize:20;--minFontSize:20;line-height:1.35;\">AGNES nh\u1eefng ph\u00e1t minh c\u1ee7a c\u00e1c b\u00e1c s\u0129 v\u1ec1 da<\/h2><\/div>\n<p><img decoding=\"async\" class=\"lazyload aligncenter size-full\" src=\"data:image\/svg+xml,%3Csvg%20xmlns%3D%27http%3A%2F%2Fwww.w3.org%2F2000%2Fsvg%27%20width%3D%271024%27%20height%3D%27773%27%20viewBox%3D%270%200%201024%20773%27%3E%3Crect%20width%3D%271024%27%20height%3D%27773%27%20fill-opacity%3D%220%22%2F%3E%3C%2Fsvg%3E\" data-orig-src=\"https:\/\/hemac.com.au\/wp-content\/uploads\/agnes1.jpg\" alt=\"\" \/><br \/>\n<img decoding=\"async\" class=\"lazyload aligncenter size-full\" src=\"data:image\/svg+xml,%3Csvg%20xmlns%3D%27http%3A%2F%2Fwww.w3.org%2F2000%2Fsvg%27%20width%3D%271024%27%20height%3D%27388%27%20viewBox%3D%270%200%201024%20388%27%3E%3Crect%20width%3D%271024%27%20height%3D%27388%27%20fill-opacity%3D%220%22%2F%3E%3C%2Fsvg%3E\" data-orig-src=\"https:\/\/hemac.com.au\/wp-content\/uploads\/agnes2.jpg\" alt=\"\" \/><\/p>\n<h1 data-start=\"1077\" data-end=\"1109\"><strong data-start=\"1079\" data-end=\"1109\">C\u00e1c t\u1ed5n th\u01b0\u01a1ng n\u1ed5i tr\u00ean da<\/strong><\/h1>\n<p data-start=\"1111\" data-end=\"1150\"><em data-start=\"1111\" data-end=\"1150\">(H\u00ecnh minh h\u1ecda tr\u01b0\u1edbc v\u00e0 sau \u2013 n\u1ebfu c\u00f3)<\/em><\/p>\n<h2 data-start=\"1152\" data-end=\"1205\"><strong data-start=\"1155\" data-end=\"1205\">T\u00fai d\u01b0\u1edbi m\u1eaft \u2013 ch\u0103m s\u00f3c b\u1eb1ng thi\u1ebft b\u1ecb Agnes RF<\/strong><\/h2>\n<p data-start=\"1207\" data-end=\"1420\">Ph\u01b0\u01a1ng ph\u00e1p Agnes RF c\u00f3 th\u1ec3 \u0111\u01b0\u1ee3c b\u00e1c s\u0129 ch\u1ec9 \u0111\u1ecbnh trong m\u1ed9t s\u1ed1 tr\u01b0\u1eddng h\u1ee3p li\u00ean quan \u0111\u1ebfn c\u1ea5u tr\u00fac da quanh m\u1eaft. T\u1ea1i HEMAC, quy tr\u00ecnh n\u00e0y \u0111\u01b0\u1ee3c th\u1ef1c hi\u1ec7n b\u1edfi b\u00e1c s\u0129 nh\u1eb1m \u0111\u1ea3m b\u1ea3o an to\u00e0n v\u00e0 s\u1ef1 tho\u1ea3i m\u00e1i cho kh\u00e1ch h\u00e0ng.<\/p>\n<h3 data-start=\"1422\" data-end=\"1468\"><strong data-start=\"1426\" data-end=\"1468\">\u01afu \u0111i\u1ec3m theo \u0111\u00e1nh gi\u00e1 l\u00e2m s\u00e0ng hi\u1ec7n c\u00f3<\/strong><\/h3>\n<ul data-start=\"1470\" data-end=\"1628\">\n<li data-start=\"1470\" data-end=\"1491\">\n<p data-start=\"1472\" data-end=\"1491\">Kh\u00f4ng t\u1ea1o s\u1eb9o l\u1ed3i<\/p>\n<\/li>\n<li data-start=\"1492\" data-end=\"1520\">\n<p data-start=\"1494\" data-end=\"1520\">Kh\u00f4ng \u0111\u1ec3 l\u1ea1i v\u1ebft s\u1eb9o l\u1edbn<\/p>\n<\/li>\n<li data-start=\"1521\" data-end=\"1561\">\n<p data-start=\"1523\" data-end=\"1561\">Kh\u00f4ng y\u00eau c\u1ea7u b\u01b0\u1edbc chu\u1ea9n b\u1ecb ph\u1ee9c t\u1ea1p<\/p>\n<\/li>\n<li data-start=\"1562\" data-end=\"1628\">\n<p data-start=\"1564\" data-end=\"1628\">C\u00f3 th\u1ec3 th\u1ef1c hi\u1ec7n theo li\u1ec7u tr\u00ecnh 3\u20135 bu\u1ed5i trong kho\u1ea3ng 3 th\u00e1ng<\/p>\n<\/li>\n<\/ul>\n<h3 data-start=\"1630\" data-end=\"1707\"><strong data-start=\"1634\" data-end=\"1707\">C\u01a1 ch\u1ebf t\u00e1c \u0111\u1ed9ng (m\u00f4 t\u1ea3 \u1edf m\u1ee9c chung, kh\u00f4ng kh\u1eb3ng \u0111\u1ecbnh hi\u1ec7u qu\u1ea3 c\u1ee5 th\u1ec3)<\/strong><\/h3>\n<ul data-start=\"1709\" data-end=\"1802\">\n<li data-start=\"1709\" data-end=\"1743\">\n<p data-start=\"1711\" data-end=\"1743\">Kh\u00f4ng l\u00e0m t\u1ed5n th\u01b0\u01a1ng b\u1ec1 m\u1eb7t da<\/p>\n<\/li>\n<li data-start=\"1744\" data-end=\"1802\">\n<p data-start=\"1746\" data-end=\"1802\">T\u00e1c \u0111\u1ed9ng c\u00f3 ki\u1ec3m so\u00e1t \u0111\u1ebfn m\u00f4 d\u01b0\u1edbi da t\u1ea1i v\u00f9ng \u0111i\u1ec1u tr\u1ecb<\/p>\n<\/li>\n<\/ul>\n<h3 data-start=\"1804\" data-end=\"1833\"><strong data-start=\"1808\" data-end=\"1833\">Theo d\u00f5i sau ch\u0103m s\u00f3c<\/strong><\/h3>\n<ul data-start=\"1835\" data-end=\"1994\">\n<li data-start=\"1835\" data-end=\"1878\">\n<p data-start=\"1837\" data-end=\"1878\">C\u00f3 th\u1ec3 xu\u1ea5t hi\u1ec7n s\u01b0ng nh\u1eb9 v\u00e0 gi\u1ea3m nhanh<\/p>\n<\/li>\n<li data-start=\"1879\" data-end=\"1994\">\n<p data-start=\"1881\" data-end=\"1994\">T\u00ecnh tr\u1ea1ng v\u00f9ng da d\u01b0\u1edbi m\u1eaft c\u00f3 th\u1ec3 thay \u0111\u1ed5i d\u1ea7n theo th\u1eddi gian ch\u0103m s\u00f3c, th\u01b0\u1eddng quan s\u00e1t r\u00f5 h\u01a1n trong v\u00e0i th\u00e1ng<\/p>\n<\/li>\n<\/ul>\n<p><img decoding=\"async\" class=\"lazyload aligncenter size-full\" src=\"data:image\/svg+xml,%3Csvg%20xmlns%3D%27http%3A%2F%2Fwww.w3.org%2F2000%2Fsvg%27%20width%3D%27802%27%20height%3D%271004%27%20viewBox%3D%270%200%20802%201004%27%3E%3Crect%20width%3D%27802%27%20height%3D%271004%27%20fill-opacity%3D%220%22%2F%3E%3C%2Fsvg%3E\" data-orig-src=\"https:\/\/hemac.com.au\/wp-content\/uploads\/agnes3.jpg\" alt=\"\" \/><\/p>\n<h1 data-start=\"2001\" data-end=\"2032\"><strong data-start=\"2003\" data-end=\"2030\">M\u1ee5n s\u1eefa v\u00e0 t\u00fai d\u01b0\u1edbi m\u1eaft<\/strong><\/h1>\n<p data-start=\"2033\" data-end=\"2101\">(Trong tr\u01b0\u1eddng h\u1ee3p l\u00e0 m\u1ee5n s\u1eefa, b\u00e1c s\u0129 c\u00f3 th\u1ec3 l\u1ea5y nh\u00e2n n\u1ebfu c\u1ea7n thi\u1ebft.)<\/p>\n<ul data-start=\"2103\" data-end=\"2270\">\n<li data-start=\"2103\" data-end=\"2179\">\n<p data-start=\"2105\" data-end=\"2179\">Th\u00f4ng th\u01b0\u1eddng, li\u1ec7u tr\u00ecnh c\u00f3 th\u1ec3 g\u1ed3m kho\u1ea3ng <strong data-start=\"2148\" data-end=\"2177\">4 bu\u1ed5i trong v\u00f2ng 3 th\u00e1ng<\/strong><\/p>\n<\/li>\n<li data-start=\"2180\" data-end=\"2270\">\n<p data-start=\"2182\" data-end=\"2270\">Sau kho\u1ea3ng 1 th\u00e1ng, kh\u00e1ch h\u00e0ng c\u00f3 th\u1ec3 th\u1ea5y v\u00f9ng da thay \u0111\u1ed5i d\u1ea7n theo h\u01b0\u1edbng \u1ed5n \u0111\u1ecbnh h\u01a1n<\/p>\n<\/li>\n<\/ul>\n<p><img decoding=\"async\" class=\"lazyload aligncenter size-full\" src=\"data:image\/svg+xml,%3Csvg%20xmlns%3D%27http%3A%2F%2Fwww.w3.org%2F2000%2Fsvg%27%20width%3D%27679%27%20height%3D%27967%27%20viewBox%3D%270%200%20679%20967%27%3E%3Crect%20width%3D%27679%27%20height%3D%27967%27%20fill-opacity%3D%220%22%2F%3E%3C%2Fsvg%3E\" data-orig-src=\"https:\/\/hemac.com.au\/wp-content\/uploads\/agnes4.jpg\" alt=\"\" \/><\/p>\n<\/div><div class=\"fusion-sep-clear\"><\/div><div class=\"fusion-separator fusion-full-width-sep\" style=\"margin-left: auto;margin-right: auto;margin-top:20px;margin-bottom:50px;width:100%;\"><\/div><div class=\"fusion-sep-clear\"><\/div><div class=\"fusion-clearfix\"><\/div><\/div><\/div><\/div><\/div>\n","protected":false},"excerpt":{"rendered":"","protected":false},"author":1,"featured_media":0,"parent":2218,"menu_order":0,"comment_status":"open","ping_status":"open","template":"100-width.php","meta":{"footnotes":""},"class_list":["post-2187","page","type-page","status-publish","hentry"],"yoast_head":"<!-- This site is optimized with the Yoast SEO plugin v26.6 - https:\/\/yoast.com\/wordpress\/plugins\/seo\/ -->\n<title>T\u1ea9y n\u1ed1t ru\u1ed3i | M\u1eb7t | Y Khoa &amp; Th\u1ea9m M\u1ef9 Hawthorn East (HEMAC)<\/title>\n<meta name=\"robots\" content=\"index, follow, max-snippet:-1, max-image-preview:large, max-video-preview:-1\" \/>\n<link rel=\"canonical\" href=\"https:\/\/hemac.com.au\/vi\/aesthetic-skin\/face\/mole-removal\/\" \/>\n<meta property=\"og:locale\" content=\"vi_VN\" \/>\n<meta property=\"og:type\" content=\"article\" \/>\n<meta property=\"og:title\" content=\"T\u1ea9y n\u1ed1t ru\u1ed3i | M\u1eb7t | Y Khoa &amp; Th\u1ea9m M\u1ef9 Hawthorn East (HEMAC)\" \/>\n<meta property=\"og:url\" content=\"https:\/\/hemac.com.au\/vi\/aesthetic-skin\/face\/mole-removal\/\" \/>\n<meta property=\"og:site_name\" content=\"Hawthorn East Medical &amp; Aesthetic Clinic\" \/>\n<meta property=\"article:publisher\" content=\"https:\/\/www.facebook.com\/562018927210986\/\" \/>\n<meta property=\"article:modified_time\" content=\"2025-11-19T10:26:00+00:00\" \/>\n<meta property=\"og:image\" content=\"https:\/\/hemac.com.au\/wp-content\/uploads\/mole-removal1.jpg\" \/>\n<meta name=\"twitter:card\" content=\"summary_large_image\" \/>\n<meta name=\"twitter:label1\" content=\"Est. reading time\" \/>\n\t<meta name=\"twitter:data1\" content=\"3 minutes\" \/>\n<script type=\"application\/ld+json\" class=\"yoast-schema-graph\">{\"@context\":\"https:\/\/schema.org\",\"@graph\":[{\"@type\":\"WebPage\",\"@id\":\"https:\/\/hemac.com.au\/vi\/aesthetic-skin\/face\/mole-removal\/\",\"url\":\"https:\/\/hemac.com.au\/vi\/aesthetic-skin\/face\/mole-removal\/\",\"name\":\"T\u1ea9y n\u1ed1t ru\u1ed3i | M\u1eb7t | Y Khoa & Th\u1ea9m M\u1ef9 Hawthorn East (HEMAC)\",\"isPartOf\":{\"@id\":\"https:\/\/hemac.com.au\/vi\/#website\"},\"primaryImageOfPage\":{\"@id\":\"https:\/\/hemac.com.au\/vi\/aesthetic-skin\/face\/mole-removal\/#primaryimage\"},\"image\":{\"@id\":\"https:\/\/hemac.com.au\/vi\/aesthetic-skin\/face\/mole-removal\/#primaryimage\"},\"thumbnailUrl\":\"https:\/\/hemac.com.au\/wp-content\/uploads\/mole-removal1.jpg\",\"datePublished\":\"2020-09-06T11:57:51+00:00\",\"dateModified\":\"2025-11-19T10:26:00+00:00\",\"breadcrumb\":{\"@id\":\"https:\/\/hemac.com.au\/vi\/aesthetic-skin\/face\/mole-removal\/#breadcrumb\"},\"inLanguage\":\"vi-VN\",\"potentialAction\":[{\"@type\":\"ReadAction\",\"target\":[\"https:\/\/hemac.com.au\/vi\/aesthetic-skin\/face\/mole-removal\/\"]}]},{\"@type\":\"ImageObject\",\"inLanguage\":\"vi-VN\",\"@id\":\"https:\/\/hemac.com.au\/vi\/aesthetic-skin\/face\/mole-removal\/#primaryimage\",\"url\":\"https:\/\/hemac.com.au\/wp-content\/uploads\/mole-removal1.jpg\",\"contentUrl\":\"https:\/\/hemac.com.au\/wp-content\/uploads\/mole-removal1.jpg\"},{\"@type\":\"BreadcrumbList\",\"@id\":\"https:\/\/hemac.com.au\/vi\/aesthetic-skin\/face\/mole-removal\/#breadcrumb\",\"itemListElement\":[{\"@type\":\"ListItem\",\"position\":1,\"name\":\"Home\",\"item\":\"https:\/\/hemac.com.au\/vi\/\"},{\"@type\":\"ListItem\",\"position\":2,\"name\":\"TH\u1ea8M M\u1ef8 &#038; DA\",\"item\":\"https:\/\/hemac.com.au\/vi\/aesthetic-skin\/\"},{\"@type\":\"ListItem\",\"position\":3,\"name\":\"\u9762\u90e8\",\"item\":\"https:\/\/hemac.com.au\/vi\/aesthetic-skin\/face\/\"},{\"@type\":\"ListItem\",\"position\":4,\"name\":\"T\u1ea9y n\u1ed1t ru\u1ed3i\"}]},{\"@type\":\"WebSite\",\"@id\":\"https:\/\/hemac.com.au\/vi\/#website\",\"url\":\"https:\/\/hemac.com.au\/vi\/\",\"name\":\"Hawthorn East Medical & Aesthetic Clinic\",\"description\":\"\",\"publisher\":{\"@id\":\"https:\/\/hemac.com.au\/vi\/#organization\"},\"alternateName\":\"HEMAC\",\"potentialAction\":[{\"@type\":\"SearchAction\",\"target\":{\"@type\":\"EntryPoint\",\"urlTemplate\":\"https:\/\/hemac.com.au\/vi\/?s={search_term_string}\"},\"query-input\":{\"@type\":\"PropertyValueSpecification\",\"valueRequired\":true,\"valueName\":\"search_term_string\"}}],\"inLanguage\":\"vi-VN\"},{\"@type\":\"Organization\",\"@id\":\"https:\/\/hemac.com.au\/vi\/#organization\",\"name\":\"Hawthorn East Medical & Aesthetic Clinic\",\"alternateName\":\"HEMAC\",\"url\":\"https:\/\/hemac.com.au\/vi\/\",\"logo\":{\"@type\":\"ImageObject\",\"inLanguage\":\"vi-VN\",\"@id\":\"https:\/\/hemac.com.au\/vi\/#\/schema\/logo\/image\/\",\"url\":\"https:\/\/hemac.com.au\/wp-content\/uploads\/HEMAC-697x697-1.jpg\",\"contentUrl\":\"https:\/\/hemac.com.au\/wp-content\/uploads\/HEMAC-697x697-1.jpg\",\"width\":697,\"height\":697,\"caption\":\"Hawthorn East Medical & Aesthetic Clinic\"},\"image\":{\"@id\":\"https:\/\/hemac.com.au\/vi\/#\/schema\/logo\/image\/\"},\"sameAs\":[\"https:\/\/www.facebook.com\/562018927210986\/\",\"https:\/\/www.facebook.com\/hemacskinclinic\/\",\"https:\/\/www.instagram.com\/hemac_aesthetics\/\"]}]}<\/script>\n<!-- \/ Yoast SEO plugin. -->","yoast_head_json":{"title":"T\u1ea9y n\u1ed1t ru\u1ed3i | M\u1eb7t | Y Khoa & Th\u1ea9m M\u1ef9 Hawthorn East (HEMAC)","robots":{"index":"index","follow":"follow","max-snippet":"max-snippet:-1","max-image-preview":"max-image-preview:large","max-video-preview":"max-video-preview:-1"},"canonical":"https:\/\/hemac.com.au\/vi\/aesthetic-skin\/face\/mole-removal\/","og_locale":"vi_VN","og_type":"article","og_title":"T\u1ea9y n\u1ed1t ru\u1ed3i | M\u1eb7t | Y Khoa & Th\u1ea9m M\u1ef9 Hawthorn East (HEMAC)","og_url":"https:\/\/hemac.com.au\/vi\/aesthetic-skin\/face\/mole-removal\/","og_site_name":"Hawthorn East Medical &amp; Aesthetic Clinic","article_publisher":"https:\/\/www.facebook.com\/562018927210986\/","article_modified_time":"2025-11-19T10:26:00+00:00","og_image":[{"url":"https:\/\/hemac.com.au\/wp-content\/uploads\/mole-removal1.jpg","type":"","width":"","height":""}],"twitter_card":"summary_large_image","twitter_misc":{"Est. reading time":"3 minutes"},"schema":{"@context":"https:\/\/schema.org","@graph":[{"@type":"WebPage","@id":"https:\/\/hemac.com.au\/vi\/aesthetic-skin\/face\/mole-removal\/","url":"https:\/\/hemac.com.au\/vi\/aesthetic-skin\/face\/mole-removal\/","name":"T\u1ea9y n\u1ed1t ru\u1ed3i | M\u1eb7t | Y Khoa & Th\u1ea9m M\u1ef9 Hawthorn East (HEMAC)","isPartOf":{"@id":"https:\/\/hemac.com.au\/vi\/#website"},"primaryImageOfPage":{"@id":"https:\/\/hemac.com.au\/vi\/aesthetic-skin\/face\/mole-removal\/#primaryimage"},"image":{"@id":"https:\/\/hemac.com.au\/vi\/aesthetic-skin\/face\/mole-removal\/#primaryimage"},"thumbnailUrl":"https:\/\/hemac.com.au\/wp-content\/uploads\/mole-removal1.jpg","datePublished":"2020-09-06T11:57:51+00:00","dateModified":"2025-11-19T10:26:00+00:00","breadcrumb":{"@id":"https:\/\/hemac.com.au\/vi\/aesthetic-skin\/face\/mole-removal\/#breadcrumb"},"inLanguage":"vi-VN","potentialAction":[{"@type":"ReadAction","target":["https:\/\/hemac.com.au\/vi\/aesthetic-skin\/face\/mole-removal\/"]}]},{"@type":"ImageObject","inLanguage":"vi-VN","@id":"https:\/\/hemac.com.au\/vi\/aesthetic-skin\/face\/mole-removal\/#primaryimage","url":"https:\/\/hemac.com.au\/wp-content\/uploads\/mole-removal1.jpg","contentUrl":"https:\/\/hemac.com.au\/wp-content\/uploads\/mole-removal1.jpg"},{"@type":"BreadcrumbList","@id":"https:\/\/hemac.com.au\/vi\/aesthetic-skin\/face\/mole-removal\/#breadcrumb","itemListElement":[{"@type":"ListItem","position":1,"name":"Home","item":"https:\/\/hemac.com.au\/vi\/"},{"@type":"ListItem","position":2,"name":"TH\u1ea8M M\u1ef8 &#038; DA","item":"https:\/\/hemac.com.au\/vi\/aesthetic-skin\/"},{"@type":"ListItem","position":3,"name":"\u9762\u90e8","item":"https:\/\/hemac.com.au\/vi\/aesthetic-skin\/face\/"},{"@type":"ListItem","position":4,"name":"T\u1ea9y n\u1ed1t ru\u1ed3i"}]},{"@type":"WebSite","@id":"https:\/\/hemac.com.au\/vi\/#website","url":"https:\/\/hemac.com.au\/vi\/","name":"Hawthorn East Medical & Aesthetic Clinic","description":"","publisher":{"@id":"https:\/\/hemac.com.au\/vi\/#organization"},"alternateName":"HEMAC","potentialAction":[{"@type":"SearchAction","target":{"@type":"EntryPoint","urlTemplate":"https:\/\/hemac.com.au\/vi\/?s={search_term_string}"},"query-input":{"@type":"PropertyValueSpecification","valueRequired":true,"valueName":"search_term_string"}}],"inLanguage":"vi-VN"},{"@type":"Organization","@id":"https:\/\/hemac.com.au\/vi\/#organization","name":"Hawthorn East Medical & Aesthetic Clinic","alternateName":"HEMAC","url":"https:\/\/hemac.com.au\/vi\/","logo":{"@type":"ImageObject","inLanguage":"vi-VN","@id":"https:\/\/hemac.com.au\/vi\/#\/schema\/logo\/image\/","url":"https:\/\/hemac.com.au\/wp-content\/uploads\/HEMAC-697x697-1.jpg","contentUrl":"https:\/\/hemac.com.au\/wp-content\/uploads\/HEMAC-697x697-1.jpg","width":697,"height":697,"caption":"Hawthorn East Medical & Aesthetic Clinic"},"image":{"@id":"https:\/\/hemac.com.au\/vi\/#\/schema\/logo\/image\/"},"sameAs":["https:\/\/www.facebook.com\/562018927210986\/","https:\/\/www.facebook.com\/hemacskinclinic\/","https:\/\/www.instagram.com\/hemac_aesthetics\/"]}]}},"_links":{"self":[{"href":"https:\/\/hemac.com.au\/vi\/wp-json\/wp\/v2\/pages\/2187","targetHints":{"allow":["GET"]}}],"collection":[{"href":"https:\/\/hemac.com.au\/vi\/wp-json\/wp\/v2\/pages"}],"about":[{"href":"https:\/\/hemac.com.au\/vi\/wp-json\/wp\/v2\/types\/page"}],"author":[{"embeddable":true,"href":"https:\/\/hemac.com.au\/vi\/wp-json\/wp\/v2\/users\/1"}],"replies":[{"embeddable":true,"href":"https:\/\/hemac.com.au\/vi\/wp-json\/wp\/v2\/comments?post=2187"}],"version-history":[{"count":1,"href":"https:\/\/hemac.com.au\/vi\/wp-json\/wp\/v2\/pages\/2187\/revisions"}],"predecessor-version":[{"id":3318,"href":"https:\/\/hemac.com.au\/vi\/wp-json\/wp\/v2\/pages\/2187\/revisions\/3318"}],"up":[{"embeddable":true,"href":"https:\/\/hemac.com.au\/vi\/wp-json\/wp\/v2\/pages\/2218"}],"wp:attachment":[{"href":"https:\/\/hemac.com.au\/vi\/wp-json\/wp\/v2\/media?parent=2187"}],"curies":[{"name":"wp","href":"https:\/\/api.w.org\/{rel}","templated":true}]}}