{"id":2189,"date":"2020-09-06T20:11:29","date_gmt":"2020-09-06T10:11:29","guid":{"rendered":"https:\/\/www.hemac.com.au\/broken-capillaries-rosacea\/"},"modified":"2025-11-19T21:24:06","modified_gmt":"2025-11-19T10:24:06","slug":"broken-capillaries-rosacea","status":"publish","type":"page","link":"https:\/\/hemac.com.au\/vi\/aesthetic-skin\/face\/broken-capillaries-rosacea\/","title":{"rendered":"B\u1ec7nh da \u1eedng \u0111\u1ecf"},"content":{"rendered":"<div class=\"fusion-fullwidth fullwidth-box fusion-builder-row-1 nonhundred-percent-fullwidth non-hundred-percent-height-scrolling\" style=\"--awb-background-position:left top;--awb-border-sizes-top:0px;--awb-border-sizes-bottom:0px;--awb-border-sizes-left:0px;--awb-border-sizes-right:0px;--awb-border-radius-top-left:0px;--awb-border-radius-top-right:0px;--awb-border-radius-bottom-right:0px;--awb-border-radius-bottom-left:0px;--awb-padding-top:20px;--awb-padding-bottom:0px;--awb-flex-wrap:wrap;\" ><div class=\"fusion-builder-row fusion-row\"><div class=\"fusion-layout-column fusion_builder_column fusion-builder-column-0 fusion_builder_column_1_1 1_1 fusion-one-full fusion-column-first fusion-column-last fusion-column-no-min-height\" style=\"--awb-bg-size:cover;--awb-margin-bottom:0px;\"><div class=\"fusion-column-wrapper fusion-flex-column-wrapper-legacy\"><div class=\"fusion-text fusion-text-1\"><p data-start=\"363\" data-end=\"469\">T\u00ecnh tr\u1ea1ng da \u0111\u1ecf c\u00f3 th\u1ec3 lan r\u1ed9ng t\u1eeb m\u00e1, tr\u00e1n, c\u1eb1m, tai cho \u0111\u1ebfn ng\u1ef1c ho\u1eb7c l\u01b0ng.<br data-start=\"441\" data-end=\"444\" \/>M\u1ed9t s\u1ed1 d\u1ea1ng ph\u1ed5 bi\u1ebfn g\u1ed3m:<\/p>\n<ul data-start=\"471\" data-end=\"605\">\n<li data-start=\"471\" data-end=\"527\">\n<p data-start=\"473\" data-end=\"527\">V\u00f9ng \u0111\u1ecf li\u00ean quan \u0111\u1ebfn m\u1ee5n ho\u1eb7c nh\u1eefng v\u1ebft \u0111\u1ecf b\u1ea9m sinh<\/p>\n<\/li>\n<li data-start=\"528\" data-end=\"576\">\n<p data-start=\"530\" data-end=\"576\">Da \u0111\u1ecf do b\u1ec1 m\u1eb7t d\u00e0y l\u00ean ho\u1eb7c l\u1ed7 ch\u00e2n l\u00f4ng to<\/p>\n<\/li>\n<li data-start=\"577\" data-end=\"605\">\n<p data-start=\"579\" data-end=\"605\">\u0110\u1ecf v\u00e0 s\u01b0ng \u1edf v\u00f9ng m\u00ed m\u1eaft<\/p>\n<\/li>\n<\/ul>\n<p data-start=\"607\" data-end=\"682\">T\u00ecnh tr\u1ea1ng n\u00e0y c\u00f3 th\u1ec3 t\u0103ng d\u1ea7n theo th\u1eddi gian n\u1ebfu kh\u00f4ng \u0111\u01b0\u1ee3c ki\u1ec3m so\u00e1t s\u1edbm.<\/p>\n<h2 data-start=\"689\" data-end=\"747\"><strong data-start=\"692\" data-end=\"747\">HEMAC h\u1ed7 tr\u1ee3 ch\u0103m s\u00f3c t\u00ecnh tr\u1ea1ng da \u0111\u1ecf nh\u01b0 th\u1ebf n\u00e0o?<\/strong><\/h2>\n<p data-start=\"749\" data-end=\"875\">T\u1ea1i HEMAC, b\u00e1c s\u0129 s\u1ebd \u0111\u00e1nh gi\u00e1 nguy\u00ean nh\u00e2n g\u00e2y \u0111\u1ecf da v\u00e0 c\u00f3 th\u1ec3 \u0111\u1ec1 xu\u1ea5t k\u1ebft h\u1ee3p nhi\u1ec1u bi\u1ec7n ph\u00e1p ch\u0103m s\u00f3c ph\u00f9 h\u1ee3p, ch\u1eb3ng h\u1ea1n nh\u01b0:<\/p>\n<ul data-start=\"877\" data-end=\"1141\">\n<li data-start=\"877\" data-end=\"920\">\n<p data-start=\"879\" data-end=\"920\">S\u1ea3n ph\u1ea9m b\u00f4i t\u1ea1i ch\u1ed7 do b\u00e1c s\u0129 ch\u1ec9 \u0111\u1ecbnh<\/p>\n<\/li>\n<li data-start=\"921\" data-end=\"953\">\n<p data-start=\"923\" data-end=\"953\">Thu\u1ed1c theo toa khi c\u1ea7n thi\u1ebft<\/p>\n<\/li>\n<li data-start=\"954\" data-end=\"1027\">\n<p data-start=\"956\" data-end=\"1027\">Kem ch\u1ed1ng n\u1eafng kho\u00e1ng ch\u1ea5t ch\u1ee9a zinc oxide h\u1ed7 tr\u1ee3 b\u1ea3o v\u1ec7 da h\u1eb1ng ng\u00e0y<\/p>\n<\/li>\n<li data-start=\"1028\" data-end=\"1074\">\n<p data-start=\"1030\" data-end=\"1074\">S\u1ea3n ph\u1ea9m d\u01b0\u1ee1ng \u1ea9m gi\u00fap l\u00e0m d\u1ecbu h\u00e0ng r\u00e0o da<\/p>\n<\/li>\n<li data-start=\"1075\" data-end=\"1141\">\n<p data-start=\"1077\" data-end=\"1141\">Laser v\u00e0 c\u00e1c c\u00f4ng ngh\u1ec7 n\u0103ng l\u01b0\u1ee3ng th\u00edch h\u1ee3p do b\u00e1c s\u0129 \u0111\u00e1nh gi\u00e1<\/p>\n<\/li>\n<\/ul>\n<p data-start=\"1143\" data-end=\"1227\">\u0110\u1ed1i v\u1edbi v\u00f9ng da d\u00e0y ho\u1eb7c l\u1ed3i, \u0111\u1eb7c bi\u1ec7t l\u00e0 \u1edf m\u0169i hay v\u00f9ng m\u1eb7t, b\u00e1c s\u0129 c\u00f3 th\u1ec3 s\u1eed d\u1ee5ng:<\/p>\n<ul data-start=\"1229\" data-end=\"1333\">\n<li data-start=\"1229\" data-end=\"1281\">\n<p data-start=\"1231\" data-end=\"1281\">Laser IRIS \u0111\u1ec3 h\u1ed7 tr\u1ee3 gi\u1ea3m \u0111\u1ecf v\u00e0 c\u00e1c m\u1ea1ch m\u00e1u nh\u1ecf<\/p>\n<\/li>\n<li data-start=\"1282\" data-end=\"1333\">\n<p data-start=\"1284\" data-end=\"1333\">C\u00e1c k\u1ef9 thu\u1eadt laser t\u00e1i t\u1ea1o b\u1ec1 m\u1eb7t \u1edf m\u1ee9c ph\u00f9 h\u1ee3p<\/p>\n<\/li>\n<\/ul>\n<h2 data-start=\"1340\" data-end=\"1365\"><strong data-start=\"1343\" data-end=\"1365\">K\u1ebft qu\u1ea3 v\u00e0 k\u1ef3 v\u1ecdng<\/strong><\/h2>\n<ul data-start=\"1367\" data-end=\"1640\">\n<li data-start=\"1367\" data-end=\"1541\">\n<p data-start=\"1369\" data-end=\"1541\">Nh\u1eefng v\u00f9ng \u0111\u1ecf b\u1ea9m sinh ho\u1eb7c t\u1ed3n t\u1ea1i l\u00e2u n\u0103m c\u00f3 th\u1ec3 kh\u00f4ng bi\u1ebfn m\u1ea5t ho\u00e0n to\u00e0n, nh\u01b0ng nhi\u1ec1u ng\u01b0\u1eddi ghi nh\u1eadn t\u00ecnh tr\u1ea1ng \u1ed5n \u0111\u1ecbnh h\u01a1n theo th\u1eddi gian khi \u0111\u01b0\u1ee3c ch\u0103m s\u00f3c \u0111\u00fang c\u00e1ch.<\/p>\n<\/li>\n<li data-start=\"1542\" data-end=\"1640\">\n<p data-start=\"1544\" data-end=\"1640\">\u0110i\u1ec1u tr\u1ecb s\u1edbm gi\u00fap h\u1ea1n ch\u1ebf t\u00ecnh tr\u1ea1ng lan r\u1ed9ng ho\u1eb7c c\u1ea3m gi\u00e1c kh\u00f3 ch\u1ecbu nh\u01b0 ch\u00e2m ch\u00edch, n\u00f3ng r\u00e1t.<\/p>\n<\/li>\n<\/ul>\n<h2 data-start=\"1647\" data-end=\"1700\"><strong data-start=\"1650\" data-end=\"1700\">Nh\u1eefng \u0111i\u1ec1u n\u00ean l\u01b0u \u00fd \u0111\u1ec3 h\u1ed7 tr\u1ee3 ki\u1ec3m so\u00e1t \u0111\u1ecf da<\/strong><\/h2>\n<ul data-start=\"1702\" data-end=\"2016\">\n<li data-start=\"1702\" data-end=\"1826\">\n<p data-start=\"1704\" data-end=\"1826\">T\u00ecm hi\u1ec3u c\u00e1c y\u1ebfu t\u1ed1 k\u00edch ho\u1ea1t: \u00e1nh n\u1eafng, th\u1eddi ti\u1ebft n\u00f3ng, c\u0103ng th\u1eb3ng, th\u1ee9c \u0103n cay ho\u1eb7c \u0111\u1ed3 u\u1ed1ng n\u00f3ng c\u00f3 th\u1ec3 l\u00e0m da \u0111\u1ecf h\u01a1n.<\/p>\n<\/li>\n<li data-start=\"1827\" data-end=\"1927\">\n<p data-start=\"1829\" data-end=\"1927\">Duy tr\u00ec th\u00f3i quen ch\u0103m s\u00f3c da ph\u00f9 h\u1ee3p, tr\u00e1nh s\u1ea3n ph\u1ea9m g\u00e2y k\u00edch \u1ee9ng v\u00ec c\u00f3 th\u1ec3 l\u00e0m \u0111\u1ecf da n\u1eb7ng h\u01a1n.<\/p>\n<\/li>\n<li data-start=\"1928\" data-end=\"2016\">\n<p data-start=\"1930\" data-end=\"2016\">Trao \u0111\u1ed5i \u0111\u1ecbnh k\u1ef3 v\u1edbi b\u00e1c s\u0129 khi da xu\u1ea5t hi\u1ec7n thay \u0111\u1ed5i \u0111\u1ec3 \u0111i\u1ec1u ch\u1ec9nh k\u1ebf ho\u1ea1ch ch\u0103m s\u00f3c.<\/p>\n<\/li>\n<\/ul>\n<p><img decoding=\"async\" class=\"lazyload aligncenter size-full\" src=\"data:image\/svg+xml,%3Csvg%20xmlns%3D%27http%3A%2F%2Fwww.w3.org%2F2000%2Fsvg%27%20width%3D%271378%27%20height%3D%27689%27%20viewBox%3D%270%200%201378%20689%27%3E%3Crect%20width%3D%271378%27%20height%3D%27689%27%20fill-opacity%3D%220%22%2F%3E%3C%2Fsvg%3E\" data-orig-src=\"https:\/\/hemac.com.au\/wp-content\/uploads\/broken-capillaries1.jpg\" alt=\"\" \/><br \/>\n<img decoding=\"async\" class=\"lazyload aligncenter size-full\" src=\"data:image\/svg+xml,%3Csvg%20xmlns%3D%27http%3A%2F%2Fwww.w3.org%2F2000%2Fsvg%27%20width%3D%271378%27%20height%3D%27689%27%20viewBox%3D%270%200%201378%20689%27%3E%3Crect%20width%3D%271378%27%20height%3D%27689%27%20fill-opacity%3D%220%22%2F%3E%3C%2Fsvg%3E\" data-orig-src=\"https:\/\/hemac.com.au\/wp-content\/uploads\/broken-capillaries2.jpg\" alt=\"\" \/><\/p>\n<h3>v\u1ebft b\u1edbt<\/h3>\n<p><img decoding=\"async\" class=\"lazyload aligncenter size-full\" src=\"data:image\/svg+xml,%3Csvg%20xmlns%3D%27http%3A%2F%2Fwww.w3.org%2F2000%2Fsvg%27%20width%3D%271478%27%20height%3D%27796%27%20viewBox%3D%270%200%201478%20796%27%3E%3Crect%20width%3D%271478%27%20height%3D%27796%27%20fill-opacity%3D%220%22%2F%3E%3C%2Fsvg%3E\" data-orig-src=\"https:\/\/hemac.com.au\/wp-content\/uploads\/birthmark1.jpg\" alt=\"\" \/><br \/>\n<img decoding=\"async\" class=\"lazyload aligncenter size-full\" src=\"data:image\/svg+xml,%3Csvg%20xmlns%3D%27http%3A%2F%2Fwww.w3.org%2F2000%2Fsvg%27%20width%3D%271474%27%20height%3D%27688%27%20viewBox%3D%270%200%201474%20688%27%3E%3Crect%20width%3D%271474%27%20height%3D%27688%27%20fill-opacity%3D%220%22%2F%3E%3C%2Fsvg%3E\" data-orig-src=\"https:\/\/hemac.com.au\/wp-content\/uploads\/birthmark2.jpg\" alt=\"\" \/><\/p>\n<\/div><div class=\"fusion-sep-clear\"><\/div><div class=\"fusion-separator fusion-full-width-sep\" style=\"margin-left: auto;margin-right: auto;margin-top:20px;margin-bottom:50px;width:100%;\"><\/div><div class=\"fusion-sep-clear\"><\/div><div class=\"fusion-clearfix\"><\/div><\/div><\/div><\/div><\/div>\n","protected":false},"excerpt":{"rendered":"","protected":false},"author":1,"featured_media":0,"parent":2218,"menu_order":0,"comment_status":"open","ping_status":"open","template":"100-width.php","meta":{"footnotes":""},"class_list":["post-2189","page","type-page","status-publish","hentry"],"yoast_head":"<!-- This site is optimized with the Yoast SEO plugin v26.6 - https:\/\/yoast.com\/wordpress\/plugins\/seo\/ -->\n<title>B\u1ec7nh da \u1eedng \u0111\u1ecf | M\u1eb7t | Y Khoa &amp; Th\u1ea9m M\u1ef9 Hawthorn East (HEMAC)<\/title>\n<meta name=\"robots\" content=\"index, follow, max-snippet:-1, max-image-preview:large, max-video-preview:-1\" \/>\n<link rel=\"canonical\" href=\"https:\/\/hemac.com.au\/vi\/aesthetic-skin\/face\/broken-capillaries-rosacea\/\" \/>\n<meta property=\"og:locale\" content=\"vi_VN\" \/>\n<meta property=\"og:type\" content=\"article\" \/>\n<meta property=\"og:title\" content=\"B\u1ec7nh da \u1eedng \u0111\u1ecf | M\u1eb7t | Y Khoa &amp; Th\u1ea9m M\u1ef9 Hawthorn East (HEMAC)\" \/>\n<meta property=\"og:url\" content=\"https:\/\/hemac.com.au\/vi\/aesthetic-skin\/face\/broken-capillaries-rosacea\/\" \/>\n<meta property=\"og:site_name\" content=\"Hawthorn East Medical &amp; Aesthetic Clinic\" \/>\n<meta property=\"article:publisher\" content=\"https:\/\/www.facebook.com\/562018927210986\/\" \/>\n<meta property=\"article:modified_time\" content=\"2025-11-19T10:24:06+00:00\" \/>\n<meta property=\"og:image\" content=\"https:\/\/hemac.com.au\/wp-content\/uploads\/broken-capillaries1.jpg\" \/>\n<meta name=\"twitter:card\" content=\"summary_large_image\" \/>\n<meta name=\"twitter:label1\" content=\"Est. reading time\" \/>\n\t<meta name=\"twitter:data1\" content=\"3 minutes\" \/>\n<script type=\"application\/ld+json\" class=\"yoast-schema-graph\">{\"@context\":\"https:\/\/schema.org\",\"@graph\":[{\"@type\":\"WebPage\",\"@id\":\"https:\/\/hemac.com.au\/vi\/aesthetic-skin\/face\/broken-capillaries-rosacea\/\",\"url\":\"https:\/\/hemac.com.au\/vi\/aesthetic-skin\/face\/broken-capillaries-rosacea\/\",\"name\":\"B\u1ec7nh da \u1eedng \u0111\u1ecf | M\u1eb7t | Y Khoa & Th\u1ea9m M\u1ef9 Hawthorn East (HEMAC)\",\"isPartOf\":{\"@id\":\"https:\/\/hemac.com.au\/vi\/#website\"},\"primaryImageOfPage\":{\"@id\":\"https:\/\/hemac.com.au\/vi\/aesthetic-skin\/face\/broken-capillaries-rosacea\/#primaryimage\"},\"image\":{\"@id\":\"https:\/\/hemac.com.au\/vi\/aesthetic-skin\/face\/broken-capillaries-rosacea\/#primaryimage\"},\"thumbnailUrl\":\"https:\/\/hemac.com.au\/wp-content\/uploads\/broken-capillaries1.jpg\",\"datePublished\":\"2020-09-06T10:11:29+00:00\",\"dateModified\":\"2025-11-19T10:24:06+00:00\",\"breadcrumb\":{\"@id\":\"https:\/\/hemac.com.au\/vi\/aesthetic-skin\/face\/broken-capillaries-rosacea\/#breadcrumb\"},\"inLanguage\":\"vi-VN\",\"potentialAction\":[{\"@type\":\"ReadAction\",\"target\":[\"https:\/\/hemac.com.au\/vi\/aesthetic-skin\/face\/broken-capillaries-rosacea\/\"]}]},{\"@type\":\"ImageObject\",\"inLanguage\":\"vi-VN\",\"@id\":\"https:\/\/hemac.com.au\/vi\/aesthetic-skin\/face\/broken-capillaries-rosacea\/#primaryimage\",\"url\":\"https:\/\/hemac.com.au\/wp-content\/uploads\/broken-capillaries1.jpg\",\"contentUrl\":\"https:\/\/hemac.com.au\/wp-content\/uploads\/broken-capillaries1.jpg\"},{\"@type\":\"BreadcrumbList\",\"@id\":\"https:\/\/hemac.com.au\/vi\/aesthetic-skin\/face\/broken-capillaries-rosacea\/#breadcrumb\",\"itemListElement\":[{\"@type\":\"ListItem\",\"position\":1,\"name\":\"Home\",\"item\":\"https:\/\/hemac.com.au\/vi\/\"},{\"@type\":\"ListItem\",\"position\":2,\"name\":\"TH\u1ea8M M\u1ef8 &#038; DA\",\"item\":\"https:\/\/hemac.com.au\/vi\/aesthetic-skin\/\"},{\"@type\":\"ListItem\",\"position\":3,\"name\":\"\u9762\u90e8\",\"item\":\"https:\/\/hemac.com.au\/vi\/aesthetic-skin\/face\/\"},{\"@type\":\"ListItem\",\"position\":4,\"name\":\"B\u1ec7nh da \u1eedng \u0111\u1ecf\"}]},{\"@type\":\"WebSite\",\"@id\":\"https:\/\/hemac.com.au\/vi\/#website\",\"url\":\"https:\/\/hemac.com.au\/vi\/\",\"name\":\"Hawthorn East Medical & Aesthetic Clinic\",\"description\":\"\",\"publisher\":{\"@id\":\"https:\/\/hemac.com.au\/vi\/#organization\"},\"alternateName\":\"HEMAC\",\"potentialAction\":[{\"@type\":\"SearchAction\",\"target\":{\"@type\":\"EntryPoint\",\"urlTemplate\":\"https:\/\/hemac.com.au\/vi\/?s={search_term_string}\"},\"query-input\":{\"@type\":\"PropertyValueSpecification\",\"valueRequired\":true,\"valueName\":\"search_term_string\"}}],\"inLanguage\":\"vi-VN\"},{\"@type\":\"Organization\",\"@id\":\"https:\/\/hemac.com.au\/vi\/#organization\",\"name\":\"Hawthorn East Medical & Aesthetic Clinic\",\"alternateName\":\"HEMAC\",\"url\":\"https:\/\/hemac.com.au\/vi\/\",\"logo\":{\"@type\":\"ImageObject\",\"inLanguage\":\"vi-VN\",\"@id\":\"https:\/\/hemac.com.au\/vi\/#\/schema\/logo\/image\/\",\"url\":\"https:\/\/hemac.com.au\/wp-content\/uploads\/HEMAC-697x697-1.jpg\",\"contentUrl\":\"https:\/\/hemac.com.au\/wp-content\/uploads\/HEMAC-697x697-1.jpg\",\"width\":697,\"height\":697,\"caption\":\"Hawthorn East Medical & Aesthetic Clinic\"},\"image\":{\"@id\":\"https:\/\/hemac.com.au\/vi\/#\/schema\/logo\/image\/\"},\"sameAs\":[\"https:\/\/www.facebook.com\/562018927210986\/\",\"https:\/\/www.facebook.com\/hemacskinclinic\/\",\"https:\/\/www.instagram.com\/hemac_aesthetics\/\"]}]}<\/script>\n<!-- \/ Yoast SEO plugin. -->","yoast_head_json":{"title":"B\u1ec7nh da \u1eedng \u0111\u1ecf | M\u1eb7t | Y Khoa & Th\u1ea9m M\u1ef9 Hawthorn East (HEMAC)","robots":{"index":"index","follow":"follow","max-snippet":"max-snippet:-1","max-image-preview":"max-image-preview:large","max-video-preview":"max-video-preview:-1"},"canonical":"https:\/\/hemac.com.au\/vi\/aesthetic-skin\/face\/broken-capillaries-rosacea\/","og_locale":"vi_VN","og_type":"article","og_title":"B\u1ec7nh da \u1eedng \u0111\u1ecf | M\u1eb7t | Y Khoa & Th\u1ea9m M\u1ef9 Hawthorn East (HEMAC)","og_url":"https:\/\/hemac.com.au\/vi\/aesthetic-skin\/face\/broken-capillaries-rosacea\/","og_site_name":"Hawthorn East Medical &amp; Aesthetic Clinic","article_publisher":"https:\/\/www.facebook.com\/562018927210986\/","article_modified_time":"2025-11-19T10:24:06+00:00","og_image":[{"url":"https:\/\/hemac.com.au\/wp-content\/uploads\/broken-capillaries1.jpg","type":"","width":"","height":""}],"twitter_card":"summary_large_image","twitter_misc":{"Est. reading time":"3 minutes"},"schema":{"@context":"https:\/\/schema.org","@graph":[{"@type":"WebPage","@id":"https:\/\/hemac.com.au\/vi\/aesthetic-skin\/face\/broken-capillaries-rosacea\/","url":"https:\/\/hemac.com.au\/vi\/aesthetic-skin\/face\/broken-capillaries-rosacea\/","name":"B\u1ec7nh da \u1eedng \u0111\u1ecf | M\u1eb7t | Y Khoa & Th\u1ea9m M\u1ef9 Hawthorn East (HEMAC)","isPartOf":{"@id":"https:\/\/hemac.com.au\/vi\/#website"},"primaryImageOfPage":{"@id":"https:\/\/hemac.com.au\/vi\/aesthetic-skin\/face\/broken-capillaries-rosacea\/#primaryimage"},"image":{"@id":"https:\/\/hemac.com.au\/vi\/aesthetic-skin\/face\/broken-capillaries-rosacea\/#primaryimage"},"thumbnailUrl":"https:\/\/hemac.com.au\/wp-content\/uploads\/broken-capillaries1.jpg","datePublished":"2020-09-06T10:11:29+00:00","dateModified":"2025-11-19T10:24:06+00:00","breadcrumb":{"@id":"https:\/\/hemac.com.au\/vi\/aesthetic-skin\/face\/broken-capillaries-rosacea\/#breadcrumb"},"inLanguage":"vi-VN","potentialAction":[{"@type":"ReadAction","target":["https:\/\/hemac.com.au\/vi\/aesthetic-skin\/face\/broken-capillaries-rosacea\/"]}]},{"@type":"ImageObject","inLanguage":"vi-VN","@id":"https:\/\/hemac.com.au\/vi\/aesthetic-skin\/face\/broken-capillaries-rosacea\/#primaryimage","url":"https:\/\/hemac.com.au\/wp-content\/uploads\/broken-capillaries1.jpg","contentUrl":"https:\/\/hemac.com.au\/wp-content\/uploads\/broken-capillaries1.jpg"},{"@type":"BreadcrumbList","@id":"https:\/\/hemac.com.au\/vi\/aesthetic-skin\/face\/broken-capillaries-rosacea\/#breadcrumb","itemListElement":[{"@type":"ListItem","position":1,"name":"Home","item":"https:\/\/hemac.com.au\/vi\/"},{"@type":"ListItem","position":2,"name":"TH\u1ea8M M\u1ef8 &#038; DA","item":"https:\/\/hemac.com.au\/vi\/aesthetic-skin\/"},{"@type":"ListItem","position":3,"name":"\u9762\u90e8","item":"https:\/\/hemac.com.au\/vi\/aesthetic-skin\/face\/"},{"@type":"ListItem","position":4,"name":"B\u1ec7nh da \u1eedng \u0111\u1ecf"}]},{"@type":"WebSite","@id":"https:\/\/hemac.com.au\/vi\/#website","url":"https:\/\/hemac.com.au\/vi\/","name":"Hawthorn East Medical & Aesthetic Clinic","description":"","publisher":{"@id":"https:\/\/hemac.com.au\/vi\/#organization"},"alternateName":"HEMAC","potentialAction":[{"@type":"SearchAction","target":{"@type":"EntryPoint","urlTemplate":"https:\/\/hemac.com.au\/vi\/?s={search_term_string}"},"query-input":{"@type":"PropertyValueSpecification","valueRequired":true,"valueName":"search_term_string"}}],"inLanguage":"vi-VN"},{"@type":"Organization","@id":"https:\/\/hemac.com.au\/vi\/#organization","name":"Hawthorn East Medical & Aesthetic Clinic","alternateName":"HEMAC","url":"https:\/\/hemac.com.au\/vi\/","logo":{"@type":"ImageObject","inLanguage":"vi-VN","@id":"https:\/\/hemac.com.au\/vi\/#\/schema\/logo\/image\/","url":"https:\/\/hemac.com.au\/wp-content\/uploads\/HEMAC-697x697-1.jpg","contentUrl":"https:\/\/hemac.com.au\/wp-content\/uploads\/HEMAC-697x697-1.jpg","width":697,"height":697,"caption":"Hawthorn East Medical & Aesthetic Clinic"},"image":{"@id":"https:\/\/hemac.com.au\/vi\/#\/schema\/logo\/image\/"},"sameAs":["https:\/\/www.facebook.com\/562018927210986\/","https:\/\/www.facebook.com\/hemacskinclinic\/","https:\/\/www.instagram.com\/hemac_aesthetics\/"]}]}},"_links":{"self":[{"href":"https:\/\/hemac.com.au\/vi\/wp-json\/wp\/v2\/pages\/2189","targetHints":{"allow":["GET"]}}],"collection":[{"href":"https:\/\/hemac.com.au\/vi\/wp-json\/wp\/v2\/pages"}],"about":[{"href":"https:\/\/hemac.com.au\/vi\/wp-json\/wp\/v2\/types\/page"}],"author":[{"embeddable":true,"href":"https:\/\/hemac.com.au\/vi\/wp-json\/wp\/v2\/users\/1"}],"replies":[{"embeddable":true,"href":"https:\/\/hemac.com.au\/vi\/wp-json\/wp\/v2\/comments?post=2189"}],"version-history":[{"count":1,"href":"https:\/\/hemac.com.au\/vi\/wp-json\/wp\/v2\/pages\/2189\/revisions"}],"predecessor-version":[{"id":3317,"href":"https:\/\/hemac.com.au\/vi\/wp-json\/wp\/v2\/pages\/2189\/revisions\/3317"}],"up":[{"embeddable":true,"href":"https:\/\/hemac.com.au\/vi\/wp-json\/wp\/v2\/pages\/2218"}],"wp:attachment":[{"href":"https:\/\/hemac.com.au\/vi\/wp-json\/wp\/v2\/media?parent=2189"}],"curies":[{"name":"wp","href":"https:\/\/api.w.org\/{rel}","templated":true}]}}