{"id":2196,"date":"2020-09-06T19:49:49","date_gmt":"2020-09-06T09:49:49","guid":{"rendered":"https:\/\/www.hemac.com.au\/acne-scars\/"},"modified":"2025-11-19T21:23:09","modified_gmt":"2025-11-19T10:23:09","slug":"acne-scars","status":"publish","type":"page","link":"https:\/\/hemac.com.au\/vi\/aesthetic-skin\/face\/acne-scars\/","title":{"rendered":"Nh\u1eefng v\u1ebft s\u1eb9o c\u1ee7a m\u1ee5n"},"content":{"rendered":"<div class=\"fusion-fullwidth fullwidth-box fusion-builder-row-1 nonhundred-percent-fullwidth non-hundred-percent-height-scrolling\" style=\"--awb-background-position:left top;--awb-border-sizes-top:0px;--awb-border-sizes-bottom:0px;--awb-border-sizes-left:0px;--awb-border-sizes-right:0px;--awb-border-radius-top-left:0px;--awb-border-radius-top-right:0px;--awb-border-radius-bottom-right:0px;--awb-border-radius-bottom-left:0px;--awb-padding-top:20px;--awb-padding-bottom:0px;--awb-flex-wrap:wrap;\" ><div class=\"fusion-builder-row fusion-row\"><div class=\"fusion-layout-column fusion_builder_column fusion-builder-column-0 fusion_builder_column_1_1 1_1 fusion-one-full fusion-column-first fusion-column-last fusion-column-no-min-height\" style=\"--awb-bg-size:cover;--awb-margin-bottom:0px;\"><div class=\"fusion-column-wrapper fusion-flex-column-wrapper-legacy\"><div class=\"fusion-text fusion-text-1\"><p data-start=\"431\" data-end=\"814\">N\u1ebfu nh\u1eefng v\u1ebft s\u1eb9o do m\u1ee5n khi\u1ebfn b\u1ea1n kh\u00f3 ch\u1ecbu, HEMAC c\u00f3 th\u1ec3 h\u1ed7 tr\u1ee3 th\u1ea3o lu\u1eadn c\u00e1c ph\u01b0\u01a1ng \u00e1n ch\u0103m s\u00f3c da ph\u00f9 h\u1ee3p. C\u00e1c ph\u01b0\u01a1ng ph\u00e1p n\u00e0y \u0111\u01b0\u1ee3c b\u00e1c s\u0129 \u0111\u00e1nh gi\u00e1 d\u1ef1a tr\u00ean t\u1eebng lo\u1ea1i s\u1eb9o, nh\u1eb1m gi\u00fap b\u1ec1 m\u1eb7t da tr\u00f4ng \u0111\u1ed3ng \u0111\u1ec1u h\u01a1n. Tuy nhi\u00ean, tr\u01b0\u1edbc khi can thi\u1ec7p v\u00e0o s\u1eb9o, \u0111i\u1ec1u quan tr\u1ecdng l\u00e0 t\u00ecnh tr\u1ea1ng m\u1ee5n \u0111ang ho\u1ea1t \u0111\u1ed9ng c\u1ea7n \u0111\u01b0\u1ee3c ki\u1ec3m so\u00e1t, v\u00ec m\u1ee5n m\u1edbi c\u00f3 th\u1ec3 l\u00e0m \u1ea3nh h\u01b0\u1edfng \u0111\u1ebfn qu\u00e1 tr\u00ecnh ch\u0103m s\u00f3c s\u1eb9o.<\/p>\n<p data-start=\"816\" data-end=\"828\"><strong data-start=\"816\" data-end=\"828\">\u0110i\u1ec1u tr\u1ecb<\/strong><\/p>\n<p data-start=\"830\" data-end=\"1098\">T\u1ea1i HEMAC, b\u00e1c s\u0129 s\u1ebd \u0111\u00e1nh gi\u00e1 t\u1eebng tr\u01b0\u1eddng h\u1ee3p c\u1ee5 th\u1ec3 tr\u01b0\u1edbc khi \u0111\u1ec1 xu\u1ea5t ph\u01b0\u01a1ng ph\u00e1p. Quy tr\u00ecnh ch\u0103m s\u00f3c ph\u1ee5 thu\u1ed9c v\u00e0o lo\u1ea1i s\u1eb9o, v\u1ecb tr\u00ed v\u00e0 m\u1ee9c \u0111\u1ed9 c\u1ee7a t\u1eebng c\u00e1 nh\u00e2n. N\u1ebfu b\u1ea1n \u0111ang d\u00f9ng Isotretinoin cho m\u1ee5n, h\u00e3y th\u00f4ng b\u00e1o cho b\u00e1c s\u0129 tr\u01b0\u1edbc khi ti\u1ebfn h\u00e0nh b\u1ea5t k\u1ef3 th\u1ee7 thu\u1eadt n\u00e0o.<\/p>\n<p data-start=\"1100\" data-end=\"1256\">\u0110\u1ec3 t\u1ed1i \u01b0u ho\u00e1 qu\u00e1 tr\u00ecnh ch\u0103m s\u00f3c, c\u00e1c ph\u01b0\u01a1ng \u00e1n th\u01b0\u1eddng \u0111\u01b0\u1ee3c k\u1ebft h\u1ee3p. HEMAC s\u1eed d\u1ee5ng nhi\u1ec1u thi\u1ebft b\u1ecb v\u00e0 k\u1ef9 thu\u1eadt kh\u00e1c nhau \u0111\u1ec3 t\u00e1c \u0111\u1ed9ng v\u00e0o t\u1eebng l\u1edbp da ph\u00f9 h\u1ee3p.<\/p>\n<p><img decoding=\"async\" class=\"lazyload aligncenter size-full\" src=\"data:image\/svg+xml,%3Csvg%20xmlns%3D%27http%3A%2F%2Fwww.w3.org%2F2000%2Fsvg%27%20width%3D%271378%27%20height%3D%27689%27%20viewBox%3D%270%200%201378%20689%27%3E%3Crect%20width%3D%271378%27%20height%3D%27689%27%20fill-opacity%3D%220%22%2F%3E%3C%2Fsvg%3E\" data-orig-src=\"https:\/\/hemac.com.au\/wp-content\/uploads\/acne-scars1.jpg\" alt=\"\" \/><br \/>\n<img decoding=\"async\" class=\"lazyload aligncenter size-full\" src=\"data:image\/svg+xml,%3Csvg%20xmlns%3D%27http%3A%2F%2Fwww.w3.org%2F2000%2Fsvg%27%20width%3D%271378%27%20height%3D%27689%27%20viewBox%3D%270%200%201378%20689%27%3E%3Crect%20width%3D%271378%27%20height%3D%27689%27%20fill-opacity%3D%220%22%2F%3E%3C%2Fsvg%3E\" data-orig-src=\"https:\/\/hemac.com.au\/wp-content\/uploads\/acne-scars2.jpg\" alt=\"\" \/><\/p>\n<h2 data-start=\"1263\" data-end=\"1308\"><strong data-start=\"1266\" data-end=\"1308\">L\u1ef1a ch\u1ecdn ph\u01b0\u01a1ng ph\u00e1p cho t\u1eebng lo\u1ea1i s\u1eb9o<\/strong><\/h2>\n<h3 data-start=\"1310\" data-end=\"1340\"><strong data-start=\"1314\" data-end=\"1340\">S\u1eb9o l\u00f5m \/ s\u1eb9o m\u1ee5n ch\u00ecm<\/strong><\/h3>\n<p data-start=\"1341\" data-end=\"1375\">C\u00e1c h\u01b0\u1edbng ti\u1ebfp c\u1eadn c\u00f3 th\u1ec3 bao g\u1ed3m:<\/p>\n<ul data-start=\"1377\" data-end=\"1628\">\n<li data-start=\"1377\" data-end=\"1446\">\n<p data-start=\"1379\" data-end=\"1446\">Ph\u01b0\u01a1ng ph\u00e1p t\u00e1i t\u1ea1o b\u1ec1 m\u1eb7t da b\u1eb1ng laser ho\u1eb7c k\u1ef9 thu\u1eadt l\u00e0m m\u1ecbn da<\/p>\n<\/li>\n<li data-start=\"1447\" data-end=\"1526\">\n<p data-start=\"1449\" data-end=\"1526\">D\u00f9ng s\u1ea3n ph\u1ea9m ch\u0103m s\u00f3c theo ch\u1ec9 \u0111\u1ecbnh ho\u1eb7c c\u00e1c thi\u1ebft b\u1ecb h\u1ed7 tr\u1ee3 k\u00edch th\u00edch da<\/p>\n<\/li>\n<li data-start=\"1527\" data-end=\"1628\">\n<p data-start=\"1529\" data-end=\"1628\">M\u1ed9t s\u1ed1 tr\u01b0\u1eddng h\u1ee3p c\u00f3 th\u1ec3 c\u1ea7n k\u1ef9 thu\u1eadt h\u1ed7 tr\u1ee3 m\u00f4 da nh\u01b0 ch\u1ea5t l\u00e0m \u0111\u1ea7y (HA) theo \u0111\u00e1nh gi\u00e1 c\u1ee7a b\u00e1c s\u0129<\/p>\n<\/li>\n<\/ul>\n<h3 data-start=\"1630\" data-end=\"1645\"><strong data-start=\"1634\" data-end=\"1645\">S\u1eb9o l\u1ed3i<\/strong><\/h3>\n<p data-start=\"1646\" data-end=\"1674\">C\u00e1c l\u1ef1a ch\u1ecdn c\u00f3 th\u1ec3 bao g\u1ed3m:<\/p>\n<ul data-start=\"1676\" data-end=\"1908\">\n<li data-start=\"1676\" data-end=\"1728\">\n<p data-start=\"1678\" data-end=\"1728\">Ti\u00eam corticosteroid t\u1ea1i ch\u1ed7 theo ph\u00e1c \u0111\u1ed3 ph\u00f9 h\u1ee3p<\/p>\n<\/li>\n<li data-start=\"1729\" data-end=\"1760\">\n<p data-start=\"1731\" data-end=\"1760\">Th\u1ee7 thu\u1eadt x\u00e2m l\u1ea5n t\u1ed1i thi\u1ec3u<\/p>\n<\/li>\n<li data-start=\"1761\" data-end=\"1810\">\n<p data-start=\"1763\" data-end=\"1810\">\u0110i\u1ec1u tr\u1ecb b\u1eb1ng laser ho\u1eb7c \u00e1nh s\u00e1ng chuy\u00ean d\u1ee5ng<\/p>\n<\/li>\n<li data-start=\"1811\" data-end=\"1854\">\n<p data-start=\"1813\" data-end=\"1854\">\u00c1p l\u1ea1nh (liquid nitrogen) n\u1ebfu th\u00edch h\u1ee3p<\/p>\n<\/li>\n<li data-start=\"1811\" data-end=\"1854\">\n<p data-start=\"1813\" data-end=\"1854\">S\u1ea3n ph\u1ea9m b\u00f4i ch\u1ee9a silicone theo \u0111\u00e1nh gi\u00e1 l\u00e2m s\u00e0ng<\/p>\n<\/li>\n<\/ul>\n<p><img decoding=\"async\" class=\"lazyload aligncenter size-full\" src=\"data:image\/svg+xml,%3Csvg%20xmlns%3D%27http%3A%2F%2Fwww.w3.org%2F2000%2Fsvg%27%20width%3D%271490%27%20height%3D%27725%27%20viewBox%3D%270%200%201490%20725%27%3E%3Crect%20width%3D%271490%27%20height%3D%27725%27%20fill-opacity%3D%220%22%2F%3E%3C%2Fsvg%3E\" data-orig-src=\"https:\/\/hemac.com.au\/wp-content\/uploads\/acne-scars3.jpg\" alt=\"\" \/><br \/>\n<img decoding=\"async\" class=\"lazyload aligncenter size-full\" src=\"data:image\/svg+xml,%3Csvg%20xmlns%3D%27http%3A%2F%2Fwww.w3.org%2F2000%2Fsvg%27%20width%3D%271496%27%20height%3D%27674%27%20viewBox%3D%270%200%201496%20674%27%3E%3Crect%20width%3D%271496%27%20height%3D%27674%27%20fill-opacity%3D%220%22%2F%3E%3C%2Fsvg%3E\" data-orig-src=\"https:\/\/hemac.com.au\/wp-content\/uploads\/acne-scars4.jpg\" alt=\"\" \/><br \/>\n<img decoding=\"async\" class=\"lazyload aligncenter size-full\" src=\"data:image\/svg+xml,%3Csvg%20xmlns%3D%27http%3A%2F%2Fwww.w3.org%2F2000%2Fsvg%27%20width%3D%271502%27%20height%3D%27674%27%20viewBox%3D%270%200%201502%20674%27%3E%3Crect%20width%3D%271502%27%20height%3D%27674%27%20fill-opacity%3D%220%22%2F%3E%3C%2Fsvg%3E\" data-orig-src=\"https:\/\/hemac.com.au\/wp-content\/uploads\/acne-scars5.jpg\" alt=\"\" \/><\/p>\n<h2 data-start=\"1915\" data-end=\"1950\"><strong data-start=\"1918\" data-end=\"1950\">Ph\u00e1c \u0111\u1ed3 ch\u0103m s\u00f3c cho s\u1eb9o l\u00f5m<\/strong><\/h2>\n<p data-start=\"1952\" data-end=\"2160\"><strong data-start=\"1952\" data-end=\"1986\">1. Th\u1ee7 thu\u1eadt x\u00e2m l\u1ea5n t\u1ed1i thi\u1ec3u<\/strong><br data-start=\"1986\" data-end=\"1989\" \/>\u0110\u01b0\u1ee3c \u00e1p d\u1ee5ng cho nh\u1eefng v\u00f9ng s\u1eb9o r\u00f5 v\u00e0 c\u1ee9ng, gi\u00fap l\u00e0m m\u1ec1m ho\u1eb7c gi\u1ea3m \u0111\u1ed9 l\u00f5m c\u1ee7a s\u1eb9o. Th\u1ee7 thu\u1eadt \u0111\u01b0\u1ee3c th\u1ef1c hi\u1ec7n v\u1edbi g\u00e2y t\u00ea t\u1ea1i ch\u1ed7. M\u1ed9t s\u1ed1 ng\u01b0\u1eddi c\u00f3 th\u1ec3 c\u1ea7n k\u1ebft h\u1ee3p c\u00f9ng laser.<\/p>\n<p data-start=\"2162\" data-end=\"2366\"><strong data-start=\"2162\" data-end=\"2186\">2. T\u00e1i t\u1ea1o b\u1ec1 m\u1eb7t da<\/strong><br data-start=\"2186\" data-end=\"2189\" \/>\u00c1p d\u1ee5ng cho v\u00f9ng da r\u1ed9ng nh\u01b0 to\u00e0n m\u1eb7t, tr\u00e1n ho\u1eb7c hai b\u00ean m\u00e1. M\u1ee5c ti\u00eau l\u00e0 l\u00e0m b\u1ec1 m\u1eb7t da \u0111\u1ed3ng \u0111\u1ec1u h\u01a1n. C\u00e1c k\u1ef9 thu\u1eadt t\u00e1i t\u1ea1o c\u00f3 th\u1ec3 bao g\u1ed3m laser ph\u00f9 h\u1ee3p ho\u1eb7c peel n\u00f4ng\u2013trung b\u00ecnh.<\/p>\n<p data-start=\"2368\" data-end=\"2553\"><strong data-start=\"2368\" data-end=\"2395\">3. Ch\u1ea5t l\u00e0m \u0111\u1ea7y da (HA)<\/strong><br data-start=\"2395\" data-end=\"2398\" \/>M\u1ed9t s\u1ed1 tr\u01b0\u1eddng h\u1ee3p \u0111\u01b0\u1ee3c \u0111\u1ec1 ngh\u1ecb ch\u1ea5t l\u00e0m \u0111\u1ea7y \u0111\u1ec3 h\u1ed7 tr\u1ee3 l\u00e0m \u0111\u1ea7y v\u00f9ng l\u00f5m t\u1ea1m th\u1eddi. B\u00e1c s\u0129 s\u1ebd \u0111\u00e1nh gi\u00e1 \u0111\u1ed9 ph\u00f9 h\u1ee3p v\u00e0 gi\u1ea3i th\u00edch c\u00e1c l\u1ef1a ch\u1ecdn ch\u0103m s\u00f3c l\u00e2u d\u00e0i.<\/p>\n<p data-start=\"2555\" data-end=\"2792\"><strong data-start=\"2555\" data-end=\"2598\">4. L\u00e0m s\u0103n ch\u1eafc da b\u1eb1ng n\u0103ng l\u01b0\u1ee3ng (RF)<\/strong><br data-start=\"2598\" data-end=\"2601\" \/>\u0110\u00e2y l\u00e0 l\u1ef1a ch\u1ecdn ph\u00f9 h\u1ee3p cho nhi\u1ec1u lo\u1ea1i da, gi\u00fap h\u1ed7 tr\u1ee3 \u0111\u1ed9 \u0111\u00e0n h\u1ed3i b\u1ec1 m\u1eb7t. \u0110i\u1ec1u tr\u1ecb th\u01b0\u1eddng theo chu k\u1ef3 m\u1ed7i th\u00e1ng m\u1ed9t l\u1ea7n trong kho\u1ea3ng v\u00e0i bu\u1ed5i. Sau \u0111i\u1ec1u tr\u1ecb, da c\u00f3 th\u1ec3 h\u1ed3ng nh\u1eb9 trong 1\u20132 ng\u00e0y.<\/p>\n<p data-start=\"2794\" data-end=\"2992\"><strong data-start=\"2794\" data-end=\"2822\">5. K\u00edch th\u00edch t\u00e1i t\u1ea1o da<\/strong><br data-start=\"2822\" data-end=\"2825\" \/>M\u1ed9t s\u1ed1 b\u1ec7nh nh\u00e2n \u0111\u01b0\u1ee3c ch\u1ec9 \u0111\u1ecbnh ph\u01b0\u01a1ng ph\u00e1p k\u00edch th\u00edch c\u01a1 ch\u1ebf t\u1ef1 ph\u1ee5c h\u1ed3i c\u1ee7a da b\u1eb1ng thi\u1ebft b\u1ecb chuy\u00ean d\u1ee5ng. C\u00f3 th\u1ec3 c\u1ea7n nhi\u1ec1u bu\u1ed5i \u0111i\u1ec1u tr\u1ecb, m\u1ed7i bu\u1ed5i c\u00e1ch nhau 2\u20134 tu\u1ea7n.<\/p>\n<h2 data-start=\"2999\" data-end=\"3022\"><strong data-start=\"3002\" data-end=\"3022\">Ch\u0103m s\u00f3c s\u1eb9o l\u1ed3i<\/strong><\/h2>\n<ul data-start=\"3024\" data-end=\"3283\">\n<li data-start=\"3024\" data-end=\"3107\">\n<p data-start=\"3026\" data-end=\"3107\">Ti\u00eam v\u00e0o v\u00f9ng s\u1eb9o gi\u00fap m\u00f4 m\u1ec1m h\u01a1n; th\u01b0\u1eddng c\u1ea7n th\u1ef1c hi\u1ec7n nhi\u1ec1u l\u1ea7n, m\u1ed7i 2\u20133 tu\u1ea7n<\/p>\n<\/li>\n<li data-start=\"3108\" data-end=\"3194\">\n<p data-start=\"3110\" data-end=\"3194\">M\u1ed9t s\u1ed1 tr\u01b0\u1eddng h\u1ee3p c\u00f3 th\u1ec3 s\u1eed d\u1ee5ng corticosteroid ho\u1eb7c 5-FU theo \u0111\u00e1nh gi\u00e1 c\u1ee7a b\u00e1c s\u0129<\/p>\n<\/li>\n<li data-start=\"3195\" data-end=\"3283\">\n<p data-start=\"3197\" data-end=\"3283\">N\u1ebfu sau nhi\u1ec1u bu\u1ed5i m\u00e0 ph\u1ea3n h\u1ed3i ch\u01b0a nh\u01b0 mong \u0111\u1ee3i, c\u00f3 th\u1ec3 \u0111\u01b0\u1ee3c c\u00e2n nh\u1eafc th\u1ee7 thu\u1eadt nh\u1ecf<\/p>\n<\/li>\n<\/ul>\n<p data-start=\"3285\" data-end=\"3535\"><strong data-start=\"3285\" data-end=\"3306\">Laser v\u00e0 \u00e1nh s\u00e1ng<\/strong><br data-start=\"3306\" data-end=\"3309\" \/>Laser PDL \/ IRIS ho\u1eb7c c\u00e1c thi\u1ebft b\u1ecb \u00e1nh s\u00e1ng chuy\u00ean d\u1ee5ng c\u00f3 th\u1ec3 h\u1ed7 tr\u1ee3 l\u00e0m ph\u1eb3ng b\u1ec1 m\u1eb7t, gi\u1ea3m kh\u00f3 ch\u1ecbu v\u00e0 c\u1ea3i thi\u1ec7n m\u00e0u s\u1eafc c\u1ee7a s\u1eb9o \u1edf m\u1ee9c \u0111\u1ed9 ph\u00f9 h\u1ee3p. B\u00e1c s\u0129 s\u1ebd \u0111\u00e1nh gi\u00e1 xem ph\u01b0\u01a1ng ph\u00e1p n\u00e0y c\u00f3 ph\u00f9 h\u1ee3p v\u1edbi t\u1eebng lo\u1ea1i da hay kh\u00f4ng.<\/p>\n<p data-start=\"3542\" data-end=\"3754\">T\u1ea5t c\u1ea3 c\u00e1c ph\u01b0\u01a1ng \u00e1n tr\u00ean \u0111\u1ec1u c\u1ea7n th\u1eddi gian \u0111\u1ec3 theo d\u00f5i ti\u1ebfn tri\u1ec3n, v\u00ec s\u1eb9o m\u1ee5n th\u01b0\u1eddng thay \u0111\u1ed5i t\u1eeb t\u1eeb qua nhi\u1ec1u bu\u1ed5i ch\u0103m s\u00f3c. B\u00e1c s\u0129 s\u1ebd \u0111\u1ed3ng h\u00e0nh c\u00f9ng b\u1ea1n trong su\u1ed1t qu\u00e1 tr\u00ecnh \u0111\u1ec3 \u0111i\u1ec1u ch\u1ec9nh k\u1ebf ho\u1ea1ch ph\u00f9 h\u1ee3p nh\u1ea5t.<\/p>\n<p><img decoding=\"async\" class=\"lazyload aligncenter size-full\" src=\"data:image\/svg+xml,%3Csvg%20xmlns%3D%27http%3A%2F%2Fwww.w3.org%2F2000%2Fsvg%27%20width%3D%271378%27%20height%3D%27648%27%20viewBox%3D%270%200%201378%20648%27%3E%3Crect%20width%3D%271378%27%20height%3D%27648%27%20fill-opacity%3D%220%22%2F%3E%3C%2Fsvg%3E\" data-orig-src=\"https:\/\/hemac.com.au\/wp-content\/uploads\/raised-acne-scars1.jpg\" alt=\"\" \/><br \/>\n<img decoding=\"async\" class=\"lazyload aligncenter size-full\" src=\"data:image\/svg+xml,%3Csvg%20xmlns%3D%27http%3A%2F%2Fwww.w3.org%2F2000%2Fsvg%27%20width%3D%271484%27%20height%3D%27717%27%20viewBox%3D%270%200%201484%20717%27%3E%3Crect%20width%3D%271484%27%20height%3D%27717%27%20fill-opacity%3D%220%22%2F%3E%3C%2Fsvg%3E\" data-orig-src=\"https:\/\/hemac.com.au\/wp-content\/uploads\/raised-acne-scars2.jpg\" alt=\"\" \/><\/p>\n<\/div><div class=\"fusion-sep-clear\"><\/div><div class=\"fusion-separator fusion-full-width-sep\" style=\"margin-left: auto;margin-right: auto;margin-top:20px;margin-bottom:50px;width:100%;\"><\/div><div class=\"fusion-sep-clear\"><\/div><div class=\"fusion-clearfix\"><\/div><\/div><\/div><\/div><\/div>\n","protected":false},"excerpt":{"rendered":"","protected":false},"author":1,"featured_media":0,"parent":2218,"menu_order":0,"comment_status":"open","ping_status":"open","template":"100-width.php","meta":{"footnotes":""},"class_list":["post-2196","page","type-page","status-publish","hentry"],"yoast_head":"<!-- This site is optimized with the Yoast SEO plugin v26.6 - https:\/\/yoast.com\/wordpress\/plugins\/seo\/ -->\n<title>Nh\u1eefng v\u1ebft s\u1eb9o c\u1ee7a m\u1ee5n | M\u1eb7t | Y Khoa &amp; Th\u1ea9m M\u1ef9 Hawthorn East (HEMAC)<\/title>\n<meta name=\"robots\" content=\"index, follow, max-snippet:-1, max-image-preview:large, max-video-preview:-1\" \/>\n<link rel=\"canonical\" href=\"https:\/\/hemac.com.au\/vi\/aesthetic-skin\/face\/acne-scars\/\" \/>\n<meta property=\"og:locale\" content=\"vi_VN\" \/>\n<meta property=\"og:type\" content=\"article\" \/>\n<meta property=\"og:title\" content=\"Nh\u1eefng v\u1ebft s\u1eb9o c\u1ee7a m\u1ee5n | M\u1eb7t | Y Khoa &amp; Th\u1ea9m M\u1ef9 Hawthorn East (HEMAC)\" \/>\n<meta property=\"og:url\" content=\"https:\/\/hemac.com.au\/vi\/aesthetic-skin\/face\/acne-scars\/\" \/>\n<meta property=\"og:site_name\" content=\"Hawthorn East Medical &amp; Aesthetic Clinic\" \/>\n<meta property=\"article:publisher\" content=\"https:\/\/www.facebook.com\/562018927210986\/\" \/>\n<meta property=\"article:modified_time\" content=\"2025-11-19T10:23:09+00:00\" \/>\n<meta property=\"og:image\" content=\"https:\/\/hemac.com.au\/wp-content\/uploads\/acne-scars1.jpg\" \/>\n<meta name=\"twitter:card\" content=\"summary_large_image\" \/>\n<meta name=\"twitter:label1\" content=\"Est. reading time\" \/>\n\t<meta name=\"twitter:data1\" content=\"6 minutes\" \/>\n<script type=\"application\/ld+json\" class=\"yoast-schema-graph\">{\"@context\":\"https:\/\/schema.org\",\"@graph\":[{\"@type\":\"WebPage\",\"@id\":\"https:\/\/hemac.com.au\/vi\/aesthetic-skin\/face\/acne-scars\/\",\"url\":\"https:\/\/hemac.com.au\/vi\/aesthetic-skin\/face\/acne-scars\/\",\"name\":\"Nh\u1eefng v\u1ebft s\u1eb9o c\u1ee7a m\u1ee5n | M\u1eb7t | Y Khoa & Th\u1ea9m M\u1ef9 Hawthorn East (HEMAC)\",\"isPartOf\":{\"@id\":\"https:\/\/hemac.com.au\/vi\/#website\"},\"primaryImageOfPage\":{\"@id\":\"https:\/\/hemac.com.au\/vi\/aesthetic-skin\/face\/acne-scars\/#primaryimage\"},\"image\":{\"@id\":\"https:\/\/hemac.com.au\/vi\/aesthetic-skin\/face\/acne-scars\/#primaryimage\"},\"thumbnailUrl\":\"https:\/\/hemac.com.au\/wp-content\/uploads\/acne-scars1.jpg\",\"datePublished\":\"2020-09-06T09:49:49+00:00\",\"dateModified\":\"2025-11-19T10:23:09+00:00\",\"breadcrumb\":{\"@id\":\"https:\/\/hemac.com.au\/vi\/aesthetic-skin\/face\/acne-scars\/#breadcrumb\"},\"inLanguage\":\"vi-VN\",\"potentialAction\":[{\"@type\":\"ReadAction\",\"target\":[\"https:\/\/hemac.com.au\/vi\/aesthetic-skin\/face\/acne-scars\/\"]}]},{\"@type\":\"ImageObject\",\"inLanguage\":\"vi-VN\",\"@id\":\"https:\/\/hemac.com.au\/vi\/aesthetic-skin\/face\/acne-scars\/#primaryimage\",\"url\":\"https:\/\/hemac.com.au\/wp-content\/uploads\/acne-scars1.jpg\",\"contentUrl\":\"https:\/\/hemac.com.au\/wp-content\/uploads\/acne-scars1.jpg\"},{\"@type\":\"BreadcrumbList\",\"@id\":\"https:\/\/hemac.com.au\/vi\/aesthetic-skin\/face\/acne-scars\/#breadcrumb\",\"itemListElement\":[{\"@type\":\"ListItem\",\"position\":1,\"name\":\"Home\",\"item\":\"https:\/\/hemac.com.au\/vi\/\"},{\"@type\":\"ListItem\",\"position\":2,\"name\":\"TH\u1ea8M M\u1ef8 &#038; DA\",\"item\":\"https:\/\/hemac.com.au\/vi\/aesthetic-skin\/\"},{\"@type\":\"ListItem\",\"position\":3,\"name\":\"\u9762\u90e8\",\"item\":\"https:\/\/hemac.com.au\/vi\/aesthetic-skin\/face\/\"},{\"@type\":\"ListItem\",\"position\":4,\"name\":\"Nh\u1eefng v\u1ebft s\u1eb9o c\u1ee7a m\u1ee5n\"}]},{\"@type\":\"WebSite\",\"@id\":\"https:\/\/hemac.com.au\/vi\/#website\",\"url\":\"https:\/\/hemac.com.au\/vi\/\",\"name\":\"Hawthorn East Medical & Aesthetic Clinic\",\"description\":\"\",\"publisher\":{\"@id\":\"https:\/\/hemac.com.au\/vi\/#organization\"},\"alternateName\":\"HEMAC\",\"potentialAction\":[{\"@type\":\"SearchAction\",\"target\":{\"@type\":\"EntryPoint\",\"urlTemplate\":\"https:\/\/hemac.com.au\/vi\/?s={search_term_string}\"},\"query-input\":{\"@type\":\"PropertyValueSpecification\",\"valueRequired\":true,\"valueName\":\"search_term_string\"}}],\"inLanguage\":\"vi-VN\"},{\"@type\":\"Organization\",\"@id\":\"https:\/\/hemac.com.au\/vi\/#organization\",\"name\":\"Hawthorn East Medical & Aesthetic Clinic\",\"alternateName\":\"HEMAC\",\"url\":\"https:\/\/hemac.com.au\/vi\/\",\"logo\":{\"@type\":\"ImageObject\",\"inLanguage\":\"vi-VN\",\"@id\":\"https:\/\/hemac.com.au\/vi\/#\/schema\/logo\/image\/\",\"url\":\"https:\/\/hemac.com.au\/wp-content\/uploads\/HEMAC-697x697-1.jpg\",\"contentUrl\":\"https:\/\/hemac.com.au\/wp-content\/uploads\/HEMAC-697x697-1.jpg\",\"width\":697,\"height\":697,\"caption\":\"Hawthorn East Medical & Aesthetic Clinic\"},\"image\":{\"@id\":\"https:\/\/hemac.com.au\/vi\/#\/schema\/logo\/image\/\"},\"sameAs\":[\"https:\/\/www.facebook.com\/562018927210986\/\",\"https:\/\/www.facebook.com\/hemacskinclinic\/\",\"https:\/\/www.instagram.com\/hemac_aesthetics\/\"]}]}<\/script>\n<!-- \/ Yoast SEO plugin. -->","yoast_head_json":{"title":"Nh\u1eefng v\u1ebft s\u1eb9o c\u1ee7a m\u1ee5n | M\u1eb7t | Y Khoa & Th\u1ea9m M\u1ef9 Hawthorn East (HEMAC)","robots":{"index":"index","follow":"follow","max-snippet":"max-snippet:-1","max-image-preview":"max-image-preview:large","max-video-preview":"max-video-preview:-1"},"canonical":"https:\/\/hemac.com.au\/vi\/aesthetic-skin\/face\/acne-scars\/","og_locale":"vi_VN","og_type":"article","og_title":"Nh\u1eefng v\u1ebft s\u1eb9o c\u1ee7a m\u1ee5n | M\u1eb7t | Y Khoa & Th\u1ea9m M\u1ef9 Hawthorn East (HEMAC)","og_url":"https:\/\/hemac.com.au\/vi\/aesthetic-skin\/face\/acne-scars\/","og_site_name":"Hawthorn East Medical &amp; Aesthetic Clinic","article_publisher":"https:\/\/www.facebook.com\/562018927210986\/","article_modified_time":"2025-11-19T10:23:09+00:00","og_image":[{"url":"https:\/\/hemac.com.au\/wp-content\/uploads\/acne-scars1.jpg","type":"","width":"","height":""}],"twitter_card":"summary_large_image","twitter_misc":{"Est. reading time":"6 minutes"},"schema":{"@context":"https:\/\/schema.org","@graph":[{"@type":"WebPage","@id":"https:\/\/hemac.com.au\/vi\/aesthetic-skin\/face\/acne-scars\/","url":"https:\/\/hemac.com.au\/vi\/aesthetic-skin\/face\/acne-scars\/","name":"Nh\u1eefng v\u1ebft s\u1eb9o c\u1ee7a m\u1ee5n | M\u1eb7t | Y Khoa & Th\u1ea9m M\u1ef9 Hawthorn East (HEMAC)","isPartOf":{"@id":"https:\/\/hemac.com.au\/vi\/#website"},"primaryImageOfPage":{"@id":"https:\/\/hemac.com.au\/vi\/aesthetic-skin\/face\/acne-scars\/#primaryimage"},"image":{"@id":"https:\/\/hemac.com.au\/vi\/aesthetic-skin\/face\/acne-scars\/#primaryimage"},"thumbnailUrl":"https:\/\/hemac.com.au\/wp-content\/uploads\/acne-scars1.jpg","datePublished":"2020-09-06T09:49:49+00:00","dateModified":"2025-11-19T10:23:09+00:00","breadcrumb":{"@id":"https:\/\/hemac.com.au\/vi\/aesthetic-skin\/face\/acne-scars\/#breadcrumb"},"inLanguage":"vi-VN","potentialAction":[{"@type":"ReadAction","target":["https:\/\/hemac.com.au\/vi\/aesthetic-skin\/face\/acne-scars\/"]}]},{"@type":"ImageObject","inLanguage":"vi-VN","@id":"https:\/\/hemac.com.au\/vi\/aesthetic-skin\/face\/acne-scars\/#primaryimage","url":"https:\/\/hemac.com.au\/wp-content\/uploads\/acne-scars1.jpg","contentUrl":"https:\/\/hemac.com.au\/wp-content\/uploads\/acne-scars1.jpg"},{"@type":"BreadcrumbList","@id":"https:\/\/hemac.com.au\/vi\/aesthetic-skin\/face\/acne-scars\/#breadcrumb","itemListElement":[{"@type":"ListItem","position":1,"name":"Home","item":"https:\/\/hemac.com.au\/vi\/"},{"@type":"ListItem","position":2,"name":"TH\u1ea8M M\u1ef8 &#038; DA","item":"https:\/\/hemac.com.au\/vi\/aesthetic-skin\/"},{"@type":"ListItem","position":3,"name":"\u9762\u90e8","item":"https:\/\/hemac.com.au\/vi\/aesthetic-skin\/face\/"},{"@type":"ListItem","position":4,"name":"Nh\u1eefng v\u1ebft s\u1eb9o c\u1ee7a m\u1ee5n"}]},{"@type":"WebSite","@id":"https:\/\/hemac.com.au\/vi\/#website","url":"https:\/\/hemac.com.au\/vi\/","name":"Hawthorn East Medical & Aesthetic Clinic","description":"","publisher":{"@id":"https:\/\/hemac.com.au\/vi\/#organization"},"alternateName":"HEMAC","potentialAction":[{"@type":"SearchAction","target":{"@type":"EntryPoint","urlTemplate":"https:\/\/hemac.com.au\/vi\/?s={search_term_string}"},"query-input":{"@type":"PropertyValueSpecification","valueRequired":true,"valueName":"search_term_string"}}],"inLanguage":"vi-VN"},{"@type":"Organization","@id":"https:\/\/hemac.com.au\/vi\/#organization","name":"Hawthorn East Medical & Aesthetic Clinic","alternateName":"HEMAC","url":"https:\/\/hemac.com.au\/vi\/","logo":{"@type":"ImageObject","inLanguage":"vi-VN","@id":"https:\/\/hemac.com.au\/vi\/#\/schema\/logo\/image\/","url":"https:\/\/hemac.com.au\/wp-content\/uploads\/HEMAC-697x697-1.jpg","contentUrl":"https:\/\/hemac.com.au\/wp-content\/uploads\/HEMAC-697x697-1.jpg","width":697,"height":697,"caption":"Hawthorn East Medical & Aesthetic Clinic"},"image":{"@id":"https:\/\/hemac.com.au\/vi\/#\/schema\/logo\/image\/"},"sameAs":["https:\/\/www.facebook.com\/562018927210986\/","https:\/\/www.facebook.com\/hemacskinclinic\/","https:\/\/www.instagram.com\/hemac_aesthetics\/"]}]}},"_links":{"self":[{"href":"https:\/\/hemac.com.au\/vi\/wp-json\/wp\/v2\/pages\/2196","targetHints":{"allow":["GET"]}}],"collection":[{"href":"https:\/\/hemac.com.au\/vi\/wp-json\/wp\/v2\/pages"}],"about":[{"href":"https:\/\/hemac.com.au\/vi\/wp-json\/wp\/v2\/types\/page"}],"author":[{"embeddable":true,"href":"https:\/\/hemac.com.au\/vi\/wp-json\/wp\/v2\/users\/1"}],"replies":[{"embeddable":true,"href":"https:\/\/hemac.com.au\/vi\/wp-json\/wp\/v2\/comments?post=2196"}],"version-history":[{"count":1,"href":"https:\/\/hemac.com.au\/vi\/wp-json\/wp\/v2\/pages\/2196\/revisions"}],"predecessor-version":[{"id":3316,"href":"https:\/\/hemac.com.au\/vi\/wp-json\/wp\/v2\/pages\/2196\/revisions\/3316"}],"up":[{"embeddable":true,"href":"https:\/\/hemac.com.au\/vi\/wp-json\/wp\/v2\/pages\/2218"}],"wp:attachment":[{"href":"https:\/\/hemac.com.au\/vi\/wp-json\/wp\/v2\/media?parent=2196"}],"curies":[{"name":"wp","href":"https:\/\/api.w.org\/{rel}","templated":true}]}}