{"id":2198,"date":"2020-09-06T19:45:16","date_gmt":"2020-09-06T09:45:16","guid":{"rendered":"https:\/\/www.hemac.com.au\/pigmentations-brown-marks-melasma\/"},"modified":"2025-11-19T21:27:17","modified_gmt":"2025-11-19T10:27:17","slug":"pigmentations-brown-marks-melasma","status":"publish","type":"page","link":"https:\/\/hemac.com.au\/vi\/aesthetic-skin\/face\/pigmentations-brown-marks-melasma\/","title":{"rendered":"T\u00e0n nhang vi\u1ebft nh\u00e1m tr\u00ean da"},"content":{"rendered":"<div class=\"fusion-fullwidth fullwidth-box fusion-builder-row-1 nonhundred-percent-fullwidth non-hundred-percent-height-scrolling\" style=\"--awb-background-position:left top;--awb-border-sizes-top:0px;--awb-border-sizes-bottom:0px;--awb-border-sizes-left:0px;--awb-border-sizes-right:0px;--awb-border-radius-top-left:0px;--awb-border-radius-top-right:0px;--awb-border-radius-bottom-right:0px;--awb-border-radius-bottom-left:0px;--awb-padding-top:20px;--awb-padding-bottom:0px;--awb-flex-wrap:wrap;\" ><div class=\"fusion-builder-row fusion-row\"><div class=\"fusion-layout-column fusion_builder_column fusion-builder-column-0 fusion_builder_column_1_1 1_1 fusion-one-full fusion-column-first fusion-column-last fusion-column-no-min-height\" style=\"--awb-bg-size:cover;--awb-margin-bottom:0px;\"><div class=\"fusion-column-wrapper fusion-flex-column-wrapper-legacy\"><div class=\"fusion-text fusion-text-1\"><p data-start=\"412\" data-end=\"685\">Nh\u1eefng v\u1ebft n\u00e1m th\u01b0\u1eddng xu\u1ea5t hi\u1ec7n nhi\u1ec1u \u1edf l\u00e0n da Ch\u00e2u \u00c1 v\u00e0 c\u00f3 th\u1ec3 g\u00e2y nhi\u1ec1u lo l\u1eafng v\u1ec1 th\u1ea9m m\u1ef9. C\u00e1c v\u1ebft n\u00e1m th\u01b0\u1eddng h\u00ecnh th\u00e0nh sau m\u1ee5n, k\u00edch \u1ee9ng da ho\u1eb7c sau khi ti\u1ebfp x\u00fac \u00e1nh n\u1eafng qu\u00e1 m\u1ee9c. T\u1ea1i HEMAC, ch\u00fang t\u00f4i c\u00f3 th\u1ec3 h\u1ed7 tr\u1ee3 x\u00e1c \u0111\u1ecbnh nguy\u00ean nh\u00e2n v\u00e0 \u0111\u01b0a ra h\u01b0\u1edbng ch\u0103m s\u00f3c ph\u00f9 h\u1ee3p.<\/p>\n<p data-start=\"687\" data-end=\"799\">T\u00e0n nhang c\u0169ng th\u01b0\u1eddng xu\u1ea5t hi\u1ec7n tr\u00ean tr\u00e1n, m\u00e1, m\u00f4i ho\u1eb7c \u1edf nh\u1eefng v\u00f9ng ti\u1ebfp x\u00fac \u00e1nh n\u1eafng nhi\u1ec1u nh\u01b0 c\u00e1nh tay v\u00e0 c\u1ed5.<\/p>\n<p data-start=\"801\" data-end=\"1002\">M\u1ed9t trong nh\u1eefng c\u00e1ch ch\u0103m s\u00f3c quan tr\u1ecdng nh\u1ea5t l\u00e0 <strong data-start=\"850\" data-end=\"883\">d\u00f9ng kem ch\u1ed1ng n\u1eafng h\u1eb1ng ng\u00e0y<\/strong>, thoa l\u1ea1i m\u1ed7i 2 ti\u1ebfng khi \u1edf ngo\u00e0i tr\u1eddi. C\u00e1c b\u00e1c s\u0129 da li\u1ec5u c\u0169ng khuy\u00ean n\u00ean \u0111\u1ed9i m\u0169 r\u1ed9ng v\u00e0nh \u0111\u1ec3 gi\u1ea3m t\u00e1c \u0111\u1ed9ng \u00e1nh n\u1eafng.<\/p>\n<p data-start=\"1004\" data-end=\"1116\">Ph\u1ee5 n\u1eef th\u01b0\u1eddng d\u1ec5 b\u1ecb n\u00e1m h\u01a1n nam gi\u1edbi, \u0111\u1eb7c bi\u1ec7t trong thai k\u1ef3, v\u00ec y\u1ebfu t\u1ed1 n\u1ed9i ti\u1ebft c\u00f3 th\u1ec3 \u0111\u00f3ng vai tr\u00f2 quan tr\u1ecdng.<\/p>\n<p><img decoding=\"async\" class=\"lazyload aligncenter size-full\" src=\"data:image\/svg+xml,%3Csvg%20xmlns%3D%27http%3A%2F%2Fwww.w3.org%2F2000%2Fsvg%27%20width%3D%271378%27%20height%3D%27697%27%20viewBox%3D%270%200%201378%20697%27%3E%3Crect%20width%3D%271378%27%20height%3D%27697%27%20fill-opacity%3D%220%22%2F%3E%3C%2Fsvg%3E\" data-orig-src=\"https:\/\/hemac.com.au\/wp-content\/uploads\/pigmentations1.jpg\" alt=\"\" \/><\/p>\n<h2 data-start=\"1118\" data-end=\"1147\"><strong data-start=\"1121\" data-end=\"1147\">\u0110i\u1ec1u tr\u1ecb n\u00e1m t\u1ea1i HEMAC<\/strong><\/h2>\n<p data-start=\"1149\" data-end=\"1356\">M\u1ed9t s\u1ed1 tr\u01b0\u1eddng h\u1ee3p n\u00e1m c\u00f3 th\u1ec3 nh\u1ea1t d\u1ea7n theo th\u1eddi gian, \u0111\u1eb7c bi\u1ec7t khi nguy\u00ean nh\u00e2n li\u00ean quan \u0111\u1ebfn thu\u1ed1c ng\u1eeba thai v\u00e0 \u0111\u00e3 ng\u1eebng s\u1eed d\u1ee5ng. Tuy nhi\u00ean, c\u0169ng c\u00f3 nh\u1eefng tr\u01b0\u1eddng h\u1ee3p n\u00e1m k\u00e9o d\u00e0i nhi\u1ec1u n\u0103m ho\u1eb7c kh\u00f3 c\u1ea3i thi\u1ec7n.<\/p>\n<p data-start=\"1358\" data-end=\"1422\">D\u1ef1a tr\u00ean \u0111\u00e1nh gi\u00e1 c\u1ee7a b\u00e1c s\u0129, c\u00e1c h\u01b0\u1edbng ch\u0103m s\u00f3c c\u00f3 th\u1ec3 bao g\u1ed3m:<\/p>\n<ul data-start=\"1424\" data-end=\"1827\">\n<li data-start=\"1424\" data-end=\"1508\">\n<p data-start=\"1426\" data-end=\"1508\"><strong data-start=\"1426\" data-end=\"1442\">Hydroquinone<\/strong> d\u1ea1ng kem ho\u1eb7c dung d\u1ecbch b\u00f4i ngo\u00e0i da (theo ch\u1ec9 \u0111\u1ecbnh c\u1ee7a b\u00e1c s\u0129)<\/p>\n<\/li>\n<li data-start=\"1509\" data-end=\"1577\">\n<p data-start=\"1511\" data-end=\"1577\"><strong data-start=\"1511\" data-end=\"1524\">Tretinoin<\/strong> v\u00e0 m\u1ed9t s\u1ed1 ho\u1ea1t ch\u1ea5t ph\u1ed1i h\u1ee3p theo h\u01b0\u1edbng d\u1eabn y khoa<\/p>\n<\/li>\n<li data-start=\"1578\" data-end=\"1614\">\n<p data-start=\"1580\" data-end=\"1614\"><strong data-start=\"1580\" data-end=\"1612\">Azelaic acid ho\u1eb7c Kojic acid<\/strong><\/p>\n<\/li>\n<li data-start=\"1615\" data-end=\"1827\">\n<p data-start=\"1617\" data-end=\"1827\">N\u1ebfu c\u00e1c l\u1ef1a ch\u1ecdn tr\u00ean ch\u01b0a ph\u00f9 h\u1ee3p, b\u00e1c s\u0129 c\u00f3 th\u1ec3 th\u1ea3o lu\u1eadn v\u1ec1 c\u00e1c quy tr\u00ecnh ch\u0103m s\u00f3c kh\u00e1c nh\u01b0 peel da b\u1eb1ng glycolic acid ho\u1eb7c c\u00e1c li\u1ec7u ph\u00e1p n\u0103ng l\u01b0\u1ee3ng nh\u01b0 laser Pastelle\/Nd-YAG ho\u1eb7c IPL (t\u00f9y \u0111\u00e1nh gi\u00e1 l\u00e2m s\u00e0ng)<\/p>\n<\/li>\n<\/ul>\n<p data-start=\"1829\" data-end=\"1881\">M\u1ed9t s\u1ed1 ph\u01b0\u01a1ng ph\u00e1p h\u1ed7 tr\u1ee3 kh\u00e1c c\u00f3 th\u1ec3 \u0111\u01b0\u1ee3c c\u00e2n nh\u1eafc:<\/p>\n<ul data-start=\"1883\" data-end=\"2015\">\n<li data-start=\"1883\" data-end=\"1920\">\n<p data-start=\"1885\" data-end=\"1920\"><strong data-start=\"1885\" data-end=\"1918\">Cyklokapron k\u1ebft h\u1ee3p vitamin C<\/strong><\/p>\n<\/li>\n<li data-start=\"1921\" data-end=\"2015\">\n<p data-start=\"1923\" data-end=\"2015\"><strong data-start=\"1923\" data-end=\"1943\">Tinh th\u1ec3 c\u00e0 chua<\/strong> ch\u1ee9a L-Cysteine \u2013 s\u1eed d\u1ee5ng nh\u01b0 m\u1ed9t s\u1ea3n ph\u1ea9m b\u1ed5 sung theo nhu c\u1ea7u c\u00e1 nh\u00e2n<\/p>\n<\/li>\n<\/ul>\n<h2 data-start=\"2017\" data-end=\"2043\"><strong data-start=\"2020\" data-end=\"2043\">Theo d\u00f5i v\u00e0 duy tr\u00ec<\/strong><\/h2>\n<p data-start=\"2045\" data-end=\"2149\">K\u1ebft qu\u1ea3 thay \u0111\u1ed5i t\u00f9y t\u1eebng ng\u01b0\u1eddi. M\u1ed9t s\u1ed1 tr\u01b0\u1eddng h\u1ee3p c\u00f3 th\u1ec3 th\u1ea5y c\u1ea3i thi\u1ec7n sau v\u00e0i th\u00e1ng ch\u0103m s\u00f3c \u1ed5n \u0111\u1ecbnh.<\/p>\n<p data-start=\"2151\" data-end=\"2208\">Sau khi v\u00f9ng da \u0111\u1ec1u m\u00e0u h\u01a1n, vi\u1ec7c duy tr\u00ec r\u1ea5t quan tr\u1ecdng:<\/p>\n<ul data-start=\"2210\" data-end=\"2543\">\n<li data-start=\"2210\" data-end=\"2270\">\n<p data-start=\"2212\" data-end=\"2270\">Thoa kem ch\u1ed1ng n\u1eafng SPF 30+ m\u1ed7i ng\u00e0y, k\u1ec3 c\u1ea3 khi tr\u1eddi m\u00e1t<\/p>\n<\/li>\n<li data-start=\"2271\" data-end=\"2340\">\n<p data-start=\"2273\" data-end=\"2340\">Thoa l\u1ea1i sau 2 ti\u1ebfng khi \u1edf ngo\u00e0i n\u1eafng, ho\u1eb7c sau khi b\u01a1i\/\u0111\u1ed5 m\u1ed3 h\u00f4i<\/p>\n<\/li>\n<li data-start=\"2341\" data-end=\"2374\">\n<p data-start=\"2343\" data-end=\"2374\">\u0110eo m\u0169 r\u1ed9ng v\u00e0nh khi ra ngo\u00e0i<\/p>\n<\/li>\n<li data-start=\"2375\" data-end=\"2429\">\n<p data-start=\"2377\" data-end=\"2429\">D\u00f9ng s\u1ea3n ph\u1ea9m ch\u0103m s\u00f3c d\u1ecbu nh\u1eb9, kh\u00f4ng g\u00e2y k\u00edch \u1ee9ng<\/p>\n<\/li>\n<li data-start=\"2430\" data-end=\"2543\">\n<p data-start=\"2432\" data-end=\"2543\">Tr\u00e1nh c\u1ea1o ho\u1eb7c nh\u1ed5 l\u00f4ng t\u1ea1i v\u00f9ng \u0111ang b\u1ecb n\u00e1m; n\u1ebfu c\u1ea7n, b\u00e1c s\u0129 c\u00f3 th\u1ec3 t\u01b0 v\u1ea5n ph\u01b0\u01a1ng ph\u00e1p ph\u00f9 h\u1ee3p h\u01a1n (nh\u01b0 laser)<\/p>\n<\/li>\n<\/ul>\n<p><img decoding=\"async\" class=\"lazyload aligncenter size-full\" src=\"data:image\/svg+xml,%3Csvg%20xmlns%3D%27http%3A%2F%2Fwww.w3.org%2F2000%2Fsvg%27%20width%3D%271378%27%20height%3D%27647%27%20viewBox%3D%270%200%201378%20647%27%3E%3Crect%20width%3D%271378%27%20height%3D%27647%27%20fill-opacity%3D%220%22%2F%3E%3C%2Fsvg%3E\" data-orig-src=\"https:\/\/hemac.com.au\/wp-content\/uploads\/pigmentations2.jpg\" alt=\"\" \/><br \/>\n<img decoding=\"async\" class=\"lazyload aligncenter size-full\" src=\"data:image\/svg+xml,%3Csvg%20xmlns%3D%27http%3A%2F%2Fwww.w3.org%2F2000%2Fsvg%27%20width%3D%271378%27%20height%3D%27689%27%20viewBox%3D%270%200%201378%20689%27%3E%3Crect%20width%3D%271378%27%20height%3D%27689%27%20fill-opacity%3D%220%22%2F%3E%3C%2Fsvg%3E\" data-orig-src=\"https:\/\/hemac.com.au\/wp-content\/uploads\/pigmentations3.jpg\" alt=\"\" \/><br \/>\n<img decoding=\"async\" class=\"lazyload aligncenter size-full\" src=\"data:image\/svg+xml,%3Csvg%20xmlns%3D%27http%3A%2F%2Fwww.w3.org%2F2000%2Fsvg%27%20width%3D%271381%27%20height%3D%27664%27%20viewBox%3D%270%200%201381%20664%27%3E%3Crect%20width%3D%271381%27%20height%3D%27664%27%20fill-opacity%3D%220%22%2F%3E%3C%2Fsvg%3E\" data-orig-src=\"https:\/\/hemac.com.au\/wp-content\/uploads\/pigmentations4.jpg\" alt=\"\" \/><br \/>\n<img decoding=\"async\" class=\"lazyload aligncenter size-full\" src=\"data:image\/svg+xml,%3Csvg%20xmlns%3D%27http%3A%2F%2Fwww.w3.org%2F2000%2Fsvg%27%20width%3D%271600%27%20height%3D%27800%27%20viewBox%3D%270%200%201600%20800%27%3E%3Crect%20width%3D%271600%27%20height%3D%27800%27%20fill-opacity%3D%220%22%2F%3E%3C%2Fsvg%3E\" data-orig-src=\"https:\/\/hemac.com.au\/wp-content\/uploads\/pigmentations5.jpg\" alt=\"\" \/><br \/>\n<img decoding=\"async\" class=\"lazyload aligncenter size-full\" src=\"data:image\/svg+xml,%3Csvg%20xmlns%3D%27http%3A%2F%2Fwww.w3.org%2F2000%2Fsvg%27%20width%3D%271381%27%20height%3D%27739%27%20viewBox%3D%270%200%201381%20739%27%3E%3Crect%20width%3D%271381%27%20height%3D%27739%27%20fill-opacity%3D%220%22%2F%3E%3C%2Fsvg%3E\" data-orig-src=\"https:\/\/hemac.com.au\/wp-content\/uploads\/pigmentations6.jpg\" alt=\"\" \/><br \/>\n<img decoding=\"async\" class=\"lazyload aligncenter size-full\" src=\"data:image\/svg+xml,%3Csvg%20xmlns%3D%27http%3A%2F%2Fwww.w3.org%2F2000%2Fsvg%27%20width%3D%271378%27%20height%3D%27640%27%20viewBox%3D%270%200%201378%20640%27%3E%3Crect%20width%3D%271378%27%20height%3D%27640%27%20fill-opacity%3D%220%22%2F%3E%3C%2Fsvg%3E\" data-orig-src=\"https:\/\/hemac.com.au\/wp-content\/uploads\/pigmentations7.jpg\" alt=\"\" \/><\/p>\n<\/div><div class=\"fusion-sep-clear\"><\/div><div class=\"fusion-separator fusion-full-width-sep\" style=\"margin-left: auto;margin-right: auto;margin-top:20px;margin-bottom:50px;width:100%;\"><\/div><div class=\"fusion-sep-clear\"><\/div><div class=\"fusion-clearfix\"><\/div><\/div><\/div><\/div><\/div>\n","protected":false},"excerpt":{"rendered":"","protected":false},"author":1,"featured_media":0,"parent":2218,"menu_order":0,"comment_status":"open","ping_status":"open","template":"100-width.php","meta":{"footnotes":""},"class_list":["post-2198","page","type-page","status-publish","hentry"],"yoast_head":"<!-- This site is optimized with the Yoast SEO plugin v26.6 - https:\/\/yoast.com\/wordpress\/plugins\/seo\/ -->\n<title>T\u00e0n nhang vi\u1ebft nh\u00e1m tr\u00ean da | M\u1eb7t | Y Khoa &amp; Th\u1ea9m M\u1ef9 Hawthorn East (HEMAC)<\/title>\n<meta name=\"robots\" content=\"index, follow, max-snippet:-1, max-image-preview:large, max-video-preview:-1\" \/>\n<link rel=\"canonical\" href=\"https:\/\/hemac.com.au\/vi\/aesthetic-skin\/face\/pigmentations-brown-marks-melasma\/\" \/>\n<meta property=\"og:locale\" content=\"vi_VN\" \/>\n<meta property=\"og:type\" content=\"article\" \/>\n<meta property=\"og:title\" content=\"T\u00e0n nhang vi\u1ebft nh\u00e1m tr\u00ean da | M\u1eb7t | Y Khoa &amp; Th\u1ea9m M\u1ef9 Hawthorn East (HEMAC)\" \/>\n<meta property=\"og:url\" content=\"https:\/\/hemac.com.au\/vi\/aesthetic-skin\/face\/pigmentations-brown-marks-melasma\/\" \/>\n<meta property=\"og:site_name\" content=\"Hawthorn East Medical &amp; Aesthetic Clinic\" \/>\n<meta property=\"article:publisher\" content=\"https:\/\/www.facebook.com\/562018927210986\/\" \/>\n<meta property=\"article:modified_time\" content=\"2025-11-19T10:27:17+00:00\" \/>\n<meta property=\"og:image\" content=\"https:\/\/hemac.com.au\/wp-content\/uploads\/pigmentations1.jpg\" \/>\n<meta name=\"twitter:card\" content=\"summary_large_image\" \/>\n<meta name=\"twitter:label1\" content=\"Est. reading time\" \/>\n\t<meta name=\"twitter:data1\" content=\"4 minutes\" \/>\n<script type=\"application\/ld+json\" class=\"yoast-schema-graph\">{\"@context\":\"https:\/\/schema.org\",\"@graph\":[{\"@type\":\"WebPage\",\"@id\":\"https:\/\/hemac.com.au\/vi\/aesthetic-skin\/face\/pigmentations-brown-marks-melasma\/\",\"url\":\"https:\/\/hemac.com.au\/vi\/aesthetic-skin\/face\/pigmentations-brown-marks-melasma\/\",\"name\":\"T\u00e0n nhang vi\u1ebft nh\u00e1m tr\u00ean da | M\u1eb7t | Y Khoa & Th\u1ea9m M\u1ef9 Hawthorn East (HEMAC)\",\"isPartOf\":{\"@id\":\"https:\/\/hemac.com.au\/vi\/#website\"},\"primaryImageOfPage\":{\"@id\":\"https:\/\/hemac.com.au\/vi\/aesthetic-skin\/face\/pigmentations-brown-marks-melasma\/#primaryimage\"},\"image\":{\"@id\":\"https:\/\/hemac.com.au\/vi\/aesthetic-skin\/face\/pigmentations-brown-marks-melasma\/#primaryimage\"},\"thumbnailUrl\":\"https:\/\/hemac.com.au\/wp-content\/uploads\/pigmentations1.jpg\",\"datePublished\":\"2020-09-06T09:45:16+00:00\",\"dateModified\":\"2025-11-19T10:27:17+00:00\",\"breadcrumb\":{\"@id\":\"https:\/\/hemac.com.au\/vi\/aesthetic-skin\/face\/pigmentations-brown-marks-melasma\/#breadcrumb\"},\"inLanguage\":\"vi-VN\",\"potentialAction\":[{\"@type\":\"ReadAction\",\"target\":[\"https:\/\/hemac.com.au\/vi\/aesthetic-skin\/face\/pigmentations-brown-marks-melasma\/\"]}]},{\"@type\":\"ImageObject\",\"inLanguage\":\"vi-VN\",\"@id\":\"https:\/\/hemac.com.au\/vi\/aesthetic-skin\/face\/pigmentations-brown-marks-melasma\/#primaryimage\",\"url\":\"https:\/\/hemac.com.au\/wp-content\/uploads\/pigmentations1.jpg\",\"contentUrl\":\"https:\/\/hemac.com.au\/wp-content\/uploads\/pigmentations1.jpg\"},{\"@type\":\"BreadcrumbList\",\"@id\":\"https:\/\/hemac.com.au\/vi\/aesthetic-skin\/face\/pigmentations-brown-marks-melasma\/#breadcrumb\",\"itemListElement\":[{\"@type\":\"ListItem\",\"position\":1,\"name\":\"Home\",\"item\":\"https:\/\/hemac.com.au\/vi\/\"},{\"@type\":\"ListItem\",\"position\":2,\"name\":\"TH\u1ea8M M\u1ef8 &#038; DA\",\"item\":\"https:\/\/hemac.com.au\/vi\/aesthetic-skin\/\"},{\"@type\":\"ListItem\",\"position\":3,\"name\":\"\u9762\u90e8\",\"item\":\"https:\/\/hemac.com.au\/vi\/aesthetic-skin\/face\/\"},{\"@type\":\"ListItem\",\"position\":4,\"name\":\"T\u00e0n nhang vi\u1ebft nh\u00e1m tr\u00ean da\"}]},{\"@type\":\"WebSite\",\"@id\":\"https:\/\/hemac.com.au\/vi\/#website\",\"url\":\"https:\/\/hemac.com.au\/vi\/\",\"name\":\"Hawthorn East Medical & Aesthetic Clinic\",\"description\":\"\",\"publisher\":{\"@id\":\"https:\/\/hemac.com.au\/vi\/#organization\"},\"alternateName\":\"HEMAC\",\"potentialAction\":[{\"@type\":\"SearchAction\",\"target\":{\"@type\":\"EntryPoint\",\"urlTemplate\":\"https:\/\/hemac.com.au\/vi\/?s={search_term_string}\"},\"query-input\":{\"@type\":\"PropertyValueSpecification\",\"valueRequired\":true,\"valueName\":\"search_term_string\"}}],\"inLanguage\":\"vi-VN\"},{\"@type\":\"Organization\",\"@id\":\"https:\/\/hemac.com.au\/vi\/#organization\",\"name\":\"Hawthorn East Medical & Aesthetic Clinic\",\"alternateName\":\"HEMAC\",\"url\":\"https:\/\/hemac.com.au\/vi\/\",\"logo\":{\"@type\":\"ImageObject\",\"inLanguage\":\"vi-VN\",\"@id\":\"https:\/\/hemac.com.au\/vi\/#\/schema\/logo\/image\/\",\"url\":\"https:\/\/hemac.com.au\/wp-content\/uploads\/HEMAC-697x697-1.jpg\",\"contentUrl\":\"https:\/\/hemac.com.au\/wp-content\/uploads\/HEMAC-697x697-1.jpg\",\"width\":697,\"height\":697,\"caption\":\"Hawthorn East Medical & Aesthetic Clinic\"},\"image\":{\"@id\":\"https:\/\/hemac.com.au\/vi\/#\/schema\/logo\/image\/\"},\"sameAs\":[\"https:\/\/www.facebook.com\/562018927210986\/\",\"https:\/\/www.facebook.com\/hemacskinclinic\/\",\"https:\/\/www.instagram.com\/hemac_aesthetics\/\"]}]}<\/script>\n<!-- \/ Yoast SEO plugin. -->","yoast_head_json":{"title":"T\u00e0n nhang vi\u1ebft nh\u00e1m tr\u00ean da | M\u1eb7t | Y Khoa & Th\u1ea9m M\u1ef9 Hawthorn East (HEMAC)","robots":{"index":"index","follow":"follow","max-snippet":"max-snippet:-1","max-image-preview":"max-image-preview:large","max-video-preview":"max-video-preview:-1"},"canonical":"https:\/\/hemac.com.au\/vi\/aesthetic-skin\/face\/pigmentations-brown-marks-melasma\/","og_locale":"vi_VN","og_type":"article","og_title":"T\u00e0n nhang vi\u1ebft nh\u00e1m tr\u00ean da | M\u1eb7t | Y Khoa & Th\u1ea9m M\u1ef9 Hawthorn East (HEMAC)","og_url":"https:\/\/hemac.com.au\/vi\/aesthetic-skin\/face\/pigmentations-brown-marks-melasma\/","og_site_name":"Hawthorn East Medical &amp; Aesthetic Clinic","article_publisher":"https:\/\/www.facebook.com\/562018927210986\/","article_modified_time":"2025-11-19T10:27:17+00:00","og_image":[{"url":"https:\/\/hemac.com.au\/wp-content\/uploads\/pigmentations1.jpg","type":"","width":"","height":""}],"twitter_card":"summary_large_image","twitter_misc":{"Est. reading time":"4 minutes"},"schema":{"@context":"https:\/\/schema.org","@graph":[{"@type":"WebPage","@id":"https:\/\/hemac.com.au\/vi\/aesthetic-skin\/face\/pigmentations-brown-marks-melasma\/","url":"https:\/\/hemac.com.au\/vi\/aesthetic-skin\/face\/pigmentations-brown-marks-melasma\/","name":"T\u00e0n nhang vi\u1ebft nh\u00e1m tr\u00ean da | M\u1eb7t | Y Khoa & Th\u1ea9m M\u1ef9 Hawthorn East (HEMAC)","isPartOf":{"@id":"https:\/\/hemac.com.au\/vi\/#website"},"primaryImageOfPage":{"@id":"https:\/\/hemac.com.au\/vi\/aesthetic-skin\/face\/pigmentations-brown-marks-melasma\/#primaryimage"},"image":{"@id":"https:\/\/hemac.com.au\/vi\/aesthetic-skin\/face\/pigmentations-brown-marks-melasma\/#primaryimage"},"thumbnailUrl":"https:\/\/hemac.com.au\/wp-content\/uploads\/pigmentations1.jpg","datePublished":"2020-09-06T09:45:16+00:00","dateModified":"2025-11-19T10:27:17+00:00","breadcrumb":{"@id":"https:\/\/hemac.com.au\/vi\/aesthetic-skin\/face\/pigmentations-brown-marks-melasma\/#breadcrumb"},"inLanguage":"vi-VN","potentialAction":[{"@type":"ReadAction","target":["https:\/\/hemac.com.au\/vi\/aesthetic-skin\/face\/pigmentations-brown-marks-melasma\/"]}]},{"@type":"ImageObject","inLanguage":"vi-VN","@id":"https:\/\/hemac.com.au\/vi\/aesthetic-skin\/face\/pigmentations-brown-marks-melasma\/#primaryimage","url":"https:\/\/hemac.com.au\/wp-content\/uploads\/pigmentations1.jpg","contentUrl":"https:\/\/hemac.com.au\/wp-content\/uploads\/pigmentations1.jpg"},{"@type":"BreadcrumbList","@id":"https:\/\/hemac.com.au\/vi\/aesthetic-skin\/face\/pigmentations-brown-marks-melasma\/#breadcrumb","itemListElement":[{"@type":"ListItem","position":1,"name":"Home","item":"https:\/\/hemac.com.au\/vi\/"},{"@type":"ListItem","position":2,"name":"TH\u1ea8M M\u1ef8 &#038; DA","item":"https:\/\/hemac.com.au\/vi\/aesthetic-skin\/"},{"@type":"ListItem","position":3,"name":"\u9762\u90e8","item":"https:\/\/hemac.com.au\/vi\/aesthetic-skin\/face\/"},{"@type":"ListItem","position":4,"name":"T\u00e0n nhang vi\u1ebft nh\u00e1m tr\u00ean da"}]},{"@type":"WebSite","@id":"https:\/\/hemac.com.au\/vi\/#website","url":"https:\/\/hemac.com.au\/vi\/","name":"Hawthorn East Medical & Aesthetic Clinic","description":"","publisher":{"@id":"https:\/\/hemac.com.au\/vi\/#organization"},"alternateName":"HEMAC","potentialAction":[{"@type":"SearchAction","target":{"@type":"EntryPoint","urlTemplate":"https:\/\/hemac.com.au\/vi\/?s={search_term_string}"},"query-input":{"@type":"PropertyValueSpecification","valueRequired":true,"valueName":"search_term_string"}}],"inLanguage":"vi-VN"},{"@type":"Organization","@id":"https:\/\/hemac.com.au\/vi\/#organization","name":"Hawthorn East Medical & Aesthetic Clinic","alternateName":"HEMAC","url":"https:\/\/hemac.com.au\/vi\/","logo":{"@type":"ImageObject","inLanguage":"vi-VN","@id":"https:\/\/hemac.com.au\/vi\/#\/schema\/logo\/image\/","url":"https:\/\/hemac.com.au\/wp-content\/uploads\/HEMAC-697x697-1.jpg","contentUrl":"https:\/\/hemac.com.au\/wp-content\/uploads\/HEMAC-697x697-1.jpg","width":697,"height":697,"caption":"Hawthorn East Medical & Aesthetic Clinic"},"image":{"@id":"https:\/\/hemac.com.au\/vi\/#\/schema\/logo\/image\/"},"sameAs":["https:\/\/www.facebook.com\/562018927210986\/","https:\/\/www.facebook.com\/hemacskinclinic\/","https:\/\/www.instagram.com\/hemac_aesthetics\/"]}]}},"_links":{"self":[{"href":"https:\/\/hemac.com.au\/vi\/wp-json\/wp\/v2\/pages\/2198","targetHints":{"allow":["GET"]}}],"collection":[{"href":"https:\/\/hemac.com.au\/vi\/wp-json\/wp\/v2\/pages"}],"about":[{"href":"https:\/\/hemac.com.au\/vi\/wp-json\/wp\/v2\/types\/page"}],"author":[{"embeddable":true,"href":"https:\/\/hemac.com.au\/vi\/wp-json\/wp\/v2\/users\/1"}],"replies":[{"embeddable":true,"href":"https:\/\/hemac.com.au\/vi\/wp-json\/wp\/v2\/comments?post=2198"}],"version-history":[{"count":1,"href":"https:\/\/hemac.com.au\/vi\/wp-json\/wp\/v2\/pages\/2198\/revisions"}],"predecessor-version":[{"id":3319,"href":"https:\/\/hemac.com.au\/vi\/wp-json\/wp\/v2\/pages\/2198\/revisions\/3319"}],"up":[{"embeddable":true,"href":"https:\/\/hemac.com.au\/vi\/wp-json\/wp\/v2\/pages\/2218"}],"wp:attachment":[{"href":"https:\/\/hemac.com.au\/vi\/wp-json\/wp\/v2\/media?parent=2198"}],"curies":[{"name":"wp","href":"https:\/\/api.w.org\/{rel}","templated":true}]}}