{"id":2209,"date":"2020-09-06T19:06:13","date_gmt":"2020-09-06T09:06:13","guid":{"rendered":"https:\/\/www.hemac.com.au\/aesthetic-skin\/vaginal-tightening\/"},"modified":"2025-11-19T21:39:12","modified_gmt":"2025-11-19T10:39:12","slug":"vaginal-tightening","status":"publish","type":"page","link":"https:\/\/hemac.com.au\/vi\/aesthetic-skin\/vaginal-tightening\/","title":{"rendered":"Thu h\u1eb9p \u00e2m \u0111\u1ea1o"},"content":{"rendered":"<div class=\"fusion-fullwidth fullwidth-box fusion-builder-row-1 nonhundred-percent-fullwidth non-hundred-percent-height-scrolling\" style=\"--awb-background-position:left top;--awb-border-sizes-top:0px;--awb-border-sizes-bottom:0px;--awb-border-sizes-left:0px;--awb-border-sizes-right:0px;--awb-border-radius-top-left:0px;--awb-border-radius-top-right:0px;--awb-border-radius-bottom-right:0px;--awb-border-radius-bottom-left:0px;--awb-padding-top:20px;--awb-padding-bottom:0px;--awb-flex-wrap:wrap;\" ><div class=\"fusion-builder-row fusion-row\"><div class=\"fusion-layout-column fusion_builder_column fusion-builder-column-0 fusion_builder_column_1_1 1_1 fusion-one-full fusion-column-first fusion-column-last fusion-column-no-min-height\" style=\"--awb-bg-size:cover;--awb-margin-bottom:0px;\"><div class=\"fusion-column-wrapper fusion-flex-column-wrapper-legacy\"><div class=\"fusion-text fusion-text-1\"><h2 data-start=\"275\" data-end=\"316\">\u0110i\u1ec1u tr\u1ecb t\u00ecnh tr\u1ea1ng \u00e2m \u0111\u1ea1o gi\u00e3n r\u1ed9ng<\/h2>\n<p data-start=\"317\" data-end=\"415\">Trong m\u1ed9t s\u1ed1 tr\u01b0\u1eddng h\u1ee3p, \u00e2m \u0111\u1ea1o c\u00f3 th\u1ec3 gi\u00e3n r\u1ed9ng do sinh n\u1edf nhi\u1ec1u l\u1ea7n ho\u1eb7c do qu\u00e1 tr\u00ecnh l\u00e3o h\u00f3a.<\/p>\n<p data-start=\"417\" data-end=\"594\">N\u1ebfu qu\u00fd v\u1ecb c\u1ea3m th\u1ea5y \u00e2m \u0111\u1ea1o qu\u00e1 r\u1ed9ng khi quan h\u1ec7, c\u1ea3m nh\u1eadn \u00edt s\u1ef1 ma s\u00e1t ho\u1eb7c gi\u1ea3m c\u1ea3m gi\u00e1c trong l\u00fac giao h\u1ee3p, th\u00ec nh\u1eefng d\u1ea5u hi\u1ec7u n\u00e0y c\u00f3 th\u1ec3 cho th\u1ea5y t\u00ecnh tr\u1ea1ng gi\u00e3n r\u1ed9ng \u00e2m \u0111\u1ea1o.<\/p>\n<h2 data-start=\"596\" data-end=\"618\">S\u1ef1 l\u00e3o h\u00f3a \u00e2m \u0111\u1ea1o<\/h2>\n<p data-start=\"619\" data-end=\"975\">Theo th\u1eddi gian, \u00e2m \u0111\u1ea1o c\u00f3 th\u1ec3 b\u1ecb l\u00e3o h\u00f3a v\u00e0 h\u1ec7 ti\u1ebft ni\u1ec7u c\u0169ng thay \u0111\u1ed5i do thi\u1ebfu h\u1ee5t n\u1ed9i ti\u1ebft t\u1ed1. T\u00ecnh tr\u1ea1ng n\u00e0y \u1ea3nh h\u01b0\u1edfng \u0111\u1ebfn kho\u1ea3ng 40% ph\u1ee5 n\u1eef sau m\u00e3n kinh. Kh\u00f4ng gi\u1ed1ng nh\u1eefng tri\u1ec7u ch\u1ee9ng nh\u01b0 b\u1ed1c h\u1ecfa v\u1ed1n c\u00f3 th\u1ec3 thuy\u00ean gi\u1ea3m, l\u00e3o h\u00f3a \u00e2m \u0111\u1ea1o th\u01b0\u1eddng n\u1eb7ng d\u1ea7n theo th\u1eddi gian, g\u00e2y kh\u00f3 ch\u1ecbu, c\u0103ng th\u1eb3ng v\u00e0 \u1ea3nh h\u01b0\u1edfng \u0111\u1ebfn \u0111\u1eddi s\u1ed1ng v\u1ee3 ch\u1ed3ng c\u0169ng nh\u01b0 c\u1ea3m x\u00fac c\u00e1 nh\u00e2n.<\/p>\n<h2 data-start=\"977\" data-end=\"999\">L\u1ef1a ch\u1ecdn \u0111i\u1ec1u tr\u1ecb<\/h2>\n<p data-start=\"1000\" data-end=\"1139\">Tr\u01b0\u1edbc \u0111\u00e2y, ph\u01b0\u01a1ng ph\u00e1p th\u01b0\u1eddng d\u00f9ng cho t\u00ecnh tr\u1ea1ng n\u00e0y l\u00e0 n\u1ed9i ti\u1ebft t\u1ed1 ho\u1eb7c ph\u1eabu thu\u1eadt, nh\u01b0ng c\u1ea3 hai \u0111\u1ec1u c\u00f3 th\u1ec3 \u0111i k\u00e8m nh\u1eefng y\u1ebfu t\u1ed1 ph\u1ee9c t\u1ea1p.<\/p>\n<h2 data-start=\"1141\" data-end=\"1186\">Lotus Gyno Laser \u2013 \u0110i\u1ec1u tr\u1ecb nh\u01b0 th\u1ebf n\u00e0o?<\/h2>\n<p data-start=\"1187\" data-end=\"1646\">Lotus Gyno Laser l\u00e0 c\u00f4ng ngh\u1ec7 hi\u1ec7n \u0111\u1ea1i h\u1ed7 tr\u1ee3 thu h\u1eb9p \u00e2m \u0111\u1ea1o m\u1ed9t c\u00e1ch an to\u00e0n. N\u0103ng l\u01b0\u1ee3ng nhi\u1ec7t \u0111\u01b0\u1ee3c truy\u1ec1n v\u00e0o m\u00f4 b\u00ean trong v\u1edbi \u0111\u1ed9 ch\u00ednh x\u00e1c cao, kh\u00e1c bi\u1ec7t so v\u1edbi c\u00e1c lo\u1ea1i tia laser th\u00f4ng th\u01b0\u1eddng. Nhi\u1ec7t l\u01b0\u1ee3ng \u0111\u01b0\u1ee3c ki\u1ec3m so\u00e1t gi\u00fap k\u00edch th\u00edch t\u00e1i t\u1ea1o t\u1ebf b\u00e0o v\u00e0 t\u0103ng c\u01b0\u1eddng c\u1ea5u tr\u00fac m\u00f4.<br data-start=\"1468\" data-end=\"1471\" \/>Ch\u1ec9 sau m\u1ed9t l\u1ea7n \u0111i\u1ec1u tr\u1ecb, th\u1eddi gian th\u1ef1c hi\u1ec7n \u0111\u01b0\u1ee3c r\u00fat ng\u1eafn \u0111\u00e1ng k\u1ec3 v\u00e0 thu\u1eadn ti\u1ec7n cho b\u1ec7nh nh\u00e2n. Trong v\u00e0i tu\u1ea7n sau \u0111\u00f3, \u0111\u1ed9 \u1ea9m, tu\u1ea7n ho\u00e0n m\u00e1u v\u00e0 \u0111\u1ed9 \u0111\u00e0n h\u1ed3i s\u1ebd c\u1ea3i thi\u1ec7n r\u00f5 r\u1ec7t.<\/p>\n<p><img decoding=\"async\" class=\"lazyload aligncenter size-full wp-image-410\" src=\"https:\/\/hemac.com.au\/wp-content\/uploads\/hemac-aesthetic-skin-vaginal-tightening2.jpg\" data-orig-src=\"https:\/\/hemac.com.au\/wp-content\/uploads\/hemac-aesthetic-skin-vaginal-tightening2.jpg\" alt=\"hemac-aesthetic-skin-vaginal-tightening2\" width=\"500\" height=\"204\" srcset=\"data:image\/svg+xml,%3Csvg%20xmlns%3D%27http%3A%2F%2Fwww.w3.org%2F2000%2Fsvg%27%20width%3D%27500%27%20height%3D%27204%27%20viewBox%3D%270%200%20500%20204%27%3E%3Crect%20width%3D%27500%27%20height%3D%27204%27%20fill-opacity%3D%220%22%2F%3E%3C%2Fsvg%3E\" data-srcset=\"https:\/\/hemac.com.au\/wp-content\/uploads\/hemac-aesthetic-skin-vaginal-tightening2-300x122.jpg 300w, https:\/\/hemac.com.au\/wp-content\/uploads\/hemac-aesthetic-skin-vaginal-tightening2.jpg 500w\" data-sizes=\"auto\" data-orig-sizes=\"(max-width: 500px) 100vw, 500px\" \/><\/p>\n<h2 data-start=\"1648\" data-end=\"1676\">L\u1ee3i \u00edch c\u1ee7a ph\u01b0\u01a1ng ph\u00e1p<\/h2>\n<p data-start=\"1677\" data-end=\"1960\">Ph\u01b0\u01a1ng ph\u00e1p n\u00e0y h\u1ed7 tr\u1ee3 trong c\u00e1c v\u1ea5n \u0111\u1ec1 ph\u1ee5 khoa nh\u01b0 thu h\u1eb9p \u00e2m \u0111\u1ea1o ho\u1eb7c c\u1ea3i thi\u1ec7n t\u00ecnh tr\u1ea1ng ti\u1ec3u kh\u00f4ng ki\u1ec3m so\u00e1t. Ch\u1ec9 v\u1edbi kho\u1ea3ng n\u0103m ph\u00fat \u0111i\u1ec1u tr\u1ecb, laser k\u00edch th\u00edch t\u00e1i t\u1ea1o m\u00f4, t\u0103ng s\u1ee9c co th\u1eaft v\u00e0 c\u1ea3i thi\u1ec7n l\u01b0u l\u01b0\u1ee3ng m\u00e1u, gi\u00fap n\u00e2ng cao ch\u1ea5t l\u01b0\u1ee3ng cu\u1ed9c s\u1ed1ng sinh ho\u1ea1t c\u1ee7a b\u1ec7nh nh\u00e2n.<\/p>\n<h2 data-start=\"1962\" data-end=\"1994\">Ph\u01b0\u01a1ng ph\u00e1p n\u00e0y c\u00f3 ph\u00f9 h\u1ee3p?<\/h2>\n<p data-start=\"1995\" data-end=\"2202\">Li\u1ec7u tr\u00ecnh ph\u00f9 h\u1ee3p v\u1edbi nh\u1eefng ng\u01b0\u1eddi g\u1eb7p t\u00ecnh tr\u1ea1ng gi\u00e3n c\u01a1 b\u00ean trong \u00e2m \u0111\u1ea1o. B\u00e1c s\u0129 n\u1eef s\u1ebd tr\u1ef1c ti\u1ebfp th\u0103m kh\u00e1m, l\u1ea5y m\u1eabu x\u00e9t nghi\u1ec7m khi c\u1ea7n thi\u1ebft v\u00e0 c\u00f3 th\u1ec3 th\u1ef1c hi\u1ec7n x\u00e9t nghi\u1ec7m m\u00e1u \u0111\u1ec3 \u0111\u00e1nh gi\u00e1 n\u1ed3ng \u0111\u1ed9 n\u1ed9i ti\u1ebft.<\/p>\n<h2 data-start=\"2204\" data-end=\"2227\">Th\u1eddi gian h\u1ed3i ph\u1ee5c<\/h2>\n<p data-start=\"2228\" data-end=\"2293\">B\u1ec7nh nh\u00e2n c\u00f3 th\u1ec3 tr\u1edf l\u1ea1i sinh ho\u1ea1t b\u00ecnh th\u01b0\u1eddng ngay sau \u0111i\u1ec1u tr\u1ecb.<\/p>\n<h2 data-start=\"2295\" data-end=\"2323\">L\u1ecbch \u0111i\u1ec1u tr\u1ecb ti\u1ebfp theo<\/h2>\n<p data-start=\"2324\" data-end=\"2386\">Th\u00f4ng th\u01b0\u1eddng c\u1ea7n hai bu\u1ed5i \u0111i\u1ec1u tr\u1ecb, c\u00e1ch nhau kho\u1ea3ng b\u1ed1n tu\u1ea7n.<\/p>\n<p><img decoding=\"async\" class=\"lazyload aligncenter size-full wp-image-408\" src=\"https:\/\/hemac.com.au\/wp-content\/uploads\/hemac-aesthetic-skin-vaginal-tightening3.jpg\" data-orig-src=\"https:\/\/hemac.com.au\/wp-content\/uploads\/hemac-aesthetic-skin-vaginal-tightening3.jpg\" alt=\"hemac-aesthetic-skin-vaginal-tightening3\" width=\"500\" height=\"204\" srcset=\"data:image\/svg+xml,%3Csvg%20xmlns%3D%27http%3A%2F%2Fwww.w3.org%2F2000%2Fsvg%27%20width%3D%27500%27%20height%3D%27204%27%20viewBox%3D%270%200%20500%20204%27%3E%3Crect%20width%3D%27500%27%20height%3D%27204%27%20fill-opacity%3D%220%22%2F%3E%3C%2Fsvg%3E\" data-srcset=\"https:\/\/hemac.com.au\/wp-content\/uploads\/hemac-aesthetic-skin-vaginal-tightening3-300x122.jpg 300w, https:\/\/hemac.com.au\/wp-content\/uploads\/hemac-aesthetic-skin-vaginal-tightening3.jpg 500w\" data-sizes=\"auto\" data-orig-sizes=\"(max-width: 500px) 100vw, 500px\" \/><\/p>\n<\/div><div class=\"fusion-sep-clear\"><\/div><div class=\"fusion-separator fusion-full-width-sep\" style=\"margin-left: auto;margin-right: auto;margin-top:20px;margin-bottom:50px;width:100%;\"><\/div><div class=\"fusion-sep-clear\"><\/div><div class=\"fusion-clearfix\"><\/div><\/div><\/div><\/div><\/div>\n","protected":false},"excerpt":{"rendered":"","protected":false},"author":1,"featured_media":0,"parent":2077,"menu_order":0,"comment_status":"closed","ping_status":"closed","template":"","meta":{"footnotes":""},"class_list":["post-2209","page","type-page","status-publish","hentry"],"yoast_head":"<!-- This site is optimized with the Yoast SEO plugin v26.6 - https:\/\/yoast.com\/wordpress\/plugins\/seo\/ -->\n<title>Thu h\u1eb9p \u00e2m \u0111\u1ea1o | Y Khoa &amp; Th\u1ea9m M\u1ef9 Hawthorn East (HEMAC)<\/title>\n<meta name=\"robots\" content=\"index, follow, max-snippet:-1, max-image-preview:large, max-video-preview:-1\" \/>\n<link rel=\"canonical\" href=\"https:\/\/hemac.com.au\/vi\/aesthetic-skin\/vaginal-tightening\/\" \/>\n<meta property=\"og:locale\" content=\"vi_VN\" \/>\n<meta property=\"og:type\" content=\"article\" \/>\n<meta property=\"og:title\" content=\"Thu h\u1eb9p \u00e2m \u0111\u1ea1o | Y Khoa &amp; Th\u1ea9m M\u1ef9 Hawthorn East (HEMAC)\" \/>\n<meta property=\"og:url\" content=\"https:\/\/hemac.com.au\/vi\/aesthetic-skin\/vaginal-tightening\/\" \/>\n<meta property=\"og:site_name\" content=\"Hawthorn East Medical &amp; Aesthetic Clinic\" \/>\n<meta property=\"article:publisher\" content=\"https:\/\/www.facebook.com\/562018927210986\/\" \/>\n<meta property=\"article:modified_time\" content=\"2025-11-19T10:39:12+00:00\" \/>\n<meta property=\"og:image\" content=\"https:\/\/hemac.com.au\/wp-content\/uploads\/hemac-aesthetic-skin-vaginal-tightening2.jpg\" \/>\n\t<meta property=\"og:image:width\" content=\"500\" \/>\n\t<meta property=\"og:image:height\" content=\"204\" \/>\n\t<meta property=\"og:image:type\" content=\"image\/jpeg\" \/>\n<meta name=\"twitter:card\" content=\"summary_large_image\" \/>\n<meta name=\"twitter:label1\" content=\"Est. reading time\" \/>\n\t<meta name=\"twitter:data1\" content=\"3 minutes\" \/>\n<script type=\"application\/ld+json\" class=\"yoast-schema-graph\">{\"@context\":\"https:\/\/schema.org\",\"@graph\":[{\"@type\":\"WebPage\",\"@id\":\"https:\/\/hemac.com.au\/vi\/aesthetic-skin\/vaginal-tightening\/\",\"url\":\"https:\/\/hemac.com.au\/vi\/aesthetic-skin\/vaginal-tightening\/\",\"name\":\"Thu h\u1eb9p \u00e2m \u0111\u1ea1o | Y Khoa & Th\u1ea9m M\u1ef9 Hawthorn East (HEMAC)\",\"isPartOf\":{\"@id\":\"https:\/\/hemac.com.au\/vi\/#website\"},\"primaryImageOfPage\":{\"@id\":\"https:\/\/hemac.com.au\/vi\/aesthetic-skin\/vaginal-tightening\/#primaryimage\"},\"image\":{\"@id\":\"https:\/\/hemac.com.au\/vi\/aesthetic-skin\/vaginal-tightening\/#primaryimage\"},\"thumbnailUrl\":\"https:\/\/hemac.com.au\/wp-content\/uploads\/hemac-aesthetic-skin-vaginal-tightening2.jpg\",\"datePublished\":\"2020-09-06T09:06:13+00:00\",\"dateModified\":\"2025-11-19T10:39:12+00:00\",\"breadcrumb\":{\"@id\":\"https:\/\/hemac.com.au\/vi\/aesthetic-skin\/vaginal-tightening\/#breadcrumb\"},\"inLanguage\":\"vi-VN\",\"potentialAction\":[{\"@type\":\"ReadAction\",\"target\":[\"https:\/\/hemac.com.au\/vi\/aesthetic-skin\/vaginal-tightening\/\"]}]},{\"@type\":\"ImageObject\",\"inLanguage\":\"vi-VN\",\"@id\":\"https:\/\/hemac.com.au\/vi\/aesthetic-skin\/vaginal-tightening\/#primaryimage\",\"url\":\"https:\/\/hemac.com.au\/wp-content\/uploads\/hemac-aesthetic-skin-vaginal-tightening2.jpg\",\"contentUrl\":\"https:\/\/hemac.com.au\/wp-content\/uploads\/hemac-aesthetic-skin-vaginal-tightening2.jpg\"},{\"@type\":\"BreadcrumbList\",\"@id\":\"https:\/\/hemac.com.au\/vi\/aesthetic-skin\/vaginal-tightening\/#breadcrumb\",\"itemListElement\":[{\"@type\":\"ListItem\",\"position\":1,\"name\":\"Home\",\"item\":\"https:\/\/hemac.com.au\/vi\/\"},{\"@type\":\"ListItem\",\"position\":2,\"name\":\"TH\u1ea8M M\u1ef8 &#038; DA\",\"item\":\"https:\/\/hemac.com.au\/vi\/aesthetic-skin\/\"},{\"@type\":\"ListItem\",\"position\":3,\"name\":\"Thu h\u1eb9p \u00e2m \u0111\u1ea1o\"}]},{\"@type\":\"WebSite\",\"@id\":\"https:\/\/hemac.com.au\/vi\/#website\",\"url\":\"https:\/\/hemac.com.au\/vi\/\",\"name\":\"Hawthorn East Medical & Aesthetic Clinic\",\"description\":\"\",\"publisher\":{\"@id\":\"https:\/\/hemac.com.au\/vi\/#organization\"},\"alternateName\":\"HEMAC\",\"potentialAction\":[{\"@type\":\"SearchAction\",\"target\":{\"@type\":\"EntryPoint\",\"urlTemplate\":\"https:\/\/hemac.com.au\/vi\/?s={search_term_string}\"},\"query-input\":{\"@type\":\"PropertyValueSpecification\",\"valueRequired\":true,\"valueName\":\"search_term_string\"}}],\"inLanguage\":\"vi-VN\"},{\"@type\":\"Organization\",\"@id\":\"https:\/\/hemac.com.au\/vi\/#organization\",\"name\":\"Hawthorn East Medical & Aesthetic Clinic\",\"alternateName\":\"HEMAC\",\"url\":\"https:\/\/hemac.com.au\/vi\/\",\"logo\":{\"@type\":\"ImageObject\",\"inLanguage\":\"vi-VN\",\"@id\":\"https:\/\/hemac.com.au\/vi\/#\/schema\/logo\/image\/\",\"url\":\"https:\/\/hemac.com.au\/wp-content\/uploads\/HEMAC-697x697-1.jpg\",\"contentUrl\":\"https:\/\/hemac.com.au\/wp-content\/uploads\/HEMAC-697x697-1.jpg\",\"width\":697,\"height\":697,\"caption\":\"Hawthorn East Medical & Aesthetic Clinic\"},\"image\":{\"@id\":\"https:\/\/hemac.com.au\/vi\/#\/schema\/logo\/image\/\"},\"sameAs\":[\"https:\/\/www.facebook.com\/562018927210986\/\",\"https:\/\/www.facebook.com\/hemacskinclinic\/\",\"https:\/\/www.instagram.com\/hemac_aesthetics\/\"]}]}<\/script>\n<!-- \/ Yoast SEO plugin. -->","yoast_head_json":{"title":"Thu h\u1eb9p \u00e2m \u0111\u1ea1o | Y Khoa & Th\u1ea9m M\u1ef9 Hawthorn East (HEMAC)","robots":{"index":"index","follow":"follow","max-snippet":"max-snippet:-1","max-image-preview":"max-image-preview:large","max-video-preview":"max-video-preview:-1"},"canonical":"https:\/\/hemac.com.au\/vi\/aesthetic-skin\/vaginal-tightening\/","og_locale":"vi_VN","og_type":"article","og_title":"Thu h\u1eb9p \u00e2m \u0111\u1ea1o | Y Khoa & Th\u1ea9m M\u1ef9 Hawthorn East (HEMAC)","og_url":"https:\/\/hemac.com.au\/vi\/aesthetic-skin\/vaginal-tightening\/","og_site_name":"Hawthorn East Medical &amp; Aesthetic Clinic","article_publisher":"https:\/\/www.facebook.com\/562018927210986\/","article_modified_time":"2025-11-19T10:39:12+00:00","og_image":[{"width":500,"height":204,"url":"https:\/\/hemac.com.au\/wp-content\/uploads\/hemac-aesthetic-skin-vaginal-tightening2.jpg","type":"image\/jpeg"}],"twitter_card":"summary_large_image","twitter_misc":{"Est. reading time":"3 minutes"},"schema":{"@context":"https:\/\/schema.org","@graph":[{"@type":"WebPage","@id":"https:\/\/hemac.com.au\/vi\/aesthetic-skin\/vaginal-tightening\/","url":"https:\/\/hemac.com.au\/vi\/aesthetic-skin\/vaginal-tightening\/","name":"Thu h\u1eb9p \u00e2m \u0111\u1ea1o | Y Khoa & Th\u1ea9m M\u1ef9 Hawthorn East (HEMAC)","isPartOf":{"@id":"https:\/\/hemac.com.au\/vi\/#website"},"primaryImageOfPage":{"@id":"https:\/\/hemac.com.au\/vi\/aesthetic-skin\/vaginal-tightening\/#primaryimage"},"image":{"@id":"https:\/\/hemac.com.au\/vi\/aesthetic-skin\/vaginal-tightening\/#primaryimage"},"thumbnailUrl":"https:\/\/hemac.com.au\/wp-content\/uploads\/hemac-aesthetic-skin-vaginal-tightening2.jpg","datePublished":"2020-09-06T09:06:13+00:00","dateModified":"2025-11-19T10:39:12+00:00","breadcrumb":{"@id":"https:\/\/hemac.com.au\/vi\/aesthetic-skin\/vaginal-tightening\/#breadcrumb"},"inLanguage":"vi-VN","potentialAction":[{"@type":"ReadAction","target":["https:\/\/hemac.com.au\/vi\/aesthetic-skin\/vaginal-tightening\/"]}]},{"@type":"ImageObject","inLanguage":"vi-VN","@id":"https:\/\/hemac.com.au\/vi\/aesthetic-skin\/vaginal-tightening\/#primaryimage","url":"https:\/\/hemac.com.au\/wp-content\/uploads\/hemac-aesthetic-skin-vaginal-tightening2.jpg","contentUrl":"https:\/\/hemac.com.au\/wp-content\/uploads\/hemac-aesthetic-skin-vaginal-tightening2.jpg"},{"@type":"BreadcrumbList","@id":"https:\/\/hemac.com.au\/vi\/aesthetic-skin\/vaginal-tightening\/#breadcrumb","itemListElement":[{"@type":"ListItem","position":1,"name":"Home","item":"https:\/\/hemac.com.au\/vi\/"},{"@type":"ListItem","position":2,"name":"TH\u1ea8M M\u1ef8 &#038; DA","item":"https:\/\/hemac.com.au\/vi\/aesthetic-skin\/"},{"@type":"ListItem","position":3,"name":"Thu h\u1eb9p \u00e2m \u0111\u1ea1o"}]},{"@type":"WebSite","@id":"https:\/\/hemac.com.au\/vi\/#website","url":"https:\/\/hemac.com.au\/vi\/","name":"Hawthorn East Medical & Aesthetic Clinic","description":"","publisher":{"@id":"https:\/\/hemac.com.au\/vi\/#organization"},"alternateName":"HEMAC","potentialAction":[{"@type":"SearchAction","target":{"@type":"EntryPoint","urlTemplate":"https:\/\/hemac.com.au\/vi\/?s={search_term_string}"},"query-input":{"@type":"PropertyValueSpecification","valueRequired":true,"valueName":"search_term_string"}}],"inLanguage":"vi-VN"},{"@type":"Organization","@id":"https:\/\/hemac.com.au\/vi\/#organization","name":"Hawthorn East Medical & Aesthetic Clinic","alternateName":"HEMAC","url":"https:\/\/hemac.com.au\/vi\/","logo":{"@type":"ImageObject","inLanguage":"vi-VN","@id":"https:\/\/hemac.com.au\/vi\/#\/schema\/logo\/image\/","url":"https:\/\/hemac.com.au\/wp-content\/uploads\/HEMAC-697x697-1.jpg","contentUrl":"https:\/\/hemac.com.au\/wp-content\/uploads\/HEMAC-697x697-1.jpg","width":697,"height":697,"caption":"Hawthorn East Medical & Aesthetic Clinic"},"image":{"@id":"https:\/\/hemac.com.au\/vi\/#\/schema\/logo\/image\/"},"sameAs":["https:\/\/www.facebook.com\/562018927210986\/","https:\/\/www.facebook.com\/hemacskinclinic\/","https:\/\/www.instagram.com\/hemac_aesthetics\/"]}]}},"_links":{"self":[{"href":"https:\/\/hemac.com.au\/vi\/wp-json\/wp\/v2\/pages\/2209","targetHints":{"allow":["GET"]}}],"collection":[{"href":"https:\/\/hemac.com.au\/vi\/wp-json\/wp\/v2\/pages"}],"about":[{"href":"https:\/\/hemac.com.au\/vi\/wp-json\/wp\/v2\/types\/page"}],"author":[{"embeddable":true,"href":"https:\/\/hemac.com.au\/vi\/wp-json\/wp\/v2\/users\/1"}],"replies":[{"embeddable":true,"href":"https:\/\/hemac.com.au\/vi\/wp-json\/wp\/v2\/comments?post=2209"}],"version-history":[{"count":1,"href":"https:\/\/hemac.com.au\/vi\/wp-json\/wp\/v2\/pages\/2209\/revisions"}],"predecessor-version":[{"id":3328,"href":"https:\/\/hemac.com.au\/vi\/wp-json\/wp\/v2\/pages\/2209\/revisions\/3328"}],"up":[{"embeddable":true,"href":"https:\/\/hemac.com.au\/vi\/wp-json\/wp\/v2\/pages\/2077"}],"wp:attachment":[{"href":"https:\/\/hemac.com.au\/vi\/wp-json\/wp\/v2\/media?parent=2209"}],"curies":[{"name":"wp","href":"https:\/\/api.w.org\/{rel}","templated":true}]}}