{"id":2221,"date":"2020-09-06T17:07:22","date_gmt":"2020-09-06T07:07:22","guid":{"rendered":"https:\/\/www.hemac.com.au\/aesthetic-skin\/face\/acne\/"},"modified":"2025-11-19T21:21:32","modified_gmt":"2025-11-19T10:21:32","slug":"acne","status":"publish","type":"page","link":"https:\/\/hemac.com.au\/vi\/aesthetic-skin\/face\/acne\/","title":{"rendered":"M\u1ee5n"},"content":{"rendered":"<div class=\"fusion-fullwidth fullwidth-box fusion-builder-row-1 nonhundred-percent-fullwidth non-hundred-percent-height-scrolling\" style=\"--awb-background-position:left top;--awb-border-sizes-top:0px;--awb-border-sizes-bottom:0px;--awb-border-sizes-left:0px;--awb-border-sizes-right:0px;--awb-border-radius-top-left:0px;--awb-border-radius-top-right:0px;--awb-border-radius-bottom-right:0px;--awb-border-radius-bottom-left:0px;--awb-padding-top:20px;--awb-padding-bottom:0px;--awb-flex-wrap:wrap;\" ><div class=\"fusion-builder-row fusion-row\"><div class=\"fusion-layout-column fusion_builder_column fusion-builder-column-0 fusion_builder_column_1_1 1_1 fusion-one-full fusion-column-first fusion-column-last fusion-column-no-min-height\" style=\"--awb-bg-size:cover;--awb-margin-bottom:0px;\"><div class=\"fusion-column-wrapper fusion-flex-column-wrapper-legacy\"><div class=\"fusion-text fusion-text-1\"><p data-start=\"364\" data-end=\"543\">H\u1ea7u h\u1ebft m\u1ecdi ng\u01b0\u1eddi \u0111\u1ec1u t\u1eebng g\u1eb7p v\u1ea5n \u0111\u1ec1 v\u1ec1 m\u1ee5n tr\u00ean m\u1eb7t. M\u1ee5n th\u01b0\u1eddng xu\u1ea5t hi\u1ec7n \u1edf tu\u1ed5i tr\u1ebb nh\u01b0ng v\u1eabn c\u00f3 th\u1ec3 x\u1ea3y ra \u1edf ng\u01b0\u1eddi tr\u01b0\u1edfng th\u00e0nh. M\u1ed9t s\u1ed1 d\u1ea1ng m\u1ee5n c\u00f3 th\u1ec3 \u0111\u1ec3 l\u1ea1i d\u1ea5u v\u1ebft tr\u00ean da.<\/p>\n<p data-start=\"545\" data-end=\"918\">\u0110\u1ed1i v\u1edbi nhi\u1ec1u ng\u01b0\u1eddi ch\u00e2u \u00c1, c\u00e1c v\u1ebft th\u00e2m ho\u1eb7c d\u1ea5u m\u1ee5n c\u00f3 th\u1ec3 t\u1ed3n t\u1ea1i l\u00e2u h\u01a1n v\u00e0 l\u00e0m da s\u1eabm m\u00e0u h\u01a1n \u1edf v\u00f9ng t\u1ed5n th\u01b0\u01a1ng. T\u1ea1i HEMAC, ch\u00fang t\u00f4i s\u1ebd h\u1ed7 tr\u1ee3 x\u00e1c \u0111\u1ecbnh nguy\u00ean nh\u00e2n g\u00e2y m\u1ee5n v\u00e0 \u0111\u01b0a ra h\u01b0\u1edbng ch\u0103m s\u00f3c ph\u00f9 h\u1ee3p nh\u1eb1m h\u1ea1n ch\u1ebf t\u00ecnh tr\u1ea1ng th\u00e2m sau vi\u00eam. N\u1ebfu kh\u00f4ng \u0111\u01b0\u1ee3c x\u1eed l\u00fd \u0111\u00fang c\u00e1ch, m\u1ee5n k\u00e9o d\u00e0i c\u00f3 th\u1ec3 l\u00e0m da k\u00e9m \u0111\u1ec1u m\u00e0u v\u00e0 \u1ea3nh h\u01b0\u1edfng \u0111\u1ebfn s\u1ef1 t\u1ef1 tin trong sinh ho\u1ea1t h\u1eb1ng ng\u00e0y.<\/p>\n<p data-start=\"920\" data-end=\"974\"><strong data-start=\"920\" data-end=\"974\">B\u1ed1n y\u1ebfu t\u1ed1 th\u01b0\u1eddng li\u00ean quan \u0111\u1ebfn s\u1ef1 h\u00ecnh th\u00e0nh m\u1ee5n:<\/strong><\/p>\n<ul data-start=\"976\" data-end=\"1097\">\n<li data-start=\"976\" data-end=\"1011\">\n<p data-start=\"978\" data-end=\"1011\">Tuy\u1ebfn b\u00e3 nh\u1eddn ho\u1ea1t \u0111\u1ed9ng qu\u00e1 m\u1ee9c<\/p>\n<\/li>\n<li data-start=\"1012\" data-end=\"1038\">\n<p data-start=\"1014\" data-end=\"1038\">T\u1ebf b\u00e0o da ch\u1ebft t\u00edch t\u1ee5<\/p>\n<\/li>\n<li data-start=\"1039\" data-end=\"1066\">\n<p data-start=\"1041\" data-end=\"1066\">L\u1ed7 ch\u00e2n l\u00f4ng b\u1ecb b\u00edt t\u1eafc<\/p>\n<\/li>\n<li data-start=\"1067\" data-end=\"1097\">\n<p data-start=\"1069\" data-end=\"1097\">Vi khu\u1ea9n tr\u00ean da t\u0103ng sinh<\/p>\n<\/li>\n<\/ul>\n<p data-start=\"1099\" data-end=\"1156\"><strong data-start=\"1099\" data-end=\"1156\">T\u1ea1i HEMAC, ch\u00fang t\u00f4i h\u1ed7 tr\u1ee3 \u0111i\u1ec1u tr\u1ecb m\u1ee5n nh\u01b0 th\u1ebf n\u00e0o?<\/strong><\/p>\n<p data-start=\"1158\" data-end=\"1312\">Hi\u1ec7n nay c\u00f3 nhi\u1ec1u ph\u01b0\u01a1ng ph\u00e1p \u0111\u01b0\u1ee3c s\u1eed d\u1ee5ng \u0111\u1ec3 h\u1ed7 tr\u1ee3 ki\u1ec3m so\u00e1t m\u1ee5n. T\u00f9y theo t\u00ecnh tr\u1ea1ng da, b\u00e1c s\u0129 s\u1ebd x\u00e2y d\u1ef1ng k\u1ebf ho\u1ea1ch ch\u0103m s\u00f3c ph\u00f9 h\u1ee3p cho t\u1eebng c\u00e1 nh\u00e2n.<\/p>\n<p data-start=\"1314\" data-end=\"1342\">C\u00e1c l\u1ef1a ch\u1ecdn c\u00f3 th\u1ec3 bao g\u1ed3m:<\/p>\n<ul data-start=\"1344\" data-end=\"2901\">\n<li data-start=\"1344\" data-end=\"1555\">\n<p data-start=\"1346\" data-end=\"1555\"><strong data-start=\"1346\" data-end=\"1382\">S\u1ea3n ph\u1ea9m ch\u0103m s\u00f3c da ASAP\/OBAGI:<\/strong><br data-start=\"1382\" data-end=\"1385\" \/>Vi\u1ec7c l\u1ef1a ch\u1ecdn \u0111\u00fang s\u1ea3n ph\u1ea9m cho \u0111\u00fang lo\u1ea1i da r\u1ea5t quan tr\u1ecdng. T\u1ea1i HEMAC, AHAs th\u01b0\u1eddng \u0111\u01b0\u1ee3c khuy\u1ebfn ngh\u1ecb \u0111\u1ec3 h\u1ed7 tr\u1ee3 l\u00e0m s\u1ea1ch da v\u00e0 gi\u1ea3m b\u00edt t\u1eafc m\u00e0 kh\u00f4ng g\u00e2y k\u00edch \u1ee9ng m\u1ea1nh.<\/p>\n<\/li>\n<li data-start=\"1557\" data-end=\"1845\">\n<p data-start=\"1559\" data-end=\"1845\"><strong data-start=\"1559\" data-end=\"1642\">Dung d\u1ecbch ch\u1ee9a Benzoyl Peroxide \/ Salicylic Acid ho\u1eb7c s\u1ea3n ph\u1ea9m ch\u1ee9a kh\u00e1ng sinh:<\/strong><br data-start=\"1642\" data-end=\"1645\" \/>C\u00e1c s\u1ea3n ph\u1ea9m n\u00e0y gi\u00fap l\u00e0m s\u1ea1ch da v\u00e0 gi\u1ea3m vi khu\u1ea9n. Tuy nhi\u00ean, m\u1ee5n th\u01b0\u1eddng c\u1ea7n th\u1eddi gian t\u1eeb 4\u20138 tu\u1ea7n \u0111\u1ec3 c\u1ea3i thi\u1ec7n. Sau khi da \u1ed5n \u0111\u1ecbnh, vi\u1ec7c duy tr\u00ec ch\u0103m s\u00f3c v\u1eabn r\u1ea5t c\u1ea7n thi\u1ebft \u0111\u1ec3 h\u1ea1n ch\u1ebf m\u1ee5n t\u00e1i ph\u00e1t.<\/p>\n<\/li>\n<li data-start=\"1847\" data-end=\"2232\">\n<p data-start=\"1849\" data-end=\"2064\"><strong data-start=\"1849\" data-end=\"1890\">Khi t\u00ecnh tr\u1ea1ng m\u1ee5n n\u1eb7ng ho\u1eb7c k\u00e9o d\u00e0i:<\/strong><br data-start=\"1890\" data-end=\"1893\" \/>C\u00e1c s\u1ea3n ph\u1ea9m kh\u00f4ng k\u00ea \u0111\u01a1n c\u00f3 th\u1ec3 kh\u00f4ng \u0111\u1ee7. Vi\u1ec7c th\u0103m kh\u00e1m b\u00e1c s\u0129 gi\u00fap gi\u1ea3m nguy c\u01a1 \u0111\u1ec3 l\u1ea1i d\u1ea5u v\u1ebft k\u00e9o d\u00e0i. M\u1ed9t s\u1ed1 l\u1ef1a ch\u1ecdn k\u00ea \u0111\u01a1n c\u00f3 th\u1ec3 \u0111\u01b0\u1ee3c th\u1ea3o lu\u1eadn tr\u1ef1c ti\u1ebfp, nh\u01b0:<\/p>\n<ul data-start=\"2067\" data-end=\"2232\">\n<li data-start=\"2067\" data-end=\"2101\">\n<p data-start=\"2069\" data-end=\"2101\">Thu\u1ed1c kh\u00e1ng sinh b\u00f4i ho\u1eb7c u\u1ed1ng<\/p>\n<\/li>\n<li data-start=\"2104\" data-end=\"2163\">\n<p data-start=\"2106\" data-end=\"2163\">Thu\u1ed1c \u0111i\u1ec1u ch\u1ec9nh n\u1ed9i ti\u1ebft d\u00e0nh cho ph\u1ee5 n\u1eef (n\u1ebfu ph\u00f9 h\u1ee3p)<\/p>\n<\/li>\n<li data-start=\"2166\" data-end=\"2232\">\n<p data-start=\"2168\" data-end=\"2232\">Isotretinoin (ch\u1ec9 \u0111\u01b0\u1ee3c ch\u1ec9 \u0111\u1ecbnh khi b\u00e1c s\u0129 \u0111\u00e1nh gi\u00e1 th\u00edch h\u1ee3p)<\/p>\n<\/li>\n<\/ul>\n<\/li>\n<li data-start=\"2234\" data-end=\"2665\">\n<p data-start=\"2236\" data-end=\"2359\"><strong data-start=\"2236\" data-end=\"2263\">C\u00e1c ph\u01b0\u01a1ng ph\u00e1p h\u1ed7 tr\u1ee3:<\/strong><br data-start=\"2263\" data-end=\"2266\" \/>M\u1ed9t s\u1ed1 th\u1ee7 thu\u1eadt c\u00f3 th\u1ec3 \u0111\u01b0\u1ee3c s\u1eed d\u1ee5ng k\u1ebft h\u1ee3p \u0111\u1ec3 n\u00e2ng cao hi\u1ec7u qu\u1ea3 ch\u0103m s\u00f3c da, v\u00ed d\u1ee5 nh\u01b0:<\/p>\n<ul data-start=\"2362\" data-end=\"2665\">\n<li data-start=\"2362\" data-end=\"2407\">\n<p data-start=\"2364\" data-end=\"2407\"><strong data-start=\"2364\" data-end=\"2405\">Thay da b\u1eb1ng h\u00f3a ch\u1ea5t n\u1ed3ng \u0111\u1ed9 ph\u00f9 h\u1ee3p<\/strong><\/p>\n<\/li>\n<li data-start=\"2410\" data-end=\"2462\">\n<p data-start=\"2412\" data-end=\"2462\"><strong data-start=\"2412\" data-end=\"2460\">L\u00e0m s\u1ea1ch m\u1ee5n ho\u1eb7c l\u1ea5y nh\u00e2n m\u1ee5n \u0111\u00fang k\u1ef9 thu\u1eadt<\/strong><\/p>\n<\/li>\n<li data-start=\"2465\" data-end=\"2523\">\n<p data-start=\"2467\" data-end=\"2523\"><strong data-start=\"2467\" data-end=\"2521\">L\u00e0m s\u1ea1ch b\u1ec1 m\u1eb7t da gi\u00fap s\u1ea3n ph\u1ea9m th\u1ea9m th\u1ea5u t\u1ed1t h\u01a1n<\/strong><\/p>\n<\/li>\n<li data-start=\"2526\" data-end=\"2580\">\n<p data-start=\"2528\" data-end=\"2580\"><strong data-start=\"2528\" data-end=\"2578\">Thi\u1ebft b\u1ecb \u00e1nh s\u00e1ng h\u1ed7 tr\u1ee3 gi\u1ea3m vi khu\u1ea9n tr\u00ean da<\/strong><\/p>\n<\/li>\n<li data-start=\"2583\" data-end=\"2665\">\n<p data-start=\"2585\" data-end=\"2665\"><strong data-start=\"2585\" data-end=\"2665\">Thi\u1ebft b\u1ecb l\u00e0m s\u1ea1ch v\u00e0 h\u1ed7 tr\u1ee3 th\u00f4ng tho\u00e1ng l\u1ed7 ch\u00e2n l\u00f4ng theo \u0111\u00e1nh gi\u00e1 l\u00e2m s\u00e0ng<\/strong><\/p>\n<\/li>\n<\/ul>\n<\/li>\n<li data-start=\"2667\" data-end=\"2901\">\n<p data-start=\"2669\" data-end=\"2901\"><strong data-start=\"2669\" data-end=\"2706\">M\u00e1y h\u1ed7 tr\u1ee3 x\u1eed l\u00fd m\u1ee5n chuy\u00ean d\u1ee5ng:<\/strong><br data-start=\"2706\" data-end=\"2709\" \/>\u0110\u00e2y l\u00e0 thi\u1ebft b\u1ecb c\u00f3 kim vi m\u00f4 v\u00e0 \u0111\u1ed9 s\u00e2u \u0111i\u1ec1u ch\u1ec9nh, \u0111\u01b0\u1ee3c s\u1eed d\u1ee5ng m\u1ed9t c\u00e1ch ki\u1ec3m so\u00e1t \u0111\u1ec3 t\u00e1c \u0111\u1ed9ng ch\u00ednh x\u00e1c v\u00e0o v\u00f9ng m\u1ee5n. \u0110\u1ed9 rung v\u00e0 c\u00f4ng su\u1ea5t \u0111\u01b0\u1ee3c \u0111i\u1ec1u ch\u1ec9nh nh\u1eb1m gi\u1ea3m \u1ea3nh h\u01b0\u1edfng l\u00ean s\u1eafc t\u1ed1 da.<\/p>\n<\/li>\n<\/ul>\n<p><img decoding=\"async\" class=\"lazyload aligncenter size-full\" src=\"data:image\/svg+xml,%3Csvg%20xmlns%3D%27http%3A%2F%2Fwww.w3.org%2F2000%2Fsvg%27%20width%3D%271600%27%20height%3D%27800%27%20viewBox%3D%270%200%201600%20800%27%3E%3Crect%20width%3D%271600%27%20height%3D%27800%27%20fill-opacity%3D%220%22%2F%3E%3C%2Fsvg%3E\" data-orig-src=\"https:\/\/hemac.com.au\/wp-content\/uploads\/acne-1.jpg\" alt=\"\" \/><br \/>\n<img decoding=\"async\" class=\"lazyload aligncenter size-full\" src=\"data:image\/svg+xml,%3Csvg%20xmlns%3D%27http%3A%2F%2Fwww.w3.org%2F2000%2Fsvg%27%20width%3D%27852%27%20height%3D%27854%27%20viewBox%3D%270%200%20852%20854%27%3E%3Crect%20width%3D%27852%27%20height%3D%27854%27%20fill-opacity%3D%220%22%2F%3E%3C%2Fsvg%3E\" data-orig-src=\"https:\/\/hemac.com.au\/wp-content\/uploads\/acne-2.jpg\" alt=\"\" \/><\/p>\n<\/div><div class=\"fusion-sep-clear\"><\/div><div class=\"fusion-separator fusion-full-width-sep\" style=\"margin-left: auto;margin-right: auto;margin-top:20px;margin-bottom:50px;width:100%;\"><\/div><div class=\"fusion-sep-clear\"><\/div><div class=\"fusion-clearfix\"><\/div><\/div><\/div><\/div><\/div>\n","protected":false},"excerpt":{"rendered":"","protected":false},"author":1,"featured_media":0,"parent":2218,"menu_order":0,"comment_status":"open","ping_status":"open","template":"100-width.php","meta":{"footnotes":""},"class_list":["post-2221","page","type-page","status-publish","hentry"],"yoast_head":"<!-- This site is optimized with the Yoast SEO plugin v26.6 - https:\/\/yoast.com\/wordpress\/plugins\/seo\/ -->\n<title>M\u1ee5n | M\u1eb7t | Y Khoa &amp; Th\u1ea9m M\u1ef9 Hawthorn East (HEMAC)<\/title>\n<meta name=\"robots\" content=\"index, follow, max-snippet:-1, max-image-preview:large, max-video-preview:-1\" \/>\n<link rel=\"canonical\" href=\"https:\/\/hemac.com.au\/vi\/aesthetic-skin\/face\/acne\/\" \/>\n<meta property=\"og:locale\" content=\"vi_VN\" \/>\n<meta property=\"og:type\" content=\"article\" \/>\n<meta property=\"og:title\" content=\"M\u1ee5n | M\u1eb7t | Y Khoa &amp; Th\u1ea9m M\u1ef9 Hawthorn East (HEMAC)\" \/>\n<meta property=\"og:url\" content=\"https:\/\/hemac.com.au\/vi\/aesthetic-skin\/face\/acne\/\" \/>\n<meta property=\"og:site_name\" content=\"Hawthorn East Medical &amp; Aesthetic Clinic\" \/>\n<meta property=\"article:publisher\" content=\"https:\/\/www.facebook.com\/562018927210986\/\" \/>\n<meta property=\"article:modified_time\" content=\"2025-11-19T10:21:32+00:00\" \/>\n<meta property=\"og:image\" content=\"https:\/\/hemac.com.au\/wp-content\/uploads\/acne-1.jpg\" \/>\n<meta name=\"twitter:card\" content=\"summary_large_image\" \/>\n<meta name=\"twitter:label1\" content=\"Est. reading time\" \/>\n\t<meta name=\"twitter:data1\" content=\"4 minutes\" \/>\n<script type=\"application\/ld+json\" class=\"yoast-schema-graph\">{\"@context\":\"https:\/\/schema.org\",\"@graph\":[{\"@type\":\"WebPage\",\"@id\":\"https:\/\/hemac.com.au\/vi\/aesthetic-skin\/face\/acne\/\",\"url\":\"https:\/\/hemac.com.au\/vi\/aesthetic-skin\/face\/acne\/\",\"name\":\"M\u1ee5n | M\u1eb7t | Y Khoa & Th\u1ea9m M\u1ef9 Hawthorn East (HEMAC)\",\"isPartOf\":{\"@id\":\"https:\/\/hemac.com.au\/vi\/#website\"},\"primaryImageOfPage\":{\"@id\":\"https:\/\/hemac.com.au\/vi\/aesthetic-skin\/face\/acne\/#primaryimage\"},\"image\":{\"@id\":\"https:\/\/hemac.com.au\/vi\/aesthetic-skin\/face\/acne\/#primaryimage\"},\"thumbnailUrl\":\"https:\/\/hemac.com.au\/wp-content\/uploads\/acne-1.jpg\",\"datePublished\":\"2020-09-06T07:07:22+00:00\",\"dateModified\":\"2025-11-19T10:21:32+00:00\",\"breadcrumb\":{\"@id\":\"https:\/\/hemac.com.au\/vi\/aesthetic-skin\/face\/acne\/#breadcrumb\"},\"inLanguage\":\"vi-VN\",\"potentialAction\":[{\"@type\":\"ReadAction\",\"target\":[\"https:\/\/hemac.com.au\/vi\/aesthetic-skin\/face\/acne\/\"]}]},{\"@type\":\"ImageObject\",\"inLanguage\":\"vi-VN\",\"@id\":\"https:\/\/hemac.com.au\/vi\/aesthetic-skin\/face\/acne\/#primaryimage\",\"url\":\"https:\/\/hemac.com.au\/wp-content\/uploads\/acne-1.jpg\",\"contentUrl\":\"https:\/\/hemac.com.au\/wp-content\/uploads\/acne-1.jpg\"},{\"@type\":\"BreadcrumbList\",\"@id\":\"https:\/\/hemac.com.au\/vi\/aesthetic-skin\/face\/acne\/#breadcrumb\",\"itemListElement\":[{\"@type\":\"ListItem\",\"position\":1,\"name\":\"Home\",\"item\":\"https:\/\/hemac.com.au\/vi\/\"},{\"@type\":\"ListItem\",\"position\":2,\"name\":\"TH\u1ea8M M\u1ef8 &#038; DA\",\"item\":\"https:\/\/hemac.com.au\/vi\/aesthetic-skin\/\"},{\"@type\":\"ListItem\",\"position\":3,\"name\":\"\u9762\u90e8\",\"item\":\"https:\/\/hemac.com.au\/vi\/aesthetic-skin\/face\/\"},{\"@type\":\"ListItem\",\"position\":4,\"name\":\"M\u1ee5n\"}]},{\"@type\":\"WebSite\",\"@id\":\"https:\/\/hemac.com.au\/vi\/#website\",\"url\":\"https:\/\/hemac.com.au\/vi\/\",\"name\":\"Hawthorn East Medical & Aesthetic Clinic\",\"description\":\"\",\"publisher\":{\"@id\":\"https:\/\/hemac.com.au\/vi\/#organization\"},\"alternateName\":\"HEMAC\",\"potentialAction\":[{\"@type\":\"SearchAction\",\"target\":{\"@type\":\"EntryPoint\",\"urlTemplate\":\"https:\/\/hemac.com.au\/vi\/?s={search_term_string}\"},\"query-input\":{\"@type\":\"PropertyValueSpecification\",\"valueRequired\":true,\"valueName\":\"search_term_string\"}}],\"inLanguage\":\"vi-VN\"},{\"@type\":\"Organization\",\"@id\":\"https:\/\/hemac.com.au\/vi\/#organization\",\"name\":\"Hawthorn East Medical & Aesthetic Clinic\",\"alternateName\":\"HEMAC\",\"url\":\"https:\/\/hemac.com.au\/vi\/\",\"logo\":{\"@type\":\"ImageObject\",\"inLanguage\":\"vi-VN\",\"@id\":\"https:\/\/hemac.com.au\/vi\/#\/schema\/logo\/image\/\",\"url\":\"https:\/\/hemac.com.au\/wp-content\/uploads\/HEMAC-697x697-1.jpg\",\"contentUrl\":\"https:\/\/hemac.com.au\/wp-content\/uploads\/HEMAC-697x697-1.jpg\",\"width\":697,\"height\":697,\"caption\":\"Hawthorn East Medical & Aesthetic Clinic\"},\"image\":{\"@id\":\"https:\/\/hemac.com.au\/vi\/#\/schema\/logo\/image\/\"},\"sameAs\":[\"https:\/\/www.facebook.com\/562018927210986\/\",\"https:\/\/www.facebook.com\/hemacskinclinic\/\",\"https:\/\/www.instagram.com\/hemac_aesthetics\/\"]}]}<\/script>\n<!-- \/ Yoast SEO plugin. -->","yoast_head_json":{"title":"M\u1ee5n | M\u1eb7t | Y Khoa & Th\u1ea9m M\u1ef9 Hawthorn East (HEMAC)","robots":{"index":"index","follow":"follow","max-snippet":"max-snippet:-1","max-image-preview":"max-image-preview:large","max-video-preview":"max-video-preview:-1"},"canonical":"https:\/\/hemac.com.au\/vi\/aesthetic-skin\/face\/acne\/","og_locale":"vi_VN","og_type":"article","og_title":"M\u1ee5n | M\u1eb7t | Y Khoa & Th\u1ea9m M\u1ef9 Hawthorn East (HEMAC)","og_url":"https:\/\/hemac.com.au\/vi\/aesthetic-skin\/face\/acne\/","og_site_name":"Hawthorn East Medical &amp; Aesthetic Clinic","article_publisher":"https:\/\/www.facebook.com\/562018927210986\/","article_modified_time":"2025-11-19T10:21:32+00:00","og_image":[{"url":"https:\/\/hemac.com.au\/wp-content\/uploads\/acne-1.jpg","type":"","width":"","height":""}],"twitter_card":"summary_large_image","twitter_misc":{"Est. reading time":"4 minutes"},"schema":{"@context":"https:\/\/schema.org","@graph":[{"@type":"WebPage","@id":"https:\/\/hemac.com.au\/vi\/aesthetic-skin\/face\/acne\/","url":"https:\/\/hemac.com.au\/vi\/aesthetic-skin\/face\/acne\/","name":"M\u1ee5n | M\u1eb7t | Y Khoa & Th\u1ea9m M\u1ef9 Hawthorn East (HEMAC)","isPartOf":{"@id":"https:\/\/hemac.com.au\/vi\/#website"},"primaryImageOfPage":{"@id":"https:\/\/hemac.com.au\/vi\/aesthetic-skin\/face\/acne\/#primaryimage"},"image":{"@id":"https:\/\/hemac.com.au\/vi\/aesthetic-skin\/face\/acne\/#primaryimage"},"thumbnailUrl":"https:\/\/hemac.com.au\/wp-content\/uploads\/acne-1.jpg","datePublished":"2020-09-06T07:07:22+00:00","dateModified":"2025-11-19T10:21:32+00:00","breadcrumb":{"@id":"https:\/\/hemac.com.au\/vi\/aesthetic-skin\/face\/acne\/#breadcrumb"},"inLanguage":"vi-VN","potentialAction":[{"@type":"ReadAction","target":["https:\/\/hemac.com.au\/vi\/aesthetic-skin\/face\/acne\/"]}]},{"@type":"ImageObject","inLanguage":"vi-VN","@id":"https:\/\/hemac.com.au\/vi\/aesthetic-skin\/face\/acne\/#primaryimage","url":"https:\/\/hemac.com.au\/wp-content\/uploads\/acne-1.jpg","contentUrl":"https:\/\/hemac.com.au\/wp-content\/uploads\/acne-1.jpg"},{"@type":"BreadcrumbList","@id":"https:\/\/hemac.com.au\/vi\/aesthetic-skin\/face\/acne\/#breadcrumb","itemListElement":[{"@type":"ListItem","position":1,"name":"Home","item":"https:\/\/hemac.com.au\/vi\/"},{"@type":"ListItem","position":2,"name":"TH\u1ea8M M\u1ef8 &#038; DA","item":"https:\/\/hemac.com.au\/vi\/aesthetic-skin\/"},{"@type":"ListItem","position":3,"name":"\u9762\u90e8","item":"https:\/\/hemac.com.au\/vi\/aesthetic-skin\/face\/"},{"@type":"ListItem","position":4,"name":"M\u1ee5n"}]},{"@type":"WebSite","@id":"https:\/\/hemac.com.au\/vi\/#website","url":"https:\/\/hemac.com.au\/vi\/","name":"Hawthorn East Medical & Aesthetic Clinic","description":"","publisher":{"@id":"https:\/\/hemac.com.au\/vi\/#organization"},"alternateName":"HEMAC","potentialAction":[{"@type":"SearchAction","target":{"@type":"EntryPoint","urlTemplate":"https:\/\/hemac.com.au\/vi\/?s={search_term_string}"},"query-input":{"@type":"PropertyValueSpecification","valueRequired":true,"valueName":"search_term_string"}}],"inLanguage":"vi-VN"},{"@type":"Organization","@id":"https:\/\/hemac.com.au\/vi\/#organization","name":"Hawthorn East Medical & Aesthetic Clinic","alternateName":"HEMAC","url":"https:\/\/hemac.com.au\/vi\/","logo":{"@type":"ImageObject","inLanguage":"vi-VN","@id":"https:\/\/hemac.com.au\/vi\/#\/schema\/logo\/image\/","url":"https:\/\/hemac.com.au\/wp-content\/uploads\/HEMAC-697x697-1.jpg","contentUrl":"https:\/\/hemac.com.au\/wp-content\/uploads\/HEMAC-697x697-1.jpg","width":697,"height":697,"caption":"Hawthorn East Medical & Aesthetic Clinic"},"image":{"@id":"https:\/\/hemac.com.au\/vi\/#\/schema\/logo\/image\/"},"sameAs":["https:\/\/www.facebook.com\/562018927210986\/","https:\/\/www.facebook.com\/hemacskinclinic\/","https:\/\/www.instagram.com\/hemac_aesthetics\/"]}]}},"_links":{"self":[{"href":"https:\/\/hemac.com.au\/vi\/wp-json\/wp\/v2\/pages\/2221","targetHints":{"allow":["GET"]}}],"collection":[{"href":"https:\/\/hemac.com.au\/vi\/wp-json\/wp\/v2\/pages"}],"about":[{"href":"https:\/\/hemac.com.au\/vi\/wp-json\/wp\/v2\/types\/page"}],"author":[{"embeddable":true,"href":"https:\/\/hemac.com.au\/vi\/wp-json\/wp\/v2\/users\/1"}],"replies":[{"embeddable":true,"href":"https:\/\/hemac.com.au\/vi\/wp-json\/wp\/v2\/comments?post=2221"}],"version-history":[{"count":1,"href":"https:\/\/hemac.com.au\/vi\/wp-json\/wp\/v2\/pages\/2221\/revisions"}],"predecessor-version":[{"id":3315,"href":"https:\/\/hemac.com.au\/vi\/wp-json\/wp\/v2\/pages\/2221\/revisions\/3315"}],"up":[{"embeddable":true,"href":"https:\/\/hemac.com.au\/vi\/wp-json\/wp\/v2\/pages\/2218"}],"wp:attachment":[{"href":"https:\/\/hemac.com.au\/vi\/wp-json\/wp\/v2\/media?parent=2221"}],"curies":[{"name":"wp","href":"https:\/\/api.w.org\/{rel}","templated":true}]}}