{"id":2310,"date":"2020-10-02T13:36:24","date_gmt":"2020-10-02T03:36:24","guid":{"rendered":"https:\/\/www.hemac.com.au\/?page_id=2310"},"modified":"2025-11-19T21:40:21","modified_gmt":"2025-11-19T10:40:21","slug":"teoxane-rha","status":"publish","type":"page","link":"https:\/\/hemac.com.au\/vi\/aesthetic-skin\/skin-products\/teoxane-rha\/","title":{"rendered":"Huy\u1ebft thanh d\u01b0\u1ee1ng \u1ea9m Teoxane Cosmeceutical"},"content":{"rendered":"<div class=\"fusion-fullwidth fullwidth-box fusion-builder-row-1 nonhundred-percent-fullwidth non-hundred-percent-height-scrolling\" style=\"--awb-background-position:left top;--awb-border-sizes-top:0px;--awb-border-sizes-bottom:0px;--awb-border-sizes-left:0px;--awb-border-sizes-right:0px;--awb-border-radius-top-left:0px;--awb-border-radius-top-right:0px;--awb-border-radius-bottom-right:0px;--awb-border-radius-bottom-left:0px;--awb-padding-top:20px;--awb-padding-bottom:0px;--awb-flex-wrap:wrap;\" ><div class=\"fusion-builder-row fusion-row\"><div class=\"fusion-layout-column fusion_builder_column fusion-builder-column-0 fusion_builder_column_1_1 1_1 fusion-one-full fusion-column-first fusion-column-last fusion-column-no-min-height\" style=\"--awb-bg-size:cover;--awb-margin-bottom:0px;\"><div class=\"fusion-column-wrapper fusion-flex-column-wrapper-legacy\"><div class=\"fusion-text fusion-text-1\"><p><img decoding=\"async\" class=\"lazyload aligncenter size-full\" src=\"data:image\/svg+xml,%3Csvg%20xmlns%3D%27http%3A%2F%2Fwww.w3.org%2F2000%2Fsvg%27%20width%3D%27990%27%20height%3D%27936%27%20viewBox%3D%270%200%20990%20936%27%3E%3Crect%20width%3D%27990%27%20height%3D%27936%27%20fill-opacity%3D%220%22%2F%3E%3C%2Fsvg%3E\" data-orig-src=\"https:\/\/hemac.com.au\/wp-content\/uploads\/teoxane1.jpg\" alt=\"\" \/><\/p>\n<p data-start=\"197\" data-end=\"447\"><strong data-start=\"197\" data-end=\"224\">Huy\u1ebft thanh Teoxane RHA<\/strong> l\u00e0 s\u1ea3n ph\u1ea9m ch\u0103m s\u00f3c da \u0111\u01b0\u1ee3c ph\u00e1t tri\u1ec3n b\u1edfi Teoxane Laboratory, v\u1edbi c\u00f4ng th\u1ee9c h\u1ed7 tr\u1ee3 c\u1ea3i thi\u1ec7n \u0111\u1ed9 \u1ea9m v\u00e0 ch\u1ea5t l\u01b0\u1ee3ng b\u1ec1 m\u1eb7t da. Nhi\u1ec1u ng\u01b0\u1eddi s\u1eed d\u1ee5ng nh\u1eadn th\u1ea5y l\u00e0n da tr\u00f4ng t\u01b0\u01a1i t\u1eafn h\u01a1n sau m\u1ed9t th\u1eddi gian ng\u1eafn ch\u0103m s\u00f3c \u0111\u1ec1u \u0111\u1eb7n.<\/p>\n<p data-start=\"449\" data-end=\"654\">Huy\u1ebft thanh RHA \u0111\u01b0\u1ee3c thi\u1ebft k\u1ebf \u0111\u1ec3 h\u1ed7 tr\u1ee3 l\u00e0n da duy tr\u00ec \u0111\u1ed9 \u0111\u00e0n h\u1ed3i t\u1ef1 nhi\u00ean. C\u00f4ng th\u1ee9c c\u00f2n ch\u1ee9a c\u00e1c th\u00e0nh ph\u1ea7n ch\u1ed1ng oxy h\u00f3a v\u00e0 <strong data-start=\"576\" data-end=\"612\">N-Acetyl Glucosamine-6-Phosphate<\/strong>, gi\u00fap nu\u00f4i d\u01b0\u1ee1ng v\u00e0 ch\u0103m s\u00f3c h\u00e0ng r\u00e0o da.<\/p>\n<p data-start=\"656\" data-end=\"806\">S\u1ea3n ph\u1ea9m n\u00e0y h\u1ed7 tr\u1ee3 b\u1ed5 sung kho\u00e1ng ch\u1ea5t v\u00e0 t\u0103ng c\u01b0\u1eddng \u0111\u1ed9 \u1ea9m, gi\u00fap b\u1ec1 m\u1eb7t da tr\u00f4ng kh\u1ecfe m\u1ea1nh h\u01a1n v\u00e0 h\u1ea1n ch\u1ebf t\u00e1c \u0111\u1ed9ng c\u1ee7a c\u00e1c y\u1ebfu t\u1ed1 g\u00e2y oxy h\u00f3a l\u00ean da.<\/p>\n<\/div><div class=\"fusion-sep-clear\"><\/div><div class=\"fusion-separator fusion-full-width-sep\" style=\"margin-left: auto;margin-right: auto;margin-top:20px;margin-bottom:50px;width:100%;\"><\/div><div class=\"fusion-sep-clear\"><\/div><div class=\"fusion-clearfix\"><\/div><\/div><\/div><\/div><\/div>\n","protected":false},"excerpt":{"rendered":"","protected":false},"author":1,"featured_media":0,"parent":2200,"menu_order":0,"comment_status":"open","ping_status":"open","template":"100-width.php","meta":{"footnotes":""},"class_list":["post-2310","page","type-page","status-publish","hentry"],"yoast_head":"<!-- This site is optimized with the Yoast SEO plugin v26.6 - https:\/\/yoast.com\/wordpress\/plugins\/seo\/ -->\n<title>Huy\u1ebft thanh d\u01b0\u1ee1ng \u1ea9m Teoxane Cosmeceutical | D\u1ecbch v\u1ee5 d\u01b0\u1ee1ng da t\u1ea1i | Y Khoa &amp; Th\u1ea9m M\u1ef9 Hawthorn East (HEMAC)<\/title>\n<meta name=\"robots\" content=\"index, follow, max-snippet:-1, max-image-preview:large, max-video-preview:-1\" \/>\n<link rel=\"canonical\" href=\"https:\/\/hemac.com.au\/vi\/aesthetic-skin\/skin-products\/teoxane-rha\/\" \/>\n<meta property=\"og:locale\" content=\"vi_VN\" \/>\n<meta property=\"og:type\" content=\"article\" \/>\n<meta property=\"og:title\" content=\"Huy\u1ebft thanh d\u01b0\u1ee1ng \u1ea9m Teoxane Cosmeceutical | D\u1ecbch v\u1ee5 d\u01b0\u1ee1ng da t\u1ea1i | Y Khoa &amp; Th\u1ea9m M\u1ef9 Hawthorn East (HEMAC)\" \/>\n<meta property=\"og:url\" content=\"https:\/\/hemac.com.au\/vi\/aesthetic-skin\/skin-products\/teoxane-rha\/\" \/>\n<meta property=\"og:site_name\" content=\"Hawthorn East Medical &amp; Aesthetic Clinic\" \/>\n<meta property=\"article:publisher\" content=\"https:\/\/www.facebook.com\/562018927210986\/\" \/>\n<meta property=\"article:modified_time\" content=\"2025-11-19T10:40:21+00:00\" \/>\n<meta property=\"og:image\" content=\"https:\/\/hemac.com.au\/wp-content\/uploads\/teoxane1.jpg\" \/>\n<meta name=\"twitter:card\" content=\"summary_large_image\" \/>\n<meta name=\"twitter:label1\" content=\"Est. reading time\" \/>\n\t<meta name=\"twitter:data1\" content=\"1 minute\" \/>\n<script type=\"application\/ld+json\" class=\"yoast-schema-graph\">{\"@context\":\"https:\/\/schema.org\",\"@graph\":[{\"@type\":\"WebPage\",\"@id\":\"https:\/\/hemac.com.au\/vi\/aesthetic-skin\/skin-products\/teoxane-rha\/\",\"url\":\"https:\/\/hemac.com.au\/vi\/aesthetic-skin\/skin-products\/teoxane-rha\/\",\"name\":\"Huy\u1ebft thanh d\u01b0\u1ee1ng \u1ea9m Teoxane Cosmeceutical | D\u1ecbch v\u1ee5 d\u01b0\u1ee1ng da t\u1ea1i | Y Khoa & Th\u1ea9m M\u1ef9 Hawthorn East (HEMAC)\",\"isPartOf\":{\"@id\":\"https:\/\/hemac.com.au\/vi\/#website\"},\"primaryImageOfPage\":{\"@id\":\"https:\/\/hemac.com.au\/vi\/aesthetic-skin\/skin-products\/teoxane-rha\/#primaryimage\"},\"image\":{\"@id\":\"https:\/\/hemac.com.au\/vi\/aesthetic-skin\/skin-products\/teoxane-rha\/#primaryimage\"},\"thumbnailUrl\":\"https:\/\/hemac.com.au\/wp-content\/uploads\/teoxane1.jpg\",\"datePublished\":\"2020-10-02T03:36:24+00:00\",\"dateModified\":\"2025-11-19T10:40:21+00:00\",\"breadcrumb\":{\"@id\":\"https:\/\/hemac.com.au\/vi\/aesthetic-skin\/skin-products\/teoxane-rha\/#breadcrumb\"},\"inLanguage\":\"vi-VN\",\"potentialAction\":[{\"@type\":\"ReadAction\",\"target\":[\"https:\/\/hemac.com.au\/vi\/aesthetic-skin\/skin-products\/teoxane-rha\/\"]}]},{\"@type\":\"ImageObject\",\"inLanguage\":\"vi-VN\",\"@id\":\"https:\/\/hemac.com.au\/vi\/aesthetic-skin\/skin-products\/teoxane-rha\/#primaryimage\",\"url\":\"https:\/\/hemac.com.au\/wp-content\/uploads\/teoxane1.jpg\",\"contentUrl\":\"https:\/\/hemac.com.au\/wp-content\/uploads\/teoxane1.jpg\"},{\"@type\":\"BreadcrumbList\",\"@id\":\"https:\/\/hemac.com.au\/vi\/aesthetic-skin\/skin-products\/teoxane-rha\/#breadcrumb\",\"itemListElement\":[{\"@type\":\"ListItem\",\"position\":1,\"name\":\"Home\",\"item\":\"https:\/\/hemac.com.au\/vi\/\"},{\"@type\":\"ListItem\",\"position\":2,\"name\":\"TH\u1ea8M M\u1ef8 &#038; DA\",\"item\":\"https:\/\/hemac.com.au\/vi\/aesthetic-skin\/\"},{\"@type\":\"ListItem\",\"position\":3,\"name\":\"\u76ae\u80a4\u4ea7\u54c1\",\"item\":\"https:\/\/hemac.com.au\/vi\/aesthetic-skin\/skin-products\/\"},{\"@type\":\"ListItem\",\"position\":4,\"name\":\"Huy\u1ebft thanh d\u01b0\u1ee1ng \u1ea9m Teoxane Cosmeceutical\"}]},{\"@type\":\"WebSite\",\"@id\":\"https:\/\/hemac.com.au\/vi\/#website\",\"url\":\"https:\/\/hemac.com.au\/vi\/\",\"name\":\"Hawthorn East Medical & Aesthetic Clinic\",\"description\":\"\",\"publisher\":{\"@id\":\"https:\/\/hemac.com.au\/vi\/#organization\"},\"alternateName\":\"HEMAC\",\"potentialAction\":[{\"@type\":\"SearchAction\",\"target\":{\"@type\":\"EntryPoint\",\"urlTemplate\":\"https:\/\/hemac.com.au\/vi\/?s={search_term_string}\"},\"query-input\":{\"@type\":\"PropertyValueSpecification\",\"valueRequired\":true,\"valueName\":\"search_term_string\"}}],\"inLanguage\":\"vi-VN\"},{\"@type\":\"Organization\",\"@id\":\"https:\/\/hemac.com.au\/vi\/#organization\",\"name\":\"Hawthorn East Medical & Aesthetic Clinic\",\"alternateName\":\"HEMAC\",\"url\":\"https:\/\/hemac.com.au\/vi\/\",\"logo\":{\"@type\":\"ImageObject\",\"inLanguage\":\"vi-VN\",\"@id\":\"https:\/\/hemac.com.au\/vi\/#\/schema\/logo\/image\/\",\"url\":\"https:\/\/hemac.com.au\/wp-content\/uploads\/HEMAC-697x697-1.jpg\",\"contentUrl\":\"https:\/\/hemac.com.au\/wp-content\/uploads\/HEMAC-697x697-1.jpg\",\"width\":697,\"height\":697,\"caption\":\"Hawthorn East Medical & Aesthetic Clinic\"},\"image\":{\"@id\":\"https:\/\/hemac.com.au\/vi\/#\/schema\/logo\/image\/\"},\"sameAs\":[\"https:\/\/www.facebook.com\/562018927210986\/\",\"https:\/\/www.facebook.com\/hemacskinclinic\/\",\"https:\/\/www.instagram.com\/hemac_aesthetics\/\"]}]}<\/script>\n<!-- \/ Yoast SEO plugin. -->","yoast_head_json":{"title":"Huy\u1ebft thanh d\u01b0\u1ee1ng \u1ea9m Teoxane Cosmeceutical | D\u1ecbch v\u1ee5 d\u01b0\u1ee1ng da t\u1ea1i | Y Khoa & Th\u1ea9m M\u1ef9 Hawthorn East (HEMAC)","robots":{"index":"index","follow":"follow","max-snippet":"max-snippet:-1","max-image-preview":"max-image-preview:large","max-video-preview":"max-video-preview:-1"},"canonical":"https:\/\/hemac.com.au\/vi\/aesthetic-skin\/skin-products\/teoxane-rha\/","og_locale":"vi_VN","og_type":"article","og_title":"Huy\u1ebft thanh d\u01b0\u1ee1ng \u1ea9m Teoxane Cosmeceutical | D\u1ecbch v\u1ee5 d\u01b0\u1ee1ng da t\u1ea1i | Y Khoa & Th\u1ea9m M\u1ef9 Hawthorn East (HEMAC)","og_url":"https:\/\/hemac.com.au\/vi\/aesthetic-skin\/skin-products\/teoxane-rha\/","og_site_name":"Hawthorn East Medical &amp; Aesthetic Clinic","article_publisher":"https:\/\/www.facebook.com\/562018927210986\/","article_modified_time":"2025-11-19T10:40:21+00:00","og_image":[{"url":"https:\/\/hemac.com.au\/wp-content\/uploads\/teoxane1.jpg","type":"","width":"","height":""}],"twitter_card":"summary_large_image","twitter_misc":{"Est. reading time":"1 minute"},"schema":{"@context":"https:\/\/schema.org","@graph":[{"@type":"WebPage","@id":"https:\/\/hemac.com.au\/vi\/aesthetic-skin\/skin-products\/teoxane-rha\/","url":"https:\/\/hemac.com.au\/vi\/aesthetic-skin\/skin-products\/teoxane-rha\/","name":"Huy\u1ebft thanh d\u01b0\u1ee1ng \u1ea9m Teoxane Cosmeceutical | D\u1ecbch v\u1ee5 d\u01b0\u1ee1ng da t\u1ea1i | Y Khoa & Th\u1ea9m M\u1ef9 Hawthorn East (HEMAC)","isPartOf":{"@id":"https:\/\/hemac.com.au\/vi\/#website"},"primaryImageOfPage":{"@id":"https:\/\/hemac.com.au\/vi\/aesthetic-skin\/skin-products\/teoxane-rha\/#primaryimage"},"image":{"@id":"https:\/\/hemac.com.au\/vi\/aesthetic-skin\/skin-products\/teoxane-rha\/#primaryimage"},"thumbnailUrl":"https:\/\/hemac.com.au\/wp-content\/uploads\/teoxane1.jpg","datePublished":"2020-10-02T03:36:24+00:00","dateModified":"2025-11-19T10:40:21+00:00","breadcrumb":{"@id":"https:\/\/hemac.com.au\/vi\/aesthetic-skin\/skin-products\/teoxane-rha\/#breadcrumb"},"inLanguage":"vi-VN","potentialAction":[{"@type":"ReadAction","target":["https:\/\/hemac.com.au\/vi\/aesthetic-skin\/skin-products\/teoxane-rha\/"]}]},{"@type":"ImageObject","inLanguage":"vi-VN","@id":"https:\/\/hemac.com.au\/vi\/aesthetic-skin\/skin-products\/teoxane-rha\/#primaryimage","url":"https:\/\/hemac.com.au\/wp-content\/uploads\/teoxane1.jpg","contentUrl":"https:\/\/hemac.com.au\/wp-content\/uploads\/teoxane1.jpg"},{"@type":"BreadcrumbList","@id":"https:\/\/hemac.com.au\/vi\/aesthetic-skin\/skin-products\/teoxane-rha\/#breadcrumb","itemListElement":[{"@type":"ListItem","position":1,"name":"Home","item":"https:\/\/hemac.com.au\/vi\/"},{"@type":"ListItem","position":2,"name":"TH\u1ea8M M\u1ef8 &#038; DA","item":"https:\/\/hemac.com.au\/vi\/aesthetic-skin\/"},{"@type":"ListItem","position":3,"name":"\u76ae\u80a4\u4ea7\u54c1","item":"https:\/\/hemac.com.au\/vi\/aesthetic-skin\/skin-products\/"},{"@type":"ListItem","position":4,"name":"Huy\u1ebft thanh d\u01b0\u1ee1ng \u1ea9m Teoxane Cosmeceutical"}]},{"@type":"WebSite","@id":"https:\/\/hemac.com.au\/vi\/#website","url":"https:\/\/hemac.com.au\/vi\/","name":"Hawthorn East Medical & Aesthetic Clinic","description":"","publisher":{"@id":"https:\/\/hemac.com.au\/vi\/#organization"},"alternateName":"HEMAC","potentialAction":[{"@type":"SearchAction","target":{"@type":"EntryPoint","urlTemplate":"https:\/\/hemac.com.au\/vi\/?s={search_term_string}"},"query-input":{"@type":"PropertyValueSpecification","valueRequired":true,"valueName":"search_term_string"}}],"inLanguage":"vi-VN"},{"@type":"Organization","@id":"https:\/\/hemac.com.au\/vi\/#organization","name":"Hawthorn East Medical & Aesthetic Clinic","alternateName":"HEMAC","url":"https:\/\/hemac.com.au\/vi\/","logo":{"@type":"ImageObject","inLanguage":"vi-VN","@id":"https:\/\/hemac.com.au\/vi\/#\/schema\/logo\/image\/","url":"https:\/\/hemac.com.au\/wp-content\/uploads\/HEMAC-697x697-1.jpg","contentUrl":"https:\/\/hemac.com.au\/wp-content\/uploads\/HEMAC-697x697-1.jpg","width":697,"height":697,"caption":"Hawthorn East Medical & Aesthetic Clinic"},"image":{"@id":"https:\/\/hemac.com.au\/vi\/#\/schema\/logo\/image\/"},"sameAs":["https:\/\/www.facebook.com\/562018927210986\/","https:\/\/www.facebook.com\/hemacskinclinic\/","https:\/\/www.instagram.com\/hemac_aesthetics\/"]}]}},"_links":{"self":[{"href":"https:\/\/hemac.com.au\/vi\/wp-json\/wp\/v2\/pages\/2310","targetHints":{"allow":["GET"]}}],"collection":[{"href":"https:\/\/hemac.com.au\/vi\/wp-json\/wp\/v2\/pages"}],"about":[{"href":"https:\/\/hemac.com.au\/vi\/wp-json\/wp\/v2\/types\/page"}],"author":[{"embeddable":true,"href":"https:\/\/hemac.com.au\/vi\/wp-json\/wp\/v2\/users\/1"}],"replies":[{"embeddable":true,"href":"https:\/\/hemac.com.au\/vi\/wp-json\/wp\/v2\/comments?post=2310"}],"version-history":[{"count":1,"href":"https:\/\/hemac.com.au\/vi\/wp-json\/wp\/v2\/pages\/2310\/revisions"}],"predecessor-version":[{"id":3330,"href":"https:\/\/hemac.com.au\/vi\/wp-json\/wp\/v2\/pages\/2310\/revisions\/3330"}],"up":[{"embeddable":true,"href":"https:\/\/hemac.com.au\/vi\/wp-json\/wp\/v2\/pages\/2200"}],"wp:attachment":[{"href":"https:\/\/hemac.com.au\/vi\/wp-json\/wp\/v2\/media?parent=2310"}],"curies":[{"name":"wp","href":"https:\/\/api.w.org\/{rel}","templated":true}]}}