{"id":2317,"date":"2020-10-02T13:36:23","date_gmt":"2020-10-02T03:36:23","guid":{"rendered":"https:\/\/www.hemac.com.au\/?page_id=2317"},"modified":"2025-11-19T21:39:52","modified_gmt":"2025-11-19T10:39:52","slug":"idebenone","status":"publish","type":"page","link":"https:\/\/hemac.com.au\/vi\/aesthetic-skin\/skin-products\/idebenone\/","title":{"rendered":"Huy\u1ebft thanh Idebenone"},"content":{"rendered":"<div class=\"fusion-fullwidth fullwidth-box fusion-builder-row-1 nonhundred-percent-fullwidth non-hundred-percent-height-scrolling\" style=\"--awb-background-position:left top;--awb-border-sizes-top:0px;--awb-border-sizes-bottom:0px;--awb-border-sizes-left:0px;--awb-border-sizes-right:0px;--awb-border-radius-top-left:0px;--awb-border-radius-top-right:0px;--awb-border-radius-bottom-right:0px;--awb-border-radius-bottom-left:0px;--awb-padding-top:20px;--awb-padding-bottom:0px;--awb-flex-wrap:wrap;\" ><div class=\"fusion-builder-row fusion-row\"><div class=\"fusion-layout-column fusion_builder_column fusion-builder-column-0 fusion_builder_column_1_1 1_1 fusion-one-full fusion-column-first fusion-column-last fusion-column-no-min-height\" style=\"--awb-bg-size:cover;--awb-margin-bottom:0px;\"><div class=\"fusion-column-wrapper fusion-flex-column-wrapper-legacy\"><div class=\"fusion-text fusion-text-1\"><p><img decoding=\"async\" class=\"lazyload aligncenter size-full\" src=\"data:image\/svg+xml,%3Csvg%20xmlns%3D%27http%3A%2F%2Fwww.w3.org%2F2000%2Fsvg%27%20width%3D%27600%27%20height%3D%27400%27%20viewBox%3D%270%200%20600%20400%27%3E%3Crect%20width%3D%27600%27%20height%3D%27400%27%20fill-opacity%3D%220%22%2F%3E%3C%2Fsvg%3E\" data-orig-src=\"https:\/\/hemac.com.au\/wp-content\/uploads\/idebenone1.jpg\" alt=\"\" \/><\/p>\n<p data-start=\"201\" data-end=\"345\">Lo\u1ea1i huy\u1ebft thanh d\u01b0\u1ee1ng da ch\u1ed1ng l\u00e3o h\u00f3a t\u1ed1t nh\u1ea5t, v\u1edbi kh\u1ea3 n\u0103ng ch\u1ed1ng oxy h\u00f3a m\u1ea1nh g\u1ea5p b\u1ed1n l\u1ea7n sinh t\u1ed1 C v\u00e0 cao h\u01a1n m\u01b0\u1eddi l\u1ea7n so v\u1edbi Coenzyme Q10.<\/p>\n<p data-start=\"347\" data-end=\"609\">Idebenone \u0111\u01b0\u1ee3c x\u1ebfp v\u00e0o nh\u00f3m th\u00e0nh ph\u1ea7n c\u00f3 ho\u1ea1t t\u00ednh ch\u1ed1ng oxy h\u00f3a r\u1ea5t m\u1ea1nh, th\u01b0\u1eddng c\u00f3 m\u1eb7t trong nhi\u1ec1u s\u1ea3n ph\u1ea9m ch\u0103m s\u00f3c da h\u1ed7 tr\u1ee3 l\u00e0m d\u1ecbu t\u00ecnh tr\u1ea1ng da l\u00e3o h\u00f3a. C\u00f4ng th\u1ee9c th\u01b0\u1eddng \u0111\u01b0\u1ee3c k\u1ebft h\u1ee3p v\u1edbi c\u00e1c vitamin nh\u01b0 C v\u00e0 E, Coenzyme Q10, kinetin v\u00e0 Alpha lipoic acid.<\/p>\n<p data-start=\"611\" data-end=\"802\">Ultra-V Idebenone \u0111\u01b0\u1ee3c nghi\u00ean c\u1ee9u trong h\u01a1n m\u1ed9t n\u0103m r\u01b0\u1ee1i \u0111\u1ec3 t\u1ea1o ra d\u1ea1ng huy\u1ebft thanh c\u00f3 \u0111\u1ed9 \u1ed5n \u0111\u1ecbnh cao. Th\u00e0nh ph\u1ea7n n\u00e0y hi\u1ec7n \u0111\u01b0\u1ee3c \u1ee9ng d\u1ee5ng trong nhi\u1ec1u s\u1ea3n ph\u1ea9m ch\u0103m s\u00f3c da h\u1ed7 tr\u1ee3 ch\u1ed1ng l\u00e3o h\u00f3a.<\/p>\n<h3 data-start=\"804\" data-end=\"858\">Idebenone v\u00e0 c\u00e1ch h\u1ed7 tr\u1ee3 cho l\u00e0n da \u0111ang l\u00e3o h\u00f3a<\/h3>\n<p data-start=\"859\" data-end=\"1291\">Idebenone th\u01b0\u1eddng \u0111\u01b0\u1ee3c s\u1eed d\u1ee5ng trong c\u00e1c s\u1ea3n ph\u1ea9m ch\u0103m s\u00f3c da nh\u1eb1m h\u1ed7 tr\u1ee3 c\u1ea3i thi\u1ec7n t\u00ecnh tr\u1ea1ng s\u1ea1m da, da x\u1ec9n m\u00e0u ho\u1eb7c k\u00e9m \u0111\u1ec1u m\u00e0u do t\u00e1c \u0111\u1ed9ng c\u1ee7a \u00e1nh n\u1eafng. Tia c\u1ef1c t\u00edm t\u1eeb m\u1eb7t tr\u1eddi c\u00f3 th\u1ec3 \u1ea3nh h\u01b0\u1edfng \u0111\u1ebfn ch\u1ea5t l\u01b0\u1ee3ng da, v\u00ec v\u1eady s\u1ea3n ph\u1ea9m ch\u0103m s\u00f3c da c\u00f3 ch\u1ee9a Idebenone th\u01b0\u1eddng \u0111\u01b0\u1ee3c d\u00f9ng \u0111\u1ec3 h\u1ed7 tr\u1ee3 b\u1ea3o v\u1ec7 da kh\u1ecfi c\u00e1c y\u1ebfu t\u1ed1 g\u00e2y oxy h\u00f3a. Ngo\u00e0i ra, Idebenone c\u0169ng \u0111\u01b0\u1ee3c xem l\u00e0 th\u00e0nh ph\u1ea7n gi\u00fap da tr\u00f4ng m\u1ecbn m\u00e0ng h\u01a1n v\u00e0 g\u00f3p ph\u1ea7n l\u00e0m da s\u00e1ng kh\u1ecfe.<\/p>\n<h3 data-start=\"1293\" data-end=\"1342\">Tinh ch\u1ea5t Idebenone k\u1ebft h\u1ee3p Hyaluronic Acid<\/h3>\n<p data-start=\"1343\" data-end=\"1497\">S\u1ef1 k\u1ebft h\u1ee3p gi\u1eefa Idebenone v\u00e0 Hyaluronic Acid t\u1ea1o th\u00e0nh m\u1ed9t d\u1ea1ng tinh ch\u1ea5t ch\u0103m s\u00f3c da \u0111\u1eadm \u0111\u1eb7c, h\u1ed7 tr\u1ee3 d\u01b0\u1ee1ng \u1ea9m, gi\u00fap b\u1ec1 m\u1eb7t da tr\u00f4ng c\u0103ng m\u01b0\u1ee3t v\u00e0 m\u1ec1m m\u1ea1i.<\/p>\n<p><img decoding=\"async\" class=\"lazyload aligncenter size-full\" src=\"data:image\/svg+xml,%3Csvg%20xmlns%3D%27http%3A%2F%2Fwww.w3.org%2F2000%2Fsvg%27%20width%3D%271005%27%20height%3D%271005%27%20viewBox%3D%270%200%201005%201005%27%3E%3Crect%20width%3D%271005%27%20height%3D%271005%27%20fill-opacity%3D%220%22%2F%3E%3C%2Fsvg%3E\" data-orig-src=\"https:\/\/hemac.com.au\/wp-content\/uploads\/idebenone2.jpg\" alt=\"\" \/><br \/>\n<img decoding=\"async\" class=\"lazyload aligncenter size-full\" src=\"data:image\/svg+xml,%3Csvg%20xmlns%3D%27http%3A%2F%2Fwww.w3.org%2F2000%2Fsvg%27%20width%3D%27790%27%20height%3D%27415%27%20viewBox%3D%270%200%20790%20415%27%3E%3Crect%20width%3D%27790%27%20height%3D%27415%27%20fill-opacity%3D%220%22%2F%3E%3C%2Fsvg%3E\" data-orig-src=\"https:\/\/hemac.com.au\/wp-content\/uploads\/idebenone3.jpg\" alt=\"\" \/><\/p>\n<p><img decoding=\"async\" class=\"lazyload aligncenter size-full\" src=\"data:image\/svg+xml,%3Csvg%20xmlns%3D%27http%3A%2F%2Fwww.w3.org%2F2000%2Fsvg%27%20width%3D%27365%27%20height%3D%27277%27%20viewBox%3D%270%200%20365%20277%27%3E%3Crect%20width%3D%27365%27%20height%3D%27277%27%20fill-opacity%3D%220%22%2F%3E%3C%2Fsvg%3E\" data-orig-src=\"https:\/\/hemac.com.au\/wp-content\/uploads\/idebenone4.jpg\" alt=\"\" \/><\/p>\n<p><img decoding=\"async\" class=\"lazyload aligncenter size-full\" src=\"data:image\/svg+xml,%3Csvg%20xmlns%3D%27http%3A%2F%2Fwww.w3.org%2F2000%2Fsvg%27%20width%3D%27365%27%20height%3D%27290%27%20viewBox%3D%270%200%20365%20290%27%3E%3Crect%20width%3D%27365%27%20height%3D%27290%27%20fill-opacity%3D%220%22%2F%3E%3C%2Fsvg%3E\" data-orig-src=\"https:\/\/hemac.com.au\/wp-content\/uploads\/idebenone5.jpg\" alt=\"\" \/><\/p>\n<p><img decoding=\"async\" class=\"lazyload aligncenter size-full\" src=\"data:image\/svg+xml,%3Csvg%20xmlns%3D%27http%3A%2F%2Fwww.w3.org%2F2000%2Fsvg%27%20width%3D%27365%27%20height%3D%27289%27%20viewBox%3D%270%200%20365%20289%27%3E%3Crect%20width%3D%27365%27%20height%3D%27289%27%20fill-opacity%3D%220%22%2F%3E%3C%2Fsvg%3E\" data-orig-src=\"https:\/\/hemac.com.au\/wp-content\/uploads\/idebenone6.jpg\" alt=\"\" \/><\/p>\n<p><img decoding=\"async\" class=\"lazyload aligncenter size-full\" src=\"data:image\/svg+xml,%3Csvg%20xmlns%3D%27http%3A%2F%2Fwww.w3.org%2F2000%2Fsvg%27%20width%3D%27365%27%20height%3D%27290%27%20viewBox%3D%270%200%20365%20290%27%3E%3Crect%20width%3D%27365%27%20height%3D%27290%27%20fill-opacity%3D%220%22%2F%3E%3C%2Fsvg%3E\" data-orig-src=\"https:\/\/hemac.com.au\/wp-content\/uploads\/idebenone7.jpg\" alt=\"\" \/><\/p>\n<\/div><div class=\"fusion-sep-clear\"><\/div><div class=\"fusion-separator fusion-full-width-sep\" style=\"margin-left: auto;margin-right: auto;margin-top:20px;margin-bottom:50px;width:100%;\"><\/div><div class=\"fusion-sep-clear\"><\/div><div class=\"fusion-clearfix\"><\/div><\/div><\/div><\/div><\/div>\n","protected":false},"excerpt":{"rendered":"","protected":false},"author":1,"featured_media":0,"parent":2200,"menu_order":0,"comment_status":"open","ping_status":"open","template":"100-width.php","meta":{"footnotes":""},"class_list":["post-2317","page","type-page","status-publish","hentry"],"yoast_head":"<!-- This site is optimized with the Yoast SEO plugin v26.6 - https:\/\/yoast.com\/wordpress\/plugins\/seo\/ -->\n<title>Huy\u1ebft thanh Idebenone | D\u1ecbch v\u1ee5 d\u01b0\u1ee1ng da t\u1ea1i | Y Khoa &amp; Th\u1ea9m M\u1ef9 Hawthorn East (HEMAC)<\/title>\n<meta name=\"robots\" content=\"index, follow, max-snippet:-1, max-image-preview:large, max-video-preview:-1\" \/>\n<link rel=\"canonical\" href=\"https:\/\/hemac.com.au\/vi\/aesthetic-skin\/skin-products\/idebenone\/\" \/>\n<meta property=\"og:locale\" content=\"vi_VN\" \/>\n<meta property=\"og:type\" content=\"article\" \/>\n<meta property=\"og:title\" content=\"Huy\u1ebft thanh Idebenone | D\u1ecbch v\u1ee5 d\u01b0\u1ee1ng da t\u1ea1i | Y Khoa &amp; Th\u1ea9m M\u1ef9 Hawthorn East (HEMAC)\" \/>\n<meta property=\"og:url\" content=\"https:\/\/hemac.com.au\/vi\/aesthetic-skin\/skin-products\/idebenone\/\" \/>\n<meta property=\"og:site_name\" content=\"Hawthorn East Medical &amp; Aesthetic Clinic\" \/>\n<meta property=\"article:publisher\" content=\"https:\/\/www.facebook.com\/562018927210986\/\" \/>\n<meta property=\"article:modified_time\" content=\"2025-11-19T10:39:52+00:00\" \/>\n<meta property=\"og:image\" content=\"https:\/\/hemac.com.au\/wp-content\/uploads\/idebenone1.jpg\" \/>\n<meta name=\"twitter:card\" content=\"summary_large_image\" \/>\n<meta name=\"twitter:label1\" content=\"Est. reading time\" \/>\n\t<meta name=\"twitter:data1\" content=\"3 minutes\" \/>\n<script type=\"application\/ld+json\" class=\"yoast-schema-graph\">{\"@context\":\"https:\/\/schema.org\",\"@graph\":[{\"@type\":\"WebPage\",\"@id\":\"https:\/\/hemac.com.au\/vi\/aesthetic-skin\/skin-products\/idebenone\/\",\"url\":\"https:\/\/hemac.com.au\/vi\/aesthetic-skin\/skin-products\/idebenone\/\",\"name\":\"Huy\u1ebft thanh Idebenone | D\u1ecbch v\u1ee5 d\u01b0\u1ee1ng da t\u1ea1i | Y Khoa & Th\u1ea9m M\u1ef9 Hawthorn East (HEMAC)\",\"isPartOf\":{\"@id\":\"https:\/\/hemac.com.au\/vi\/#website\"},\"primaryImageOfPage\":{\"@id\":\"https:\/\/hemac.com.au\/vi\/aesthetic-skin\/skin-products\/idebenone\/#primaryimage\"},\"image\":{\"@id\":\"https:\/\/hemac.com.au\/vi\/aesthetic-skin\/skin-products\/idebenone\/#primaryimage\"},\"thumbnailUrl\":\"https:\/\/hemac.com.au\/wp-content\/uploads\/idebenone1.jpg\",\"datePublished\":\"2020-10-02T03:36:23+00:00\",\"dateModified\":\"2025-11-19T10:39:52+00:00\",\"breadcrumb\":{\"@id\":\"https:\/\/hemac.com.au\/vi\/aesthetic-skin\/skin-products\/idebenone\/#breadcrumb\"},\"inLanguage\":\"vi-VN\",\"potentialAction\":[{\"@type\":\"ReadAction\",\"target\":[\"https:\/\/hemac.com.au\/vi\/aesthetic-skin\/skin-products\/idebenone\/\"]}]},{\"@type\":\"ImageObject\",\"inLanguage\":\"vi-VN\",\"@id\":\"https:\/\/hemac.com.au\/vi\/aesthetic-skin\/skin-products\/idebenone\/#primaryimage\",\"url\":\"https:\/\/hemac.com.au\/wp-content\/uploads\/idebenone1.jpg\",\"contentUrl\":\"https:\/\/hemac.com.au\/wp-content\/uploads\/idebenone1.jpg\"},{\"@type\":\"BreadcrumbList\",\"@id\":\"https:\/\/hemac.com.au\/vi\/aesthetic-skin\/skin-products\/idebenone\/#breadcrumb\",\"itemListElement\":[{\"@type\":\"ListItem\",\"position\":1,\"name\":\"Home\",\"item\":\"https:\/\/hemac.com.au\/vi\/\"},{\"@type\":\"ListItem\",\"position\":2,\"name\":\"TH\u1ea8M M\u1ef8 &#038; DA\",\"item\":\"https:\/\/hemac.com.au\/vi\/aesthetic-skin\/\"},{\"@type\":\"ListItem\",\"position\":3,\"name\":\"\u76ae\u80a4\u4ea7\u54c1\",\"item\":\"https:\/\/hemac.com.au\/vi\/aesthetic-skin\/skin-products\/\"},{\"@type\":\"ListItem\",\"position\":4,\"name\":\"Huy\u1ebft thanh Idebenone\"}]},{\"@type\":\"WebSite\",\"@id\":\"https:\/\/hemac.com.au\/vi\/#website\",\"url\":\"https:\/\/hemac.com.au\/vi\/\",\"name\":\"Hawthorn East Medical & Aesthetic Clinic\",\"description\":\"\",\"publisher\":{\"@id\":\"https:\/\/hemac.com.au\/vi\/#organization\"},\"alternateName\":\"HEMAC\",\"potentialAction\":[{\"@type\":\"SearchAction\",\"target\":{\"@type\":\"EntryPoint\",\"urlTemplate\":\"https:\/\/hemac.com.au\/vi\/?s={search_term_string}\"},\"query-input\":{\"@type\":\"PropertyValueSpecification\",\"valueRequired\":true,\"valueName\":\"search_term_string\"}}],\"inLanguage\":\"vi-VN\"},{\"@type\":\"Organization\",\"@id\":\"https:\/\/hemac.com.au\/vi\/#organization\",\"name\":\"Hawthorn East Medical & Aesthetic Clinic\",\"alternateName\":\"HEMAC\",\"url\":\"https:\/\/hemac.com.au\/vi\/\",\"logo\":{\"@type\":\"ImageObject\",\"inLanguage\":\"vi-VN\",\"@id\":\"https:\/\/hemac.com.au\/vi\/#\/schema\/logo\/image\/\",\"url\":\"https:\/\/hemac.com.au\/wp-content\/uploads\/HEMAC-697x697-1.jpg\",\"contentUrl\":\"https:\/\/hemac.com.au\/wp-content\/uploads\/HEMAC-697x697-1.jpg\",\"width\":697,\"height\":697,\"caption\":\"Hawthorn East Medical & Aesthetic Clinic\"},\"image\":{\"@id\":\"https:\/\/hemac.com.au\/vi\/#\/schema\/logo\/image\/\"},\"sameAs\":[\"https:\/\/www.facebook.com\/562018927210986\/\",\"https:\/\/www.facebook.com\/hemacskinclinic\/\",\"https:\/\/www.instagram.com\/hemac_aesthetics\/\"]}]}<\/script>\n<!-- \/ Yoast SEO plugin. -->","yoast_head_json":{"title":"Huy\u1ebft thanh Idebenone | D\u1ecbch v\u1ee5 d\u01b0\u1ee1ng da t\u1ea1i | Y Khoa & Th\u1ea9m M\u1ef9 Hawthorn East (HEMAC)","robots":{"index":"index","follow":"follow","max-snippet":"max-snippet:-1","max-image-preview":"max-image-preview:large","max-video-preview":"max-video-preview:-1"},"canonical":"https:\/\/hemac.com.au\/vi\/aesthetic-skin\/skin-products\/idebenone\/","og_locale":"vi_VN","og_type":"article","og_title":"Huy\u1ebft thanh Idebenone | D\u1ecbch v\u1ee5 d\u01b0\u1ee1ng da t\u1ea1i | Y Khoa & Th\u1ea9m M\u1ef9 Hawthorn East (HEMAC)","og_url":"https:\/\/hemac.com.au\/vi\/aesthetic-skin\/skin-products\/idebenone\/","og_site_name":"Hawthorn East Medical &amp; Aesthetic Clinic","article_publisher":"https:\/\/www.facebook.com\/562018927210986\/","article_modified_time":"2025-11-19T10:39:52+00:00","og_image":[{"url":"https:\/\/hemac.com.au\/wp-content\/uploads\/idebenone1.jpg","type":"","width":"","height":""}],"twitter_card":"summary_large_image","twitter_misc":{"Est. reading time":"3 minutes"},"schema":{"@context":"https:\/\/schema.org","@graph":[{"@type":"WebPage","@id":"https:\/\/hemac.com.au\/vi\/aesthetic-skin\/skin-products\/idebenone\/","url":"https:\/\/hemac.com.au\/vi\/aesthetic-skin\/skin-products\/idebenone\/","name":"Huy\u1ebft thanh Idebenone | D\u1ecbch v\u1ee5 d\u01b0\u1ee1ng da t\u1ea1i | Y Khoa & Th\u1ea9m M\u1ef9 Hawthorn East (HEMAC)","isPartOf":{"@id":"https:\/\/hemac.com.au\/vi\/#website"},"primaryImageOfPage":{"@id":"https:\/\/hemac.com.au\/vi\/aesthetic-skin\/skin-products\/idebenone\/#primaryimage"},"image":{"@id":"https:\/\/hemac.com.au\/vi\/aesthetic-skin\/skin-products\/idebenone\/#primaryimage"},"thumbnailUrl":"https:\/\/hemac.com.au\/wp-content\/uploads\/idebenone1.jpg","datePublished":"2020-10-02T03:36:23+00:00","dateModified":"2025-11-19T10:39:52+00:00","breadcrumb":{"@id":"https:\/\/hemac.com.au\/vi\/aesthetic-skin\/skin-products\/idebenone\/#breadcrumb"},"inLanguage":"vi-VN","potentialAction":[{"@type":"ReadAction","target":["https:\/\/hemac.com.au\/vi\/aesthetic-skin\/skin-products\/idebenone\/"]}]},{"@type":"ImageObject","inLanguage":"vi-VN","@id":"https:\/\/hemac.com.au\/vi\/aesthetic-skin\/skin-products\/idebenone\/#primaryimage","url":"https:\/\/hemac.com.au\/wp-content\/uploads\/idebenone1.jpg","contentUrl":"https:\/\/hemac.com.au\/wp-content\/uploads\/idebenone1.jpg"},{"@type":"BreadcrumbList","@id":"https:\/\/hemac.com.au\/vi\/aesthetic-skin\/skin-products\/idebenone\/#breadcrumb","itemListElement":[{"@type":"ListItem","position":1,"name":"Home","item":"https:\/\/hemac.com.au\/vi\/"},{"@type":"ListItem","position":2,"name":"TH\u1ea8M M\u1ef8 &#038; DA","item":"https:\/\/hemac.com.au\/vi\/aesthetic-skin\/"},{"@type":"ListItem","position":3,"name":"\u76ae\u80a4\u4ea7\u54c1","item":"https:\/\/hemac.com.au\/vi\/aesthetic-skin\/skin-products\/"},{"@type":"ListItem","position":4,"name":"Huy\u1ebft thanh Idebenone"}]},{"@type":"WebSite","@id":"https:\/\/hemac.com.au\/vi\/#website","url":"https:\/\/hemac.com.au\/vi\/","name":"Hawthorn East Medical & Aesthetic Clinic","description":"","publisher":{"@id":"https:\/\/hemac.com.au\/vi\/#organization"},"alternateName":"HEMAC","potentialAction":[{"@type":"SearchAction","target":{"@type":"EntryPoint","urlTemplate":"https:\/\/hemac.com.au\/vi\/?s={search_term_string}"},"query-input":{"@type":"PropertyValueSpecification","valueRequired":true,"valueName":"search_term_string"}}],"inLanguage":"vi-VN"},{"@type":"Organization","@id":"https:\/\/hemac.com.au\/vi\/#organization","name":"Hawthorn East Medical & Aesthetic Clinic","alternateName":"HEMAC","url":"https:\/\/hemac.com.au\/vi\/","logo":{"@type":"ImageObject","inLanguage":"vi-VN","@id":"https:\/\/hemac.com.au\/vi\/#\/schema\/logo\/image\/","url":"https:\/\/hemac.com.au\/wp-content\/uploads\/HEMAC-697x697-1.jpg","contentUrl":"https:\/\/hemac.com.au\/wp-content\/uploads\/HEMAC-697x697-1.jpg","width":697,"height":697,"caption":"Hawthorn East Medical & Aesthetic Clinic"},"image":{"@id":"https:\/\/hemac.com.au\/vi\/#\/schema\/logo\/image\/"},"sameAs":["https:\/\/www.facebook.com\/562018927210986\/","https:\/\/www.facebook.com\/hemacskinclinic\/","https:\/\/www.instagram.com\/hemac_aesthetics\/"]}]}},"_links":{"self":[{"href":"https:\/\/hemac.com.au\/vi\/wp-json\/wp\/v2\/pages\/2317","targetHints":{"allow":["GET"]}}],"collection":[{"href":"https:\/\/hemac.com.au\/vi\/wp-json\/wp\/v2\/pages"}],"about":[{"href":"https:\/\/hemac.com.au\/vi\/wp-json\/wp\/v2\/types\/page"}],"author":[{"embeddable":true,"href":"https:\/\/hemac.com.au\/vi\/wp-json\/wp\/v2\/users\/1"}],"replies":[{"embeddable":true,"href":"https:\/\/hemac.com.au\/vi\/wp-json\/wp\/v2\/comments?post=2317"}],"version-history":[{"count":1,"href":"https:\/\/hemac.com.au\/vi\/wp-json\/wp\/v2\/pages\/2317\/revisions"}],"predecessor-version":[{"id":3329,"href":"https:\/\/hemac.com.au\/vi\/wp-json\/wp\/v2\/pages\/2317\/revisions\/3329"}],"up":[{"embeddable":true,"href":"https:\/\/hemac.com.au\/vi\/wp-json\/wp\/v2\/pages\/2200"}],"wp:attachment":[{"href":"https:\/\/hemac.com.au\/vi\/wp-json\/wp\/v2\/media?parent=2317"}],"curies":[{"name":"wp","href":"https:\/\/api.w.org\/{rel}","templated":true}]}}