{"id":2337,"date":"2020-10-02T12:36:05","date_gmt":"2020-10-02T02:36:05","guid":{"rendered":"https:\/\/www.hemac.com.au\/aesthetic-skin\/face-lift\/ultra-v-plasma\/"},"modified":"2025-11-19T21:36:55","modified_gmt":"2025-11-19T10:36:55","slug":"ultra-v-plasma","status":"publish","type":"page","link":"https:\/\/hemac.com.au\/vi\/aesthetic-skin\/face-lift\/ultra-v-plasma\/","title":{"rendered":"Plasma pen &#8211; Ultra V"},"content":{"rendered":"<div class=\"fusion-fullwidth fullwidth-box fusion-builder-row-1 nonhundred-percent-fullwidth non-hundred-percent-height-scrolling\" style=\"--awb-background-position:left top;--awb-border-sizes-top:0px;--awb-border-sizes-bottom:0px;--awb-border-sizes-left:0px;--awb-border-sizes-right:0px;--awb-border-radius-top-left:0px;--awb-border-radius-top-right:0px;--awb-border-radius-bottom-right:0px;--awb-border-radius-bottom-left:0px;--awb-padding-top:20px;--awb-padding-bottom:0px;--awb-flex-wrap:wrap;\" ><div class=\"fusion-builder-row fusion-row\"><div class=\"fusion-layout-column fusion_builder_column fusion-builder-column-0 fusion_builder_column_1_1 1_1 fusion-one-full fusion-column-first fusion-column-last fusion-column-no-min-height\" style=\"--awb-bg-size:cover;--awb-margin-bottom:0px;\"><div class=\"fusion-column-wrapper fusion-flex-column-wrapper-legacy\"><div class=\"fusion-text fusion-text-1\"><p><img decoding=\"async\" class=\"lazyload aligncenter size-full\" src=\"data:image\/svg+xml,%3Csvg%20xmlns%3D%27http%3A%2F%2Fwww.w3.org%2F2000%2Fsvg%27%20width%3D%27479%27%20height%3D%27516%27%20viewBox%3D%270%200%20479%20516%27%3E%3Crect%20width%3D%27479%27%20height%3D%27516%27%20fill-opacity%3D%220%22%2F%3E%3C%2Fsvg%3E\" data-orig-src=\"https:\/\/hemac.com.au\/wp-content\/uploads\/plasma-pen-ultra-v1.jpg\" alt=\"\" \/><\/p>\n<p data-start=\"293\" data-end=\"773\">C\u00e1c v\u00f9ng da th\u1eeba \u1edf m\u1eb7t, c\u1ed5 v\u00e0 m\u00ed m\u1eaft tr\u00ean d\u01b0\u1edbi c\u00f3 th\u1ec3 \u0111\u01b0\u1ee3c l\u00e0m s\u0103n ch\u1eafc b\u1eb1ng ph\u01b0\u01a1ng ph\u00e1p Plasma. Nh\u1eefng \u0111\u01b0\u1eddng nh\u0103n quanh mi\u1ec7ng c\u0169ng c\u00f3 th\u1ec3 \u0111\u01b0\u1ee3c c\u1ea3i thi\u1ec7n. \u0110\u00e2y l\u00e0 l\u1ef1a ch\u1ecdn ph\u00f9 h\u1ee3p cho nh\u1eefng ng\u01b0\u1eddi kh\u00f4ng mu\u1ed1n ph\u1eabu thu\u1eadt ho\u1eb7c nh\u1eefng b\u1ec7nh nh\u00e2n kh\u00f4ng th\u1ec3 th\u1ef1c hi\u1ec7n th\u1ee7 thu\u1eadt x\u00e2m l\u1ea5n do t\u00ecnh tr\u1ea1ng s\u1ee9c kh\u1ecfe. B\u00fat plasma gi\u00fap c\u1ea3i thi\u1ec7n \u0111\u1ed9 c\u00e2n x\u1ee9ng v\u00e0 h\u1ed7 tr\u1ee3 t\u00e1i t\u1ea1o b\u1ec1 m\u1eb7t da m\u00e0 kh\u00f4ng g\u00e2y t\u1ed5n th\u01b0\u01a1ng s\u00e2u; khi th\u1ef1c hi\u1ec7n \u0111\u00fang k\u1ef9 thu\u1eadt s\u1ebd kh\u00f4ng \u0111\u1ec3 l\u1ea1i s\u1eb9o v\u00e0 mang l\u1ea1i hi\u1ec7u qu\u1ea3 s\u0103n ch\u1eafc l\u00e2u d\u00e0i.<\/p>\n<h2 data-start=\"775\" data-end=\"792\">Sau \u0111i\u1ec1u tr\u1ecb<\/h2>\n<p data-start=\"793\" data-end=\"1127\">Kh\u00e1ch h\u00e0ng th\u01b0\u1eddng c\u1ea3m nh\u1eadn da s\u0103n h\u01a1n ngay sau bu\u1ed5i \u0111i\u1ec1u tr\u1ecb. Trong s\u00e1u \u0111\u1ebfn t\u00e1m tu\u1ea7n ti\u1ebfp theo, da ti\u1ebfp t\u1ee5c ph\u1ee5c h\u1ed3i nh\u1edd v\u00f9ng t\u00e1c \u0111\u1ed9ng nh\u1ecf v\u00e0 kh\u00f4ng \u1ea3nh h\u01b0\u1edfng \u0111\u1ebfn m\u00f4 xung quanh. C\u00e1c t\u1ebf b\u00e0o \u0111\u01b0\u1ee3c k\u00edch th\u00edch t\u00e1i t\u1ea1o nh\u01b0ng kh\u00f4ng l\u00e0m da b\u1ecb co r\u00fat. K\u1ebft qu\u1ea3 th\u1ea5y ngay, tuy nhi\u00ean khu v\u1ef1c \u0111i\u1ec1u tr\u1ecb c\u00f3 th\u1ec3 h\u01a1i s\u01b0ng trong v\u00e0i ng\u00e0y v\u00e0 s\u1ebd gi\u1ea3m d\u1ea7n.<\/p>\n<h2 data-start=\"1129\" data-end=\"1160\">Plasma Pen c\u00f3 th\u1ec3 \u0111i\u1ec1u tr\u1ecb<\/h2>\n<ul data-start=\"1161\" data-end=\"1342\">\n<li data-start=\"1161\" data-end=\"1186\">\n<p data-start=\"1163\" data-end=\"1186\">L\u00e0m c\u0103ng da m\u1eb7t v\u00e0 c\u1ed5<\/p>\n<\/li>\n<li data-start=\"1187\" data-end=\"1214\">\n<p data-start=\"1189\" data-end=\"1214\">Lo\u1ea1i b\u1ecf v\u00f9ng da l\u1ed3i nh\u1eb9<\/p>\n<\/li>\n<li data-start=\"1215\" data-end=\"1237\">\n<p data-start=\"1217\" data-end=\"1237\">T\u1ed5n th\u01b0\u01a1ng do n\u1eafng<\/p>\n<\/li>\n<li data-start=\"1238\" data-end=\"1269\">\n<p data-start=\"1240\" data-end=\"1269\">M\u1ee5n v\u00e0 c\u00e1c v\u1ea5n \u0111\u1ec1 li\u00ean quan<\/p>\n<\/li>\n<li data-start=\"1270\" data-end=\"1290\">\n<p data-start=\"1272\" data-end=\"1290\">L\u1ed7 ch\u00e2n l\u00f4ng l\u1edbn<\/p>\n<\/li>\n<li data-start=\"1291\" data-end=\"1310\">\n<p data-start=\"1293\" data-end=\"1310\">V\u00f9ng da s\u1ea1m m\u00e0u<\/p>\n<\/li>\n<li data-start=\"1311\" data-end=\"1342\">\n<p data-start=\"1313\" data-end=\"1342\">Thay \u0111\u1ed5i s\u1eafc t\u1ed1 do \u00e1nh n\u1eafng<\/p>\n<\/li>\n<\/ul>\n<p data-start=\"1344\" data-end=\"1454\">Trong th\u1eddi gian h\u1ed3i ph\u1ee5c, n\u00ean s\u1eed d\u1ee5ng c\u00e1c s\u1ea3n ph\u1ea9m ch\u0103m s\u00f3c da ph\u00f9 h\u1ee3p cho \u0111\u1ebfn khi l\u1edbp v\u1ea3y nh\u1ecf bong ho\u00e0n to\u00e0n.<\/p>\n<p><img decoding=\"async\" class=\"lazyload aligncenter size-full\" src=\"data:image\/svg+xml,%3Csvg%20xmlns%3D%27http%3A%2F%2Fwww.w3.org%2F2000%2Fsvg%27%20width%3D%27840%27%20height%3D%27830%27%20viewBox%3D%270%200%20840%20830%27%3E%3Crect%20width%3D%27840%27%20height%3D%27830%27%20fill-opacity%3D%220%22%2F%3E%3C%2Fsvg%3E\" data-orig-src=\"https:\/\/hemac.com.au\/wp-content\/uploads\/plasma-pen-ultra-v2.jpg\" alt=\"\" \/><br \/>\n<img decoding=\"async\" class=\"lazyload aligncenter size-full\" src=\"data:image\/svg+xml,%3Csvg%20xmlns%3D%27http%3A%2F%2Fwww.w3.org%2F2000%2Fsvg%27%20width%3D%271408%27%20height%3D%271027%27%20viewBox%3D%270%200%201408%201027%27%3E%3Crect%20width%3D%271408%27%20height%3D%271027%27%20fill-opacity%3D%220%22%2F%3E%3C%2Fsvg%3E\" data-orig-src=\"https:\/\/hemac.com.au\/wp-content\/uploads\/plasma-pen-ultra-v3.jpg\" alt=\"\" \/><br \/>\n<img decoding=\"async\" class=\"lazyload aligncenter size-full\" src=\"data:image\/svg+xml,%3Csvg%20xmlns%3D%27http%3A%2F%2Fwww.w3.org%2F2000%2Fsvg%27%20width%3D%271370%27%20height%3D%271039%27%20viewBox%3D%270%200%201370%201039%27%3E%3Crect%20width%3D%271370%27%20height%3D%271039%27%20fill-opacity%3D%220%22%2F%3E%3C%2Fsvg%3E\" data-orig-src=\"https:\/\/hemac.com.au\/wp-content\/uploads\/plasma-pen-ultra-v4.jpg\" alt=\"\" \/><\/p>\n<\/div><div class=\"fusion-sep-clear\"><\/div><div class=\"fusion-separator fusion-full-width-sep\" style=\"margin-left: auto;margin-right: auto;margin-top:20px;margin-bottom:50px;width:100%;\"><\/div><div class=\"fusion-sep-clear\"><\/div><div class=\"fusion-clearfix\"><\/div><\/div><\/div><\/div><\/div>\n","protected":false},"excerpt":{"rendered":"","protected":false},"author":1,"featured_media":0,"parent":2207,"menu_order":0,"comment_status":"open","ping_status":"open","template":"100-width.php","meta":{"footnotes":""},"class_list":["post-2337","page","type-page","status-publish","hentry"],"yoast_head":"<!-- This site is optimized with the Yoast SEO plugin v26.6 - https:\/\/yoast.com\/wordpress\/plugins\/seo\/ -->\n<title>Plasma pen \u2013 Ultra V | \u0110i\u1ec1u tr\u1ecb m\u1eaft | Y Khoa &amp; Th\u1ea9m M\u1ef9 Hawthorn East (HEMAC)<\/title>\n<meta name=\"robots\" content=\"index, follow, max-snippet:-1, max-image-preview:large, max-video-preview:-1\" \/>\n<link rel=\"canonical\" href=\"https:\/\/hemac.com.au\/vi\/aesthetic-skin\/face-lift\/ultra-v-plasma\/\" \/>\n<meta property=\"og:locale\" content=\"vi_VN\" \/>\n<meta property=\"og:type\" content=\"article\" \/>\n<meta property=\"og:title\" content=\"Plasma pen \u2013 Ultra V | \u0110i\u1ec1u tr\u1ecb m\u1eaft | Y Khoa &amp; Th\u1ea9m M\u1ef9 Hawthorn East (HEMAC)\" \/>\n<meta property=\"og:url\" content=\"https:\/\/hemac.com.au\/vi\/aesthetic-skin\/face-lift\/ultra-v-plasma\/\" \/>\n<meta property=\"og:site_name\" content=\"Hawthorn East Medical &amp; Aesthetic Clinic\" \/>\n<meta property=\"article:publisher\" content=\"https:\/\/www.facebook.com\/562018927210986\/\" \/>\n<meta property=\"article:modified_time\" content=\"2025-11-19T10:36:55+00:00\" \/>\n<meta property=\"og:image\" content=\"https:\/\/hemac.com.au\/wp-content\/uploads\/plasma-pen-ultra-v1.jpg\" \/>\n<meta name=\"twitter:card\" content=\"summary_large_image\" \/>\n<meta name=\"twitter:label1\" content=\"Est. reading time\" \/>\n\t<meta name=\"twitter:data1\" content=\"3 minutes\" \/>\n<script type=\"application\/ld+json\" class=\"yoast-schema-graph\">{\"@context\":\"https:\/\/schema.org\",\"@graph\":[{\"@type\":\"WebPage\",\"@id\":\"https:\/\/hemac.com.au\/vi\/aesthetic-skin\/face-lift\/ultra-v-plasma\/\",\"url\":\"https:\/\/hemac.com.au\/vi\/aesthetic-skin\/face-lift\/ultra-v-plasma\/\",\"name\":\"Plasma pen \u2013 Ultra V | \u0110i\u1ec1u tr\u1ecb m\u1eaft | Y Khoa & Th\u1ea9m M\u1ef9 Hawthorn East (HEMAC)\",\"isPartOf\":{\"@id\":\"https:\/\/hemac.com.au\/vi\/#website\"},\"primaryImageOfPage\":{\"@id\":\"https:\/\/hemac.com.au\/vi\/aesthetic-skin\/face-lift\/ultra-v-plasma\/#primaryimage\"},\"image\":{\"@id\":\"https:\/\/hemac.com.au\/vi\/aesthetic-skin\/face-lift\/ultra-v-plasma\/#primaryimage\"},\"thumbnailUrl\":\"https:\/\/hemac.com.au\/wp-content\/uploads\/plasma-pen-ultra-v1.jpg\",\"datePublished\":\"2020-10-02T02:36:05+00:00\",\"dateModified\":\"2025-11-19T10:36:55+00:00\",\"breadcrumb\":{\"@id\":\"https:\/\/hemac.com.au\/vi\/aesthetic-skin\/face-lift\/ultra-v-plasma\/#breadcrumb\"},\"inLanguage\":\"vi-VN\",\"potentialAction\":[{\"@type\":\"ReadAction\",\"target\":[\"https:\/\/hemac.com.au\/vi\/aesthetic-skin\/face-lift\/ultra-v-plasma\/\"]}]},{\"@type\":\"ImageObject\",\"inLanguage\":\"vi-VN\",\"@id\":\"https:\/\/hemac.com.au\/vi\/aesthetic-skin\/face-lift\/ultra-v-plasma\/#primaryimage\",\"url\":\"https:\/\/hemac.com.au\/wp-content\/uploads\/plasma-pen-ultra-v1.jpg\",\"contentUrl\":\"https:\/\/hemac.com.au\/wp-content\/uploads\/plasma-pen-ultra-v1.jpg\"},{\"@type\":\"BreadcrumbList\",\"@id\":\"https:\/\/hemac.com.au\/vi\/aesthetic-skin\/face-lift\/ultra-v-plasma\/#breadcrumb\",\"itemListElement\":[{\"@type\":\"ListItem\",\"position\":1,\"name\":\"Home\",\"item\":\"https:\/\/hemac.com.au\/vi\/\"},{\"@type\":\"ListItem\",\"position\":2,\"name\":\"TH\u1ea8M M\u1ef8 &#038; DA\",\"item\":\"https:\/\/hemac.com.au\/vi\/aesthetic-skin\/\"},{\"@type\":\"ListItem\",\"position\":3,\"name\":\"\u9762\u90e8\u63d0\u5347\",\"item\":\"https:\/\/hemac.com.au\/vi\/aesthetic-skin\/face-lift\/\"},{\"@type\":\"ListItem\",\"position\":4,\"name\":\"Plasma pen &#8211; Ultra V\"}]},{\"@type\":\"WebSite\",\"@id\":\"https:\/\/hemac.com.au\/vi\/#website\",\"url\":\"https:\/\/hemac.com.au\/vi\/\",\"name\":\"Hawthorn East Medical & Aesthetic Clinic\",\"description\":\"\",\"publisher\":{\"@id\":\"https:\/\/hemac.com.au\/vi\/#organization\"},\"alternateName\":\"HEMAC\",\"potentialAction\":[{\"@type\":\"SearchAction\",\"target\":{\"@type\":\"EntryPoint\",\"urlTemplate\":\"https:\/\/hemac.com.au\/vi\/?s={search_term_string}\"},\"query-input\":{\"@type\":\"PropertyValueSpecification\",\"valueRequired\":true,\"valueName\":\"search_term_string\"}}],\"inLanguage\":\"vi-VN\"},{\"@type\":\"Organization\",\"@id\":\"https:\/\/hemac.com.au\/vi\/#organization\",\"name\":\"Hawthorn East Medical & Aesthetic Clinic\",\"alternateName\":\"HEMAC\",\"url\":\"https:\/\/hemac.com.au\/vi\/\",\"logo\":{\"@type\":\"ImageObject\",\"inLanguage\":\"vi-VN\",\"@id\":\"https:\/\/hemac.com.au\/vi\/#\/schema\/logo\/image\/\",\"url\":\"https:\/\/hemac.com.au\/wp-content\/uploads\/HEMAC-697x697-1.jpg\",\"contentUrl\":\"https:\/\/hemac.com.au\/wp-content\/uploads\/HEMAC-697x697-1.jpg\",\"width\":697,\"height\":697,\"caption\":\"Hawthorn East Medical & Aesthetic Clinic\"},\"image\":{\"@id\":\"https:\/\/hemac.com.au\/vi\/#\/schema\/logo\/image\/\"},\"sameAs\":[\"https:\/\/www.facebook.com\/562018927210986\/\",\"https:\/\/www.facebook.com\/hemacskinclinic\/\",\"https:\/\/www.instagram.com\/hemac_aesthetics\/\"]}]}<\/script>\n<!-- \/ Yoast SEO plugin. -->","yoast_head_json":{"title":"Plasma pen \u2013 Ultra V | \u0110i\u1ec1u tr\u1ecb m\u1eaft | Y Khoa & Th\u1ea9m M\u1ef9 Hawthorn East (HEMAC)","robots":{"index":"index","follow":"follow","max-snippet":"max-snippet:-1","max-image-preview":"max-image-preview:large","max-video-preview":"max-video-preview:-1"},"canonical":"https:\/\/hemac.com.au\/vi\/aesthetic-skin\/face-lift\/ultra-v-plasma\/","og_locale":"vi_VN","og_type":"article","og_title":"Plasma pen \u2013 Ultra V | \u0110i\u1ec1u tr\u1ecb m\u1eaft | Y Khoa & Th\u1ea9m M\u1ef9 Hawthorn East (HEMAC)","og_url":"https:\/\/hemac.com.au\/vi\/aesthetic-skin\/face-lift\/ultra-v-plasma\/","og_site_name":"Hawthorn East Medical &amp; Aesthetic Clinic","article_publisher":"https:\/\/www.facebook.com\/562018927210986\/","article_modified_time":"2025-11-19T10:36:55+00:00","og_image":[{"url":"https:\/\/hemac.com.au\/wp-content\/uploads\/plasma-pen-ultra-v1.jpg","type":"","width":"","height":""}],"twitter_card":"summary_large_image","twitter_misc":{"Est. reading time":"3 minutes"},"schema":{"@context":"https:\/\/schema.org","@graph":[{"@type":"WebPage","@id":"https:\/\/hemac.com.au\/vi\/aesthetic-skin\/face-lift\/ultra-v-plasma\/","url":"https:\/\/hemac.com.au\/vi\/aesthetic-skin\/face-lift\/ultra-v-plasma\/","name":"Plasma pen \u2013 Ultra V | \u0110i\u1ec1u tr\u1ecb m\u1eaft | Y Khoa & Th\u1ea9m M\u1ef9 Hawthorn East (HEMAC)","isPartOf":{"@id":"https:\/\/hemac.com.au\/vi\/#website"},"primaryImageOfPage":{"@id":"https:\/\/hemac.com.au\/vi\/aesthetic-skin\/face-lift\/ultra-v-plasma\/#primaryimage"},"image":{"@id":"https:\/\/hemac.com.au\/vi\/aesthetic-skin\/face-lift\/ultra-v-plasma\/#primaryimage"},"thumbnailUrl":"https:\/\/hemac.com.au\/wp-content\/uploads\/plasma-pen-ultra-v1.jpg","datePublished":"2020-10-02T02:36:05+00:00","dateModified":"2025-11-19T10:36:55+00:00","breadcrumb":{"@id":"https:\/\/hemac.com.au\/vi\/aesthetic-skin\/face-lift\/ultra-v-plasma\/#breadcrumb"},"inLanguage":"vi-VN","potentialAction":[{"@type":"ReadAction","target":["https:\/\/hemac.com.au\/vi\/aesthetic-skin\/face-lift\/ultra-v-plasma\/"]}]},{"@type":"ImageObject","inLanguage":"vi-VN","@id":"https:\/\/hemac.com.au\/vi\/aesthetic-skin\/face-lift\/ultra-v-plasma\/#primaryimage","url":"https:\/\/hemac.com.au\/wp-content\/uploads\/plasma-pen-ultra-v1.jpg","contentUrl":"https:\/\/hemac.com.au\/wp-content\/uploads\/plasma-pen-ultra-v1.jpg"},{"@type":"BreadcrumbList","@id":"https:\/\/hemac.com.au\/vi\/aesthetic-skin\/face-lift\/ultra-v-plasma\/#breadcrumb","itemListElement":[{"@type":"ListItem","position":1,"name":"Home","item":"https:\/\/hemac.com.au\/vi\/"},{"@type":"ListItem","position":2,"name":"TH\u1ea8M M\u1ef8 &#038; DA","item":"https:\/\/hemac.com.au\/vi\/aesthetic-skin\/"},{"@type":"ListItem","position":3,"name":"\u9762\u90e8\u63d0\u5347","item":"https:\/\/hemac.com.au\/vi\/aesthetic-skin\/face-lift\/"},{"@type":"ListItem","position":4,"name":"Plasma pen &#8211; Ultra V"}]},{"@type":"WebSite","@id":"https:\/\/hemac.com.au\/vi\/#website","url":"https:\/\/hemac.com.au\/vi\/","name":"Hawthorn East Medical & Aesthetic Clinic","description":"","publisher":{"@id":"https:\/\/hemac.com.au\/vi\/#organization"},"alternateName":"HEMAC","potentialAction":[{"@type":"SearchAction","target":{"@type":"EntryPoint","urlTemplate":"https:\/\/hemac.com.au\/vi\/?s={search_term_string}"},"query-input":{"@type":"PropertyValueSpecification","valueRequired":true,"valueName":"search_term_string"}}],"inLanguage":"vi-VN"},{"@type":"Organization","@id":"https:\/\/hemac.com.au\/vi\/#organization","name":"Hawthorn East Medical & Aesthetic Clinic","alternateName":"HEMAC","url":"https:\/\/hemac.com.au\/vi\/","logo":{"@type":"ImageObject","inLanguage":"vi-VN","@id":"https:\/\/hemac.com.au\/vi\/#\/schema\/logo\/image\/","url":"https:\/\/hemac.com.au\/wp-content\/uploads\/HEMAC-697x697-1.jpg","contentUrl":"https:\/\/hemac.com.au\/wp-content\/uploads\/HEMAC-697x697-1.jpg","width":697,"height":697,"caption":"Hawthorn East Medical & Aesthetic Clinic"},"image":{"@id":"https:\/\/hemac.com.au\/vi\/#\/schema\/logo\/image\/"},"sameAs":["https:\/\/www.facebook.com\/562018927210986\/","https:\/\/www.facebook.com\/hemacskinclinic\/","https:\/\/www.instagram.com\/hemac_aesthetics\/"]}]}},"_links":{"self":[{"href":"https:\/\/hemac.com.au\/vi\/wp-json\/wp\/v2\/pages\/2337","targetHints":{"allow":["GET"]}}],"collection":[{"href":"https:\/\/hemac.com.au\/vi\/wp-json\/wp\/v2\/pages"}],"about":[{"href":"https:\/\/hemac.com.au\/vi\/wp-json\/wp\/v2\/types\/page"}],"author":[{"embeddable":true,"href":"https:\/\/hemac.com.au\/vi\/wp-json\/wp\/v2\/users\/1"}],"replies":[{"embeddable":true,"href":"https:\/\/hemac.com.au\/vi\/wp-json\/wp\/v2\/comments?post=2337"}],"version-history":[{"count":1,"href":"https:\/\/hemac.com.au\/vi\/wp-json\/wp\/v2\/pages\/2337\/revisions"}],"predecessor-version":[{"id":3326,"href":"https:\/\/hemac.com.au\/vi\/wp-json\/wp\/v2\/pages\/2337\/revisions\/3326"}],"up":[{"embeddable":true,"href":"https:\/\/hemac.com.au\/vi\/wp-json\/wp\/v2\/pages\/2207"}],"wp:attachment":[{"href":"https:\/\/hemac.com.au\/vi\/wp-json\/wp\/v2\/media?parent=2337"}],"curies":[{"name":"wp","href":"https:\/\/api.w.org\/{rel}","templated":true}]}}