{"id":2338,"date":"2020-10-02T12:29:44","date_gmt":"2020-10-02T02:29:44","guid":{"rendered":"https:\/\/www.hemac.com.au\/aesthetic-skin\/rejuvenation\/ultra-v-high-intensity-focused-ultrasound\/"},"modified":"2025-11-19T21:36:16","modified_gmt":"2025-11-19T10:36:16","slug":"ultra-v-high-intensity-focused-ultrasound","status":"publish","type":"page","link":"https:\/\/hemac.com.au\/vi\/aesthetic-skin\/rejuvenation\/ultra-v-high-intensity-focused-ultrasound\/","title":{"rendered":"Ultra V-High Intensity Focused Ultrasound, Ultraformer3"},"content":{"rendered":"<div class=\"fusion-fullwidth fullwidth-box fusion-builder-row-1 nonhundred-percent-fullwidth non-hundred-percent-height-scrolling\" style=\"--awb-background-position:left top;--awb-border-sizes-top:0px;--awb-border-sizes-bottom:0px;--awb-border-sizes-left:0px;--awb-border-sizes-right:0px;--awb-border-radius-top-left:0px;--awb-border-radius-top-right:0px;--awb-border-radius-bottom-right:0px;--awb-border-radius-bottom-left:0px;--awb-padding-top:20px;--awb-padding-bottom:0px;--awb-flex-wrap:wrap;\" ><div class=\"fusion-builder-row fusion-row\"><div class=\"fusion-layout-column fusion_builder_column fusion-builder-column-0 fusion_builder_column_1_1 1_1 fusion-one-full fusion-column-first fusion-column-last fusion-column-no-min-height\" style=\"--awb-bg-size:cover;--awb-margin-bottom:0px;\"><div class=\"fusion-column-wrapper fusion-flex-column-wrapper-legacy\"><div class=\"fusion-text fusion-text-1\"><p><img decoding=\"async\" class=\"lazyload aligncenter size-full\" src=\"data:image\/svg+xml,%3Csvg%20xmlns%3D%27http%3A%2F%2Fwww.w3.org%2F2000%2Fsvg%27%20width%3D%27500%27%20height%3D%27261%27%20viewBox%3D%270%200%20500%20261%27%3E%3Crect%20width%3D%27500%27%20height%3D%27261%27%20fill-opacity%3D%220%22%2F%3E%3C%2Fsvg%3E\" data-orig-src=\"https:\/\/hemac.com.au\/wp-content\/uploads\/ultra-v-high-intensity-focused-ultrasound1.png\" alt=\"\" \/><\/p>\n<h2 data-start=\"189\" data-end=\"205\">HIFU L\u00e0 g\u00ec?<\/h2>\n<p data-start=\"206\" data-end=\"382\">HIFU l\u00e0 ph\u01b0\u01a1ng ph\u00e1p \u0111i\u1ec1u tr\u1ecb kh\u00f4ng x\u00e2m l\u1ea5n s\u1eed d\u1ee5ng s\u00f3ng si\u00eau \u00e2m h\u1ed9i t\u1ee5 c\u01b0\u1eddng \u0111\u1ed9 cao t\u1ea1o nhi\u1ec7t c\u00f3 ki\u1ec3m so\u00e1t v\u00e0o v\u00f9ng c\u1ea7n \u0111i\u1ec1u tr\u1ecb, gi\u00fap n\u00e2ng v\u00e0 l\u00e0m s\u0103n ch\u1eafc da m\u1ed9t c\u00e1ch an to\u00e0n.<\/p>\n<h2 data-start=\"384\" data-end=\"412\">HIFU ho\u1ea1t \u0111\u1ed9ng th\u1ebf n\u00e0o?<\/h2>\n<p data-start=\"413\" data-end=\"629\">Nhi\u1ec7t l\u01b0\u1ee3ng \u0111\u01b0\u1ee3c \u0111\u01b0a \u0111\u1ebfn c\u00e1c l\u1edbp m\u00f4 n\u00e2ng \u0111\u1ee1 s\u00e2u d\u01b0\u1edbi da, k\u00edch th\u00edch c\u01a1 ch\u1ebf t\u00e1i t\u1ea1o t\u1ef1 nhi\u00ean v\u00e0 th\u00fac \u0111\u1ea9y t\u0103ng sinh collagen. Theo th\u1eddi gian, da tr\u1edf n\u00ean s\u0103n ch\u1eafc h\u01a1n. K\u1ebft qu\u1ea3 th\u01b0\u1eddng th\u1ea5y r\u00f5 sau kho\u1ea3ng ba \u0111\u1ebfn s\u00e1u th\u00e1ng.<\/p>\n<h2 data-start=\"631\" data-end=\"679\">HIFU c\u00f3 th\u1ec3 \u0111i\u1ec1u tr\u1ecb g\u00ec v\u00e0 hi\u1ec7u qu\u1ea3 ra sao?<\/h2>\n<p data-start=\"680\" data-end=\"944\">HIFU l\u00e0 ph\u01b0\u01a1ng ph\u00e1p hi\u1ec7n \u0111\u1ea1i gi\u00fap c\u1ea3i thi\u1ec7n \u0111\u1ed9 s\u0103n ch\u1eafc c\u1ee7a da m\u1eb7t. Khi tu\u1ed5i t\u00e1c t\u0103ng, c\u1ea5u tr\u00fac m\u00f4 s\u1ee3i d\u01b0\u1edbi da suy y\u1ebfu, khi\u1ebfn da v\u00f9ng h\u00e0m v\u00e0 c\u1ed5 k\u00e9m s\u0103n ch\u1eafc. HIFU gi\u00fap c\u1ea3i thi\u1ec7n nh\u1eefng thay \u0111\u1ed5i n\u00e0y, v\u00e0 \u0111a s\u1ed1 kh\u00e1ch h\u00e0ng nh\u1eadn th\u1ea5y s\u1ef1 c\u1ea3i thi\u1ec7n ngay sau bu\u1ed5i \u0111\u1ea7u ti\u00ean.<\/p>\n<h2 data-start=\"946\" data-end=\"967\">L\u1ee3i \u00edch c\u1ee7a HIFU<\/h2>\n<ul data-start=\"968\" data-end=\"1176\">\n<li data-start=\"968\" data-end=\"1049\">\n<p data-start=\"970\" data-end=\"1049\">T\u0103ng \u0111\u1ed9 \u0111\u00e0n h\u1ed3i da v\u00e0 h\u1ed7 tr\u1ee3 qu\u00e1 tr\u00ecnh s\u1ea3n xu\u1ea5t collagen, gi\u00fap gi\u1ea3m n\u1ebfp nh\u0103n.<\/p>\n<\/li>\n<li data-start=\"1050\" data-end=\"1107\">\n<p data-start=\"1052\" data-end=\"1107\">C\u1ea3i thi\u1ec7n s\u1ef1 g\u1eafn k\u1ebft c\u1ee7a m\u00f4, h\u1ed7 tr\u1ee3 n\u00e2ng c\u01a1 t\u1ef1 nhi\u00ean.<\/p>\n<\/li>\n<li data-start=\"1108\" data-end=\"1176\">\n<p data-start=\"1110\" data-end=\"1176\">L\u00e0m s\u0103n ch\u1eafc da, mang l\u1ea1i \u0111\u01b0\u1eddng vi\u1ec1n h\u00e0m g\u1ecdn g\u00e0ng v\u00e0 r\u00f5 n\u00e9t h\u01a1n.<\/p>\n<\/li>\n<\/ul>\n<h2 data-start=\"1178\" data-end=\"1232\">Th\u1eddi gian ngh\u1ec9 d\u01b0\u1ee1ng \u2013 Chi ph\u00ed \u2013 M\u1ee9c \u0111\u1ed9 c\u1ea3i thi\u1ec7n<\/h2>\n<p data-start=\"1233\" data-end=\"1411\">Ph\u01b0\u01a1ng ph\u00e1p n\u00e0y ph\u00f9 h\u1ee3p cho m\u1ecdi lo\u1ea1i da.<br data-start=\"1273\" data-end=\"1276\" \/>T\u1ea1i HEMAC, ch\u00fang t\u00f4i lu\u00f4n trao \u0111\u1ed5i k\u1ef9 c\u00e0ng \u0111\u1ec3 hi\u1ec3u m\u1ee5c ti\u00eau c\u1ee7a qu\u00fd v\u1ecb v\u00e0 x\u00e2y d\u1ef1ng k\u1ebf ho\u1ea1ch \u0111i\u1ec1u tr\u1ecb ph\u00f9 h\u1ee3p nh\u1eb1m \u0111\u1ea1t k\u1ebft qu\u1ea3 mong \u0111\u1ee3i.<\/p>\n<h2 data-start=\"1413\" data-end=\"1449\">Khi n\u00e0o n\u00ean \u0111i\u1ec1u tr\u1ecb ti\u1ebfp theo?<\/h2>\n<p data-start=\"1450\" data-end=\"1702\">Sau \u0111i\u1ec1u tr\u1ecb, da c\u00f3 th\u1ec3 h\u01a1i \u1eedng \u0111\u1ecf trong kho\u1ea3ng m\u1ed9t gi\u1edd. M\u1ed9t s\u1ed1 kh\u00e1ch h\u00e0ng c\u00f3 c\u1ea3m gi\u00e1c t\u00ea nh\u1eb9 ho\u1eb7c h\u01a1i s\u01b0ng, nh\u01b0ng \u0111\u1ec1u r\u1ea5t nh\u1eb9 v\u00e0 ch\u1ec9 t\u1ea1m th\u1eddi.<br data-start=\"1593\" data-end=\"1596\" \/>Ch\u00fang t\u00f4i th\u01b0\u1eddng khuy\u1ebfn ngh\u1ecb hai bu\u1ed5i \u0111i\u1ec1u tr\u1ecb ban \u0111\u1ea7u \u0111\u1ec3 t\u1ed1i \u01b0u hi\u1ec7u qu\u1ea3, sau \u0111\u00f3 duy tr\u00ec m\u1ed7i n\u0103m m\u1ed9t l\u1ea7n.<\/p>\n<h2 data-start=\"1704\" data-end=\"1734\">Ph\u1ed1i h\u1ee3p v\u1edbi Ultra V Lift<\/h2>\n<p data-start=\"1735\" data-end=\"1863\">Ph\u00e1c \u0111\u1ed3 k\u1ebft h\u1ee3p HIFU v\u1edbi Ultra V v\u00e0 ch\u1ec9 PDO\/PLA gi\u00fap gia t\u0103ng hi\u1ec7u qu\u1ea3 n\u00e2ng c\u01a1, h\u1ed7 tr\u1ee3 \u0111\u01b0\u1eddng n\u00e9t V-line r\u00f5 r\u00e0ng v\u00e0 s\u0103n ch\u1eafc h\u01a1n.<\/p>\n<p><img decoding=\"async\" class=\"lazyload aligncenter size-full\" src=\"data:image\/svg+xml,%3Csvg%20xmlns%3D%27http%3A%2F%2Fwww.w3.org%2F2000%2Fsvg%27%20width%3D%271600%27%20height%3D%27800%27%20viewBox%3D%270%200%201600%20800%27%3E%3Crect%20width%3D%271600%27%20height%3D%27800%27%20fill-opacity%3D%220%22%2F%3E%3C%2Fsvg%3E\" data-orig-src=\"https:\/\/hemac.com.au\/wp-content\/uploads\/ultra-v-high-intensity-focused-ultrasound2.jpg\" alt=\"\" \/><br \/>\n<img decoding=\"async\" class=\"lazyload aligncenter size-full\" src=\"data:image\/svg+xml,%3Csvg%20xmlns%3D%27http%3A%2F%2Fwww.w3.org%2F2000%2Fsvg%27%20width%3D%271422%27%20height%3D%27684%27%20viewBox%3D%270%200%201422%20684%27%3E%3Crect%20width%3D%271422%27%20height%3D%27684%27%20fill-opacity%3D%220%22%2F%3E%3C%2Fsvg%3E\" data-orig-src=\"https:\/\/hemac.com.au\/wp-content\/uploads\/ultra-v-high-intensity-focused-ultrasound3.jpg\" alt=\"\" \/><br \/>\n<img decoding=\"async\" class=\"lazyload aligncenter size-full\" src=\"data:image\/svg+xml,%3Csvg%20xmlns%3D%27http%3A%2F%2Fwww.w3.org%2F2000%2Fsvg%27%20width%3D%271425%27%20height%3D%27654%27%20viewBox%3D%270%200%201425%20654%27%3E%3Crect%20width%3D%271425%27%20height%3D%27654%27%20fill-opacity%3D%220%22%2F%3E%3C%2Fsvg%3E\" data-orig-src=\"https:\/\/hemac.com.au\/wp-content\/uploads\/ultra-v-high-intensity-focused-ultrasound4.jpg\" alt=\"\" \/><\/p>\n<\/div><div class=\"fusion-sep-clear\"><\/div><div class=\"fusion-separator fusion-full-width-sep\" style=\"margin-left: auto;margin-right: auto;margin-top:20px;margin-bottom:50px;width:100%;\"><\/div><div class=\"fusion-sep-clear\"><\/div><div class=\"fusion-clearfix\"><\/div><\/div><\/div><\/div><\/div>\n","protected":false},"excerpt":{"rendered":"","protected":false},"author":1,"featured_media":0,"parent":2214,"menu_order":0,"comment_status":"open","ping_status":"open","template":"100-width.php","meta":{"footnotes":""},"class_list":["post-2338","page","type-page","status-publish","hentry"],"yoast_head":"<!-- This site is optimized with the Yoast SEO plugin v26.6 - https:\/\/yoast.com\/wordpress\/plugins\/seo\/ -->\n<title>Ultra V-High Intensity Focused Ultrasound | Tr\u1ebb h\u00f3a | Y Khoa &amp; Th\u1ea9m M\u1ef9 Hawthorn East (HEMAC)<\/title>\n<meta name=\"robots\" content=\"index, follow, max-snippet:-1, max-image-preview:large, max-video-preview:-1\" \/>\n<link rel=\"canonical\" href=\"https:\/\/hemac.com.au\/vi\/aesthetic-skin\/rejuvenation\/ultra-v-high-intensity-focused-ultrasound\/\" \/>\n<meta property=\"og:locale\" content=\"vi_VN\" \/>\n<meta property=\"og:type\" content=\"article\" \/>\n<meta property=\"og:title\" content=\"Ultra V-High Intensity Focused Ultrasound | Tr\u1ebb h\u00f3a | Y Khoa &amp; Th\u1ea9m M\u1ef9 Hawthorn East (HEMAC)\" \/>\n<meta property=\"og:url\" content=\"https:\/\/hemac.com.au\/vi\/aesthetic-skin\/rejuvenation\/ultra-v-high-intensity-focused-ultrasound\/\" \/>\n<meta property=\"og:site_name\" content=\"Hawthorn East Medical &amp; Aesthetic Clinic\" \/>\n<meta property=\"article:publisher\" content=\"https:\/\/www.facebook.com\/562018927210986\/\" \/>\n<meta property=\"article:modified_time\" content=\"2025-11-19T10:36:16+00:00\" \/>\n<meta property=\"og:image\" content=\"https:\/\/hemac.com.au\/wp-content\/uploads\/ultra-v-high-intensity-focused-ultrasound1.png\" \/>\n<meta name=\"twitter:card\" content=\"summary_large_image\" \/>\n<meta name=\"twitter:label1\" content=\"Est. reading time\" \/>\n\t<meta name=\"twitter:data1\" content=\"3 minutes\" \/>\n<script type=\"application\/ld+json\" class=\"yoast-schema-graph\">{\"@context\":\"https:\/\/schema.org\",\"@graph\":[{\"@type\":\"WebPage\",\"@id\":\"https:\/\/hemac.com.au\/vi\/aesthetic-skin\/rejuvenation\/ultra-v-high-intensity-focused-ultrasound\/\",\"url\":\"https:\/\/hemac.com.au\/vi\/aesthetic-skin\/rejuvenation\/ultra-v-high-intensity-focused-ultrasound\/\",\"name\":\"Ultra V-High Intensity Focused Ultrasound | Tr\u1ebb h\u00f3a | Y Khoa & Th\u1ea9m M\u1ef9 Hawthorn East (HEMAC)\",\"isPartOf\":{\"@id\":\"https:\/\/hemac.com.au\/vi\/#website\"},\"primaryImageOfPage\":{\"@id\":\"https:\/\/hemac.com.au\/vi\/aesthetic-skin\/rejuvenation\/ultra-v-high-intensity-focused-ultrasound\/#primaryimage\"},\"image\":{\"@id\":\"https:\/\/hemac.com.au\/vi\/aesthetic-skin\/rejuvenation\/ultra-v-high-intensity-focused-ultrasound\/#primaryimage\"},\"thumbnailUrl\":\"https:\/\/hemac.com.au\/wp-content\/uploads\/ultra-v-high-intensity-focused-ultrasound1.png\",\"datePublished\":\"2020-10-02T02:29:44+00:00\",\"dateModified\":\"2025-11-19T10:36:16+00:00\",\"breadcrumb\":{\"@id\":\"https:\/\/hemac.com.au\/vi\/aesthetic-skin\/rejuvenation\/ultra-v-high-intensity-focused-ultrasound\/#breadcrumb\"},\"inLanguage\":\"vi-VN\",\"potentialAction\":[{\"@type\":\"ReadAction\",\"target\":[\"https:\/\/hemac.com.au\/vi\/aesthetic-skin\/rejuvenation\/ultra-v-high-intensity-focused-ultrasound\/\"]}]},{\"@type\":\"ImageObject\",\"inLanguage\":\"vi-VN\",\"@id\":\"https:\/\/hemac.com.au\/vi\/aesthetic-skin\/rejuvenation\/ultra-v-high-intensity-focused-ultrasound\/#primaryimage\",\"url\":\"https:\/\/hemac.com.au\/wp-content\/uploads\/ultra-v-high-intensity-focused-ultrasound1.png\",\"contentUrl\":\"https:\/\/hemac.com.au\/wp-content\/uploads\/ultra-v-high-intensity-focused-ultrasound1.png\"},{\"@type\":\"BreadcrumbList\",\"@id\":\"https:\/\/hemac.com.au\/vi\/aesthetic-skin\/rejuvenation\/ultra-v-high-intensity-focused-ultrasound\/#breadcrumb\",\"itemListElement\":[{\"@type\":\"ListItem\",\"position\":1,\"name\":\"Home\",\"item\":\"https:\/\/hemac.com.au\/vi\/\"},{\"@type\":\"ListItem\",\"position\":2,\"name\":\"TH\u1ea8M M\u1ef8 &#038; DA\",\"item\":\"https:\/\/hemac.com.au\/vi\/aesthetic-skin\/\"},{\"@type\":\"ListItem\",\"position\":3,\"name\":\"\u56de\u6625\",\"item\":\"https:\/\/hemac.com.au\/vi\/aesthetic-skin\/rejuvenation\/\"},{\"@type\":\"ListItem\",\"position\":4,\"name\":\"Ultra V-High Intensity Focused Ultrasound, Ultraformer3\"}]},{\"@type\":\"WebSite\",\"@id\":\"https:\/\/hemac.com.au\/vi\/#website\",\"url\":\"https:\/\/hemac.com.au\/vi\/\",\"name\":\"Hawthorn East Medical & Aesthetic Clinic\",\"description\":\"\",\"publisher\":{\"@id\":\"https:\/\/hemac.com.au\/vi\/#organization\"},\"alternateName\":\"HEMAC\",\"potentialAction\":[{\"@type\":\"SearchAction\",\"target\":{\"@type\":\"EntryPoint\",\"urlTemplate\":\"https:\/\/hemac.com.au\/vi\/?s={search_term_string}\"},\"query-input\":{\"@type\":\"PropertyValueSpecification\",\"valueRequired\":true,\"valueName\":\"search_term_string\"}}],\"inLanguage\":\"vi-VN\"},{\"@type\":\"Organization\",\"@id\":\"https:\/\/hemac.com.au\/vi\/#organization\",\"name\":\"Hawthorn East Medical & Aesthetic Clinic\",\"alternateName\":\"HEMAC\",\"url\":\"https:\/\/hemac.com.au\/vi\/\",\"logo\":{\"@type\":\"ImageObject\",\"inLanguage\":\"vi-VN\",\"@id\":\"https:\/\/hemac.com.au\/vi\/#\/schema\/logo\/image\/\",\"url\":\"https:\/\/hemac.com.au\/wp-content\/uploads\/HEMAC-697x697-1.jpg\",\"contentUrl\":\"https:\/\/hemac.com.au\/wp-content\/uploads\/HEMAC-697x697-1.jpg\",\"width\":697,\"height\":697,\"caption\":\"Hawthorn East Medical & Aesthetic Clinic\"},\"image\":{\"@id\":\"https:\/\/hemac.com.au\/vi\/#\/schema\/logo\/image\/\"},\"sameAs\":[\"https:\/\/www.facebook.com\/562018927210986\/\",\"https:\/\/www.facebook.com\/hemacskinclinic\/\",\"https:\/\/www.instagram.com\/hemac_aesthetics\/\"]}]}<\/script>\n<!-- \/ Yoast SEO plugin. -->","yoast_head_json":{"title":"Ultra V-High Intensity Focused Ultrasound | Tr\u1ebb h\u00f3a | Y Khoa & Th\u1ea9m M\u1ef9 Hawthorn East (HEMAC)","robots":{"index":"index","follow":"follow","max-snippet":"max-snippet:-1","max-image-preview":"max-image-preview:large","max-video-preview":"max-video-preview:-1"},"canonical":"https:\/\/hemac.com.au\/vi\/aesthetic-skin\/rejuvenation\/ultra-v-high-intensity-focused-ultrasound\/","og_locale":"vi_VN","og_type":"article","og_title":"Ultra V-High Intensity Focused Ultrasound | Tr\u1ebb h\u00f3a | Y Khoa & Th\u1ea9m M\u1ef9 Hawthorn East (HEMAC)","og_url":"https:\/\/hemac.com.au\/vi\/aesthetic-skin\/rejuvenation\/ultra-v-high-intensity-focused-ultrasound\/","og_site_name":"Hawthorn East Medical &amp; Aesthetic Clinic","article_publisher":"https:\/\/www.facebook.com\/562018927210986\/","article_modified_time":"2025-11-19T10:36:16+00:00","og_image":[{"url":"https:\/\/hemac.com.au\/wp-content\/uploads\/ultra-v-high-intensity-focused-ultrasound1.png","type":"","width":"","height":""}],"twitter_card":"summary_large_image","twitter_misc":{"Est. reading time":"3 minutes"},"schema":{"@context":"https:\/\/schema.org","@graph":[{"@type":"WebPage","@id":"https:\/\/hemac.com.au\/vi\/aesthetic-skin\/rejuvenation\/ultra-v-high-intensity-focused-ultrasound\/","url":"https:\/\/hemac.com.au\/vi\/aesthetic-skin\/rejuvenation\/ultra-v-high-intensity-focused-ultrasound\/","name":"Ultra V-High Intensity Focused Ultrasound | Tr\u1ebb h\u00f3a | Y Khoa & Th\u1ea9m M\u1ef9 Hawthorn East (HEMAC)","isPartOf":{"@id":"https:\/\/hemac.com.au\/vi\/#website"},"primaryImageOfPage":{"@id":"https:\/\/hemac.com.au\/vi\/aesthetic-skin\/rejuvenation\/ultra-v-high-intensity-focused-ultrasound\/#primaryimage"},"image":{"@id":"https:\/\/hemac.com.au\/vi\/aesthetic-skin\/rejuvenation\/ultra-v-high-intensity-focused-ultrasound\/#primaryimage"},"thumbnailUrl":"https:\/\/hemac.com.au\/wp-content\/uploads\/ultra-v-high-intensity-focused-ultrasound1.png","datePublished":"2020-10-02T02:29:44+00:00","dateModified":"2025-11-19T10:36:16+00:00","breadcrumb":{"@id":"https:\/\/hemac.com.au\/vi\/aesthetic-skin\/rejuvenation\/ultra-v-high-intensity-focused-ultrasound\/#breadcrumb"},"inLanguage":"vi-VN","potentialAction":[{"@type":"ReadAction","target":["https:\/\/hemac.com.au\/vi\/aesthetic-skin\/rejuvenation\/ultra-v-high-intensity-focused-ultrasound\/"]}]},{"@type":"ImageObject","inLanguage":"vi-VN","@id":"https:\/\/hemac.com.au\/vi\/aesthetic-skin\/rejuvenation\/ultra-v-high-intensity-focused-ultrasound\/#primaryimage","url":"https:\/\/hemac.com.au\/wp-content\/uploads\/ultra-v-high-intensity-focused-ultrasound1.png","contentUrl":"https:\/\/hemac.com.au\/wp-content\/uploads\/ultra-v-high-intensity-focused-ultrasound1.png"},{"@type":"BreadcrumbList","@id":"https:\/\/hemac.com.au\/vi\/aesthetic-skin\/rejuvenation\/ultra-v-high-intensity-focused-ultrasound\/#breadcrumb","itemListElement":[{"@type":"ListItem","position":1,"name":"Home","item":"https:\/\/hemac.com.au\/vi\/"},{"@type":"ListItem","position":2,"name":"TH\u1ea8M M\u1ef8 &#038; DA","item":"https:\/\/hemac.com.au\/vi\/aesthetic-skin\/"},{"@type":"ListItem","position":3,"name":"\u56de\u6625","item":"https:\/\/hemac.com.au\/vi\/aesthetic-skin\/rejuvenation\/"},{"@type":"ListItem","position":4,"name":"Ultra V-High Intensity Focused Ultrasound, Ultraformer3"}]},{"@type":"WebSite","@id":"https:\/\/hemac.com.au\/vi\/#website","url":"https:\/\/hemac.com.au\/vi\/","name":"Hawthorn East Medical & Aesthetic Clinic","description":"","publisher":{"@id":"https:\/\/hemac.com.au\/vi\/#organization"},"alternateName":"HEMAC","potentialAction":[{"@type":"SearchAction","target":{"@type":"EntryPoint","urlTemplate":"https:\/\/hemac.com.au\/vi\/?s={search_term_string}"},"query-input":{"@type":"PropertyValueSpecification","valueRequired":true,"valueName":"search_term_string"}}],"inLanguage":"vi-VN"},{"@type":"Organization","@id":"https:\/\/hemac.com.au\/vi\/#organization","name":"Hawthorn East Medical & Aesthetic Clinic","alternateName":"HEMAC","url":"https:\/\/hemac.com.au\/vi\/","logo":{"@type":"ImageObject","inLanguage":"vi-VN","@id":"https:\/\/hemac.com.au\/vi\/#\/schema\/logo\/image\/","url":"https:\/\/hemac.com.au\/wp-content\/uploads\/HEMAC-697x697-1.jpg","contentUrl":"https:\/\/hemac.com.au\/wp-content\/uploads\/HEMAC-697x697-1.jpg","width":697,"height":697,"caption":"Hawthorn East Medical & Aesthetic Clinic"},"image":{"@id":"https:\/\/hemac.com.au\/vi\/#\/schema\/logo\/image\/"},"sameAs":["https:\/\/www.facebook.com\/562018927210986\/","https:\/\/www.facebook.com\/hemacskinclinic\/","https:\/\/www.instagram.com\/hemac_aesthetics\/"]}]}},"_links":{"self":[{"href":"https:\/\/hemac.com.au\/vi\/wp-json\/wp\/v2\/pages\/2338","targetHints":{"allow":["GET"]}}],"collection":[{"href":"https:\/\/hemac.com.au\/vi\/wp-json\/wp\/v2\/pages"}],"about":[{"href":"https:\/\/hemac.com.au\/vi\/wp-json\/wp\/v2\/types\/page"}],"author":[{"embeddable":true,"href":"https:\/\/hemac.com.au\/vi\/wp-json\/wp\/v2\/users\/1"}],"replies":[{"embeddable":true,"href":"https:\/\/hemac.com.au\/vi\/wp-json\/wp\/v2\/comments?post=2338"}],"version-history":[{"count":1,"href":"https:\/\/hemac.com.au\/vi\/wp-json\/wp\/v2\/pages\/2338\/revisions"}],"predecessor-version":[{"id":3325,"href":"https:\/\/hemac.com.au\/vi\/wp-json\/wp\/v2\/pages\/2338\/revisions\/3325"}],"up":[{"embeddable":true,"href":"https:\/\/hemac.com.au\/vi\/wp-json\/wp\/v2\/pages\/2214"}],"wp:attachment":[{"href":"https:\/\/hemac.com.au\/vi\/wp-json\/wp\/v2\/media?parent=2338"}],"curies":[{"name":"wp","href":"https:\/\/api.w.org\/{rel}","templated":true}]}}