{"id":2339,"date":"2020-10-02T12:27:06","date_gmt":"2020-10-02T02:27:06","guid":{"rendered":"https:\/\/www.hemac.com.au\/aesthetic-skin\/rejuvenation\/secret-rf\/"},"modified":"2025-11-19T21:34:47","modified_gmt":"2025-11-19T10:34:47","slug":"secret-rf","status":"publish","type":"page","link":"https:\/\/hemac.com.au\/vi\/aesthetic-skin\/rejuvenation\/secret-rf\/","title":{"rendered":"M\u00e1y vi ch\u00e2m kim k\u1ebft h\u1ee3p s\u00f3ngvi ph\u00e2n"},"content":{"rendered":"<div class=\"fusion-fullwidth fullwidth-box fusion-builder-row-1 nonhundred-percent-fullwidth non-hundred-percent-height-scrolling\" style=\"--awb-background-position:left top;--awb-border-sizes-top:0px;--awb-border-sizes-bottom:0px;--awb-border-sizes-left:0px;--awb-border-sizes-right:0px;--awb-border-radius-top-left:0px;--awb-border-radius-top-right:0px;--awb-border-radius-bottom-right:0px;--awb-border-radius-bottom-left:0px;--awb-padding-top:20px;--awb-padding-bottom:0px;--awb-flex-wrap:wrap;\" ><div class=\"fusion-builder-row fusion-row\"><div class=\"fusion-layout-column fusion_builder_column fusion-builder-column-0 fusion_builder_column_1_1 1_1 fusion-one-full fusion-column-first fusion-column-last fusion-column-no-min-height\" style=\"--awb-bg-size:cover;--awb-margin-bottom:0px;\"><div class=\"fusion-column-wrapper fusion-flex-column-wrapper-legacy\"><div class=\"fusion-text fusion-text-1\"><p><img decoding=\"async\" class=\"lazyload aligncenter size-full\" src=\"data:image\/svg+xml,%3Csvg%20xmlns%3D%27http%3A%2F%2Fwww.w3.org%2F2000%2Fsvg%27%20width%3D%271465%27%20height%3D%27687%27%20viewBox%3D%270%200%201465%20687%27%3E%3Crect%20width%3D%271465%27%20height%3D%27687%27%20fill-opacity%3D%220%22%2F%3E%3C%2Fsvg%3E\" data-orig-src=\"https:\/\/hemac.com.au\/wp-content\/uploads\/secret-rf1.jpg\" alt=\"\" \/><\/p>\n<h2 data-start=\"102\" data-end=\"118\">M\u00e1y RF l\u00e0 g\u00ec?<\/h2>\n<p data-start=\"120\" data-end=\"361\">H\u1ec7 th\u1ed1ng vi ch\u00e2m kim k\u1ebft h\u1ee3p s\u00f3ng RF l\u00e0 m\u1ed9t c\u00f4ng ngh\u1ec7 hi\u1ec7n \u0111\u1ea1i d\u00e0nh cho t\u00e1i t\u1ea1o da, \u0111\u01b0a n\u0103ng l\u01b0\u1ee3ng RF tr\u1ef1c ti\u1ebfp v\u00e0o da \u0111\u1ed3ng th\u1eddi v\u1edbi c\u00e1c \u0111\u1ea7u vi kim si\u00eau nh\u1ecf. Nh\u1edd \u0111\u00f3, n\u0103ng l\u01b0\u1ee3ng \u0111\u01b0\u1ee3c truy\u1ec1n ch\u00ednh x\u00e1c v\u00e0o t\u1eebng l\u1edbp da v\u1edbi m\u1ee9c x\u00e2m l\u1ea5n t\u1ed1i thi\u1ec3u.<\/p>\n<p data-start=\"363\" data-end=\"511\">S\u1ef1 ph\u1ed1i h\u1ee3p gi\u1eefa vi kim v\u00e0 s\u00f3ng RF gi\u00fap r\u00fat ng\u1eafn \u0111\u00e1ng k\u1ec3 th\u1eddi gian \u0111i\u1ec1u tr\u1ecb c\u0169ng nh\u01b0 th\u1eddi gian h\u1ed3i ph\u1ee5c so v\u1edbi nhi\u1ec1u ph\u01b0\u01a1ng ph\u00e1p laser truy\u1ec1n th\u1ed1ng.<\/p>\n<p data-start=\"513\" data-end=\"616\">H\u1ec7 th\u1ed1ng vi ch\u00e2m kim RF an to\u00e0n, d\u1ec5 th\u1ef1c hi\u1ec7n v\u00e0 hi\u1ec7u qu\u1ea3, v\u00e0 m\u1ed7i bu\u1ed5i \u0111i\u1ec1u tr\u1ecb ch\u1ec9 m\u1ea5t kho\u1ea3ng 15 ph\u00fat.<\/p>\n<\/div><div class=\"fusion-sep-clear\"><\/div><div class=\"fusion-separator fusion-full-width-sep\" style=\"margin-left: auto;margin-right: auto;margin-top:20px;margin-bottom:50px;width:100%;\"><\/div><div class=\"fusion-sep-clear\"><\/div><div class=\"fusion-clearfix\"><\/div><\/div><\/div><\/div><\/div>\n","protected":false},"excerpt":{"rendered":"","protected":false},"author":1,"featured_media":0,"parent":2214,"menu_order":0,"comment_status":"open","ping_status":"open","template":"100-width.php","meta":{"footnotes":""},"class_list":["post-2339","page","type-page","status-publish","hentry"],"yoast_head":"<!-- This site is optimized with the Yoast SEO plugin v26.6 - https:\/\/yoast.com\/wordpress\/plugins\/seo\/ -->\n<title>M\u00e1y vi ch\u00e2m kim k\u1ebft h\u1ee3p s\u00f3ngvi ph\u00e2n | Tr\u1ebb h\u00f3a | Y Khoa &amp; Th\u1ea9m M\u1ef9 Hawthorn East (HEMAC)<\/title>\n<meta name=\"robots\" content=\"index, follow, max-snippet:-1, max-image-preview:large, max-video-preview:-1\" \/>\n<link rel=\"canonical\" href=\"https:\/\/hemac.com.au\/vi\/aesthetic-skin\/rejuvenation\/secret-rf\/\" \/>\n<meta property=\"og:locale\" content=\"vi_VN\" \/>\n<meta property=\"og:type\" content=\"article\" \/>\n<meta property=\"og:title\" content=\"M\u00e1y vi ch\u00e2m kim k\u1ebft h\u1ee3p s\u00f3ngvi ph\u00e2n | Tr\u1ebb h\u00f3a | Y Khoa &amp; Th\u1ea9m M\u1ef9 Hawthorn East (HEMAC)\" \/>\n<meta property=\"og:url\" content=\"https:\/\/hemac.com.au\/vi\/aesthetic-skin\/rejuvenation\/secret-rf\/\" \/>\n<meta property=\"og:site_name\" content=\"Hawthorn East Medical &amp; Aesthetic Clinic\" \/>\n<meta property=\"article:publisher\" content=\"https:\/\/www.facebook.com\/562018927210986\/\" \/>\n<meta property=\"article:modified_time\" content=\"2025-11-19T10:34:47+00:00\" \/>\n<meta property=\"og:image\" content=\"https:\/\/hemac.com.au\/wp-content\/uploads\/secret-rf1.jpg\" \/>\n<meta name=\"twitter:card\" content=\"summary_large_image\" \/>\n<meta name=\"twitter:label1\" content=\"Est. reading time\" \/>\n\t<meta name=\"twitter:data1\" content=\"1 minute\" \/>\n<script type=\"application\/ld+json\" class=\"yoast-schema-graph\">{\"@context\":\"https:\/\/schema.org\",\"@graph\":[{\"@type\":\"WebPage\",\"@id\":\"https:\/\/hemac.com.au\/vi\/aesthetic-skin\/rejuvenation\/secret-rf\/\",\"url\":\"https:\/\/hemac.com.au\/vi\/aesthetic-skin\/rejuvenation\/secret-rf\/\",\"name\":\"M\u00e1y vi ch\u00e2m kim k\u1ebft h\u1ee3p s\u00f3ngvi ph\u00e2n | Tr\u1ebb h\u00f3a | Y Khoa & Th\u1ea9m M\u1ef9 Hawthorn East (HEMAC)\",\"isPartOf\":{\"@id\":\"https:\/\/hemac.com.au\/vi\/#website\"},\"primaryImageOfPage\":{\"@id\":\"https:\/\/hemac.com.au\/vi\/aesthetic-skin\/rejuvenation\/secret-rf\/#primaryimage\"},\"image\":{\"@id\":\"https:\/\/hemac.com.au\/vi\/aesthetic-skin\/rejuvenation\/secret-rf\/#primaryimage\"},\"thumbnailUrl\":\"https:\/\/hemac.com.au\/wp-content\/uploads\/secret-rf1.jpg\",\"datePublished\":\"2020-10-02T02:27:06+00:00\",\"dateModified\":\"2025-11-19T10:34:47+00:00\",\"breadcrumb\":{\"@id\":\"https:\/\/hemac.com.au\/vi\/aesthetic-skin\/rejuvenation\/secret-rf\/#breadcrumb\"},\"inLanguage\":\"vi-VN\",\"potentialAction\":[{\"@type\":\"ReadAction\",\"target\":[\"https:\/\/hemac.com.au\/vi\/aesthetic-skin\/rejuvenation\/secret-rf\/\"]}]},{\"@type\":\"ImageObject\",\"inLanguage\":\"vi-VN\",\"@id\":\"https:\/\/hemac.com.au\/vi\/aesthetic-skin\/rejuvenation\/secret-rf\/#primaryimage\",\"url\":\"https:\/\/hemac.com.au\/wp-content\/uploads\/secret-rf1.jpg\",\"contentUrl\":\"https:\/\/hemac.com.au\/wp-content\/uploads\/secret-rf1.jpg\"},{\"@type\":\"BreadcrumbList\",\"@id\":\"https:\/\/hemac.com.au\/vi\/aesthetic-skin\/rejuvenation\/secret-rf\/#breadcrumb\",\"itemListElement\":[{\"@type\":\"ListItem\",\"position\":1,\"name\":\"Home\",\"item\":\"https:\/\/hemac.com.au\/vi\/\"},{\"@type\":\"ListItem\",\"position\":2,\"name\":\"TH\u1ea8M M\u1ef8 &#038; DA\",\"item\":\"https:\/\/hemac.com.au\/vi\/aesthetic-skin\/\"},{\"@type\":\"ListItem\",\"position\":3,\"name\":\"\u56de\u6625\",\"item\":\"https:\/\/hemac.com.au\/vi\/aesthetic-skin\/rejuvenation\/\"},{\"@type\":\"ListItem\",\"position\":4,\"name\":\"M\u00e1y vi ch\u00e2m kim k\u1ebft h\u1ee3p s\u00f3ngvi ph\u00e2n\"}]},{\"@type\":\"WebSite\",\"@id\":\"https:\/\/hemac.com.au\/vi\/#website\",\"url\":\"https:\/\/hemac.com.au\/vi\/\",\"name\":\"Hawthorn East Medical & Aesthetic Clinic\",\"description\":\"\",\"publisher\":{\"@id\":\"https:\/\/hemac.com.au\/vi\/#organization\"},\"alternateName\":\"HEMAC\",\"potentialAction\":[{\"@type\":\"SearchAction\",\"target\":{\"@type\":\"EntryPoint\",\"urlTemplate\":\"https:\/\/hemac.com.au\/vi\/?s={search_term_string}\"},\"query-input\":{\"@type\":\"PropertyValueSpecification\",\"valueRequired\":true,\"valueName\":\"search_term_string\"}}],\"inLanguage\":\"vi-VN\"},{\"@type\":\"Organization\",\"@id\":\"https:\/\/hemac.com.au\/vi\/#organization\",\"name\":\"Hawthorn East Medical & Aesthetic Clinic\",\"alternateName\":\"HEMAC\",\"url\":\"https:\/\/hemac.com.au\/vi\/\",\"logo\":{\"@type\":\"ImageObject\",\"inLanguage\":\"vi-VN\",\"@id\":\"https:\/\/hemac.com.au\/vi\/#\/schema\/logo\/image\/\",\"url\":\"https:\/\/hemac.com.au\/wp-content\/uploads\/HEMAC-697x697-1.jpg\",\"contentUrl\":\"https:\/\/hemac.com.au\/wp-content\/uploads\/HEMAC-697x697-1.jpg\",\"width\":697,\"height\":697,\"caption\":\"Hawthorn East Medical & Aesthetic Clinic\"},\"image\":{\"@id\":\"https:\/\/hemac.com.au\/vi\/#\/schema\/logo\/image\/\"},\"sameAs\":[\"https:\/\/www.facebook.com\/562018927210986\/\",\"https:\/\/www.facebook.com\/hemacskinclinic\/\",\"https:\/\/www.instagram.com\/hemac_aesthetics\/\"]}]}<\/script>\n<!-- \/ Yoast SEO plugin. -->","yoast_head_json":{"title":"M\u00e1y vi ch\u00e2m kim k\u1ebft h\u1ee3p s\u00f3ngvi ph\u00e2n | Tr\u1ebb h\u00f3a | Y Khoa & Th\u1ea9m M\u1ef9 Hawthorn East (HEMAC)","robots":{"index":"index","follow":"follow","max-snippet":"max-snippet:-1","max-image-preview":"max-image-preview:large","max-video-preview":"max-video-preview:-1"},"canonical":"https:\/\/hemac.com.au\/vi\/aesthetic-skin\/rejuvenation\/secret-rf\/","og_locale":"vi_VN","og_type":"article","og_title":"M\u00e1y vi ch\u00e2m kim k\u1ebft h\u1ee3p s\u00f3ngvi ph\u00e2n | Tr\u1ebb h\u00f3a | Y Khoa & Th\u1ea9m M\u1ef9 Hawthorn East (HEMAC)","og_url":"https:\/\/hemac.com.au\/vi\/aesthetic-skin\/rejuvenation\/secret-rf\/","og_site_name":"Hawthorn East Medical &amp; Aesthetic Clinic","article_publisher":"https:\/\/www.facebook.com\/562018927210986\/","article_modified_time":"2025-11-19T10:34:47+00:00","og_image":[{"url":"https:\/\/hemac.com.au\/wp-content\/uploads\/secret-rf1.jpg","type":"","width":"","height":""}],"twitter_card":"summary_large_image","twitter_misc":{"Est. reading time":"1 minute"},"schema":{"@context":"https:\/\/schema.org","@graph":[{"@type":"WebPage","@id":"https:\/\/hemac.com.au\/vi\/aesthetic-skin\/rejuvenation\/secret-rf\/","url":"https:\/\/hemac.com.au\/vi\/aesthetic-skin\/rejuvenation\/secret-rf\/","name":"M\u00e1y vi ch\u00e2m kim k\u1ebft h\u1ee3p s\u00f3ngvi ph\u00e2n | Tr\u1ebb h\u00f3a | Y Khoa & Th\u1ea9m M\u1ef9 Hawthorn East (HEMAC)","isPartOf":{"@id":"https:\/\/hemac.com.au\/vi\/#website"},"primaryImageOfPage":{"@id":"https:\/\/hemac.com.au\/vi\/aesthetic-skin\/rejuvenation\/secret-rf\/#primaryimage"},"image":{"@id":"https:\/\/hemac.com.au\/vi\/aesthetic-skin\/rejuvenation\/secret-rf\/#primaryimage"},"thumbnailUrl":"https:\/\/hemac.com.au\/wp-content\/uploads\/secret-rf1.jpg","datePublished":"2020-10-02T02:27:06+00:00","dateModified":"2025-11-19T10:34:47+00:00","breadcrumb":{"@id":"https:\/\/hemac.com.au\/vi\/aesthetic-skin\/rejuvenation\/secret-rf\/#breadcrumb"},"inLanguage":"vi-VN","potentialAction":[{"@type":"ReadAction","target":["https:\/\/hemac.com.au\/vi\/aesthetic-skin\/rejuvenation\/secret-rf\/"]}]},{"@type":"ImageObject","inLanguage":"vi-VN","@id":"https:\/\/hemac.com.au\/vi\/aesthetic-skin\/rejuvenation\/secret-rf\/#primaryimage","url":"https:\/\/hemac.com.au\/wp-content\/uploads\/secret-rf1.jpg","contentUrl":"https:\/\/hemac.com.au\/wp-content\/uploads\/secret-rf1.jpg"},{"@type":"BreadcrumbList","@id":"https:\/\/hemac.com.au\/vi\/aesthetic-skin\/rejuvenation\/secret-rf\/#breadcrumb","itemListElement":[{"@type":"ListItem","position":1,"name":"Home","item":"https:\/\/hemac.com.au\/vi\/"},{"@type":"ListItem","position":2,"name":"TH\u1ea8M M\u1ef8 &#038; DA","item":"https:\/\/hemac.com.au\/vi\/aesthetic-skin\/"},{"@type":"ListItem","position":3,"name":"\u56de\u6625","item":"https:\/\/hemac.com.au\/vi\/aesthetic-skin\/rejuvenation\/"},{"@type":"ListItem","position":4,"name":"M\u00e1y vi ch\u00e2m kim k\u1ebft h\u1ee3p s\u00f3ngvi ph\u00e2n"}]},{"@type":"WebSite","@id":"https:\/\/hemac.com.au\/vi\/#website","url":"https:\/\/hemac.com.au\/vi\/","name":"Hawthorn East Medical & Aesthetic Clinic","description":"","publisher":{"@id":"https:\/\/hemac.com.au\/vi\/#organization"},"alternateName":"HEMAC","potentialAction":[{"@type":"SearchAction","target":{"@type":"EntryPoint","urlTemplate":"https:\/\/hemac.com.au\/vi\/?s={search_term_string}"},"query-input":{"@type":"PropertyValueSpecification","valueRequired":true,"valueName":"search_term_string"}}],"inLanguage":"vi-VN"},{"@type":"Organization","@id":"https:\/\/hemac.com.au\/vi\/#organization","name":"Hawthorn East Medical & Aesthetic Clinic","alternateName":"HEMAC","url":"https:\/\/hemac.com.au\/vi\/","logo":{"@type":"ImageObject","inLanguage":"vi-VN","@id":"https:\/\/hemac.com.au\/vi\/#\/schema\/logo\/image\/","url":"https:\/\/hemac.com.au\/wp-content\/uploads\/HEMAC-697x697-1.jpg","contentUrl":"https:\/\/hemac.com.au\/wp-content\/uploads\/HEMAC-697x697-1.jpg","width":697,"height":697,"caption":"Hawthorn East Medical & Aesthetic Clinic"},"image":{"@id":"https:\/\/hemac.com.au\/vi\/#\/schema\/logo\/image\/"},"sameAs":["https:\/\/www.facebook.com\/562018927210986\/","https:\/\/www.facebook.com\/hemacskinclinic\/","https:\/\/www.instagram.com\/hemac_aesthetics\/"]}]}},"_links":{"self":[{"href":"https:\/\/hemac.com.au\/vi\/wp-json\/wp\/v2\/pages\/2339","targetHints":{"allow":["GET"]}}],"collection":[{"href":"https:\/\/hemac.com.au\/vi\/wp-json\/wp\/v2\/pages"}],"about":[{"href":"https:\/\/hemac.com.au\/vi\/wp-json\/wp\/v2\/types\/page"}],"author":[{"embeddable":true,"href":"https:\/\/hemac.com.au\/vi\/wp-json\/wp\/v2\/users\/1"}],"replies":[{"embeddable":true,"href":"https:\/\/hemac.com.au\/vi\/wp-json\/wp\/v2\/comments?post=2339"}],"version-history":[{"count":1,"href":"https:\/\/hemac.com.au\/vi\/wp-json\/wp\/v2\/pages\/2339\/revisions"}],"predecessor-version":[{"id":3324,"href":"https:\/\/hemac.com.au\/vi\/wp-json\/wp\/v2\/pages\/2339\/revisions\/3324"}],"up":[{"embeddable":true,"href":"https:\/\/hemac.com.au\/vi\/wp-json\/wp\/v2\/pages\/2214"}],"wp:attachment":[{"href":"https:\/\/hemac.com.au\/vi\/wp-json\/wp\/v2\/media?parent=2339"}],"curies":[{"name":"wp","href":"https:\/\/api.w.org\/{rel}","templated":true}]}}