{"id":2344,"date":"2020-10-02T12:21:30","date_gmt":"2020-10-02T02:21:30","guid":{"rendered":"https:\/\/www.hemac.com.au\/aesthetic-skin\/rejuvenation\/beauty-booster-redensity-i\/"},"modified":"2025-11-19T21:34:09","modified_gmt":"2025-11-19T10:34:09","slug":"beauty-booster-redensity-i","status":"publish","type":"page","link":"https:\/\/hemac.com.au\/vi\/aesthetic-skin\/rejuvenation\/beauty-booster-redensity-i\/","title":{"rendered":"D\u01b0\u1ee1ng t\u1ed1 l\u00e0m \u0111\u1eb9p l\u00e0n da Rendensity I+V2"},"content":{"rendered":"<div class=\"fusion-fullwidth fullwidth-box fusion-builder-row-1 nonhundred-percent-fullwidth non-hundred-percent-height-scrolling\" style=\"--awb-background-position:left top;--awb-border-sizes-top:0px;--awb-border-sizes-bottom:0px;--awb-border-sizes-left:0px;--awb-border-sizes-right:0px;--awb-border-radius-top-left:0px;--awb-border-radius-top-right:0px;--awb-border-radius-bottom-right:0px;--awb-border-radius-bottom-left:0px;--awb-padding-top:20px;--awb-padding-bottom:0px;--awb-flex-wrap:wrap;\" ><div class=\"fusion-builder-row fusion-row\"><div class=\"fusion-layout-column fusion_builder_column fusion-builder-column-0 fusion_builder_column_1_1 1_1 fusion-one-full fusion-column-first fusion-column-last fusion-column-no-min-height\" style=\"--awb-bg-size:cover;--awb-margin-bottom:0px;\"><div class=\"fusion-column-wrapper fusion-flex-column-wrapper-legacy\"><div class=\"fusion-text fusion-text-1\"><p data-start=\"320\" data-end=\"645\">Collagen v\u00e0 Hyaluronic Acid (HA) l\u00e0 nh\u1eefng th\u00e0nh ph\u1ea7n quan tr\u1ecdng gi\u00fap gi\u1eef cho da kh\u1ecfe, \u0111\u1ea7y \u0111\u1eb7n v\u00e0 \u0111\u00e0n h\u1ed3i khi ch\u00fang ta c\u00f2n tr\u1ebb. Sau tu\u1ed5i 20, l\u01b0\u1ee3ng collagen v\u00e0 HA m\u00e0 c\u01a1 th\u1ec3 t\u1ef1 s\u1ea3n xu\u1ea5t b\u1eaft \u0111\u1ea7u gi\u1ea3m, khi\u1ebfn da d\u1ec5 kh\u00f4, xu\u1ea5t hi\u1ec7n \u0111\u01b0\u1eddng nh\u0103n v\u00e0 k\u00e9m \u0111\u00e0n h\u1ed3i. Theo th\u1eddi gian, \u0111i\u1ec1u n\u00e0y c\u00f3 th\u1ec3 l\u00e0m da tr\u00f4ng m\u1ecfng, nh\u0103n v\u00e0 thi\u1ebfu s\u1ee9c s\u1ed1ng.<\/p>\n<p data-start=\"647\" data-end=\"719\">Hi\u1ec7n nay \u0111\u00e3 c\u00f3 c\u00e1c ph\u01b0\u01a1ng ph\u00e1p h\u1ed7 tr\u1ee3 b\u1ed5 sung nh\u1eefng thay \u0111\u1ed5i n\u00e0y c\u1ee7a da.<\/p>\n<h2 data-start=\"721\" data-end=\"742\">Redensity I L\u00e0 G\u00ec?<\/h2>\n<p data-start=\"744\" data-end=\"1088\">Redensity I l\u00e0 li\u1ec7u ph\u00e1p \u0111\u01b0a v\u00e0o da h\u1ed7n h\u1ee3p d\u01b0\u1ee1ng ch\u1ea5t g\u1ed3m Hyaluronic Acid, amino acid, ch\u1ea5t ch\u1ed1ng oxy ho\u00e1, kho\u00e1ng ch\u1ea5t v\u00e0 vitamin \u2014 nh\u1eefng th\u00e0nh ph\u1ea7n m\u00e0 c\u00e1c s\u1ea3n ph\u1ea9m b\u00f4i ngo\u00e0i th\u01b0\u1eddng kh\u00f4ng th\u1ea9m th\u1ea5u \u0111\u1ebfn \u0111\u01b0\u1ee3c. C\u00e1c m\u0169i vi kim nh\u1ecf \u0111\u01b0\u1ee3c s\u1eed d\u1ee5ng \u0111\u1ec3 ph\u00e2n b\u1ed1 s\u1ea3n ph\u1ea9m \u0111\u1ec1u tr\u00ean c\u00e1c v\u00f9ng nh\u01b0 m\u1eb7t, m\u00ed m\u1eaft, tr\u00e1n, c\u1ed5 v\u00e0 tay, t\u00f9y theo nhu c\u1ea7u c\u1ee7a m\u1ed7i ng\u01b0\u1eddi.<\/p>\n<p><img decoding=\"async\" class=\"lazyload aligncenter size-full\" src=\"data:image\/svg+xml,%3Csvg%20xmlns%3D%27http%3A%2F%2Fwww.w3.org%2F2000%2Fsvg%27%20width%3D%271120%27%20height%3D%27475%27%20viewBox%3D%270%200%201120%20475%27%3E%3Crect%20width%3D%271120%27%20height%3D%27475%27%20fill-opacity%3D%220%22%2F%3E%3C%2Fsvg%3E\" data-orig-src=\"https:\/\/hemac.com.au\/wp-content\/uploads\/rendensity2.jpg\" alt=\"\" \/><\/p>\n<h2 data-start=\"1090\" data-end=\"1119\">S\u1ef1 \u00cdch L\u1ee3i C\u1ee7a Redensity I<\/h2>\n<ul data-start=\"1121\" data-end=\"1339\">\n<li data-start=\"1121\" data-end=\"1185\">\n<p data-start=\"1123\" data-end=\"1185\">H\u1ed7 tr\u1ee3 c\u1ea5p d\u01b0\u1ee1ng ch\u1ea5t gi\u00fap da tr\u00f4ng t\u01b0\u01a1i t\u1eafn v\u00e0 m\u1ec1m m\u1ea1i h\u01a1n.<\/p>\n<\/li>\n<li data-start=\"1186\" data-end=\"1247\">\n<p data-start=\"1188\" data-end=\"1247\">Gi\u00fap da s\u00e1ng v\u00e0 \u0111\u1ec1u m\u00e0u h\u01a1n theo t\u1eebng giai \u0111o\u1ea1n \u0111i\u1ec1u tr\u1ecb.<\/p>\n<\/li>\n<li data-start=\"1248\" data-end=\"1296\">\n<p data-start=\"1250\" data-end=\"1296\">Mang l\u1ea1i v\u1ebb ngo\u00e0i r\u1ea1ng r\u1ee1 v\u00e0 kh\u1ecfe kho\u1eafn h\u01a1n.<\/p>\n<\/li>\n<li data-start=\"1297\" data-end=\"1339\">\n<p data-start=\"1299\" data-end=\"1339\">Da c\u00f3 th\u1ec3 tr\u00f4ng \u0111\u1ea7y \u0111\u1eb7n v\u00e0 m\u1ecbn m\u00e0ng h\u01a1n.<\/p>\n<\/li>\n<\/ul>\n<h2 data-start=\"1341\" data-end=\"1384\">Redensity I T\u00e1c \u0110\u1ed9ng Ra Sao Tr\u00ean L\u00e0n Da?<\/h2>\n<p data-start=\"1386\" data-end=\"1617\">Redensity I gi\u00fap t\u0103ng kh\u1ea3 n\u0103ng gi\u1eef n\u01b0\u1edbc t\u1ef1 nhi\u00ean c\u1ee7a da, t\u01b0\u01a1ng t\u1ef1 nh\u01b0 m\u1ed9t \u201cmi\u1ebfng b\u1ecdt bi\u1ec3n\u201d gi\u1eef \u1ea9m, t\u1eeb \u0111\u00f3 h\u1ed7 tr\u1ee3 da tr\u00f4ng c\u0103ng h\u01a1n v\u00e0 gi\u1ea3m t\u00ecnh tr\u1ea1ng kh\u00f4 s\u1ea7n. Qu\u00e1 tr\u00ecnh n\u00e0y c\u0169ng t\u1ea1o \u0111i\u1ec1u ki\u1ec7n \u0111\u1ec3 da t\u1ef1 t\u00e1i t\u1ea1o t\u1ed1t h\u01a1n theo th\u1eddi gian.<\/p>\n<p><img decoding=\"async\" class=\"lazyload aligncenter size-full\" src=\"data:image\/svg+xml,%3Csvg%20xmlns%3D%27http%3A%2F%2Fwww.w3.org%2F2000%2Fsvg%27%20width%3D%27922%27%20height%3D%27703%27%20viewBox%3D%270%200%20922%20703%27%3E%3Crect%20width%3D%27922%27%20height%3D%27703%27%20fill-opacity%3D%220%22%2F%3E%3C%2Fsvg%3E\" data-orig-src=\"https:\/\/hemac.com.au\/wp-content\/uploads\/rendensity3.jpg\" alt=\"\" \/><\/p>\n<h2 data-start=\"1756\" data-end=\"1786\">Redensity I Ph\u00f9 H\u1ee3p V\u1edbi Ai?<\/h2>\n<p data-start=\"1788\" data-end=\"2110\">Ph\u01b0\u01a1ng ph\u00e1p n\u00e0y ph\u00f9 h\u1ee3p cho nh\u1eefng ai c\u1ea3m th\u1ea5y da x\u1ec9n m\u00e0u, kh\u00f4, k\u00e9m m\u1ecbn ho\u1eb7c thi\u1ebfu s\u1ee9c s\u1ed1ng. Nhi\u1ec1u ng\u01b0\u1eddi c\u0169ng l\u1ef1a ch\u1ecdn Redensity I tr\u01b0\u1edbc s\u1ef1 ki\u1ec7n quan tr\u1ecdng, ho\u1eb7c sau m\u00f9a \u0111\u00f4ng v\u00e0 th\u1eddi gian d\u00e0i ti\u1ebfp x\u00fac n\u1eafng. Li\u1ec7u ph\u00e1p ph\u00f9 h\u1ee3p cho nhi\u1ec1u lo\u1ea1i da, nam l\u1eabn n\u1eef.<br data-start=\"2042\" data-end=\"2045\" \/>Th\u00f4ng th\u01b0\u1eddng, li\u1ec7u tr\u00ecnh g\u1ed3m <strong data-start=\"2074\" data-end=\"2085\">ba bu\u1ed5i<\/strong>, c\u00e1ch nhau <strong data-start=\"2097\" data-end=\"2109\">2\u20134 tu\u1ea7n<\/strong>.<\/p>\n<h2 data-start=\"2112\" data-end=\"2136\">V2 Beauty Booster Gun<\/h2>\n<p data-start=\"2138\" data-end=\"2321\">V2 Beauty Booster Gun l\u00e0 thi\u1ebft b\u1ecb s\u1eed d\u1ee5ng \u0111\u1ea7u kim si\u00eau nh\u1ecf g\u1ed3m 9 \u0111i\u1ec3m \u0111\u1ec3 \u0111\u01b0a s\u1ea3n ph\u1ea9m v\u00e0o da \u1edf \u0111\u1ed9 s\u00e2u \u0111\u01b0\u1ee3c ki\u1ec3m so\u00e1t, gi\u00fap qu\u00e1 tr\u00ecnh th\u1ef1c hi\u1ec7n ch\u00ednh x\u00e1c h\u01a1n v\u00e0 c\u1ea3m gi\u00e1c tho\u1ea3i m\u00e1i h\u01a1n.<\/p>\n<p data-start=\"2323\" data-end=\"2501\">Trong qu\u00e1 tr\u00ecnh tr\u1ecb li\u1ec7u, thi\u1ebft b\u1ecb \u0111\u01b0a kho\u1ea3ng <strong data-start=\"2369\" data-end=\"2377\">3 mL<\/strong> s\u1ea3n ph\u1ea9m v\u00e0o v\u00f9ng \u0111i\u1ec1u tr\u1ecb m\u1ed9t c\u00e1ch \u0111\u1ed3ng \u0111\u1ec1u, gi\u00fap da \u0111\u01b0\u1ee3c nu\u00f4i d\u01b0\u1ee1ng t\u1ed1t h\u01a1n v\u00e0 tr\u00f4ng \u0111\u1ea7y \u0111\u1eb7n, m\u1ec1m m\u1ea1i h\u01a1n theo th\u1eddi gian.<\/p>\n<p><img decoding=\"async\" class=\"lazyload aligncenter size-full\" src=\"data:image\/svg+xml,%3Csvg%20xmlns%3D%27http%3A%2F%2Fwww.w3.org%2F2000%2Fsvg%27%20width%3D%27250%27%20height%3D%27420%27%20viewBox%3D%270%200%20250%20420%27%3E%3Crect%20width%3D%27250%27%20height%3D%27420%27%20fill-opacity%3D%220%22%2F%3E%3C%2Fsvg%3E\" data-orig-src=\"https:\/\/hemac.com.au\/wp-content\/uploads\/rendensity4.jpg\" alt=\"\" \/><\/p>\n<\/div><div class=\"fusion-sep-clear\"><\/div><div class=\"fusion-separator fusion-full-width-sep\" style=\"margin-left: auto;margin-right: auto;margin-top:20px;margin-bottom:50px;width:100%;\"><\/div><div class=\"fusion-sep-clear\"><\/div><div class=\"fusion-clearfix\"><\/div><\/div><\/div><\/div><\/div>\n","protected":false},"excerpt":{"rendered":"","protected":false},"author":1,"featured_media":0,"parent":2214,"menu_order":0,"comment_status":"open","ping_status":"open","template":"100-width.php","meta":{"footnotes":""},"class_list":["post-2344","page","type-page","status-publish","hentry"],"yoast_head":"<!-- This site is optimized with the Yoast SEO plugin v26.6 - https:\/\/yoast.com\/wordpress\/plugins\/seo\/ -->\n<title>D\u01b0\u1ee1ng t\u1ed1 l\u00e0m \u0111\u1eb9p l\u00e0n da Rendensity I+V2 | Tr\u1ebb h\u00f3a | Y Khoa &amp; Th\u1ea9m M\u1ef9 Hawthorn East (HEMAC)<\/title>\n<meta name=\"robots\" content=\"index, follow, max-snippet:-1, max-image-preview:large, max-video-preview:-1\" \/>\n<link rel=\"canonical\" href=\"https:\/\/hemac.com.au\/vi\/aesthetic-skin\/rejuvenation\/beauty-booster-redensity-i\/\" \/>\n<meta property=\"og:locale\" content=\"vi_VN\" \/>\n<meta property=\"og:type\" content=\"article\" \/>\n<meta property=\"og:title\" content=\"D\u01b0\u1ee1ng t\u1ed1 l\u00e0m \u0111\u1eb9p l\u00e0n da Rendensity I+V2 | Tr\u1ebb h\u00f3a | Y Khoa &amp; Th\u1ea9m M\u1ef9 Hawthorn East (HEMAC)\" \/>\n<meta property=\"og:url\" content=\"https:\/\/hemac.com.au\/vi\/aesthetic-skin\/rejuvenation\/beauty-booster-redensity-i\/\" \/>\n<meta property=\"og:site_name\" content=\"Hawthorn East Medical &amp; Aesthetic Clinic\" \/>\n<meta property=\"article:publisher\" content=\"https:\/\/www.facebook.com\/562018927210986\/\" \/>\n<meta property=\"article:modified_time\" content=\"2025-11-19T10:34:09+00:00\" \/>\n<meta property=\"og:image\" content=\"https:\/\/hemac.com.au\/wp-content\/uploads\/rendensity2.jpg\" \/>\n<meta name=\"twitter:card\" content=\"summary_large_image\" \/>\n<meta name=\"twitter:label1\" content=\"Est. reading time\" \/>\n\t<meta name=\"twitter:data1\" content=\"4 minutes\" \/>\n<script type=\"application\/ld+json\" class=\"yoast-schema-graph\">{\"@context\":\"https:\/\/schema.org\",\"@graph\":[{\"@type\":\"WebPage\",\"@id\":\"https:\/\/hemac.com.au\/vi\/aesthetic-skin\/rejuvenation\/beauty-booster-redensity-i\/\",\"url\":\"https:\/\/hemac.com.au\/vi\/aesthetic-skin\/rejuvenation\/beauty-booster-redensity-i\/\",\"name\":\"D\u01b0\u1ee1ng t\u1ed1 l\u00e0m \u0111\u1eb9p l\u00e0n da Rendensity I+V2 | Tr\u1ebb h\u00f3a | Y Khoa & Th\u1ea9m M\u1ef9 Hawthorn East (HEMAC)\",\"isPartOf\":{\"@id\":\"https:\/\/hemac.com.au\/vi\/#website\"},\"primaryImageOfPage\":{\"@id\":\"https:\/\/hemac.com.au\/vi\/aesthetic-skin\/rejuvenation\/beauty-booster-redensity-i\/#primaryimage\"},\"image\":{\"@id\":\"https:\/\/hemac.com.au\/vi\/aesthetic-skin\/rejuvenation\/beauty-booster-redensity-i\/#primaryimage\"},\"thumbnailUrl\":\"https:\/\/hemac.com.au\/wp-content\/uploads\/rendensity2.jpg\",\"datePublished\":\"2020-10-02T02:21:30+00:00\",\"dateModified\":\"2025-11-19T10:34:09+00:00\",\"breadcrumb\":{\"@id\":\"https:\/\/hemac.com.au\/vi\/aesthetic-skin\/rejuvenation\/beauty-booster-redensity-i\/#breadcrumb\"},\"inLanguage\":\"vi-VN\",\"potentialAction\":[{\"@type\":\"ReadAction\",\"target\":[\"https:\/\/hemac.com.au\/vi\/aesthetic-skin\/rejuvenation\/beauty-booster-redensity-i\/\"]}]},{\"@type\":\"ImageObject\",\"inLanguage\":\"vi-VN\",\"@id\":\"https:\/\/hemac.com.au\/vi\/aesthetic-skin\/rejuvenation\/beauty-booster-redensity-i\/#primaryimage\",\"url\":\"https:\/\/hemac.com.au\/wp-content\/uploads\/rendensity2.jpg\",\"contentUrl\":\"https:\/\/hemac.com.au\/wp-content\/uploads\/rendensity2.jpg\"},{\"@type\":\"BreadcrumbList\",\"@id\":\"https:\/\/hemac.com.au\/vi\/aesthetic-skin\/rejuvenation\/beauty-booster-redensity-i\/#breadcrumb\",\"itemListElement\":[{\"@type\":\"ListItem\",\"position\":1,\"name\":\"Home\",\"item\":\"https:\/\/hemac.com.au\/vi\/\"},{\"@type\":\"ListItem\",\"position\":2,\"name\":\"TH\u1ea8M M\u1ef8 &#038; DA\",\"item\":\"https:\/\/hemac.com.au\/vi\/aesthetic-skin\/\"},{\"@type\":\"ListItem\",\"position\":3,\"name\":\"\u56de\u6625\",\"item\":\"https:\/\/hemac.com.au\/vi\/aesthetic-skin\/rejuvenation\/\"},{\"@type\":\"ListItem\",\"position\":4,\"name\":\"D\u01b0\u1ee1ng t\u1ed1 l\u00e0m \u0111\u1eb9p l\u00e0n da Rendensity I+V2\"}]},{\"@type\":\"WebSite\",\"@id\":\"https:\/\/hemac.com.au\/vi\/#website\",\"url\":\"https:\/\/hemac.com.au\/vi\/\",\"name\":\"Hawthorn East Medical & Aesthetic Clinic\",\"description\":\"\",\"publisher\":{\"@id\":\"https:\/\/hemac.com.au\/vi\/#organization\"},\"alternateName\":\"HEMAC\",\"potentialAction\":[{\"@type\":\"SearchAction\",\"target\":{\"@type\":\"EntryPoint\",\"urlTemplate\":\"https:\/\/hemac.com.au\/vi\/?s={search_term_string}\"},\"query-input\":{\"@type\":\"PropertyValueSpecification\",\"valueRequired\":true,\"valueName\":\"search_term_string\"}}],\"inLanguage\":\"vi-VN\"},{\"@type\":\"Organization\",\"@id\":\"https:\/\/hemac.com.au\/vi\/#organization\",\"name\":\"Hawthorn East Medical & Aesthetic Clinic\",\"alternateName\":\"HEMAC\",\"url\":\"https:\/\/hemac.com.au\/vi\/\",\"logo\":{\"@type\":\"ImageObject\",\"inLanguage\":\"vi-VN\",\"@id\":\"https:\/\/hemac.com.au\/vi\/#\/schema\/logo\/image\/\",\"url\":\"https:\/\/hemac.com.au\/wp-content\/uploads\/HEMAC-697x697-1.jpg\",\"contentUrl\":\"https:\/\/hemac.com.au\/wp-content\/uploads\/HEMAC-697x697-1.jpg\",\"width\":697,\"height\":697,\"caption\":\"Hawthorn East Medical & Aesthetic Clinic\"},\"image\":{\"@id\":\"https:\/\/hemac.com.au\/vi\/#\/schema\/logo\/image\/\"},\"sameAs\":[\"https:\/\/www.facebook.com\/562018927210986\/\",\"https:\/\/www.facebook.com\/hemacskinclinic\/\",\"https:\/\/www.instagram.com\/hemac_aesthetics\/\"]}]}<\/script>\n<!-- \/ Yoast SEO plugin. -->","yoast_head_json":{"title":"D\u01b0\u1ee1ng t\u1ed1 l\u00e0m \u0111\u1eb9p l\u00e0n da Rendensity I+V2 | Tr\u1ebb h\u00f3a | Y Khoa & Th\u1ea9m M\u1ef9 Hawthorn East (HEMAC)","robots":{"index":"index","follow":"follow","max-snippet":"max-snippet:-1","max-image-preview":"max-image-preview:large","max-video-preview":"max-video-preview:-1"},"canonical":"https:\/\/hemac.com.au\/vi\/aesthetic-skin\/rejuvenation\/beauty-booster-redensity-i\/","og_locale":"vi_VN","og_type":"article","og_title":"D\u01b0\u1ee1ng t\u1ed1 l\u00e0m \u0111\u1eb9p l\u00e0n da Rendensity I+V2 | Tr\u1ebb h\u00f3a | Y Khoa & Th\u1ea9m M\u1ef9 Hawthorn East (HEMAC)","og_url":"https:\/\/hemac.com.au\/vi\/aesthetic-skin\/rejuvenation\/beauty-booster-redensity-i\/","og_site_name":"Hawthorn East Medical &amp; Aesthetic Clinic","article_publisher":"https:\/\/www.facebook.com\/562018927210986\/","article_modified_time":"2025-11-19T10:34:09+00:00","og_image":[{"url":"https:\/\/hemac.com.au\/wp-content\/uploads\/rendensity2.jpg","type":"","width":"","height":""}],"twitter_card":"summary_large_image","twitter_misc":{"Est. reading time":"4 minutes"},"schema":{"@context":"https:\/\/schema.org","@graph":[{"@type":"WebPage","@id":"https:\/\/hemac.com.au\/vi\/aesthetic-skin\/rejuvenation\/beauty-booster-redensity-i\/","url":"https:\/\/hemac.com.au\/vi\/aesthetic-skin\/rejuvenation\/beauty-booster-redensity-i\/","name":"D\u01b0\u1ee1ng t\u1ed1 l\u00e0m \u0111\u1eb9p l\u00e0n da Rendensity I+V2 | Tr\u1ebb h\u00f3a | Y Khoa & Th\u1ea9m M\u1ef9 Hawthorn East (HEMAC)","isPartOf":{"@id":"https:\/\/hemac.com.au\/vi\/#website"},"primaryImageOfPage":{"@id":"https:\/\/hemac.com.au\/vi\/aesthetic-skin\/rejuvenation\/beauty-booster-redensity-i\/#primaryimage"},"image":{"@id":"https:\/\/hemac.com.au\/vi\/aesthetic-skin\/rejuvenation\/beauty-booster-redensity-i\/#primaryimage"},"thumbnailUrl":"https:\/\/hemac.com.au\/wp-content\/uploads\/rendensity2.jpg","datePublished":"2020-10-02T02:21:30+00:00","dateModified":"2025-11-19T10:34:09+00:00","breadcrumb":{"@id":"https:\/\/hemac.com.au\/vi\/aesthetic-skin\/rejuvenation\/beauty-booster-redensity-i\/#breadcrumb"},"inLanguage":"vi-VN","potentialAction":[{"@type":"ReadAction","target":["https:\/\/hemac.com.au\/vi\/aesthetic-skin\/rejuvenation\/beauty-booster-redensity-i\/"]}]},{"@type":"ImageObject","inLanguage":"vi-VN","@id":"https:\/\/hemac.com.au\/vi\/aesthetic-skin\/rejuvenation\/beauty-booster-redensity-i\/#primaryimage","url":"https:\/\/hemac.com.au\/wp-content\/uploads\/rendensity2.jpg","contentUrl":"https:\/\/hemac.com.au\/wp-content\/uploads\/rendensity2.jpg"},{"@type":"BreadcrumbList","@id":"https:\/\/hemac.com.au\/vi\/aesthetic-skin\/rejuvenation\/beauty-booster-redensity-i\/#breadcrumb","itemListElement":[{"@type":"ListItem","position":1,"name":"Home","item":"https:\/\/hemac.com.au\/vi\/"},{"@type":"ListItem","position":2,"name":"TH\u1ea8M M\u1ef8 &#038; DA","item":"https:\/\/hemac.com.au\/vi\/aesthetic-skin\/"},{"@type":"ListItem","position":3,"name":"\u56de\u6625","item":"https:\/\/hemac.com.au\/vi\/aesthetic-skin\/rejuvenation\/"},{"@type":"ListItem","position":4,"name":"D\u01b0\u1ee1ng t\u1ed1 l\u00e0m \u0111\u1eb9p l\u00e0n da Rendensity I+V2"}]},{"@type":"WebSite","@id":"https:\/\/hemac.com.au\/vi\/#website","url":"https:\/\/hemac.com.au\/vi\/","name":"Hawthorn East Medical & Aesthetic Clinic","description":"","publisher":{"@id":"https:\/\/hemac.com.au\/vi\/#organization"},"alternateName":"HEMAC","potentialAction":[{"@type":"SearchAction","target":{"@type":"EntryPoint","urlTemplate":"https:\/\/hemac.com.au\/vi\/?s={search_term_string}"},"query-input":{"@type":"PropertyValueSpecification","valueRequired":true,"valueName":"search_term_string"}}],"inLanguage":"vi-VN"},{"@type":"Organization","@id":"https:\/\/hemac.com.au\/vi\/#organization","name":"Hawthorn East Medical & Aesthetic Clinic","alternateName":"HEMAC","url":"https:\/\/hemac.com.au\/vi\/","logo":{"@type":"ImageObject","inLanguage":"vi-VN","@id":"https:\/\/hemac.com.au\/vi\/#\/schema\/logo\/image\/","url":"https:\/\/hemac.com.au\/wp-content\/uploads\/HEMAC-697x697-1.jpg","contentUrl":"https:\/\/hemac.com.au\/wp-content\/uploads\/HEMAC-697x697-1.jpg","width":697,"height":697,"caption":"Hawthorn East Medical & Aesthetic Clinic"},"image":{"@id":"https:\/\/hemac.com.au\/vi\/#\/schema\/logo\/image\/"},"sameAs":["https:\/\/www.facebook.com\/562018927210986\/","https:\/\/www.facebook.com\/hemacskinclinic\/","https:\/\/www.instagram.com\/hemac_aesthetics\/"]}]}},"_links":{"self":[{"href":"https:\/\/hemac.com.au\/vi\/wp-json\/wp\/v2\/pages\/2344","targetHints":{"allow":["GET"]}}],"collection":[{"href":"https:\/\/hemac.com.au\/vi\/wp-json\/wp\/v2\/pages"}],"about":[{"href":"https:\/\/hemac.com.au\/vi\/wp-json\/wp\/v2\/types\/page"}],"author":[{"embeddable":true,"href":"https:\/\/hemac.com.au\/vi\/wp-json\/wp\/v2\/users\/1"}],"replies":[{"embeddable":true,"href":"https:\/\/hemac.com.au\/vi\/wp-json\/wp\/v2\/comments?post=2344"}],"version-history":[{"count":1,"href":"https:\/\/hemac.com.au\/vi\/wp-json\/wp\/v2\/pages\/2344\/revisions"}],"predecessor-version":[{"id":3323,"href":"https:\/\/hemac.com.au\/vi\/wp-json\/wp\/v2\/pages\/2344\/revisions\/3323"}],"up":[{"embeddable":true,"href":"https:\/\/hemac.com.au\/vi\/wp-json\/wp\/v2\/pages\/2214"}],"wp:attachment":[{"href":"https:\/\/hemac.com.au\/vi\/wp-json\/wp\/v2\/media?parent=2344"}],"curies":[{"name":"wp","href":"https:\/\/api.w.org\/{rel}","templated":true}]}}