{"id":2345,"date":"2020-10-02T12:10:21","date_gmt":"2020-10-02T02:10:21","guid":{"rendered":"https:\/\/www.hemac.com.au\/aesthetic-skin\/rejuvenation\/beauty-booster\/"},"modified":"2025-11-19T21:31:37","modified_gmt":"2025-11-19T10:31:37","slug":"beauty-booster","status":"publish","type":"page","link":"https:\/\/hemac.com.au\/vi\/aesthetic-skin\/rejuvenation\/beauty-booster\/","title":{"rendered":"S\u1ea3n ph\u1ea9m l\u00e0m t\u0103ng c\u01b0\u1eddng dinh d\u01b0\u1ee1ng c\u1ee7a da"},"content":{"rendered":"<div class=\"fusion-fullwidth fullwidth-box fusion-builder-row-1 nonhundred-percent-fullwidth non-hundred-percent-height-scrolling\" style=\"--awb-background-position:left top;--awb-border-sizes-top:0px;--awb-border-sizes-bottom:0px;--awb-border-sizes-left:0px;--awb-border-sizes-right:0px;--awb-border-radius-top-left:0px;--awb-border-radius-top-right:0px;--awb-border-radius-bottom-right:0px;--awb-border-radius-bottom-left:0px;--awb-padding-top:20px;--awb-padding-bottom:0px;--awb-flex-wrap:wrap;\" ><div class=\"fusion-builder-row fusion-row\"><div class=\"fusion-layout-column fusion_builder_column fusion-builder-column-0 fusion_builder_column_1_1 1_1 fusion-one-full fusion-column-first fusion-column-last fusion-column-no-min-height\" style=\"--awb-bg-size:cover;--awb-margin-bottom:0px;\"><div class=\"fusion-column-wrapper fusion-flex-column-wrapper-legacy\"><div class=\"fusion-text fusion-text-1\"><p data-start=\"336\" data-end=\"527\">N\u1ebfu da c\u1ee7a qu\u00fd v\u1ecb nh\u1ee3t nh\u1ea1t, kh\u00f4 ho\u1eb7c xu\u1ea5t hi\u1ec7n c\u00e1c \u0111\u01b0\u1eddng nh\u0103n v\u00e0 qu\u00fd v\u1ecb \u0111ang t\u00ecm m\u1ed9t ph\u01b0\u01a1ng ph\u00e1p ch\u0103m s\u00f3c \u0111\u1ec3 c\u1ea3i thi\u1ec7n l\u00e0n da, th\u00ec l\u1ef1a ch\u1ecdn n\u00e0y c\u00f3 th\u1ec3 ph\u00f9 h\u1ee3p v\u1edbi nhu c\u1ea7u th\u1ea9m m\u1ef9 c\u1ee7a qu\u00fd v\u1ecb.<\/p>\n<p><img decoding=\"async\" class=\"lazyload aligncenter size-full\" src=\"data:image\/svg+xml,%3Csvg%20xmlns%3D%27http%3A%2F%2Fwww.w3.org%2F2000%2Fsvg%27%20width%3D%27218%27%20height%3D%27218%27%20viewBox%3D%270%200%20218%20218%27%3E%3Crect%20width%3D%27218%27%20height%3D%27218%27%20fill-opacity%3D%220%22%2F%3E%3C%2Fsvg%3E\" data-orig-src=\"https:\/\/hemac.com.au\/wp-content\/uploads\/aqua-shine1.jpg\" alt=\"\" \/><\/p>\n<h3>S\u1ea3n ph\u1ea9m dinh d\u01b0\u1ee1ng da l\u00e0 g\u00ec?<\/h3>\n<p data-start=\"529\" data-end=\"892\">S\u1ea3n ph\u1ea9m dinh d\u01b0\u1ee1ng da l\u00e0 ph\u01b0\u01a1ng ph\u00e1p \u0111\u01b0\u1ee3c s\u1eed d\u1ee5ng g\u1ea7n \u0111\u00e2y t\u1ea1i \u00dac v\u00e0 \u0111\u01b0\u1ee3c \u0111i\u1ec1u ch\u1ec9nh theo t\u1eebng lo\u1ea1i da, ch\u1eb3ng h\u1ea1n nh\u01b0 l\u00e0n da thi\u1ebfu s\u1ee9c s\u1ed1ng ho\u1eb7c xu\u1ea5t hi\u1ec7n \u0111\u01b0\u1eddng nh\u0103n. T\u1ea1i HEMAC, ch\u00fang t\u00f4i cung c\u1ea5p c\u00e1c c\u00f4ng th\u1ee9c ch\u0103m s\u00f3c nh\u1eb1m h\u1ed7 tr\u1ee3 \u0111\u1ed9 t\u01b0\u01a1i t\u1eafn v\u00e0 \u0111\u1ed9 s\u0103n ch\u1eafc c\u1ee7a v\u00f9ng m\u1eb7t, m\u00ed m\u1eaft, c\u1ed5 v\u00e0 tay, t\u00f9y v\u00e0o \u0111\u00e1nh gi\u00e1 c\u00e1 nh\u00e2n c\u1ee7a m\u1ed7i ng\u01b0\u1eddi.<\/p>\n<p data-start=\"894\" data-end=\"1078\">Trong quy tr\u00ecnh n\u00e0y, s\u1ea3n ph\u1ea9m s\u1ebd \u0111\u01b0\u1ee3c \u0111\u01b0a v\u00e0o da d\u1ecdc theo c\u00e1c r\u00e3nh nh\u0103n v\u00e0 ph\u00e2n b\u1ed5 tr\u00ean b\u1ec1 m\u1eb7t da. C\u00e1ch th\u1ef1c hi\u1ec7n n\u00e0y nh\u1eb1m h\u1ed7 tr\u1ee3 nu\u00f4i d\u01b0\u1ee1ng da v\u00e0 c\u1ea3i thi\u1ec7n s\u1ef1 m\u1ecbn m\u00e0ng theo th\u1eddi gian.<\/p>\n<p data-start=\"1080\" data-end=\"1183\">Quy tr\u00ecnh di\u1ec5n ra nhanh, \u0111\u1ed9 ch\u00ednh x\u00e1c cao v\u00e0 th\u01b0\u1eddng \u0111\u01b0\u1ee3c nhi\u1ec1u ng\u01b0\u1eddi \u0111\u00e1nh gi\u00e1 l\u00e0 d\u1ec5 ch\u1ecbu khi th\u1ef1c hi\u1ec7n.<\/p>\n<p data-start=\"1185\" data-end=\"1528\">K\u1ebft qu\u1ea3 sau \u0111i\u1ec1u tr\u1ecb<br data-start=\"1205\" data-end=\"1208\" \/>S\u1ef1 thay \u0111\u1ed5i c\u1ee7a da c\u00f3 th\u1ec3 \u0111\u01b0\u1ee3c c\u1ea3m nh\u1eadn theo t\u1eebng giai \u0111o\u1ea1n, v\u00e0 nhi\u1ec1u kh\u00e1ch h\u00e0ng cho bi\u1ebft da tr\u00f4ng t\u01b0\u01a1i t\u1eafn h\u01a1n sau c\u00e1c bu\u1ed5i \u0111i\u1ec1u tr\u1ecb ban \u0111\u1ea7u. Th\u1eddi gian duy tr\u00ec s\u1ebd kh\u00e1c nhau \u1edf t\u1eebng ng\u01b0\u1eddi, n\u00ean b\u00e1c s\u0129 c\u00f3 th\u1ec3 \u0111\u1ec1 ngh\u1ecb li\u1ec7u tr\u00ecnh g\u1ed3m 3 bu\u1ed5i c\u00e1ch nhau 2\u20134 tu\u1ea7n, sau \u0111\u00f3 t\u00e1i kh\u00e1m ho\u1eb7c b\u1ed5 sung t\u00f9y v\u00e0o nhu c\u1ea7u sau kho\u1ea3ng 6 th\u00e1ng.<\/p>\n<p><img decoding=\"async\" class=\"lazyload aligncenter size-full\" src=\"data:image\/svg+xml,%3Csvg%20xmlns%3D%27http%3A%2F%2Fwww.w3.org%2F2000%2Fsvg%27%20width%3D%271130%27%20height%3D%27580%27%20viewBox%3D%270%200%201130%20580%27%3E%3Crect%20width%3D%271130%27%20height%3D%27580%27%20fill-opacity%3D%220%22%2F%3E%3C%2Fsvg%3E\" data-orig-src=\"https:\/\/hemac.com.au\/wp-content\/uploads\/rendensity1.jpg\" alt=\"\" \/><\/p>\n<\/div><div class=\"fusion-sep-clear\"><\/div><div class=\"fusion-separator fusion-full-width-sep\" style=\"margin-left: auto;margin-right: auto;margin-top:20px;margin-bottom:50px;width:100%;\"><\/div><div class=\"fusion-sep-clear\"><\/div><div class=\"fusion-clearfix\"><\/div><\/div><\/div><\/div><\/div>\n","protected":false},"excerpt":{"rendered":"","protected":false},"author":1,"featured_media":0,"parent":2214,"menu_order":0,"comment_status":"open","ping_status":"open","template":"100-width.php","meta":{"footnotes":""},"class_list":["post-2345","page","type-page","status-publish","hentry"],"yoast_head":"<!-- This site is optimized with the Yoast SEO plugin v26.6 - https:\/\/yoast.com\/wordpress\/plugins\/seo\/ -->\n<title>S\u1ea3n ph\u1ea9m l\u00e0m t\u0103ng c\u01b0\u1eddng dinh d\u01b0\u1ee1ng c\u1ee7a da | Tr\u1ebb h\u00f3a | Y Khoa &amp; Th\u1ea9m M\u1ef9 Hawthorn East (HEMAC)<\/title>\n<meta name=\"robots\" content=\"index, follow, max-snippet:-1, max-image-preview:large, max-video-preview:-1\" \/>\n<link rel=\"canonical\" href=\"https:\/\/hemac.com.au\/vi\/aesthetic-skin\/rejuvenation\/beauty-booster\/\" \/>\n<meta property=\"og:locale\" content=\"vi_VN\" \/>\n<meta property=\"og:type\" content=\"article\" \/>\n<meta property=\"og:title\" content=\"S\u1ea3n ph\u1ea9m l\u00e0m t\u0103ng c\u01b0\u1eddng dinh d\u01b0\u1ee1ng c\u1ee7a da | Tr\u1ebb h\u00f3a | Y Khoa &amp; Th\u1ea9m M\u1ef9 Hawthorn East (HEMAC)\" \/>\n<meta property=\"og:url\" content=\"https:\/\/hemac.com.au\/vi\/aesthetic-skin\/rejuvenation\/beauty-booster\/\" \/>\n<meta property=\"og:site_name\" content=\"Hawthorn East Medical &amp; Aesthetic Clinic\" \/>\n<meta property=\"article:publisher\" content=\"https:\/\/www.facebook.com\/562018927210986\/\" \/>\n<meta property=\"article:modified_time\" content=\"2025-11-19T10:31:37+00:00\" \/>\n<meta property=\"og:image\" content=\"https:\/\/hemac.com.au\/wp-content\/uploads\/aqua-shine1.jpg\" \/>\n<meta name=\"twitter:card\" content=\"summary_large_image\" \/>\n<meta name=\"twitter:label1\" content=\"Est. reading time\" \/>\n\t<meta name=\"twitter:data1\" content=\"2 minutes\" \/>\n<script type=\"application\/ld+json\" class=\"yoast-schema-graph\">{\"@context\":\"https:\/\/schema.org\",\"@graph\":[{\"@type\":\"WebPage\",\"@id\":\"https:\/\/hemac.com.au\/vi\/aesthetic-skin\/rejuvenation\/beauty-booster\/\",\"url\":\"https:\/\/hemac.com.au\/vi\/aesthetic-skin\/rejuvenation\/beauty-booster\/\",\"name\":\"S\u1ea3n ph\u1ea9m l\u00e0m t\u0103ng c\u01b0\u1eddng dinh d\u01b0\u1ee1ng c\u1ee7a da | Tr\u1ebb h\u00f3a | Y Khoa & Th\u1ea9m M\u1ef9 Hawthorn East (HEMAC)\",\"isPartOf\":{\"@id\":\"https:\/\/hemac.com.au\/vi\/#website\"},\"primaryImageOfPage\":{\"@id\":\"https:\/\/hemac.com.au\/vi\/aesthetic-skin\/rejuvenation\/beauty-booster\/#primaryimage\"},\"image\":{\"@id\":\"https:\/\/hemac.com.au\/vi\/aesthetic-skin\/rejuvenation\/beauty-booster\/#primaryimage\"},\"thumbnailUrl\":\"https:\/\/hemac.com.au\/wp-content\/uploads\/aqua-shine1.jpg\",\"datePublished\":\"2020-10-02T02:10:21+00:00\",\"dateModified\":\"2025-11-19T10:31:37+00:00\",\"breadcrumb\":{\"@id\":\"https:\/\/hemac.com.au\/vi\/aesthetic-skin\/rejuvenation\/beauty-booster\/#breadcrumb\"},\"inLanguage\":\"vi-VN\",\"potentialAction\":[{\"@type\":\"ReadAction\",\"target\":[\"https:\/\/hemac.com.au\/vi\/aesthetic-skin\/rejuvenation\/beauty-booster\/\"]}]},{\"@type\":\"ImageObject\",\"inLanguage\":\"vi-VN\",\"@id\":\"https:\/\/hemac.com.au\/vi\/aesthetic-skin\/rejuvenation\/beauty-booster\/#primaryimage\",\"url\":\"https:\/\/hemac.com.au\/wp-content\/uploads\/aqua-shine1.jpg\",\"contentUrl\":\"https:\/\/hemac.com.au\/wp-content\/uploads\/aqua-shine1.jpg\"},{\"@type\":\"BreadcrumbList\",\"@id\":\"https:\/\/hemac.com.au\/vi\/aesthetic-skin\/rejuvenation\/beauty-booster\/#breadcrumb\",\"itemListElement\":[{\"@type\":\"ListItem\",\"position\":1,\"name\":\"Home\",\"item\":\"https:\/\/hemac.com.au\/vi\/\"},{\"@type\":\"ListItem\",\"position\":2,\"name\":\"TH\u1ea8M M\u1ef8 &#038; DA\",\"item\":\"https:\/\/hemac.com.au\/vi\/aesthetic-skin\/\"},{\"@type\":\"ListItem\",\"position\":3,\"name\":\"\u56de\u6625\",\"item\":\"https:\/\/hemac.com.au\/vi\/aesthetic-skin\/rejuvenation\/\"},{\"@type\":\"ListItem\",\"position\":4,\"name\":\"S\u1ea3n ph\u1ea9m l\u00e0m t\u0103ng c\u01b0\u1eddng dinh d\u01b0\u1ee1ng c\u1ee7a da\"}]},{\"@type\":\"WebSite\",\"@id\":\"https:\/\/hemac.com.au\/vi\/#website\",\"url\":\"https:\/\/hemac.com.au\/vi\/\",\"name\":\"Hawthorn East Medical & Aesthetic Clinic\",\"description\":\"\",\"publisher\":{\"@id\":\"https:\/\/hemac.com.au\/vi\/#organization\"},\"alternateName\":\"HEMAC\",\"potentialAction\":[{\"@type\":\"SearchAction\",\"target\":{\"@type\":\"EntryPoint\",\"urlTemplate\":\"https:\/\/hemac.com.au\/vi\/?s={search_term_string}\"},\"query-input\":{\"@type\":\"PropertyValueSpecification\",\"valueRequired\":true,\"valueName\":\"search_term_string\"}}],\"inLanguage\":\"vi-VN\"},{\"@type\":\"Organization\",\"@id\":\"https:\/\/hemac.com.au\/vi\/#organization\",\"name\":\"Hawthorn East Medical & Aesthetic Clinic\",\"alternateName\":\"HEMAC\",\"url\":\"https:\/\/hemac.com.au\/vi\/\",\"logo\":{\"@type\":\"ImageObject\",\"inLanguage\":\"vi-VN\",\"@id\":\"https:\/\/hemac.com.au\/vi\/#\/schema\/logo\/image\/\",\"url\":\"https:\/\/hemac.com.au\/wp-content\/uploads\/HEMAC-697x697-1.jpg\",\"contentUrl\":\"https:\/\/hemac.com.au\/wp-content\/uploads\/HEMAC-697x697-1.jpg\",\"width\":697,\"height\":697,\"caption\":\"Hawthorn East Medical & Aesthetic Clinic\"},\"image\":{\"@id\":\"https:\/\/hemac.com.au\/vi\/#\/schema\/logo\/image\/\"},\"sameAs\":[\"https:\/\/www.facebook.com\/562018927210986\/\",\"https:\/\/www.facebook.com\/hemacskinclinic\/\",\"https:\/\/www.instagram.com\/hemac_aesthetics\/\"]}]}<\/script>\n<!-- \/ Yoast SEO plugin. -->","yoast_head_json":{"title":"S\u1ea3n ph\u1ea9m l\u00e0m t\u0103ng c\u01b0\u1eddng dinh d\u01b0\u1ee1ng c\u1ee7a da | Tr\u1ebb h\u00f3a | Y Khoa & Th\u1ea9m M\u1ef9 Hawthorn East (HEMAC)","robots":{"index":"index","follow":"follow","max-snippet":"max-snippet:-1","max-image-preview":"max-image-preview:large","max-video-preview":"max-video-preview:-1"},"canonical":"https:\/\/hemac.com.au\/vi\/aesthetic-skin\/rejuvenation\/beauty-booster\/","og_locale":"vi_VN","og_type":"article","og_title":"S\u1ea3n ph\u1ea9m l\u00e0m t\u0103ng c\u01b0\u1eddng dinh d\u01b0\u1ee1ng c\u1ee7a da | Tr\u1ebb h\u00f3a | Y Khoa & Th\u1ea9m M\u1ef9 Hawthorn East (HEMAC)","og_url":"https:\/\/hemac.com.au\/vi\/aesthetic-skin\/rejuvenation\/beauty-booster\/","og_site_name":"Hawthorn East Medical &amp; Aesthetic Clinic","article_publisher":"https:\/\/www.facebook.com\/562018927210986\/","article_modified_time":"2025-11-19T10:31:37+00:00","og_image":[{"url":"https:\/\/hemac.com.au\/wp-content\/uploads\/aqua-shine1.jpg","type":"","width":"","height":""}],"twitter_card":"summary_large_image","twitter_misc":{"Est. reading time":"2 minutes"},"schema":{"@context":"https:\/\/schema.org","@graph":[{"@type":"WebPage","@id":"https:\/\/hemac.com.au\/vi\/aesthetic-skin\/rejuvenation\/beauty-booster\/","url":"https:\/\/hemac.com.au\/vi\/aesthetic-skin\/rejuvenation\/beauty-booster\/","name":"S\u1ea3n ph\u1ea9m l\u00e0m t\u0103ng c\u01b0\u1eddng dinh d\u01b0\u1ee1ng c\u1ee7a da | Tr\u1ebb h\u00f3a | Y Khoa & Th\u1ea9m M\u1ef9 Hawthorn East (HEMAC)","isPartOf":{"@id":"https:\/\/hemac.com.au\/vi\/#website"},"primaryImageOfPage":{"@id":"https:\/\/hemac.com.au\/vi\/aesthetic-skin\/rejuvenation\/beauty-booster\/#primaryimage"},"image":{"@id":"https:\/\/hemac.com.au\/vi\/aesthetic-skin\/rejuvenation\/beauty-booster\/#primaryimage"},"thumbnailUrl":"https:\/\/hemac.com.au\/wp-content\/uploads\/aqua-shine1.jpg","datePublished":"2020-10-02T02:10:21+00:00","dateModified":"2025-11-19T10:31:37+00:00","breadcrumb":{"@id":"https:\/\/hemac.com.au\/vi\/aesthetic-skin\/rejuvenation\/beauty-booster\/#breadcrumb"},"inLanguage":"vi-VN","potentialAction":[{"@type":"ReadAction","target":["https:\/\/hemac.com.au\/vi\/aesthetic-skin\/rejuvenation\/beauty-booster\/"]}]},{"@type":"ImageObject","inLanguage":"vi-VN","@id":"https:\/\/hemac.com.au\/vi\/aesthetic-skin\/rejuvenation\/beauty-booster\/#primaryimage","url":"https:\/\/hemac.com.au\/wp-content\/uploads\/aqua-shine1.jpg","contentUrl":"https:\/\/hemac.com.au\/wp-content\/uploads\/aqua-shine1.jpg"},{"@type":"BreadcrumbList","@id":"https:\/\/hemac.com.au\/vi\/aesthetic-skin\/rejuvenation\/beauty-booster\/#breadcrumb","itemListElement":[{"@type":"ListItem","position":1,"name":"Home","item":"https:\/\/hemac.com.au\/vi\/"},{"@type":"ListItem","position":2,"name":"TH\u1ea8M M\u1ef8 &#038; DA","item":"https:\/\/hemac.com.au\/vi\/aesthetic-skin\/"},{"@type":"ListItem","position":3,"name":"\u56de\u6625","item":"https:\/\/hemac.com.au\/vi\/aesthetic-skin\/rejuvenation\/"},{"@type":"ListItem","position":4,"name":"S\u1ea3n ph\u1ea9m l\u00e0m t\u0103ng c\u01b0\u1eddng dinh d\u01b0\u1ee1ng c\u1ee7a da"}]},{"@type":"WebSite","@id":"https:\/\/hemac.com.au\/vi\/#website","url":"https:\/\/hemac.com.au\/vi\/","name":"Hawthorn East Medical & Aesthetic Clinic","description":"","publisher":{"@id":"https:\/\/hemac.com.au\/vi\/#organization"},"alternateName":"HEMAC","potentialAction":[{"@type":"SearchAction","target":{"@type":"EntryPoint","urlTemplate":"https:\/\/hemac.com.au\/vi\/?s={search_term_string}"},"query-input":{"@type":"PropertyValueSpecification","valueRequired":true,"valueName":"search_term_string"}}],"inLanguage":"vi-VN"},{"@type":"Organization","@id":"https:\/\/hemac.com.au\/vi\/#organization","name":"Hawthorn East Medical & Aesthetic Clinic","alternateName":"HEMAC","url":"https:\/\/hemac.com.au\/vi\/","logo":{"@type":"ImageObject","inLanguage":"vi-VN","@id":"https:\/\/hemac.com.au\/vi\/#\/schema\/logo\/image\/","url":"https:\/\/hemac.com.au\/wp-content\/uploads\/HEMAC-697x697-1.jpg","contentUrl":"https:\/\/hemac.com.au\/wp-content\/uploads\/HEMAC-697x697-1.jpg","width":697,"height":697,"caption":"Hawthorn East Medical & Aesthetic Clinic"},"image":{"@id":"https:\/\/hemac.com.au\/vi\/#\/schema\/logo\/image\/"},"sameAs":["https:\/\/www.facebook.com\/562018927210986\/","https:\/\/www.facebook.com\/hemacskinclinic\/","https:\/\/www.instagram.com\/hemac_aesthetics\/"]}]}},"_links":{"self":[{"href":"https:\/\/hemac.com.au\/vi\/wp-json\/wp\/v2\/pages\/2345","targetHints":{"allow":["GET"]}}],"collection":[{"href":"https:\/\/hemac.com.au\/vi\/wp-json\/wp\/v2\/pages"}],"about":[{"href":"https:\/\/hemac.com.au\/vi\/wp-json\/wp\/v2\/types\/page"}],"author":[{"embeddable":true,"href":"https:\/\/hemac.com.au\/vi\/wp-json\/wp\/v2\/users\/1"}],"replies":[{"embeddable":true,"href":"https:\/\/hemac.com.au\/vi\/wp-json\/wp\/v2\/comments?post=2345"}],"version-history":[{"count":1,"href":"https:\/\/hemac.com.au\/vi\/wp-json\/wp\/v2\/pages\/2345\/revisions"}],"predecessor-version":[{"id":3322,"href":"https:\/\/hemac.com.au\/vi\/wp-json\/wp\/v2\/pages\/2345\/revisions\/3322"}],"up":[{"embeddable":true,"href":"https:\/\/hemac.com.au\/vi\/wp-json\/wp\/v2\/pages\/2214"}],"wp:attachment":[{"href":"https:\/\/hemac.com.au\/vi\/wp-json\/wp\/v2\/media?parent=2345"}],"curies":[{"name":"wp","href":"https:\/\/api.w.org\/{rel}","templated":true}]}}