{"id":2346,"date":"2020-09-11T12:41:28","date_gmt":"2020-09-11T02:41:28","guid":{"rendered":"https:\/\/www.hemac.com.au\/aesthetic-skin\/rejuvenation\/platelet-rich-plasma\/"},"modified":"2025-11-19T21:30:36","modified_gmt":"2025-11-19T10:30:36","slug":"platelet-rich-plasma","status":"publish","type":"page","link":"https:\/\/hemac.com.au\/vi\/aesthetic-skin\/rejuvenation\/platelet-rich-plasma\/","title":{"rendered":"Ph\u01b0\u01a1ng ph\u00e1p l\u00e0m \u1ea9m \u01b0\u1edbt l\u00e0n da v\u00e0 t\u00e1i t\u1ea1o da"},"content":{"rendered":"<div class=\"fusion-fullwidth fullwidth-box fusion-builder-row-1 nonhundred-percent-fullwidth non-hundred-percent-height-scrolling\" style=\"--awb-background-position:left top;--awb-border-sizes-top:0px;--awb-border-sizes-bottom:0px;--awb-border-sizes-left:0px;--awb-border-sizes-right:0px;--awb-border-radius-top-left:0px;--awb-border-radius-top-right:0px;--awb-border-radius-bottom-right:0px;--awb-border-radius-bottom-left:0px;--awb-padding-top:20px;--awb-padding-bottom:0px;--awb-flex-wrap:wrap;\" ><div class=\"fusion-builder-row fusion-row\"><div class=\"fusion-layout-column fusion_builder_column fusion-builder-column-0 fusion_builder_column_1_1 1_1 fusion-one-full fusion-column-first fusion-column-last fusion-column-no-min-height\" style=\"--awb-bg-size:cover;--awb-margin-bottom:0px;\"><div class=\"fusion-column-wrapper fusion-flex-column-wrapper-legacy\"><div class=\"fusion-text fusion-text-1\"><p data-start=\"349\" data-end=\"575\">Platelet-Rich Plasma (PRP) l\u00e0 ph\u1ea7n huy\u1ebft t\u01b0\u01a1ng \u0111\u01b0\u1ee3c t\u00e1ch t\u1eeb ch\u00ednh m\u00e1u c\u1ee7a m\u1ed7i ng\u01b0\u1eddi. Trong PRP c\u00f3 c\u00e1c th\u00e0nh ph\u1ea7n t\u1ef1 nhi\u00ean c\u1ee7a m\u00e1u, bao g\u1ed3m c\u00e1c y\u1ebfu t\u1ed1 sinh h\u1ecdc \u0111\u01b0\u1ee3c nghi\u00ean c\u1ee9u v\u1ec1 vai tr\u00f2 trong qu\u00e1 tr\u00ecnh duy tr\u00ec s\u1ee9c kh\u1ecfe c\u1ee7a da.<\/p>\n<p data-start=\"577\" data-end=\"711\">Vi\u1ec7c l\u1ea5y PRP di\u1ec5n ra t\u01b0\u01a1ng t\u1ef1 nh\u01b0 l\u1ea5y m\u00e1u khi x\u00e9t nghi\u1ec7m. M\u00e1u s\u1ebd \u0111\u01b0\u1ee3c \u0111\u01b0a v\u00e0o \u1ed1ng chuy\u00ean d\u1ee5ng v\u00e0 quay ly t\u00e2m \u0111\u1ec3 t\u00e1ch ph\u1ea7n huy\u1ebft t\u01b0\u01a1ng.<\/p>\n<p data-start=\"713\" data-end=\"1203\"><strong data-start=\"713\" data-end=\"756\">L\u1ee3i \u0111i\u1ec3m c\u1ee7a Platelet-Rich Plasma (PRP)<\/strong><br data-start=\"756\" data-end=\"759\" \/>PRP \u0111\u01b0\u1ee3c chu\u1ea9n b\u1ecb t\u1eeb m\u00e1u c\u1ee7a ch\u00ednh c\u01a1 th\u1ec3, v\u00ec v\u1eady \u0111\u00e2y l\u00e0 m\u1ed9t l\u1ef1a ch\u1ecdn ph\u00f9 h\u1ee3p cho nh\u1eefng ai quan t\u00e2m \u0111\u1ebfn ph\u01b0\u01a1ng ph\u00e1p s\u1eed d\u1ee5ng th\u00e0nh ph\u1ea7n t\u1ef1 th\u00e2n. T\u1ea1i HEMAC, PRP \u0111\u01b0\u1ee3c th\u1ef1c hi\u1ec7n b\u1edfi b\u00e1c s\u0129 trong m\u00f4i tr\u01b0\u1eddng ki\u1ec3m so\u00e1t v\u00f4 khu\u1ea9n v\u00e0 c\u00f3 th\u1ec3 \u0111\u01b0\u1ee3c t\u00edch h\u1ee3p trong k\u1ebf ho\u1ea1ch ch\u0103m s\u00f3c da t\u1ed5ng th\u1ec3, t\u00f9y theo nhu c\u1ea7u c\u00e1 nh\u00e2n. PRP th\u01b0\u1eddng \u0111\u01b0\u1ee3c l\u1ef1a ch\u1ecdn \u0111\u1ec3 h\u1ed7 tr\u1ee3 c\u00e1c m\u1ee5c ti\u00eau th\u1ea9m m\u1ef9 v\u00f9ng m\u1eb7t, bao g\u1ed3m c\u1ea3 khu v\u1ef1c quanh m\u1eaft v\u00e0 c\u1ed5, sau khi b\u00e1c s\u0129 \u0111\u00e1nh gi\u00e1 tr\u1ef1c ti\u1ebfp.<\/p>\n<p><img decoding=\"async\" class=\"lazyload aligncenter size-full\" src=\"data:image\/svg+xml,%3Csvg%20xmlns%3D%27http%3A%2F%2Fwww.w3.org%2F2000%2Fsvg%27%20width%3D%27448%27%20height%3D%27249%27%20viewBox%3D%270%200%20448%20249%27%3E%3Crect%20width%3D%27448%27%20height%3D%27249%27%20fill-opacity%3D%220%22%2F%3E%3C%2Fsvg%3E\" data-orig-src=\"https:\/\/hemac.com.au\/wp-content\/uploads\/hydration1.jpg\" alt=\"\" \/><\/p>\n<\/div><div class=\"fusion-sep-clear\"><\/div><div class=\"fusion-separator fusion-full-width-sep\" style=\"margin-left: auto;margin-right: auto;margin-top:20px;margin-bottom:50px;width:100%;\"><\/div><div class=\"fusion-sep-clear\"><\/div><div class=\"fusion-clearfix\"><\/div><\/div><\/div><\/div><\/div>\n","protected":false},"excerpt":{"rendered":"","protected":false},"author":1,"featured_media":0,"parent":2214,"menu_order":0,"comment_status":"open","ping_status":"open","template":"100-width.php","meta":{"footnotes":""},"class_list":["post-2346","page","type-page","status-publish","hentry"],"yoast_head":"<!-- This site is optimized with the Yoast SEO plugin v26.6 - https:\/\/yoast.com\/wordpress\/plugins\/seo\/ -->\n<title>Ph\u01b0\u01a1ng ph\u00e1p l\u00e0m \u1ea9m \u01b0\u1edbt l\u00e0n da v\u00e0 t\u00e1i t\u1ea1o da | Tr\u1ebb h\u00f3a | Y Khoa &amp; Th\u1ea9m M\u1ef9 Hawthorn East (HEMAC)<\/title>\n<meta name=\"robots\" content=\"index, follow, max-snippet:-1, max-image-preview:large, max-video-preview:-1\" \/>\n<link rel=\"canonical\" href=\"https:\/\/hemac.com.au\/vi\/aesthetic-skin\/rejuvenation\/platelet-rich-plasma\/\" \/>\n<meta property=\"og:locale\" content=\"vi_VN\" \/>\n<meta property=\"og:type\" content=\"article\" \/>\n<meta property=\"og:title\" content=\"Ph\u01b0\u01a1ng ph\u00e1p l\u00e0m \u1ea9m \u01b0\u1edbt l\u00e0n da v\u00e0 t\u00e1i t\u1ea1o da | Tr\u1ebb h\u00f3a | Y Khoa &amp; Th\u1ea9m M\u1ef9 Hawthorn East (HEMAC)\" \/>\n<meta property=\"og:url\" content=\"https:\/\/hemac.com.au\/vi\/aesthetic-skin\/rejuvenation\/platelet-rich-plasma\/\" \/>\n<meta property=\"og:site_name\" content=\"Hawthorn East Medical &amp; Aesthetic Clinic\" \/>\n<meta property=\"article:publisher\" content=\"https:\/\/www.facebook.com\/562018927210986\/\" \/>\n<meta property=\"article:modified_time\" content=\"2025-11-19T10:30:36+00:00\" \/>\n<meta property=\"og:image\" content=\"https:\/\/hemac.com.au\/wp-content\/uploads\/hydration1.jpg\" \/>\n<meta name=\"twitter:card\" content=\"summary_large_image\" \/>\n<meta name=\"twitter:label1\" content=\"Est. reading time\" \/>\n\t<meta name=\"twitter:data1\" content=\"1 minute\" \/>\n<script type=\"application\/ld+json\" class=\"yoast-schema-graph\">{\"@context\":\"https:\/\/schema.org\",\"@graph\":[{\"@type\":\"WebPage\",\"@id\":\"https:\/\/hemac.com.au\/vi\/aesthetic-skin\/rejuvenation\/platelet-rich-plasma\/\",\"url\":\"https:\/\/hemac.com.au\/vi\/aesthetic-skin\/rejuvenation\/platelet-rich-plasma\/\",\"name\":\"Ph\u01b0\u01a1ng ph\u00e1p l\u00e0m \u1ea9m \u01b0\u1edbt l\u00e0n da v\u00e0 t\u00e1i t\u1ea1o da | Tr\u1ebb h\u00f3a | Y Khoa & Th\u1ea9m M\u1ef9 Hawthorn East (HEMAC)\",\"isPartOf\":{\"@id\":\"https:\/\/hemac.com.au\/vi\/#website\"},\"primaryImageOfPage\":{\"@id\":\"https:\/\/hemac.com.au\/vi\/aesthetic-skin\/rejuvenation\/platelet-rich-plasma\/#primaryimage\"},\"image\":{\"@id\":\"https:\/\/hemac.com.au\/vi\/aesthetic-skin\/rejuvenation\/platelet-rich-plasma\/#primaryimage\"},\"thumbnailUrl\":\"https:\/\/hemac.com.au\/wp-content\/uploads\/hydration1.jpg\",\"datePublished\":\"2020-09-11T02:41:28+00:00\",\"dateModified\":\"2025-11-19T10:30:36+00:00\",\"breadcrumb\":{\"@id\":\"https:\/\/hemac.com.au\/vi\/aesthetic-skin\/rejuvenation\/platelet-rich-plasma\/#breadcrumb\"},\"inLanguage\":\"vi-VN\",\"potentialAction\":[{\"@type\":\"ReadAction\",\"target\":[\"https:\/\/hemac.com.au\/vi\/aesthetic-skin\/rejuvenation\/platelet-rich-plasma\/\"]}]},{\"@type\":\"ImageObject\",\"inLanguage\":\"vi-VN\",\"@id\":\"https:\/\/hemac.com.au\/vi\/aesthetic-skin\/rejuvenation\/platelet-rich-plasma\/#primaryimage\",\"url\":\"https:\/\/hemac.com.au\/wp-content\/uploads\/hydration1.jpg\",\"contentUrl\":\"https:\/\/hemac.com.au\/wp-content\/uploads\/hydration1.jpg\"},{\"@type\":\"BreadcrumbList\",\"@id\":\"https:\/\/hemac.com.au\/vi\/aesthetic-skin\/rejuvenation\/platelet-rich-plasma\/#breadcrumb\",\"itemListElement\":[{\"@type\":\"ListItem\",\"position\":1,\"name\":\"Home\",\"item\":\"https:\/\/hemac.com.au\/vi\/\"},{\"@type\":\"ListItem\",\"position\":2,\"name\":\"TH\u1ea8M M\u1ef8 &#038; DA\",\"item\":\"https:\/\/hemac.com.au\/vi\/aesthetic-skin\/\"},{\"@type\":\"ListItem\",\"position\":3,\"name\":\"\u56de\u6625\",\"item\":\"https:\/\/hemac.com.au\/vi\/aesthetic-skin\/rejuvenation\/\"},{\"@type\":\"ListItem\",\"position\":4,\"name\":\"Ph\u01b0\u01a1ng ph\u00e1p l\u00e0m \u1ea9m \u01b0\u1edbt l\u00e0n da v\u00e0 t\u00e1i t\u1ea1o da\"}]},{\"@type\":\"WebSite\",\"@id\":\"https:\/\/hemac.com.au\/vi\/#website\",\"url\":\"https:\/\/hemac.com.au\/vi\/\",\"name\":\"Hawthorn East Medical & Aesthetic Clinic\",\"description\":\"\",\"publisher\":{\"@id\":\"https:\/\/hemac.com.au\/vi\/#organization\"},\"alternateName\":\"HEMAC\",\"potentialAction\":[{\"@type\":\"SearchAction\",\"target\":{\"@type\":\"EntryPoint\",\"urlTemplate\":\"https:\/\/hemac.com.au\/vi\/?s={search_term_string}\"},\"query-input\":{\"@type\":\"PropertyValueSpecification\",\"valueRequired\":true,\"valueName\":\"search_term_string\"}}],\"inLanguage\":\"vi-VN\"},{\"@type\":\"Organization\",\"@id\":\"https:\/\/hemac.com.au\/vi\/#organization\",\"name\":\"Hawthorn East Medical & Aesthetic Clinic\",\"alternateName\":\"HEMAC\",\"url\":\"https:\/\/hemac.com.au\/vi\/\",\"logo\":{\"@type\":\"ImageObject\",\"inLanguage\":\"vi-VN\",\"@id\":\"https:\/\/hemac.com.au\/vi\/#\/schema\/logo\/image\/\",\"url\":\"https:\/\/hemac.com.au\/wp-content\/uploads\/HEMAC-697x697-1.jpg\",\"contentUrl\":\"https:\/\/hemac.com.au\/wp-content\/uploads\/HEMAC-697x697-1.jpg\",\"width\":697,\"height\":697,\"caption\":\"Hawthorn East Medical & Aesthetic Clinic\"},\"image\":{\"@id\":\"https:\/\/hemac.com.au\/vi\/#\/schema\/logo\/image\/\"},\"sameAs\":[\"https:\/\/www.facebook.com\/562018927210986\/\",\"https:\/\/www.facebook.com\/hemacskinclinic\/\",\"https:\/\/www.instagram.com\/hemac_aesthetics\/\"]}]}<\/script>\n<!-- \/ Yoast SEO plugin. -->","yoast_head_json":{"title":"Ph\u01b0\u01a1ng ph\u00e1p l\u00e0m \u1ea9m \u01b0\u1edbt l\u00e0n da v\u00e0 t\u00e1i t\u1ea1o da | Tr\u1ebb h\u00f3a | Y Khoa & Th\u1ea9m M\u1ef9 Hawthorn East (HEMAC)","robots":{"index":"index","follow":"follow","max-snippet":"max-snippet:-1","max-image-preview":"max-image-preview:large","max-video-preview":"max-video-preview:-1"},"canonical":"https:\/\/hemac.com.au\/vi\/aesthetic-skin\/rejuvenation\/platelet-rich-plasma\/","og_locale":"vi_VN","og_type":"article","og_title":"Ph\u01b0\u01a1ng ph\u00e1p l\u00e0m \u1ea9m \u01b0\u1edbt l\u00e0n da v\u00e0 t\u00e1i t\u1ea1o da | Tr\u1ebb h\u00f3a | Y Khoa & Th\u1ea9m M\u1ef9 Hawthorn East (HEMAC)","og_url":"https:\/\/hemac.com.au\/vi\/aesthetic-skin\/rejuvenation\/platelet-rich-plasma\/","og_site_name":"Hawthorn East Medical &amp; Aesthetic Clinic","article_publisher":"https:\/\/www.facebook.com\/562018927210986\/","article_modified_time":"2025-11-19T10:30:36+00:00","og_image":[{"url":"https:\/\/hemac.com.au\/wp-content\/uploads\/hydration1.jpg","type":"","width":"","height":""}],"twitter_card":"summary_large_image","twitter_misc":{"Est. reading time":"1 minute"},"schema":{"@context":"https:\/\/schema.org","@graph":[{"@type":"WebPage","@id":"https:\/\/hemac.com.au\/vi\/aesthetic-skin\/rejuvenation\/platelet-rich-plasma\/","url":"https:\/\/hemac.com.au\/vi\/aesthetic-skin\/rejuvenation\/platelet-rich-plasma\/","name":"Ph\u01b0\u01a1ng ph\u00e1p l\u00e0m \u1ea9m \u01b0\u1edbt l\u00e0n da v\u00e0 t\u00e1i t\u1ea1o da | Tr\u1ebb h\u00f3a | Y Khoa & Th\u1ea9m M\u1ef9 Hawthorn East (HEMAC)","isPartOf":{"@id":"https:\/\/hemac.com.au\/vi\/#website"},"primaryImageOfPage":{"@id":"https:\/\/hemac.com.au\/vi\/aesthetic-skin\/rejuvenation\/platelet-rich-plasma\/#primaryimage"},"image":{"@id":"https:\/\/hemac.com.au\/vi\/aesthetic-skin\/rejuvenation\/platelet-rich-plasma\/#primaryimage"},"thumbnailUrl":"https:\/\/hemac.com.au\/wp-content\/uploads\/hydration1.jpg","datePublished":"2020-09-11T02:41:28+00:00","dateModified":"2025-11-19T10:30:36+00:00","breadcrumb":{"@id":"https:\/\/hemac.com.au\/vi\/aesthetic-skin\/rejuvenation\/platelet-rich-plasma\/#breadcrumb"},"inLanguage":"vi-VN","potentialAction":[{"@type":"ReadAction","target":["https:\/\/hemac.com.au\/vi\/aesthetic-skin\/rejuvenation\/platelet-rich-plasma\/"]}]},{"@type":"ImageObject","inLanguage":"vi-VN","@id":"https:\/\/hemac.com.au\/vi\/aesthetic-skin\/rejuvenation\/platelet-rich-plasma\/#primaryimage","url":"https:\/\/hemac.com.au\/wp-content\/uploads\/hydration1.jpg","contentUrl":"https:\/\/hemac.com.au\/wp-content\/uploads\/hydration1.jpg"},{"@type":"BreadcrumbList","@id":"https:\/\/hemac.com.au\/vi\/aesthetic-skin\/rejuvenation\/platelet-rich-plasma\/#breadcrumb","itemListElement":[{"@type":"ListItem","position":1,"name":"Home","item":"https:\/\/hemac.com.au\/vi\/"},{"@type":"ListItem","position":2,"name":"TH\u1ea8M M\u1ef8 &#038; DA","item":"https:\/\/hemac.com.au\/vi\/aesthetic-skin\/"},{"@type":"ListItem","position":3,"name":"\u56de\u6625","item":"https:\/\/hemac.com.au\/vi\/aesthetic-skin\/rejuvenation\/"},{"@type":"ListItem","position":4,"name":"Ph\u01b0\u01a1ng ph\u00e1p l\u00e0m \u1ea9m \u01b0\u1edbt l\u00e0n da v\u00e0 t\u00e1i t\u1ea1o da"}]},{"@type":"WebSite","@id":"https:\/\/hemac.com.au\/vi\/#website","url":"https:\/\/hemac.com.au\/vi\/","name":"Hawthorn East Medical & Aesthetic Clinic","description":"","publisher":{"@id":"https:\/\/hemac.com.au\/vi\/#organization"},"alternateName":"HEMAC","potentialAction":[{"@type":"SearchAction","target":{"@type":"EntryPoint","urlTemplate":"https:\/\/hemac.com.au\/vi\/?s={search_term_string}"},"query-input":{"@type":"PropertyValueSpecification","valueRequired":true,"valueName":"search_term_string"}}],"inLanguage":"vi-VN"},{"@type":"Organization","@id":"https:\/\/hemac.com.au\/vi\/#organization","name":"Hawthorn East Medical & Aesthetic Clinic","alternateName":"HEMAC","url":"https:\/\/hemac.com.au\/vi\/","logo":{"@type":"ImageObject","inLanguage":"vi-VN","@id":"https:\/\/hemac.com.au\/vi\/#\/schema\/logo\/image\/","url":"https:\/\/hemac.com.au\/wp-content\/uploads\/HEMAC-697x697-1.jpg","contentUrl":"https:\/\/hemac.com.au\/wp-content\/uploads\/HEMAC-697x697-1.jpg","width":697,"height":697,"caption":"Hawthorn East Medical & Aesthetic Clinic"},"image":{"@id":"https:\/\/hemac.com.au\/vi\/#\/schema\/logo\/image\/"},"sameAs":["https:\/\/www.facebook.com\/562018927210986\/","https:\/\/www.facebook.com\/hemacskinclinic\/","https:\/\/www.instagram.com\/hemac_aesthetics\/"]}]}},"_links":{"self":[{"href":"https:\/\/hemac.com.au\/vi\/wp-json\/wp\/v2\/pages\/2346","targetHints":{"allow":["GET"]}}],"collection":[{"href":"https:\/\/hemac.com.au\/vi\/wp-json\/wp\/v2\/pages"}],"about":[{"href":"https:\/\/hemac.com.au\/vi\/wp-json\/wp\/v2\/types\/page"}],"author":[{"embeddable":true,"href":"https:\/\/hemac.com.au\/vi\/wp-json\/wp\/v2\/users\/1"}],"replies":[{"embeddable":true,"href":"https:\/\/hemac.com.au\/vi\/wp-json\/wp\/v2\/comments?post=2346"}],"version-history":[{"count":1,"href":"https:\/\/hemac.com.au\/vi\/wp-json\/wp\/v2\/pages\/2346\/revisions"}],"predecessor-version":[{"id":3321,"href":"https:\/\/hemac.com.au\/vi\/wp-json\/wp\/v2\/pages\/2346\/revisions\/3321"}],"up":[{"embeddable":true,"href":"https:\/\/hemac.com.au\/vi\/wp-json\/wp\/v2\/pages\/2214"}],"wp:attachment":[{"href":"https:\/\/hemac.com.au\/vi\/wp-json\/wp\/v2\/media?parent=2346"}],"curies":[{"name":"wp","href":"https:\/\/api.w.org\/{rel}","templated":true}]}}