{"id":2352,"date":"2020-09-06T22:15:18","date_gmt":"2020-09-06T12:15:18","guid":{"rendered":"https:\/\/www.hemac.com.au\/aesthetic-skin\/injectables\/filler-volumisers-injections\/"},"modified":"2025-11-20T15:32:17","modified_gmt":"2025-11-20T04:32:17","slug":"filler-volumisers-injections","status":"publish","type":"page","link":"https:\/\/hemac.com.au\/vi\/aesthetic-skin\/injectables\/filler-volumisers-injections\/","title":{"rendered":"Ch\u1ea5t l\u00e0m \u0111\u00e2y \u0111\u01b0\u1ee3c c\u1ea5u t\u1ea1o b\u1edfi c\u00e1c ph\u00e2n t\u1eed acid hyaluronic"},"content":{"rendered":"<div class=\"fusion-fullwidth fullwidth-box fusion-builder-row-1 nonhundred-percent-fullwidth non-hundred-percent-height-scrolling\" style=\"--awb-background-position:left top;--awb-border-sizes-top:0px;--awb-border-sizes-bottom:0px;--awb-border-sizes-left:0px;--awb-border-sizes-right:0px;--awb-border-radius-top-left:0px;--awb-border-radius-top-right:0px;--awb-border-radius-bottom-right:0px;--awb-border-radius-bottom-left:0px;--awb-padding-top:20px;--awb-padding-bottom:0px;--awb-flex-wrap:wrap;\" ><div class=\"fusion-builder-row fusion-row\"><div class=\"fusion-layout-column fusion_builder_column fusion-builder-column-0 fusion_builder_column_1_1 1_1 fusion-one-full fusion-column-first fusion-column-last fusion-column-no-min-height\" style=\"--awb-bg-size:cover;--awb-margin-bottom:0px;\"><div class=\"fusion-column-wrapper fusion-flex-column-wrapper-legacy\"><div class=\"fusion-text fusion-text-1\"><p data-start=\"2035\" data-end=\"2165\">\u0110\u00e2y l\u00e0 h\u1ee3p ch\u1ea5t \u0111\u01b0\u1ee3c c\u01a1 th\u1ec3 s\u1ea3n xu\u1ea5t t\u1ef1 nhi\u00ean, th\u01b0\u1eddng c\u00f3 trong d\u1ecbch m\u1eaft v\u00e0 \u1edf c\u00e1c kh\u1edbp, ho\u1ea1t \u0111\u1ed9ng nh\u01b0 m\u1ed9t l\u1edbp \u0111\u1ec7m v\u00e0 ch\u1ea5t b\u00f4i tr\u01a1n.<\/p>\n<p data-start=\"2167\" data-end=\"2468\">T\u1ea1i HEMAC, ch\u00fang t\u00f4i s\u1eed d\u1ee5ng nhi\u1ec1u d\u00f2ng hyaluronic acid v\u1edbi c\u00e1c \u0111\u1eb7c t\u00ednh kh\u00e1c nhau, \u0111\u01b0\u1ee3c b\u00e1c s\u0129 l\u1ef1a ch\u1ecdn d\u1ef1a tr\u00ean nhu c\u1ea7u th\u1ea9m m\u1ef9 v\u00e0 c\u1ea5u tr\u00fac da c\u1ee7a m\u1ed7i ng\u01b0\u1eddi. S\u1ea3n ph\u1ea9m c\u00f3 th\u1ec3 \u0111\u01b0\u1ee3c s\u1eed d\u1ee5ng \u0111\u01a1n l\u1ebb ho\u1eb7c \u0111\u01b0\u1ee3c c\u00e2n nh\u1eafc c\u00f9ng c\u00e1c ph\u01b0\u01a1ng \u00e1n ch\u0103m s\u00f3c da kh\u00e1c nh\u1eb1m h\u1ed7 tr\u1ee3 h\u00ecnh th\u00e1i v\u00e0 \u0111\u1ed9 \u0111\u1ea7y c\u1ee7a v\u00f9ng \u0111i\u1ec1u tr\u1ecb.<\/p>\n<p data-start=\"2470\" data-end=\"2811\">M\u1ed7i lo\u1ea1i s\u1ea3n ph\u1ea9m c\u00f3 th\u1eddi gian duy tr\u00ec kh\u00e1c nhau v\u00e0 kh\u00f4ng \u1ea3nh h\u01b0\u1edfng \u0111\u1ebfn qu\u00e1 tr\u00ecnh l\u00e3o h\u00f3a t\u1ef1 nhi\u00ean. B\u00e1c s\u0129 s\u1ebd trao \u0111\u1ed5i v\u1ec1 l\u1ef1a ch\u1ecdn ph\u00f9 h\u1ee3p trong bu\u1ed5i t\u01b0 v\u1ea5n. C\u00e1c ch\u1ea5t l\u00e0m \u0111\u1ea7y hi\u1ec7n \u0111\u1ea1i \u0111\u01b0\u1ee3c s\u1eed d\u1ee5ng r\u1ed9ng r\u00e3i v\u00e0 th\u01b0\u1eddng \u0111\u01b0\u1ee3c \u0111\u00e1nh gi\u00e1 l\u00e0 c\u00f3 kh\u1ea3 n\u0103ng dung n\u1ea1p t\u1ed1t. S\u1ea3n ph\u1ea9m \u0111\u01b0\u1ee3c \u00e1p d\u1ee5ng trong qu\u1ea3n l\u00fd th\u1ec3 t\u00edch m\u00f4 v\u00e0 h\u1ed7 tr\u1ee3 c\u00e1c v\u00f9ng c\u00f3 n\u1ebfp g\u1ea5p s\u00e2u.<\/p>\n<h3 data-start=\"2818\" data-end=\"2856\"><strong data-start=\"2822\" data-end=\"2856\">Ch\u0103m s\u00f3c v\u00f9ng h\u00e0m v\u00e0 g\u01b0\u01a1ng m\u1eb7t<\/strong><\/h3>\n<p data-start=\"2858\" data-end=\"2982\">D\u1ef1a tr\u00ean c\u1ea5u tr\u00fac g\u01b0\u01a1ng m\u1eb7t, b\u00e1c s\u0129 c\u00f3 th\u1ec3 th\u1ea3o lu\u1eadn c\u00e1c l\u1ef1a ch\u1ecdn qu\u1ea3n l\u00fd th\u1ea9m m\u1ef9 kh\u00f4ng ph\u1eabu thu\u1eadt ph\u00f9 h\u1ee3p v\u1edbi t\u1eebng c\u00e1 nh\u00e2n.<\/p>\n<p><img decoding=\"async\" class=\"lazyload aligncenter size-full\" src=\"data:image\/svg+xml,%3Csvg%20xmlns%3D%27http%3A%2F%2Fwww.w3.org%2F2000%2Fsvg%27%20width%3D%271600%27%20height%3D%27800%27%20viewBox%3D%270%200%201600%20800%27%3E%3Crect%20width%3D%271600%27%20height%3D%27800%27%20fill-opacity%3D%220%22%2F%3E%3C%2Fsvg%3E\" data-orig-src=\"https:\/\/hemac.com.au\/wp-content\/uploads\/filler1.jpg\" alt=\"\" \/><br \/>\n<img decoding=\"async\" class=\"lazyload aligncenter size-full\" src=\"data:image\/svg+xml,%3Csvg%20xmlns%3D%27http%3A%2F%2Fwww.w3.org%2F2000%2Fsvg%27%20width%3D%271600%27%20height%3D%27800%27%20viewBox%3D%270%200%201600%20800%27%3E%3Crect%20width%3D%271600%27%20height%3D%27800%27%20fill-opacity%3D%220%22%2F%3E%3C%2Fsvg%3E\" data-orig-src=\"https:\/\/hemac.com.au\/wp-content\/uploads\/filler2.jpg\" alt=\"\" \/><br \/>\n<img decoding=\"async\" class=\"lazyload aligncenter size-full\" src=\"data:image\/svg+xml,%3Csvg%20xmlns%3D%27http%3A%2F%2Fwww.w3.org%2F2000%2Fsvg%27%20width%3D%271600%27%20height%3D%27800%27%20viewBox%3D%270%200%201600%20800%27%3E%3Crect%20width%3D%271600%27%20height%3D%27800%27%20fill-opacity%3D%220%22%2F%3E%3C%2Fsvg%3E\" data-orig-src=\"https:\/\/hemac.com.au\/wp-content\/uploads\/filler3.jpg\" alt=\"\" \/><\/p>\n<h3>Ch\u0103m s\u00f3c v\u00f9ng m\u1eaft<\/h3>\n<p><img decoding=\"async\" width=\"350\" height=\"185\" class=\"lazyload aligncenter size-full wp-image-392\" src=\"https:\/\/hemac.com.au\/wp-content\/uploads\/hemac-aesthetic-filler.jpg\" data-orig-src=\"https:\/\/hemac.com.au\/wp-content\/uploads\/hemac-aesthetic-filler.jpg\" alt=\"\" srcset=\"data:image\/svg+xml,%3Csvg%20xmlns%3D%27http%3A%2F%2Fwww.w3.org%2F2000%2Fsvg%27%20width%3D%27350%27%20height%3D%27185%27%20viewBox%3D%270%200%20350%20185%27%3E%3Crect%20width%3D%27350%27%20height%3D%27185%27%20fill-opacity%3D%220%22%2F%3E%3C%2Fsvg%3E\" data-srcset=\"https:\/\/hemac.com.au\/wp-content\/uploads\/hemac-aesthetic-filler-300x159.jpg 300w, https:\/\/hemac.com.au\/wp-content\/uploads\/hemac-aesthetic-filler.jpg 350w\" data-sizes=\"auto\" data-orig-sizes=\"(max-width: 350px) 100vw, 350px\" \/><\/p>\n<p data-start=\"3016\" data-end=\"3237\">T\u1ea1i HEMAC, PRP cho v\u00f9ng quanh m\u1eaft l\u00e0 l\u1ef1a ch\u1ecdn \u0111\u01b0\u1ee3c nhi\u1ec1u kh\u00e1ch h\u00e0ng quan t\u00e2m. Ph\u01b0\u01a1ng ph\u00e1p n\u00e0y c\u00f3 th\u1ec3 \u0111\u01b0\u1ee3c s\u1eed d\u1ee5ng \u0111\u1ec3 h\u1ed7 tr\u1ee3 k\u1ebft c\u1ea5u da v\u00f9ng m\u1eaft theo \u0111\u00e1nh gi\u00e1 chuy\u00ean m\u00f4n. Chi ph\u00ed s\u1ebd \u0111\u01b0\u1ee3c trao \u0111\u1ed5i r\u00f5 r\u00e0ng trong bu\u1ed5i t\u01b0 v\u1ea5n.<\/p>\n<p data-start=\"3239\" data-end=\"3457\">V\u1edbi nh\u1eefng tr\u01b0\u1eddng h\u1ee3p c\u00f3 quan ng\u1ea1i \u1edf v\u00f9ng m\u1eaft, b\u00e1c s\u0129 c\u00f3 th\u1ec3 c\u00e2n nh\u1eafc k\u1ebft h\u1ee3p PRP ho\u1eb7c c\u00e1c li\u1ec7u tr\u00ecnh ch\u0103m s\u00f3c da kh\u00e1c t\u00f9y t\u00ecnh tr\u1ea1ng da. T\u00ednh ph\u00f9 h\u1ee3p v\u00e0 th\u1eddi gian th\u1ef1c hi\u1ec7n s\u1ebd \u0111\u01b0\u1ee3c gi\u1ea3i th\u00edch trong qu\u00e1 tr\u00ecnh th\u0103m kh\u00e1m.<\/p>\n<h3 data-start=\"3464\" data-end=\"3490\"><strong data-start=\"3468\" data-end=\"3490\">Th\u1eddi gian h\u1ed3i ph\u1ee5c<\/strong><\/h3>\n<p data-start=\"3492\" data-end=\"3804\">Sau \u0111i\u1ec1u tr\u1ecb, v\u1ecb tr\u00ed ti\u00eam c\u00f3 th\u1ec3 th\u1ea5y v\u1ebft kim nh\u1eb9 v\u00e0 th\u01b0\u1eddng gi\u1ea3m d\u1ea7n trong th\u1eddi gian ng\u1eafn. H\u1ea7u h\u1ebft kh\u00e1ch h\u00e0ng c\u00f3 th\u1ec3 tr\u1edf l\u1ea1i sinh ho\u1ea1t b\u00ecnh th\u01b0\u1eddng v\u00e0o ng\u00e0y k\u1ebf ti\u1ebfp. V\u00f9ng \u0111i\u1ec1u tr\u1ecb \u0111\u00f4i khi h\u01a1i s\u1ea7n nh\u01b0ng s\u1ebd t\u1ef1 c\u1ea3i thi\u1ec7n theo th\u1eddi gian. L\u1ecbch t\u00e1i kh\u00e1m sau hai tu\u1ea7n \u0111\u01b0\u1ee3c s\u1eafp x\u1ebfp \u0111\u1ec3 b\u00e1c s\u0129 \u0111\u00e1nh gi\u00e1 ti\u1ebfn tr\u00ecnh ph\u1ee5c h\u1ed3i.<\/p>\n<p data-start=\"3806\" data-end=\"4005\">T\u00e1c d\u1ee5ng ph\u1ee5 nh\u00ecn chung hi\u1ebfm g\u1eb7p. T\u1ea5t c\u1ea3 th\u1ee7 thu\u1eadt t\u1ea1i HEMAC \u0111\u1ec1u do b\u00e1c s\u0129 th\u1ef1c hi\u1ec7n trong m\u00f4i tr\u01b0\u1eddng v\u00f4 khu\u1ea9n \u0111\u1ec3 gi\u1ea3m thi\u1ec3u r\u1ee7i ro. N\u1ebfu c\u00f3 ph\u1ea3n \u1ee9ng li\u00ean quan, b\u00e1c s\u0129 s\u1ebd h\u01b0\u1edbng d\u1eabn c\u00e1ch x\u1eed l\u00fd ph\u00f9 h\u1ee3p.<\/p>\n<h3 data-start=\"4012\" data-end=\"4029\"><strong data-start=\"4016\" data-end=\"4029\">T\u1ea1i HEMAC<\/strong><\/h3>\n<p data-start=\"4031\" data-end=\"4337\">Ch\u00fang t\u00f4i cung c\u1ea5p nhi\u1ec1u l\u1ef1a ch\u1ecdn ch\u0103m s\u00f3c da, bao g\u1ed3m c\u00f4ng ngh\u1ec7 laser v\u00e0 c\u00e1c ph\u01b0\u01a1ng ph\u00e1p th\u1ea9m m\u1ef9 kh\u00f4ng ph\u1eabu thu\u1eadt. \u0110\u1ed9i ng\u0169 b\u00e1c s\u0129 s\u1ebd gi\u1ea3i th\u00edch chi ti\u1ebft \u0111\u1ec3 kh\u00e1ch h\u00e0ng n\u1eafm r\u00f5 quy tr\u00ecnh v\u00e0 l\u1ef1a ch\u1ecdn ph\u00f9 h\u1ee3p v\u1edbi nhu c\u1ea7u c\u00e1 nh\u00e2n. M\u1ecdi chi ph\u00ed \u0111\u1ec1u \u0111\u01b0\u1ee3c tr\u00ecnh b\u00e0y r\u00f5 r\u00e0ng tr\u01b0\u1edbc khi ti\u1ebfn h\u00e0nh b\u1ea5t k\u1ef3 th\u1ee7 thu\u1eadt n\u00e0o.<\/p>\n<p><img decoding=\"async\" class=\"lazyload aligncenter size-full\" src=\"data:image\/svg+xml,%3Csvg%20xmlns%3D%27http%3A%2F%2Fwww.w3.org%2F2000%2Fsvg%27%20width%3D%271512%27%20height%3D%27718%27%20viewBox%3D%270%200%201512%20718%27%3E%3Crect%20width%3D%271512%27%20height%3D%27718%27%20fill-opacity%3D%220%22%2F%3E%3C%2Fsvg%3E\" data-orig-src=\"https:\/\/hemac.com.au\/wp-content\/uploads\/filler4.jpg\" alt=\"\" \/><br \/>\n<img decoding=\"async\" class=\"lazyload aligncenter size-full\" src=\"data:image\/svg+xml,%3Csvg%20xmlns%3D%27http%3A%2F%2Fwww.w3.org%2F2000%2Fsvg%27%20width%3D%271381%27%20height%3D%27651%27%20viewBox%3D%270%200%201381%20651%27%3E%3Crect%20width%3D%271381%27%20height%3D%27651%27%20fill-opacity%3D%220%22%2F%3E%3C%2Fsvg%3E\" data-orig-src=\"https:\/\/hemac.com.au\/wp-content\/uploads\/filler5.jpg\" alt=\"\" \/><br \/>\n<img decoding=\"async\" class=\"lazyload aligncenter size-full\" src=\"data:image\/svg+xml,%3Csvg%20xmlns%3D%27http%3A%2F%2Fwww.w3.org%2F2000%2Fsvg%27%20width%3D%271433%27%20height%3D%27672%27%20viewBox%3D%270%200%201433%20672%27%3E%3Crect%20width%3D%271433%27%20height%3D%27672%27%20fill-opacity%3D%220%22%2F%3E%3C%2Fsvg%3E\" data-orig-src=\"https:\/\/hemac.com.au\/wp-content\/uploads\/filler6.jpg\" alt=\"\" \/><\/p>\n<\/div><div class=\"fusion-sep-clear\"><\/div><div class=\"fusion-separator fusion-full-width-sep\" style=\"margin-left: auto;margin-right: auto;margin-top:20px;margin-bottom:50px;width:100%;\"><\/div><div class=\"fusion-sep-clear\"><\/div><div class=\"fusion-clearfix\"><\/div><\/div><\/div><\/div><\/div>\n","protected":false},"excerpt":{"rendered":"","protected":false},"author":1,"featured_media":0,"parent":2216,"menu_order":0,"comment_status":"open","ping_status":"open","template":"100-width.php","meta":{"footnotes":""},"class_list":["post-2352","page","type-page","status-publish","hentry"],"yoast_head":"<!-- This site is optimized with the Yoast SEO plugin v26.6 - https:\/\/yoast.com\/wordpress\/plugins\/seo\/ -->\n<title>Ch\u1ea5t l\u00e0m \u0111\u00e2y \u0111\u01b0\u1ee3c c\u1ea5u t\u1ea1o b\u1edfi c\u00e1c ph\u00e2n t\u1eed acid hyaluronic | Thu\u1ed1c ti\u00eam | Y Khoa &amp; Th\u1ea9m M\u1ef9 Hawthorn East (HEMAC)<\/title>\n<meta name=\"robots\" content=\"index, follow, max-snippet:-1, max-image-preview:large, max-video-preview:-1\" \/>\n<link rel=\"canonical\" href=\"https:\/\/hemac.com.au\/vi\/aesthetic-skin\/injectables\/filler-volumisers-injections\/\" \/>\n<meta property=\"og:locale\" content=\"vi_VN\" \/>\n<meta property=\"og:type\" content=\"article\" \/>\n<meta property=\"og:title\" content=\"Ch\u1ea5t l\u00e0m \u0111\u00e2y \u0111\u01b0\u1ee3c c\u1ea5u t\u1ea1o b\u1edfi c\u00e1c ph\u00e2n t\u1eed acid hyaluronic | Thu\u1ed1c ti\u00eam | Y Khoa &amp; Th\u1ea9m M\u1ef9 Hawthorn East (HEMAC)\" \/>\n<meta property=\"og:url\" content=\"https:\/\/hemac.com.au\/vi\/aesthetic-skin\/injectables\/filler-volumisers-injections\/\" \/>\n<meta property=\"og:site_name\" content=\"Hawthorn East Medical &amp; Aesthetic Clinic\" \/>\n<meta property=\"article:publisher\" content=\"https:\/\/www.facebook.com\/562018927210986\/\" \/>\n<meta property=\"article:modified_time\" content=\"2025-11-20T04:32:17+00:00\" \/>\n<meta property=\"og:image\" content=\"https:\/\/hemac.com.au\/wp-content\/uploads\/filler1.jpg\" \/>\n<meta name=\"twitter:card\" content=\"summary_large_image\" \/>\n<meta name=\"twitter:label1\" content=\"Est. reading time\" \/>\n\t<meta name=\"twitter:data1\" content=\"4 minutes\" \/>\n<script type=\"application\/ld+json\" class=\"yoast-schema-graph\">{\"@context\":\"https:\/\/schema.org\",\"@graph\":[{\"@type\":\"WebPage\",\"@id\":\"https:\/\/hemac.com.au\/vi\/aesthetic-skin\/injectables\/filler-volumisers-injections\/\",\"url\":\"https:\/\/hemac.com.au\/vi\/aesthetic-skin\/injectables\/filler-volumisers-injections\/\",\"name\":\"Ch\u1ea5t l\u00e0m \u0111\u00e2y \u0111\u01b0\u1ee3c c\u1ea5u t\u1ea1o b\u1edfi c\u00e1c ph\u00e2n t\u1eed acid hyaluronic | Thu\u1ed1c ti\u00eam | Y Khoa & Th\u1ea9m M\u1ef9 Hawthorn East (HEMAC)\",\"isPartOf\":{\"@id\":\"https:\/\/hemac.com.au\/vi\/#website\"},\"primaryImageOfPage\":{\"@id\":\"https:\/\/hemac.com.au\/vi\/aesthetic-skin\/injectables\/filler-volumisers-injections\/#primaryimage\"},\"image\":{\"@id\":\"https:\/\/hemac.com.au\/vi\/aesthetic-skin\/injectables\/filler-volumisers-injections\/#primaryimage\"},\"thumbnailUrl\":\"https:\/\/hemac.com.au\/wp-content\/uploads\/filler1.jpg\",\"datePublished\":\"2020-09-06T12:15:18+00:00\",\"dateModified\":\"2025-11-20T04:32:17+00:00\",\"breadcrumb\":{\"@id\":\"https:\/\/hemac.com.au\/vi\/aesthetic-skin\/injectables\/filler-volumisers-injections\/#breadcrumb\"},\"inLanguage\":\"vi-VN\",\"potentialAction\":[{\"@type\":\"ReadAction\",\"target\":[\"https:\/\/hemac.com.au\/vi\/aesthetic-skin\/injectables\/filler-volumisers-injections\/\"]}]},{\"@type\":\"ImageObject\",\"inLanguage\":\"vi-VN\",\"@id\":\"https:\/\/hemac.com.au\/vi\/aesthetic-skin\/injectables\/filler-volumisers-injections\/#primaryimage\",\"url\":\"https:\/\/hemac.com.au\/wp-content\/uploads\/filler1.jpg\",\"contentUrl\":\"https:\/\/hemac.com.au\/wp-content\/uploads\/filler1.jpg\"},{\"@type\":\"BreadcrumbList\",\"@id\":\"https:\/\/hemac.com.au\/vi\/aesthetic-skin\/injectables\/filler-volumisers-injections\/#breadcrumb\",\"itemListElement\":[{\"@type\":\"ListItem\",\"position\":1,\"name\":\"Home\",\"item\":\"https:\/\/hemac.com.au\/vi\/\"},{\"@type\":\"ListItem\",\"position\":2,\"name\":\"TH\u1ea8M M\u1ef8 &#038; DA\",\"item\":\"https:\/\/hemac.com.au\/vi\/aesthetic-skin\/\"},{\"@type\":\"ListItem\",\"position\":3,\"name\":\"\u6ce8\u5c04\u5242\",\"item\":\"https:\/\/hemac.com.au\/vi\/aesthetic-skin\/injectables\/\"},{\"@type\":\"ListItem\",\"position\":4,\"name\":\"Ch\u1ea5t l\u00e0m \u0111\u00e2y \u0111\u01b0\u1ee3c c\u1ea5u t\u1ea1o b\u1edfi c\u00e1c ph\u00e2n t\u1eed acid hyaluronic\"}]},{\"@type\":\"WebSite\",\"@id\":\"https:\/\/hemac.com.au\/vi\/#website\",\"url\":\"https:\/\/hemac.com.au\/vi\/\",\"name\":\"Hawthorn East Medical & Aesthetic Clinic\",\"description\":\"\",\"publisher\":{\"@id\":\"https:\/\/hemac.com.au\/vi\/#organization\"},\"alternateName\":\"HEMAC\",\"potentialAction\":[{\"@type\":\"SearchAction\",\"target\":{\"@type\":\"EntryPoint\",\"urlTemplate\":\"https:\/\/hemac.com.au\/vi\/?s={search_term_string}\"},\"query-input\":{\"@type\":\"PropertyValueSpecification\",\"valueRequired\":true,\"valueName\":\"search_term_string\"}}],\"inLanguage\":\"vi-VN\"},{\"@type\":\"Organization\",\"@id\":\"https:\/\/hemac.com.au\/vi\/#organization\",\"name\":\"Hawthorn East Medical & Aesthetic Clinic\",\"alternateName\":\"HEMAC\",\"url\":\"https:\/\/hemac.com.au\/vi\/\",\"logo\":{\"@type\":\"ImageObject\",\"inLanguage\":\"vi-VN\",\"@id\":\"https:\/\/hemac.com.au\/vi\/#\/schema\/logo\/image\/\",\"url\":\"https:\/\/hemac.com.au\/wp-content\/uploads\/HEMAC-697x697-1.jpg\",\"contentUrl\":\"https:\/\/hemac.com.au\/wp-content\/uploads\/HEMAC-697x697-1.jpg\",\"width\":697,\"height\":697,\"caption\":\"Hawthorn East Medical & Aesthetic Clinic\"},\"image\":{\"@id\":\"https:\/\/hemac.com.au\/vi\/#\/schema\/logo\/image\/\"},\"sameAs\":[\"https:\/\/www.facebook.com\/562018927210986\/\",\"https:\/\/www.facebook.com\/hemacskinclinic\/\",\"https:\/\/www.instagram.com\/hemac_aesthetics\/\"]}]}<\/script>\n<!-- \/ Yoast SEO plugin. -->","yoast_head_json":{"title":"Ch\u1ea5t l\u00e0m \u0111\u00e2y \u0111\u01b0\u1ee3c c\u1ea5u t\u1ea1o b\u1edfi c\u00e1c ph\u00e2n t\u1eed acid hyaluronic | Thu\u1ed1c ti\u00eam | Y Khoa & Th\u1ea9m M\u1ef9 Hawthorn East (HEMAC)","robots":{"index":"index","follow":"follow","max-snippet":"max-snippet:-1","max-image-preview":"max-image-preview:large","max-video-preview":"max-video-preview:-1"},"canonical":"https:\/\/hemac.com.au\/vi\/aesthetic-skin\/injectables\/filler-volumisers-injections\/","og_locale":"vi_VN","og_type":"article","og_title":"Ch\u1ea5t l\u00e0m \u0111\u00e2y \u0111\u01b0\u1ee3c c\u1ea5u t\u1ea1o b\u1edfi c\u00e1c ph\u00e2n t\u1eed acid hyaluronic | Thu\u1ed1c ti\u00eam | Y Khoa & Th\u1ea9m M\u1ef9 Hawthorn East (HEMAC)","og_url":"https:\/\/hemac.com.au\/vi\/aesthetic-skin\/injectables\/filler-volumisers-injections\/","og_site_name":"Hawthorn East Medical &amp; Aesthetic Clinic","article_publisher":"https:\/\/www.facebook.com\/562018927210986\/","article_modified_time":"2025-11-20T04:32:17+00:00","og_image":[{"url":"https:\/\/hemac.com.au\/wp-content\/uploads\/filler1.jpg","type":"","width":"","height":""}],"twitter_card":"summary_large_image","twitter_misc":{"Est. reading time":"4 minutes"},"schema":{"@context":"https:\/\/schema.org","@graph":[{"@type":"WebPage","@id":"https:\/\/hemac.com.au\/vi\/aesthetic-skin\/injectables\/filler-volumisers-injections\/","url":"https:\/\/hemac.com.au\/vi\/aesthetic-skin\/injectables\/filler-volumisers-injections\/","name":"Ch\u1ea5t l\u00e0m \u0111\u00e2y \u0111\u01b0\u1ee3c c\u1ea5u t\u1ea1o b\u1edfi c\u00e1c ph\u00e2n t\u1eed acid hyaluronic | Thu\u1ed1c ti\u00eam | Y Khoa & Th\u1ea9m M\u1ef9 Hawthorn East (HEMAC)","isPartOf":{"@id":"https:\/\/hemac.com.au\/vi\/#website"},"primaryImageOfPage":{"@id":"https:\/\/hemac.com.au\/vi\/aesthetic-skin\/injectables\/filler-volumisers-injections\/#primaryimage"},"image":{"@id":"https:\/\/hemac.com.au\/vi\/aesthetic-skin\/injectables\/filler-volumisers-injections\/#primaryimage"},"thumbnailUrl":"https:\/\/hemac.com.au\/wp-content\/uploads\/filler1.jpg","datePublished":"2020-09-06T12:15:18+00:00","dateModified":"2025-11-20T04:32:17+00:00","breadcrumb":{"@id":"https:\/\/hemac.com.au\/vi\/aesthetic-skin\/injectables\/filler-volumisers-injections\/#breadcrumb"},"inLanguage":"vi-VN","potentialAction":[{"@type":"ReadAction","target":["https:\/\/hemac.com.au\/vi\/aesthetic-skin\/injectables\/filler-volumisers-injections\/"]}]},{"@type":"ImageObject","inLanguage":"vi-VN","@id":"https:\/\/hemac.com.au\/vi\/aesthetic-skin\/injectables\/filler-volumisers-injections\/#primaryimage","url":"https:\/\/hemac.com.au\/wp-content\/uploads\/filler1.jpg","contentUrl":"https:\/\/hemac.com.au\/wp-content\/uploads\/filler1.jpg"},{"@type":"BreadcrumbList","@id":"https:\/\/hemac.com.au\/vi\/aesthetic-skin\/injectables\/filler-volumisers-injections\/#breadcrumb","itemListElement":[{"@type":"ListItem","position":1,"name":"Home","item":"https:\/\/hemac.com.au\/vi\/"},{"@type":"ListItem","position":2,"name":"TH\u1ea8M M\u1ef8 &#038; DA","item":"https:\/\/hemac.com.au\/vi\/aesthetic-skin\/"},{"@type":"ListItem","position":3,"name":"\u6ce8\u5c04\u5242","item":"https:\/\/hemac.com.au\/vi\/aesthetic-skin\/injectables\/"},{"@type":"ListItem","position":4,"name":"Ch\u1ea5t l\u00e0m \u0111\u00e2y \u0111\u01b0\u1ee3c c\u1ea5u t\u1ea1o b\u1edfi c\u00e1c ph\u00e2n t\u1eed acid hyaluronic"}]},{"@type":"WebSite","@id":"https:\/\/hemac.com.au\/vi\/#website","url":"https:\/\/hemac.com.au\/vi\/","name":"Hawthorn East Medical & Aesthetic Clinic","description":"","publisher":{"@id":"https:\/\/hemac.com.au\/vi\/#organization"},"alternateName":"HEMAC","potentialAction":[{"@type":"SearchAction","target":{"@type":"EntryPoint","urlTemplate":"https:\/\/hemac.com.au\/vi\/?s={search_term_string}"},"query-input":{"@type":"PropertyValueSpecification","valueRequired":true,"valueName":"search_term_string"}}],"inLanguage":"vi-VN"},{"@type":"Organization","@id":"https:\/\/hemac.com.au\/vi\/#organization","name":"Hawthorn East Medical & Aesthetic Clinic","alternateName":"HEMAC","url":"https:\/\/hemac.com.au\/vi\/","logo":{"@type":"ImageObject","inLanguage":"vi-VN","@id":"https:\/\/hemac.com.au\/vi\/#\/schema\/logo\/image\/","url":"https:\/\/hemac.com.au\/wp-content\/uploads\/HEMAC-697x697-1.jpg","contentUrl":"https:\/\/hemac.com.au\/wp-content\/uploads\/HEMAC-697x697-1.jpg","width":697,"height":697,"caption":"Hawthorn East Medical & Aesthetic Clinic"},"image":{"@id":"https:\/\/hemac.com.au\/vi\/#\/schema\/logo\/image\/"},"sameAs":["https:\/\/www.facebook.com\/562018927210986\/","https:\/\/www.facebook.com\/hemacskinclinic\/","https:\/\/www.instagram.com\/hemac_aesthetics\/"]}]}},"_links":{"self":[{"href":"https:\/\/hemac.com.au\/vi\/wp-json\/wp\/v2\/pages\/2352","targetHints":{"allow":["GET"]}}],"collection":[{"href":"https:\/\/hemac.com.au\/vi\/wp-json\/wp\/v2\/pages"}],"about":[{"href":"https:\/\/hemac.com.au\/vi\/wp-json\/wp\/v2\/types\/page"}],"author":[{"embeddable":true,"href":"https:\/\/hemac.com.au\/vi\/wp-json\/wp\/v2\/users\/1"}],"replies":[{"embeddable":true,"href":"https:\/\/hemac.com.au\/vi\/wp-json\/wp\/v2\/comments?post=2352"}],"version-history":[{"count":2,"href":"https:\/\/hemac.com.au\/vi\/wp-json\/wp\/v2\/pages\/2352\/revisions"}],"predecessor-version":[{"id":3337,"href":"https:\/\/hemac.com.au\/vi\/wp-json\/wp\/v2\/pages\/2352\/revisions\/3337"}],"up":[{"embeddable":true,"href":"https:\/\/hemac.com.au\/vi\/wp-json\/wp\/v2\/pages\/2216"}],"wp:attachment":[{"href":"https:\/\/hemac.com.au\/vi\/wp-json\/wp\/v2\/media?parent=2352"}],"curies":[{"name":"wp","href":"https:\/\/api.w.org\/{rel}","templated":true}]}}