{"id":3339,"date":"2020-09-06T22:11:02","date_gmt":"2020-09-06T12:11:02","guid":{"rendered":"https:\/\/hemac.com.au\/aesthetic-skin\/injectables\/anti-wrinkle-injections\/"},"modified":"2025-11-20T16:42:12","modified_gmt":"2025-11-20T05:42:12","slug":"anti-wrinkle-injections","status":"publish","type":"page","link":"https:\/\/hemac.com.au\/vi\/aesthetic-skin\/injectables\/anti-wrinkle-injections\/","title":{"rendered":"Ti\u00eam ch\u1ed1ng nh\u0103n"},"content":{"rendered":"<div class=\"fusion-fullwidth fullwidth-box fusion-builder-row-1 nonhundred-percent-fullwidth non-hundred-percent-height-scrolling\" style=\"--awb-background-position:left top;--awb-border-sizes-top:0px;--awb-border-sizes-bottom:0px;--awb-border-sizes-left:0px;--awb-border-sizes-right:0px;--awb-border-radius-top-left:0px;--awb-border-radius-top-right:0px;--awb-border-radius-bottom-right:0px;--awb-border-radius-bottom-left:0px;--awb-padding-top:20px;--awb-padding-bottom:0px;--awb-flex-wrap:wrap;\" ><div class=\"fusion-builder-row fusion-row\"><div class=\"fusion-layout-column fusion_builder_column fusion-builder-column-0 fusion_builder_column_1_1 1_1 fusion-one-full fusion-column-first fusion-column-last fusion-column-no-min-height\" style=\"--awb-bg-size:cover;--awb-margin-bottom:0px;\"><div class=\"fusion-column-wrapper fusion-flex-column-wrapper-legacy\"><div class=\"fusion-text fusion-text-1\"><h1 data-start=\"133\" data-end=\"163\"><strong data-start=\"135\" data-end=\"161\">Ti\u00eam Ch\u1ed1ng Nh\u0103n L\u00e0 G\u00ec?<\/strong><\/h1>\n<p data-start=\"164\" data-end=\"450\">Ti\u00eam ch\u1ed1ng nh\u0103n s\u1eed d\u1ee5ng m\u1ed9t lo\u1ea1i thu\u1ed1c k\u00ea toa, ch\u1ec9 \u0111\u01b0\u1ee3c ch\u1ec9 \u0111\u1ecbnh v\u00e0 cung c\u1ea5p sau khi b\u00e1c s\u0129 c\u00f3 th\u1ea9m quy\u1ec1n th\u0103m kh\u00e1m v\u00e0 \u0111\u00e1nh gi\u00e1 c\u00e1 nh\u00e2n c\u1ee7a b\u1ea1n. Thu\u1ed1c ch\u1ec9 \u0111\u01b0\u1ee3c s\u1eed d\u1ee5ng b\u1edfi c\u00e1c chuy\u00ean vi\u00ean y t\u1ebf \u0111\u01b0\u1ee3c \u0111\u00e0o t\u1ea1o, v\u00e0 ch\u1ec9 khi b\u00e1c s\u0129 x\u00e1c \u0111\u1ecbnh r\u1eb1ng ph\u01b0\u01a1ng ph\u00e1p n\u00e0y ph\u00f9 h\u1ee3p v\u1edbi t\u00ecnh tr\u1ea1ng c\u1ee7a b\u1ea1n.<\/p>\n<h1 data-start=\"457\" data-end=\"484\"><strong data-start=\"459\" data-end=\"482\">Quy Tr\u00ecnh Th\u1ef1c Hi\u1ec7n<\/strong><\/h1>\n<p data-start=\"485\" data-end=\"732\">Trong qu\u00e1 tr\u00ecnh \u0111i\u1ec1u tr\u1ecb, chuy\u00ean vi\u00ean y t\u1ebf s\u1ebd ti\u00eam m\u1ed9t l\u01b0\u1ee3ng r\u1ea5t nh\u1ecf thu\u1ed1c k\u00ea toa v\u00e0o c\u00e1c nh\u00f3m c\u01a1 tr\u00ean g\u01b0\u01a1ng m\u1eb7t \u0111\u00e3 \u0111\u01b0\u1ee3c \u0111\u00e1nh gi\u00e1 tr\u01b0\u1edbc. K\u1ef9 thu\u1eadt ti\u00eam v\u00e0 li\u1ec1u l\u01b0\u1ee3ng s\u1ebd thay \u0111\u1ed5i t\u00f9y theo nhu c\u1ea7u c\u00e1 nh\u00e2n v\u00e0 m\u1ee5c ti\u00eau \u0111\u01b0\u1ee3c th\u1ea3o lu\u1eadn trong bu\u1ed5i t\u01b0 v\u1ea5n.<\/p>\n<h1 data-start=\"739\" data-end=\"777\"><strong data-start=\"741\" data-end=\"775\">T\u00ecm Hi\u1ec3u V\u1ec1 Chuy\u1ec3n \u0110\u1ed9ng C\u01a1 M\u1eb7t<\/strong><\/h1>\n<p data-start=\"778\" data-end=\"1049\">C\u00e1c bi\u1ec3u c\u1ea3m h\u1eb1ng ng\u00e0y\u2014nh\u01b0 c\u01b0\u1eddi, cau m\u00e0y ho\u1eb7c nheo m\u1eaft\u2014li\u00ean t\u1ee5c k\u00edch ho\u1ea1t c\u01a1 m\u1eb7t. Theo th\u1eddi gian, chuy\u1ec3n \u0111\u1ed9ng l\u1eb7p l\u1ea1i n\u00e0y c\u00f3 th\u1ec3 khi\u1ebfn m\u1ed9t s\u1ed1 ng\u01b0\u1eddi th\u1ea5y r\u00f5 c\u00e1c \u0111\u01b0\u1eddng nh\u0103n. Vi\u1ec7c b\u1ea1n c\u00f3 ph\u00f9 h\u1ee3p v\u1edbi \u0111i\u1ec1u tr\u1ecb hay kh\u00f4ng s\u1ebd \u0111\u01b0\u1ee3c x\u00e1c \u0111\u1ecbnh th\u00f4ng qua \u0111\u00e1nh gi\u00e1 l\u00e2m s\u00e0ng c\u1ee7a b\u00e1c s\u0129.<\/p>\n<h1 data-start=\"1056\" data-end=\"1097\"><strong data-start=\"1058\" data-end=\"1095\">T\u01b0 V\u1ea5n V\u00e0 \u0110\u00e1nh Gi\u00e1 M\u1ee9c \u0110\u1ed9 Ph\u00f9 H\u1ee3p<\/strong><\/h1>\n<p data-start=\"1098\" data-end=\"1201\">M\u1ecdi \u0111i\u1ec1u tr\u1ecb ch\u1ed1ng nh\u0103n \u0111\u1ec1u ph\u1ea3i \u0111\u01b0\u1ee3c ti\u1ebfn h\u00e0nh sau bu\u1ed5i t\u01b0 v\u1ea5n y khoa.<br data-start=\"1169\" data-end=\"1172\" \/>Trong bu\u1ed5i t\u01b0 v\u1ea5n, b\u00e1c s\u0129 s\u1ebd:<\/p>\n<ul data-start=\"1203\" data-end=\"1377\">\n<li data-start=\"1203\" data-end=\"1230\">\n<p data-start=\"1205\" data-end=\"1230\">Xem x\u00e9t b\u1ec7nh s\u1eed c\u1ee7a b\u1ea1n<\/p>\n<\/li>\n<li data-start=\"1231\" data-end=\"1260\">\n<p data-start=\"1233\" data-end=\"1260\">\u0110\u00e1nh gi\u00e1 ho\u1ea1t \u0111\u1ed9ng c\u01a1 m\u1eb7t<\/p>\n<\/li>\n<li data-start=\"1261\" data-end=\"1312\">\n<p data-start=\"1263\" data-end=\"1312\">X\u00e1c \u0111\u1ecbnh li\u1ec7u thu\u1ed1c k\u00ea toa c\u00f3 ph\u00f9 h\u1ee3p hay kh\u00f4ng<\/p>\n<\/li>\n<li data-start=\"1313\" data-end=\"1377\">\n<p data-start=\"1315\" data-end=\"1377\">Trao \u0111\u1ed5i v\u1ec1 nguy c\u01a1, l\u01b0u \u00fd v\u00e0 s\u1ef1 kh\u00e1c bi\u1ec7t gi\u1eefa t\u1eebng c\u00e1 nh\u00e2n<\/p>\n<\/li>\n<\/ul>\n<p data-start=\"1379\" data-end=\"1480\">Ti\u00eam ch\u1ed1ng nh\u0103n <strong data-start=\"1395\" data-end=\"1433\">kh\u00f4ng ph\u00f9 h\u1ee3p v\u1edbi t\u1ea5t c\u1ea3 m\u1ecdi ng\u01b0\u1eddi<\/strong>. Ph\u01b0\u01a1ng ph\u00e1p n\u00e0y c\u00f3 th\u1ec3 kh\u00f4ng ph\u00f9 h\u1ee3p n\u1ebfu b\u1ea1n:<\/p>\n<ul data-start=\"1482\" data-end=\"1645\">\n<li data-start=\"1482\" data-end=\"1519\">\n<p data-start=\"1484\" data-end=\"1519\">M\u1eafc m\u1ed9t s\u1ed1 b\u1ec7nh l\u00fd th\u1ea7n kinh \u2013 c\u01a1<\/p>\n<\/li>\n<li data-start=\"1520\" data-end=\"1569\">\n<p data-start=\"1522\" data-end=\"1569\">D\u1ecb \u1ee9ng ho\u1eb7c nh\u1ea1y c\u1ea3m v\u1edbi th\u00e0nh ph\u1ea7n c\u1ee7a thu\u1ed1c<\/p>\n<\/li>\n<li data-start=\"1570\" data-end=\"1604\">\n<p data-start=\"1572\" data-end=\"1604\">\u0110ang mang thai ho\u1eb7c cho con b\u00fa<\/p>\n<\/li>\n<li data-start=\"1605\" data-end=\"1645\">\n<p data-start=\"1607\" data-end=\"1645\">C\u00f3 nhi\u1ec5m tr\u00f9ng t\u1ea1i v\u00f9ng d\u1ef1 ki\u1ebfn ti\u00eam<\/p>\n<\/li>\n<\/ul>\n<p data-start=\"1647\" data-end=\"1696\">B\u00e1c s\u0129 s\u1ebd t\u01b0 v\u1ea5n d\u1ef1a tr\u00ean nhu c\u1ea7u y khoa c\u1ee7a b\u1ea1n.<\/p>\n<h1 data-start=\"1703\" data-end=\"1761\"><strong data-start=\"1705\" data-end=\"1759\">Nh\u1eefng G\u00ec C\u00f3 Th\u1ec3 Mong \u0110\u1ee3i Trong V\u00e0 Sau Khi \u0110i\u1ec1u Tr\u1ecb<\/strong><\/h1>\n<p data-start=\"1762\" data-end=\"1888\">Th\u1ee7 thu\u1eadt th\u01b0\u1eddng di\u1ec5n ra nhanh v\u00e0 \u0111\u01b0\u1ee3c th\u1ef1c hi\u1ec7n trong m\u00f4i tr\u01b0\u1eddng l\u00e2m s\u00e0ng. M\u1ed9t s\u1ed1 ng\u01b0\u1eddi c\u00f3 th\u1ec3 g\u1eb7p c\u00e1c ph\u1ea3n \u1ee9ng t\u1ea1m th\u1eddi nh\u01b0:<\/p>\n<ul data-start=\"1890\" data-end=\"1962\">\n<li data-start=\"1890\" data-end=\"1900\">\n<p data-start=\"1892\" data-end=\"1900\">\u0110\u1ecf nh\u1eb9<\/p>\n<\/li>\n<li data-start=\"1901\" data-end=\"1913\">\n<p data-start=\"1903\" data-end=\"1913\">S\u01b0ng nh\u1eb9<\/p>\n<\/li>\n<li data-start=\"1914\" data-end=\"1950\">\n<p data-start=\"1916\" data-end=\"1950\">C\u1ea3m gi\u00e1c h\u01a1i \u0111au t\u1ea1i v\u1ecb tr\u00ed ti\u00eam<\/p>\n<\/li>\n<li data-start=\"1951\" data-end=\"1962\">\n<p data-start=\"1953\" data-end=\"1962\">B\u1ea7m nh\u1eb9<\/p>\n<\/li>\n<\/ul>\n<p data-start=\"1964\" data-end=\"2081\">C\u00e1c ph\u1ea3n \u1ee9ng n\u00e0y th\u01b0\u1eddng t\u1ef1 gi\u1ea3m d\u1ea7n. B\u00e1c s\u0129 s\u1ebd h\u01b0\u1edbng d\u1eabn b\u1ea1n c\u00e1ch ch\u0103m s\u00f3c sau \u0111i\u1ec1u tr\u1ecb v\u00e0 c\u00e1c d\u1ea5u hi\u1ec7u c\u1ea7n t\u00e1i kh\u00e1m.<\/p>\n<h1 data-start=\"2088\" data-end=\"2130\"><strong data-start=\"2090\" data-end=\"2128\">An To\u00e0n V\u00e0 T\u00e1c D\u1ee5ng Ph\u1ee5 C\u00f3 Th\u1ec3 G\u1eb7p<\/strong><\/h1>\n<p data-start=\"2131\" data-end=\"2227\">Gi\u1ed1ng nh\u01b0 m\u1ecdi th\u1ee7 thu\u1eadt y khoa kh\u00e1c, ti\u00eam ch\u1ed1ng nh\u0103n c\u00f3 th\u1ec3 g\u00e2y ra m\u1ed9t s\u1ed1 t\u00e1c d\u1ee5ng ph\u1ee5, bao g\u1ed3m:<\/p>\n<ul data-start=\"2229\" data-end=\"2322\">\n<li data-start=\"2229\" data-end=\"2252\">\n<p data-start=\"2231\" data-end=\"2252\">\u0110\u1ecf ho\u1eb7c b\u1ea7m t\u1ea1i ch\u1ed7<\/p>\n<\/li>\n<li data-start=\"2253\" data-end=\"2269\">\n<p data-start=\"2255\" data-end=\"2269\">Kh\u00f3 ch\u1ecbu nh\u1eb9<\/p>\n<\/li>\n<li data-start=\"2270\" data-end=\"2281\">\n<p data-start=\"2272\" data-end=\"2281\">\u0110au \u0111\u1ea7u<\/p>\n<\/li>\n<li data-start=\"2282\" data-end=\"2322\">\n<p data-start=\"2284\" data-end=\"2322\">Thay \u0111\u1ed5i tho\u00e1ng qua ho\u1ea1t \u0111\u1ed9ng c\u01a1 m\u1eb7t<\/p>\n<\/li>\n<\/ul>\n<p data-start=\"2324\" data-end=\"2498\">Nh\u1eefng t\u00e1c d\u1ee5ng \u00edt g\u1eb7p h\u01a1n s\u1ebd \u0111\u01b0\u1ee3c b\u00e1c s\u0129 gi\u1ea3i th\u00edch trong bu\u1ed5i t\u01b0 v\u1ea5n. B\u00e1c s\u0129 c\u0169ng s\u1ebd h\u01b0\u1edbng d\u1eabn c\u00e1ch theo d\u00f5i v\u00f9ng \u0111i\u1ec1u tr\u1ecb v\u00e0 khi n\u00e0o c\u1ea7n li\u00ean h\u1ec7 \u0111\u1ec3 \u0111\u01b0\u1ee3c h\u1ed7 tr\u1ee3 y khoa th\u00eam.<\/p>\n<h1 data-start=\"2505\" data-end=\"2540\"><strong data-start=\"2507\" data-end=\"2538\">Quy \u0110\u1ecbnh V\u1ec1 Gi\u00e1m S\u00e1t Y Khoa<\/strong><\/h1>\n<p data-start=\"2541\" data-end=\"2585\">Ti\u00eam ch\u1ed1ng nh\u0103n ch\u1ec9 \u0111\u01b0\u1ee3c ph\u00e9p ti\u1ebfn h\u00e0nh khi:<\/p>\n<ul data-start=\"2587\" data-end=\"2763\">\n<li data-start=\"2587\" data-end=\"2643\">\n<p data-start=\"2589\" data-end=\"2643\">B\u1ea1n \u0111\u00e3 \u0111\u01b0\u1ee3c b\u00e1c s\u0129 c\u00f3 th\u1ea9m quy\u1ec1n th\u0103m kh\u00e1m v\u00e0 k\u00ea toa<\/p>\n<\/li>\n<li data-start=\"2644\" data-end=\"2706\">\n<p data-start=\"2646\" data-end=\"2706\">Th\u1ee7 thu\u1eadt \u0111\u01b0\u1ee3c th\u1ef1c hi\u1ec7n b\u1edfi chuy\u00ean vi\u00ean y t\u1ebf \u0111\u01b0\u1ee3c \u0111\u00e0o t\u1ea1o<\/p>\n<\/li>\n<li data-start=\"2707\" data-end=\"2763\">\n<p data-start=\"2709\" data-end=\"2763\">Thu\u1ed1c k\u00ea toa \u0111\u01b0\u1ee3c cung \u1ee9ng h\u1ee3p ph\u00e1p v\u00e0 \u0111\u00fang quy \u0111\u1ecbnh<\/p>\n<\/li>\n<\/ul>\n<p data-start=\"2765\" data-end=\"2929\">B\u00e1c s\u0129 s\u1ebd trao \u0111\u1ed5i t\u1ea5t c\u1ea3 c\u00e1c l\u1ef1a ch\u1ecdn c\u00f3 th\u1ec3\u2014bao g\u1ed3m c\u1ea3 c\u00e1c ph\u01b0\u01a1ng \u00e1n kh\u00f4ng can thi\u1ec7p th\u1ee7 thu\u1eadt\u2014\u0111\u1ec3 b\u1ea1n c\u00f3 th\u1ec3 \u0111\u01b0a ra quy\u1ebft \u0111\u1ecbnh \u0111\u00fang \u0111\u1eafn d\u1ef1a tr\u00ean th\u00f4ng tin \u0111\u1ea7y \u0111\u1ee7.<\/p>\n<h1 data-start=\"2936\" data-end=\"2995\"><strong data-start=\"2938\" data-end=\"2993\">Nh\u1eefng C\u00e2u H\u1ecfi B\u1ea1n C\u00f3 Th\u1ec3 Trao \u0110\u1ed5i Trong Bu\u1ed5i T\u01b0 V\u1ea5n<\/strong><\/h1>\n<p data-start=\"2996\" data-end=\"3018\">B\u1ea1n c\u00f3 th\u1ec3 h\u1ecfi b\u00e1c s\u0129:<\/p>\n<ul data-start=\"3020\" data-end=\"3291\">\n<li data-start=\"3020\" data-end=\"3084\">\n<p data-start=\"3022\" data-end=\"3084\">Ph\u01b0\u01a1ng ph\u00e1p n\u00e0y c\u00f3 ph\u00f9 h\u1ee3p v\u1edbi t\u00ecnh tr\u1ea1ng c\u1ee7a t\u00f4i hay kh\u00f4ng?<\/p>\n<\/li>\n<li data-start=\"3085\" data-end=\"3125\">\n<p data-start=\"3087\" data-end=\"3125\">C\u00f3 l\u1ef1a ch\u1ecdn thay th\u1ebf n\u00e0o kh\u00e1c kh\u00f4ng?<\/p>\n<\/li>\n<li data-start=\"3126\" data-end=\"3180\">\n<p data-start=\"3128\" data-end=\"3180\">T\u00f4i s\u1ebd tr\u1ea3i qua nh\u1eefng g\u00ec trong qu\u00e1 tr\u00ecnh \u0111i\u1ec1u tr\u1ecb?<\/p>\n<\/li>\n<li data-start=\"3181\" data-end=\"3218\">\n<p data-start=\"3183\" data-end=\"3218\">T\u00f4i c\u1ea7n ch\u0103m s\u00f3c g\u00ec sau \u0111i\u1ec1u tr\u1ecb?<\/p>\n<\/li>\n<li data-start=\"3219\" data-end=\"3291\">\n<p data-start=\"3221\" data-end=\"3291\">Nh\u1eefng r\u1ee7i ro ho\u1eb7c l\u01b0u \u00fd n\u00e0o li\u00ean quan \u0111\u1ebfn t\u00ecnh tr\u1ea1ng c\u1ee5 th\u1ec3 c\u1ee7a t\u00f4i?<\/p>\n<\/li>\n<\/ul>\n<p data-start=\"3293\" data-end=\"3412\">Nh\u1eefng trao \u0111\u1ed5i n\u00e0y gi\u00fap b\u1ea3o \u0111\u1ea3m r\u1eb1ng ph\u01b0\u01a1ng ph\u00e1p \u0111i\u1ec1u tr\u1ecb ph\u00f9 h\u1ee3p v\u1edbi m\u1ee5c ti\u00eau, b\u1ec7nh s\u1eed v\u00e0 s\u1ef1 an to\u00e0n t\u1ed5ng th\u1ec3 c\u1ee7a b\u1ea1n.<\/p>\n<p><img decoding=\"async\" class=\"lazyload aligncenter wp-image-389 size-full\" src=\"https:\/\/hemac.com.au\/wp-content\/uploads\/hemac-aesthetic-skin-anti-wrinkle2.jpg\" data-orig-src=\"https:\/\/hemac.com.au\/wp-content\/uploads\/hemac-aesthetic-skin-anti-wrinkle2.jpg\" alt=\"Before and after Botox injections in South East Melbourne\" width=\"629\" height=\"292\" srcset=\"data:image\/svg+xml,%3Csvg%20xmlns%3D%27http%3A%2F%2Fwww.w3.org%2F2000%2Fsvg%27%20width%3D%27629%27%20height%3D%27292%27%20viewBox%3D%270%200%20629%20292%27%3E%3Crect%20width%3D%27629%27%20height%3D%27292%27%20fill-opacity%3D%220%22%2F%3E%3C%2Fsvg%3E\" data-srcset=\"https:\/\/hemac.com.au\/wp-content\/uploads\/hemac-aesthetic-skin-anti-wrinkle2-300x139.jpg 300w, https:\/\/hemac.com.au\/wp-content\/uploads\/hemac-aesthetic-skin-anti-wrinkle2.jpg 629w\" data-sizes=\"auto\" data-orig-sizes=\"(max-width: 629px) 100vw, 629px\" \/><\/p>\n<\/div><div class=\"fusion-sep-clear\"><\/div><div class=\"fusion-separator fusion-full-width-sep\" style=\"margin-left: auto;margin-right: auto;margin-top:20px;margin-bottom:50px;width:100%;\"><\/div><div class=\"fusion-sep-clear\"><\/div><div class=\"fusion-clearfix\"><\/div><\/div><\/div><\/div><\/div>\n","protected":false},"excerpt":{"rendered":"","protected":false},"author":1,"featured_media":0,"parent":2216,"menu_order":0,"comment_status":"open","ping_status":"open","template":"100-width.php","meta":{"footnotes":""},"class_list":["post-3339","page","type-page","status-publish","hentry"],"yoast_head":"<!-- This site is optimized with the Yoast SEO plugin v26.6 - https:\/\/yoast.com\/wordpress\/plugins\/seo\/ -->\n<title>Anti-Wrinkle Injections | Hawthorn East Medical &amp; Aesthetic Clinic<\/title>\n<meta name=\"description\" content=\"Get safe, professional anti-wrinkle treatments at Hawthorn East Medical &amp; Aesthetic Clinic in South East Melbourne. Call us today!\" \/>\n<meta name=\"robots\" content=\"index, follow, max-snippet:-1, max-image-preview:large, max-video-preview:-1\" \/>\n<link rel=\"canonical\" href=\"https:\/\/hemac.com.au\/vi\/aesthetic-skin\/injectables\/anti-wrinkle-injections\/\" \/>\n<meta property=\"og:locale\" content=\"vi_VN\" \/>\n<meta property=\"og:type\" content=\"article\" \/>\n<meta property=\"og:title\" content=\"Anti-Wrinkle Injections | Hawthorn East Medical &amp; Aesthetic Clinic\" \/>\n<meta property=\"og:description\" content=\"Get safe, professional anti-wrinkle treatments at Hawthorn East Medical &amp; Aesthetic Clinic in South East Melbourne. Call us today!\" \/>\n<meta property=\"og:url\" content=\"https:\/\/hemac.com.au\/vi\/aesthetic-skin\/injectables\/anti-wrinkle-injections\/\" \/>\n<meta property=\"og:site_name\" content=\"Hawthorn East Medical &amp; Aesthetic Clinic\" \/>\n<meta property=\"article:publisher\" content=\"https:\/\/www.facebook.com\/562018927210986\/\" \/>\n<meta property=\"article:modified_time\" content=\"2025-11-20T05:42:12+00:00\" \/>\n<meta property=\"og:image\" content=\"https:\/\/hemac.com.au\/wp-content\/uploads\/hemac-aesthetic-skin-anti-wrinkle2.jpg\" \/>\n\t<meta property=\"og:image:width\" content=\"629\" \/>\n\t<meta property=\"og:image:height\" content=\"292\" \/>\n\t<meta property=\"og:image:type\" content=\"image\/jpeg\" \/>\n<meta name=\"twitter:card\" content=\"summary_large_image\" \/>\n<meta name=\"twitter:label1\" content=\"Est. reading time\" \/>\n\t<meta name=\"twitter:data1\" content=\"3 minutes\" \/>\n<script type=\"application\/ld+json\" class=\"yoast-schema-graph\">{\"@context\":\"https:\/\/schema.org\",\"@graph\":[{\"@type\":\"WebPage\",\"@id\":\"https:\/\/hemac.com.au\/vi\/aesthetic-skin\/injectables\/anti-wrinkle-injections\/\",\"url\":\"https:\/\/hemac.com.au\/vi\/aesthetic-skin\/injectables\/anti-wrinkle-injections\/\",\"name\":\"Anti-Wrinkle Injections | Hawthorn East Medical & Aesthetic Clinic\",\"isPartOf\":{\"@id\":\"https:\/\/hemac.com.au\/vi\/#website\"},\"primaryImageOfPage\":{\"@id\":\"https:\/\/hemac.com.au\/vi\/aesthetic-skin\/injectables\/anti-wrinkle-injections\/#primaryimage\"},\"image\":{\"@id\":\"https:\/\/hemac.com.au\/vi\/aesthetic-skin\/injectables\/anti-wrinkle-injections\/#primaryimage\"},\"thumbnailUrl\":\"https:\/\/hemac.com.au\/wp-content\/uploads\/hemac-aesthetic-skin-anti-wrinkle2.jpg\",\"datePublished\":\"2020-09-06T12:11:02+00:00\",\"dateModified\":\"2025-11-20T05:42:12+00:00\",\"description\":\"Get safe, professional anti-wrinkle treatments at Hawthorn East Medical & Aesthetic Clinic in South East Melbourne. Call us today!\",\"breadcrumb\":{\"@id\":\"https:\/\/hemac.com.au\/vi\/aesthetic-skin\/injectables\/anti-wrinkle-injections\/#breadcrumb\"},\"inLanguage\":\"vi-VN\",\"potentialAction\":[{\"@type\":\"ReadAction\",\"target\":[\"https:\/\/hemac.com.au\/vi\/aesthetic-skin\/injectables\/anti-wrinkle-injections\/\"]}]},{\"@type\":\"ImageObject\",\"inLanguage\":\"vi-VN\",\"@id\":\"https:\/\/hemac.com.au\/vi\/aesthetic-skin\/injectables\/anti-wrinkle-injections\/#primaryimage\",\"url\":\"https:\/\/hemac.com.au\/wp-content\/uploads\/hemac-aesthetic-skin-anti-wrinkle2.jpg\",\"contentUrl\":\"https:\/\/hemac.com.au\/wp-content\/uploads\/hemac-aesthetic-skin-anti-wrinkle2.jpg\"},{\"@type\":\"BreadcrumbList\",\"@id\":\"https:\/\/hemac.com.au\/vi\/aesthetic-skin\/injectables\/anti-wrinkle-injections\/#breadcrumb\",\"itemListElement\":[{\"@type\":\"ListItem\",\"position\":1,\"name\":\"Home\",\"item\":\"https:\/\/hemac.com.au\/vi\/\"},{\"@type\":\"ListItem\",\"position\":2,\"name\":\"TH\u1ea8M M\u1ef8 &#038; DA\",\"item\":\"https:\/\/hemac.com.au\/vi\/aesthetic-skin\/\"},{\"@type\":\"ListItem\",\"position\":3,\"name\":\"\u6ce8\u5c04\u5242\",\"item\":\"https:\/\/hemac.com.au\/vi\/aesthetic-skin\/injectables\/\"},{\"@type\":\"ListItem\",\"position\":4,\"name\":\"Ti\u00eam ch\u1ed1ng nh\u0103n\"}]},{\"@type\":\"WebSite\",\"@id\":\"https:\/\/hemac.com.au\/vi\/#website\",\"url\":\"https:\/\/hemac.com.au\/vi\/\",\"name\":\"Hawthorn East Medical & Aesthetic Clinic\",\"description\":\"\",\"publisher\":{\"@id\":\"https:\/\/hemac.com.au\/vi\/#organization\"},\"alternateName\":\"HEMAC\",\"potentialAction\":[{\"@type\":\"SearchAction\",\"target\":{\"@type\":\"EntryPoint\",\"urlTemplate\":\"https:\/\/hemac.com.au\/vi\/?s={search_term_string}\"},\"query-input\":{\"@type\":\"PropertyValueSpecification\",\"valueRequired\":true,\"valueName\":\"search_term_string\"}}],\"inLanguage\":\"vi-VN\"},{\"@type\":\"Organization\",\"@id\":\"https:\/\/hemac.com.au\/vi\/#organization\",\"name\":\"Hawthorn East Medical & Aesthetic Clinic\",\"alternateName\":\"HEMAC\",\"url\":\"https:\/\/hemac.com.au\/vi\/\",\"logo\":{\"@type\":\"ImageObject\",\"inLanguage\":\"vi-VN\",\"@id\":\"https:\/\/hemac.com.au\/vi\/#\/schema\/logo\/image\/\",\"url\":\"https:\/\/hemac.com.au\/wp-content\/uploads\/HEMAC-697x697-1.jpg\",\"contentUrl\":\"https:\/\/hemac.com.au\/wp-content\/uploads\/HEMAC-697x697-1.jpg\",\"width\":697,\"height\":697,\"caption\":\"Hawthorn East Medical & Aesthetic Clinic\"},\"image\":{\"@id\":\"https:\/\/hemac.com.au\/vi\/#\/schema\/logo\/image\/\"},\"sameAs\":[\"https:\/\/www.facebook.com\/562018927210986\/\",\"https:\/\/www.facebook.com\/hemacskinclinic\/\",\"https:\/\/www.instagram.com\/hemac_aesthetics\/\"]}]}<\/script>\n<!-- \/ Yoast SEO plugin. -->","yoast_head_json":{"title":"Anti-Wrinkle Injections | Hawthorn East Medical & Aesthetic Clinic","description":"Get safe, professional anti-wrinkle treatments at Hawthorn East Medical & Aesthetic Clinic in South East Melbourne. Call us today!","robots":{"index":"index","follow":"follow","max-snippet":"max-snippet:-1","max-image-preview":"max-image-preview:large","max-video-preview":"max-video-preview:-1"},"canonical":"https:\/\/hemac.com.au\/vi\/aesthetic-skin\/injectables\/anti-wrinkle-injections\/","og_locale":"vi_VN","og_type":"article","og_title":"Anti-Wrinkle Injections | Hawthorn East Medical & Aesthetic Clinic","og_description":"Get safe, professional anti-wrinkle treatments at Hawthorn East Medical & Aesthetic Clinic in South East Melbourne. Call us today!","og_url":"https:\/\/hemac.com.au\/vi\/aesthetic-skin\/injectables\/anti-wrinkle-injections\/","og_site_name":"Hawthorn East Medical &amp; Aesthetic Clinic","article_publisher":"https:\/\/www.facebook.com\/562018927210986\/","article_modified_time":"2025-11-20T05:42:12+00:00","og_image":[{"width":629,"height":292,"url":"https:\/\/hemac.com.au\/wp-content\/uploads\/hemac-aesthetic-skin-anti-wrinkle2.jpg","type":"image\/jpeg"}],"twitter_card":"summary_large_image","twitter_misc":{"Est. reading time":"3 minutes"},"schema":{"@context":"https:\/\/schema.org","@graph":[{"@type":"WebPage","@id":"https:\/\/hemac.com.au\/vi\/aesthetic-skin\/injectables\/anti-wrinkle-injections\/","url":"https:\/\/hemac.com.au\/vi\/aesthetic-skin\/injectables\/anti-wrinkle-injections\/","name":"Anti-Wrinkle Injections | Hawthorn East Medical & Aesthetic Clinic","isPartOf":{"@id":"https:\/\/hemac.com.au\/vi\/#website"},"primaryImageOfPage":{"@id":"https:\/\/hemac.com.au\/vi\/aesthetic-skin\/injectables\/anti-wrinkle-injections\/#primaryimage"},"image":{"@id":"https:\/\/hemac.com.au\/vi\/aesthetic-skin\/injectables\/anti-wrinkle-injections\/#primaryimage"},"thumbnailUrl":"https:\/\/hemac.com.au\/wp-content\/uploads\/hemac-aesthetic-skin-anti-wrinkle2.jpg","datePublished":"2020-09-06T12:11:02+00:00","dateModified":"2025-11-20T05:42:12+00:00","description":"Get safe, professional anti-wrinkle treatments at Hawthorn East Medical & Aesthetic Clinic in South East Melbourne. Call us today!","breadcrumb":{"@id":"https:\/\/hemac.com.au\/vi\/aesthetic-skin\/injectables\/anti-wrinkle-injections\/#breadcrumb"},"inLanguage":"vi-VN","potentialAction":[{"@type":"ReadAction","target":["https:\/\/hemac.com.au\/vi\/aesthetic-skin\/injectables\/anti-wrinkle-injections\/"]}]},{"@type":"ImageObject","inLanguage":"vi-VN","@id":"https:\/\/hemac.com.au\/vi\/aesthetic-skin\/injectables\/anti-wrinkle-injections\/#primaryimage","url":"https:\/\/hemac.com.au\/wp-content\/uploads\/hemac-aesthetic-skin-anti-wrinkle2.jpg","contentUrl":"https:\/\/hemac.com.au\/wp-content\/uploads\/hemac-aesthetic-skin-anti-wrinkle2.jpg"},{"@type":"BreadcrumbList","@id":"https:\/\/hemac.com.au\/vi\/aesthetic-skin\/injectables\/anti-wrinkle-injections\/#breadcrumb","itemListElement":[{"@type":"ListItem","position":1,"name":"Home","item":"https:\/\/hemac.com.au\/vi\/"},{"@type":"ListItem","position":2,"name":"TH\u1ea8M M\u1ef8 &#038; DA","item":"https:\/\/hemac.com.au\/vi\/aesthetic-skin\/"},{"@type":"ListItem","position":3,"name":"\u6ce8\u5c04\u5242","item":"https:\/\/hemac.com.au\/vi\/aesthetic-skin\/injectables\/"},{"@type":"ListItem","position":4,"name":"Ti\u00eam ch\u1ed1ng nh\u0103n"}]},{"@type":"WebSite","@id":"https:\/\/hemac.com.au\/vi\/#website","url":"https:\/\/hemac.com.au\/vi\/","name":"Hawthorn East Medical & Aesthetic Clinic","description":"","publisher":{"@id":"https:\/\/hemac.com.au\/vi\/#organization"},"alternateName":"HEMAC","potentialAction":[{"@type":"SearchAction","target":{"@type":"EntryPoint","urlTemplate":"https:\/\/hemac.com.au\/vi\/?s={search_term_string}"},"query-input":{"@type":"PropertyValueSpecification","valueRequired":true,"valueName":"search_term_string"}}],"inLanguage":"vi-VN"},{"@type":"Organization","@id":"https:\/\/hemac.com.au\/vi\/#organization","name":"Hawthorn East Medical & Aesthetic Clinic","alternateName":"HEMAC","url":"https:\/\/hemac.com.au\/vi\/","logo":{"@type":"ImageObject","inLanguage":"vi-VN","@id":"https:\/\/hemac.com.au\/vi\/#\/schema\/logo\/image\/","url":"https:\/\/hemac.com.au\/wp-content\/uploads\/HEMAC-697x697-1.jpg","contentUrl":"https:\/\/hemac.com.au\/wp-content\/uploads\/HEMAC-697x697-1.jpg","width":697,"height":697,"caption":"Hawthorn East Medical & Aesthetic Clinic"},"image":{"@id":"https:\/\/hemac.com.au\/vi\/#\/schema\/logo\/image\/"},"sameAs":["https:\/\/www.facebook.com\/562018927210986\/","https:\/\/www.facebook.com\/hemacskinclinic\/","https:\/\/www.instagram.com\/hemac_aesthetics\/"]}]}},"_links":{"self":[{"href":"https:\/\/hemac.com.au\/vi\/wp-json\/wp\/v2\/pages\/3339","targetHints":{"allow":["GET"]}}],"collection":[{"href":"https:\/\/hemac.com.au\/vi\/wp-json\/wp\/v2\/pages"}],"about":[{"href":"https:\/\/hemac.com.au\/vi\/wp-json\/wp\/v2\/types\/page"}],"author":[{"embeddable":true,"href":"https:\/\/hemac.com.au\/vi\/wp-json\/wp\/v2\/users\/1"}],"replies":[{"embeddable":true,"href":"https:\/\/hemac.com.au\/vi\/wp-json\/wp\/v2\/comments?post=3339"}],"version-history":[{"count":2,"href":"https:\/\/hemac.com.au\/vi\/wp-json\/wp\/v2\/pages\/3339\/revisions"}],"predecessor-version":[{"id":3351,"href":"https:\/\/hemac.com.au\/vi\/wp-json\/wp\/v2\/pages\/3339\/revisions\/3351"}],"up":[{"embeddable":true,"href":"https:\/\/hemac.com.au\/vi\/wp-json\/wp\/v2\/pages\/2216"}],"wp:attachment":[{"href":"https:\/\/hemac.com.au\/vi\/wp-json\/wp\/v2\/media?parent=3339"}],"curies":[{"name":"wp","href":"https:\/\/api.w.org\/{rel}","templated":true}]}}